{"id":2951,"date":"2025-02-12T18:59:50","date_gmt":"2025-02-12T15:59:50","guid":{"rendered":"https:\/\/www.masajest.com\/masaj\/?post_type=product&#038;p=2951"},"modified":"2025-02-12T18:59:50","modified_gmt":"2025-02-12T15:59:50","slug":"masoz-eda","status":"publish","type":"product","link":"https:\/\/www.masajest.com\/masaj\/reklamlar\/masoz-eda\/","title":{"rendered":"Mas\u00f6z Eda"},"content":{"rendered":"<p><strong>Mas\u00f6z Eda: Sizin \u0130\u00e7in \u00d6zel Bir Masaj Deneyimi<\/strong><\/p>\n<p>Mas\u00f6z Eda, huzur ve rahatlaman\u0131n birle\u015fti\u011fi bir deneyim sunmak i\u00e7in burada! Profesyonel yakla\u015f\u0131m\u0131 ve \u00f6zg\u00fcn masaj teknikleriyle, her seans\u0131nda bedeninizi ve ruhunuzu yenileyerek size tam anlam\u0131yla bir dinlenme f\u0131rsat\u0131 verir. \u0130ster yo\u011fun bir g\u00fcn\u00fcn sonunda ister sadece kendinizi \u015f\u0131martmak istedi\u011finizde, Mas\u00f6z Eda&#8217;n\u0131n sundu\u011fu masaj hizmetleri size m\u00fckemmel bir rahatlama sa\u011flar.<\/p>\n<p><em>\u201cBedeninizi b\u0131rak\u0131n, ruhunuzu dinlendirin. Mas\u00f6z Eda ile her an huzur dolu.\u201d<\/em><\/p>\n<p>Mas\u00f6z Eda, y\u0131llar\u0131n deneyimiyle \u00e7e\u015fitli masaj tekniklerini ustaca birle\u015ftirerek, her bireye \u00f6zel \u00e7\u00f6z\u00fcmler sunar. Yumu\u015fak dokunu\u015flar ve etkili bask\u0131larla, stresin ve kas gerginliklerinin h\u0131zla ortadan kaybolmas\u0131na yard\u0131mc\u0131 olur. Hedefi, her seans sonunda v\u00fccudunuzu yenilenmi\u015f ve zinde hissettirmektir. Mas\u00f6z Eda, sizi yaln\u0131zca fiziksel de\u011fil, ayn\u0131 zamanda duygusal olarak da rahatlat\u0131r, b\u00f6ylece her seans bir terapi halini al\u0131r.<\/p>\n<p>\u201cMas\u00f6z Eda\u2019n\u0131n masaj\u0131, ger\u00e7ekten benzersiz! \u0130lk seans\u0131mdan itibaren kendimi \u00e7ok daha rahat ve huzurlu hissettim. Kaslar\u0131mda biriken t\u00fcm stres kayboldu ve dinlenmi\u015f bir \u015fekilde odadan \u00e7\u0131kt\u0131m. \u015eimdi her hafta Eda\u2019n\u0131n masaj\u0131na gelmek i\u00e7in sab\u0131rs\u0131zlan\u0131yorum. Herkesin denemesi gereken bir deneyim!\u201d<\/p>\n","protected":false},"excerpt":{"rendered":"<div class=\"flex max-w-full flex-col flex-grow\">\n<div class=\"min-h-8 text-message flex w-full flex-col items-end gap-2 whitespace-normal break-words text-start [.text-message+&amp;]:mt-5\" dir=\"auto\" data-message-author-role=\"assistant\" data-message-id=\"669fa9b6-49c3-4474-a586-520ddbd675ab\" data-message-model-slug=\"gpt-4o\">\n<div class=\"flex w-full flex-col gap-1 empty:hidden first:pt-[3px]\">\n<div class=\"markdown prose w-full break-words dark:prose-invert dark\">\n<p>Mas\u00f6z Eda, deneyimli ve profesyonel bir masaj terapistidir. Her bir seans\u0131nda, bedeninize ve ruhunuza hitap eden tedavi teknikleriyle, kas gerginliklerinizi hafifletir ve rahatlaman\u0131z\u0131 sa\u011flar. Eda, her zaman m\u00fc\u015fterilerine en y\u00fcksek kalitede hizmet sunmay\u0131 hedefler, bu nedenle masajlar\u0131n\u0131 \u00f6zel bir \u00f6zenle uygular.<\/p>\n<p>&#8220;Ruhunuzu ve bedeninizi Eda ile yenileyin, her dokunu\u015f bir rahatl\u0131k! Masaj\u0131n huzur veren g\u00fcc\u00fc, Eda&#8217;n\u0131n ellerinde hayat buluyor.&#8221;<\/p>\n<p>Masaj, sadece bedeni rahatlatmakla kalmaz, ayn\u0131 zamanda zihinsel huzuru da sa\u011flar. Mas\u00f6z Eda&#8217;n\u0131n uygulad\u0131\u011f\u0131 masaj teknikleri, kas a\u011fr\u0131lar\u0131ndan kurtulman\u0131za, kan dola\u015f\u0131m\u0131n\u0131z\u0131 h\u0131zland\u0131rman\u0131za ve g\u00fcnl\u00fck ya\u015fam\u0131n stresinden ar\u0131nman\u0131za yard\u0131mc\u0131 olur. Eda&#8217;n\u0131n ellerindeki uzmanl\u0131k, sizi tamamen rahatlat\u0131p yeniden do\u011fmu\u015f gibi hissettirir. Bedeninize hak etti\u011fi \u00f6zeni g\u00f6sterin ve masaj\u0131n mucizevi etkilerinden faydalan\u0131n!<\/p>\n<\/div>\n<\/div>\n<\/div>\n<\/div>\n","protected":false},"featured_media":2952,"comment_status":"open","ping_status":"closed","template":"","meta":[],"product_brand":[],"product_cat":[15],"product_tag":[],"class_list":{"0":"post-2951","1":"product","2":"type-product","3":"status-publish","4":"has-post-thumbnail","6":"product_cat-masajest","8":"first","9":"instock","10":"shipping-taxable","11":"product-type-simple"},"yoast_head":"<!-- This site is optimized with the Yoast SEO plugin v27.0 - https:\/\/yoast.com\/product\/yoast-seo-wordpress\/ -->\n<title>Mas\u00f6z Eda - masajest.com<\/title>\n<meta name=\"robots\" content=\"index, follow, max-snippet:-1, max-image-preview:large, max-video-preview:-1\" \/>\n<link rel=\"canonical\" href=\"https:\/\/www.masajest.com\/masaj\/reklamlar\/masoz-eda\/\" \/>\n<meta property=\"og:locale\" content=\"tr_TR\" \/>\n<meta property=\"og:type\" content=\"article\" \/>\n<meta property=\"og:title\" content=\"Mas\u00f6z Eda - masajest.com\" \/>\n<meta property=\"og:description\" content=\"Mas\u00f6z Eda, deneyimli ve profesyonel bir masaj terapistidir. Her bir seans\u0131nda, bedeninize ve ruhunuza hitap eden tedavi teknikleriyle, kas gerginliklerinizi hafifletir ve rahatlaman\u0131z\u0131 sa\u011flar. Eda, her zaman m\u00fc\u015fterilerine en y\u00fcksek kalitede hizmet sunmay\u0131 hedefler, bu nedenle masajlar\u0131n\u0131 \u00f6zel bir \u00f6zenle uygular.  &quot;Ruhunuzu ve bedeninizi Eda ile yenileyin, her dokunu\u015f bir rahatl\u0131k! Masaj\u0131n huzur veren g\u00fcc\u00fc, Eda&#039;n\u0131n ellerinde hayat buluyor.&quot;  Masaj, sadece bedeni rahatlatmakla kalmaz, ayn\u0131 zamanda zihinsel huzuru da sa\u011flar. Mas\u00f6z Eda&#039;n\u0131n uygulad\u0131\u011f\u0131 masaj teknikleri, kas a\u011fr\u0131lar\u0131ndan kurtulman\u0131za, kan dola\u015f\u0131m\u0131n\u0131z\u0131 h\u0131zland\u0131rman\u0131za ve g\u00fcnl\u00fck ya\u015fam\u0131n stresinden ar\u0131nman\u0131za yard\u0131mc\u0131 olur. Eda&#039;n\u0131n ellerindeki uzmanl\u0131k, sizi tamamen rahatlat\u0131p yeniden do\u011fmu\u015f gibi hissettirir. Bedeninize hak etti\u011fi \u00f6zeni g\u00f6sterin ve masaj\u0131n mucizevi etkilerinden faydalan\u0131n!\" \/>\n<meta property=\"og:url\" content=\"https:\/\/www.masajest.com\/masaj\/reklamlar\/masoz-eda\/\" \/>\n<meta property=\"og:site_name\" content=\"masajest.com\" \/>\n<meta property=\"og:image\" content=\"https:\/\/cdn.pixabay.com\/photo\/2019\/09\/16\/17\/43\/spa-4481583_1280.jpg\" \/>\n<meta name=\"twitter:card\" content=\"summary_large_image\" \/>\n<meta name=\"twitter:image\" content=\"https:\/\/cdn.pixabay.com\/photo\/2019\/09\/16\/17\/43\/spa-4481583_1280.jpg\" \/>\n<meta name=\"twitter:label1\" content=\"Tahmini okuma s\u00fcresi\" \/>\n\t<meta name=\"twitter:data1\" content=\"1 dakika\" \/>\n<script type=\"application\/ld+json\" class=\"yoast-schema-graph\">{\"@context\":\"https:\/\/schema.org\",\"@graph\":[{\"@type\":\"WebPage\",\"@id\":\"https:\/\/www.masajest.com\/masaj\/reklamlar\/masoz-eda\/\",\"url\":\"https:\/\/www.masajest.com\/masaj\/reklamlar\/masoz-eda\/\",\"name\":\"Mas\u00f6z Eda - masajest.com\",\"isPartOf\":{\"@id\":\"https:\/\/www.masajest.com\/masaj\/#website\"},\"primaryImageOfPage\":{\"@id\":\"https:\/\/www.masajest.com\/masaj\/reklamlar\/masoz-eda\/#primaryimage\"},\"image\":{\"@id\":\"https:\/\/www.masajest.com\/masaj\/reklamlar\/masoz-eda\/#primaryimage\"},\"thumbnailUrl\":\"https:\/\/cdn.pixabay.com\/photo\/2019\/09\/16\/17\/43\/spa-4481583_1280.jpg\",\"datePublished\":\"2025-02-12T15:59:50+00:00\",\"breadcrumb\":{\"@id\":\"https:\/\/www.masajest.com\/masaj\/reklamlar\/masoz-eda\/#breadcrumb\"},\"inLanguage\":\"tr\",\"potentialAction\":[{\"@type\":\"ReadAction\",\"target\":[\"https:\/\/www.masajest.com\/masaj\/reklamlar\/masoz-eda\/\"]}]},{\"@type\":\"ImageObject\",\"inLanguage\":\"tr\",\"@id\":\"https:\/\/www.masajest.com\/masaj\/reklamlar\/masoz-eda\/#primaryimage\",\"url\":\"https:\/\/cdn.pixabay.com\/photo\/2019\/09\/16\/17\/43\/spa-4481583_1280.jpg\",\"contentUrl\":\"https:\/\/cdn.pixabay.com\/photo\/2019\/09\/16\/17\/43\/spa-4481583_1280.jpg\",\"width\":\"1280\",\"height\":\"853\"},{\"@type\":\"BreadcrumbList\",\"@id\":\"https:\/\/www.masajest.com\/masaj\/reklamlar\/masoz-eda\/#breadcrumb\",\"itemListElement\":[{\"@type\":\"ListItem\",\"position\":1,\"name\":\"Anasayfa\",\"item\":\"https:\/\/www.masajest.com\/masaj\/\"},{\"@type\":\"ListItem\",\"position\":2,\"name\":\"MASAJEST\",\"item\":\"https:\/\/www.masajest.com\/masaj\/masajest\/\"},{\"@type\":\"ListItem\",\"position\":3,\"name\":\"Mas\u00f6z Eda\"}]},{\"@type\":\"WebSite\",\"@id\":\"https:\/\/www.masajest.com\/masaj\/#website\",\"url\":\"https:\/\/www.masajest.com\/masaj\/\",\"name\":\"masajest.com\",\"description\":\"masajest.com\",\"potentialAction\":[{\"@type\":\"SearchAction\",\"target\":{\"@type\":\"EntryPoint\",\"urlTemplate\":\"https:\/\/www.masajest.com\/masaj\/?s={search_term_string}\"},\"query-input\":{\"@type\":\"PropertyValueSpecification\",\"valueRequired\":true,\"valueName\":\"search_term_string\"}}],\"inLanguage\":\"tr\"}]}<\/script>\n<!-- \/ Yoast SEO plugin. -->","yoast_head_json":{"title":"Mas\u00f6z Eda - masajest.com","robots":{"index":"index","follow":"follow","max-snippet":"max-snippet:-1","max-image-preview":"max-image-preview:large","max-video-preview":"max-video-preview:-1"},"canonical":"https:\/\/www.masajest.com\/masaj\/reklamlar\/masoz-eda\/","og_locale":"tr_TR","og_type":"article","og_title":"Mas\u00f6z Eda - masajest.com","og_description":"Mas\u00f6z Eda, deneyimli ve profesyonel bir masaj terapistidir. Her bir seans\u0131nda, bedeninize ve ruhunuza hitap eden tedavi teknikleriyle, kas gerginliklerinizi hafifletir ve rahatlaman\u0131z\u0131 sa\u011flar. Eda, her zaman m\u00fc\u015fterilerine en y\u00fcksek kalitede hizmet sunmay\u0131 hedefler, bu nedenle masajlar\u0131n\u0131 \u00f6zel bir \u00f6zenle uygular.  \"Ruhunuzu ve bedeninizi Eda ile yenileyin, her dokunu\u015f bir rahatl\u0131k! Masaj\u0131n huzur veren g\u00fcc\u00fc, Eda'n\u0131n ellerinde hayat buluyor.\"  Masaj, sadece bedeni rahatlatmakla kalmaz, ayn\u0131 zamanda zihinsel huzuru da sa\u011flar. Mas\u00f6z Eda'n\u0131n uygulad\u0131\u011f\u0131 masaj teknikleri, kas a\u011fr\u0131lar\u0131ndan kurtulman\u0131za, kan dola\u015f\u0131m\u0131n\u0131z\u0131 h\u0131zland\u0131rman\u0131za ve g\u00fcnl\u00fck ya\u015fam\u0131n stresinden ar\u0131nman\u0131za yard\u0131mc\u0131 olur. Eda'n\u0131n ellerindeki uzmanl\u0131k, sizi tamamen rahatlat\u0131p yeniden do\u011fmu\u015f gibi hissettirir. Bedeninize hak etti\u011fi \u00f6zeni g\u00f6sterin ve masaj\u0131n mucizevi etkilerinden faydalan\u0131n!","og_url":"https:\/\/www.masajest.com\/masaj\/reklamlar\/masoz-eda\/","og_site_name":"masajest.com","og_image":[{"url":"https:\/\/cdn.pixabay.com\/photo\/2019\/09\/16\/17\/43\/spa-4481583_1280.jpg","type":"","width":"","height":""}],"twitter_card":"summary_large_image","twitter_image":"https:\/\/cdn.pixabay.com\/photo\/2019\/09\/16\/17\/43\/spa-4481583_1280.jpg","twitter_misc":{"Tahmini okuma s\u00fcresi":"1 dakika"},"schema":{"@context":"https:\/\/schema.org","@graph":[{"@type":"WebPage","@id":"https:\/\/www.masajest.com\/masaj\/reklamlar\/masoz-eda\/","url":"https:\/\/www.masajest.com\/masaj\/reklamlar\/masoz-eda\/","name":"Mas\u00f6z Eda - masajest.com","isPartOf":{"@id":"https:\/\/www.masajest.com\/masaj\/#website"},"primaryImageOfPage":{"@id":"https:\/\/www.masajest.com\/masaj\/reklamlar\/masoz-eda\/#primaryimage"},"image":{"@id":"https:\/\/www.masajest.com\/masaj\/reklamlar\/masoz-eda\/#primaryimage"},"thumbnailUrl":"https:\/\/cdn.pixabay.com\/photo\/2019\/09\/16\/17\/43\/spa-4481583_1280.jpg","datePublished":"2025-02-12T15:59:50+00:00","breadcrumb":{"@id":"https:\/\/www.masajest.com\/masaj\/reklamlar\/masoz-eda\/#breadcrumb"},"inLanguage":"tr","potentialAction":[{"@type":"ReadAction","target":["https:\/\/www.masajest.com\/masaj\/reklamlar\/masoz-eda\/"]}]},{"@type":"ImageObject","inLanguage":"tr","@id":"https:\/\/www.masajest.com\/masaj\/reklamlar\/masoz-eda\/#primaryimage","url":"https:\/\/cdn.pixabay.com\/photo\/2019\/09\/16\/17\/43\/spa-4481583_1280.jpg","contentUrl":"https:\/\/cdn.pixabay.com\/photo\/2019\/09\/16\/17\/43\/spa-4481583_1280.jpg","width":"1280","height":"853"},{"@type":"BreadcrumbList","@id":"https:\/\/www.masajest.com\/masaj\/reklamlar\/masoz-eda\/#breadcrumb","itemListElement":[{"@type":"ListItem","position":1,"name":"Anasayfa","item":"https:\/\/www.masajest.com\/masaj\/"},{"@type":"ListItem","position":2,"name":"MASAJEST","item":"https:\/\/www.masajest.com\/masaj\/masajest\/"},{"@type":"ListItem","position":3,"name":"Mas\u00f6z Eda"}]},{"@type":"WebSite","@id":"https:\/\/www.masajest.com\/masaj\/#website","url":"https:\/\/www.masajest.com\/masaj\/","name":"masajest.com","description":"masajest.com","potentialAction":[{"@type":"SearchAction","target":{"@type":"EntryPoint","urlTemplate":"https:\/\/www.masajest.com\/masaj\/?s={search_term_string}"},"query-input":{"@type":"PropertyValueSpecification","valueRequired":true,"valueName":"search_term_string"}}],"inLanguage":"tr"}]}},"_links":{"self":[{"href":"https:\/\/www.masajest.com\/masaj\/wp-json\/wp\/v2\/product\/2951","targetHints":{"allow":["GET"]}}],"collection":[{"href":"https:\/\/www.masajest.com\/masaj\/wp-json\/wp\/v2\/product"}],"about":[{"href":"https:\/\/www.masajest.com\/masaj\/wp-json\/wp\/v2\/types\/product"}],"replies":[{"embeddable":true,"href":"https:\/\/www.masajest.com\/masaj\/wp-json\/wp\/v2\/comments?post=2951"}],"wp:featuredmedia":[{"embeddable":true,"href":"https:\/\/www.masajest.com\/masaj\/wp-json\/wp\/v2\/media\/2952"}],"wp:attachment":[{"href":"https:\/\/www.masajest.com\/masaj\/wp-json\/wp\/v2\/media?parent=2951"}],"wp:term":[{"taxonomy":"product_brand","embeddable":true,"href":"https:\/\/www.masajest.com\/masaj\/wp-json\/wp\/v2\/product_brand?post=2951"},{"taxonomy":"product_cat","embeddable":true,"href":"https:\/\/www.masajest.com\/masaj\/wp-json\/wp\/v2\/product_cat?post=2951"},{"taxonomy":"product_tag","embeddable":true,"href":"https:\/\/www.masajest.com\/masaj\/wp-json\/wp\/v2\/product_tag?post=2951"}],"curies":[{"name":"wp","href":"https:\/\/api.w.org\/{rel}","templated":true}]}}