{"id":2936,"date":"2025-02-12T18:58:44","date_gmt":"2025-02-12T15:58:44","guid":{"rendered":"https:\/\/www.masajest.com\/masaj\/?post_type=product&#038;p=2936"},"modified":"2025-02-12T18:58:44","modified_gmt":"2025-02-12T15:58:44","slug":"masoz-natasha","status":"publish","type":"product","link":"https:\/\/www.masajest.com\/masaj\/reklamlar\/masoz-natasha\/","title":{"rendered":"Mas\u00f6z Natasha"},"content":{"rendered":"<p><strong>Mas\u00f6z Natasha: Sizin \u0130\u00e7in M\u00fckemmel Bir Masaj Deneyimi<\/strong><\/p>\n<p>Mas\u00f6z Natasha, her biri kendine has olan masaj teknikleriyle sizi rahatlatmak ve yenilenmi\u015f hissettirmek i\u00e7in burada. \u0130ster yo\u011fun bir i\u015f g\u00fcn\u00fcn\u00fcn ard\u0131ndan stres atmak, ister bedensel rahatlama aray\u0131\u015f\u0131nda olun, Natasha&#8217;n\u0131n uzman elleriyle alaca\u011f\u0131n\u0131z masaj, hayat\u0131n\u0131za keyif ve huzur katacak.<\/p>\n<p>&#8220;Natasha ile her dokunu\u015f, ruhunuza dokunur.&#8221;<\/p>\n<p>Mas\u00f6z Natasha, y\u0131llar\u0131n deneyimine sahip bir profesyonel olarak, v\u00fccut masaj\u0131, derin doku masaj\u0131 ve rahatlat\u0131c\u0131 terapilerle her bir m\u00fc\u015fterisinin ihtiya\u00e7lar\u0131na \u00f6zenle yakla\u015fmaktad\u0131r. Sadece bedensel de\u011fil, ruhsal rahatlamay\u0131 da sa\u011flayan masaj deneyimleriyle tan\u0131n\u0131r. Natasha, ki\u015fiye \u00f6zel terapiler ve sakinle\u015ftirici ortam\u0131yla masaj\u0131n sundu\u011fu faydalar\u0131 en \u00fcst d\u00fczeye \u00e7\u0131karmay\u0131 hedefler.<\/p>\n<p>Mas\u00f6z Natasha&#8217;n\u0131n sundu\u011fu masaj, ger\u00e7ekten bir rahatlama de\u011fil, bir ya\u015fam deneyimi. Her seans sonras\u0131 v\u00fccudumda bir hafiflik ve zindelik hissediyorum. Natasha&#8217;n\u0131n dokunu\u015flar\u0131, stres ve gerginli\u011fi h\u0131zl\u0131ca geride b\u0131rakmam\u0131 sa\u011fl\u0131yor. Kendinizi \u015f\u0131martmak ve ruhunuzu dinlendirmek istiyorsan\u0131z, Natasha&#8217;y\u0131 mutlaka denemelisiniz.<\/p>\n","protected":false},"excerpt":{"rendered":"<div class=\"flex max-w-full flex-col flex-grow\">\n<div class=\"min-h-8 text-message flex w-full flex-col items-end gap-2 whitespace-normal break-words text-start [.text-message+&amp;]:mt-5\" dir=\"auto\" data-message-author-role=\"assistant\" data-message-id=\"35c1c4c5-8cb2-4a54-99e8-14fe772ce217\" data-message-model-slug=\"gpt-4o\">\n<div class=\"flex w-full flex-col gap-1 empty:hidden first:pt-[3px]\">\n<div class=\"markdown prose w-full break-words dark:prose-invert dark\">\n<p><strong>Mas\u00f6z Natasha: Sadece Bir Masaj De\u011fil, Bir Deneyim!<\/strong><\/p>\n<p>Mas\u00f6z Natasha, profesyonel masaj d\u00fcnyas\u0131nda kendini kan\u0131tlam\u0131\u015f, m\u00fc\u015fteri memnuniyetini her zaman \u00f6n planda tutan bir uzmand\u0131r. Y\u0131llar\u0131n verdi\u011fi deneyimle, v\u00fccut ve zihin sa\u011fl\u0131\u011f\u0131n\u0131z i\u00e7in en etkili masaj tekniklerini birle\u015ftiriyor. Kendinizi yeniden do\u011fmu\u015f gibi hissedece\u011finiz, tamamen rahatlat\u0131c\u0131 bir deneyim i\u00e7in Mas\u00f6z Natasha ile tan\u0131\u015f\u0131n.<\/p>\n<p><em>&#8220;Masaj\u0131n huzur veren dokunu\u015fu, Natasha ile ya\u015fam buluyor.&#8221;<\/em><\/p>\n<p>Masaj, sadece bir rahatlama arac\u0131 de\u011fil, bedeninize olan bir \u00f6zen g\u00f6sterme \u015feklidir. Mas\u00f6z Natasha&#8217;n\u0131n benzersiz teknikleriyle, kas gerginliklerinden zihinsel yorgunlu\u011fa kadar bir\u00e7ok rahats\u0131zl\u0131k an\u0131nda geride b\u0131rak\u0131labilir. Hem v\u00fccudunuzu hem de ruhunuzu dinlendiren bu masajlar, g\u00fcnl\u00fck stresle ba\u015f etmenin en etkili yoludur. Natasha&#8217;n\u0131n \u00f6zel teknikleri sayesinde kendinizi taze, dinlenmi\u015f ve yeniden enerjik hissedeceksiniz. Masaj seans\u0131n\u0131z, rahatlaman\u0131n ve yeniden do\u011fu\u015fun en m\u00fckemmel halini sunar.<\/p>\n<\/div>\n<\/div>\n<\/div>\n<\/div>\n","protected":false},"featured_media":2949,"comment_status":"open","ping_status":"closed","template":"","meta":[],"product_brand":[],"product_cat":[15],"product_tag":[],"class_list":{"0":"post-2936","1":"product","2":"type-product","3":"status-publish","4":"has-post-thumbnail","6":"product_cat-masajest","8":"first","9":"instock","10":"shipping-taxable","11":"product-type-simple"},"yoast_head":"<!-- This site is optimized with the Yoast SEO plugin v27.0 - https:\/\/yoast.com\/product\/yoast-seo-wordpress\/ -->\n<title>Mas\u00f6z Natasha - masajest.com<\/title>\n<meta name=\"robots\" content=\"index, follow, max-snippet:-1, max-image-preview:large, max-video-preview:-1\" \/>\n<link rel=\"canonical\" href=\"https:\/\/www.masajest.com\/masaj\/reklamlar\/masoz-natasha\/\" \/>\n<meta property=\"og:locale\" content=\"tr_TR\" \/>\n<meta property=\"og:type\" content=\"article\" \/>\n<meta property=\"og:title\" content=\"Mas\u00f6z Natasha - masajest.com\" \/>\n<meta property=\"og:description\" content=\"Mas\u00f6z Natasha: Sadece Bir Masaj De\u011fil, Bir Deneyim!  Mas\u00f6z Natasha, profesyonel masaj d\u00fcnyas\u0131nda kendini kan\u0131tlam\u0131\u015f, m\u00fc\u015fteri memnuniyetini her zaman \u00f6n planda tutan bir uzmand\u0131r. Y\u0131llar\u0131n verdi\u011fi deneyimle, v\u00fccut ve zihin sa\u011fl\u0131\u011f\u0131n\u0131z i\u00e7in en etkili masaj tekniklerini birle\u015ftiriyor. Kendinizi yeniden do\u011fmu\u015f gibi hissedece\u011finiz, tamamen rahatlat\u0131c\u0131 bir deneyim i\u00e7in Mas\u00f6z Natasha ile tan\u0131\u015f\u0131n.  &quot;Masaj\u0131n huzur veren dokunu\u015fu, Natasha ile ya\u015fam buluyor.&quot;  Masaj, sadece bir rahatlama arac\u0131 de\u011fil, bedeninize olan bir \u00f6zen g\u00f6sterme \u015feklidir. Mas\u00f6z Natasha&#039;n\u0131n benzersiz teknikleriyle, kas gerginliklerinden zihinsel yorgunlu\u011fa kadar bir\u00e7ok rahats\u0131zl\u0131k an\u0131nda geride b\u0131rak\u0131labilir. Hem v\u00fccudunuzu hem de ruhunuzu dinlendiren bu masajlar, g\u00fcnl\u00fck stresle ba\u015f etmenin en etkili yoludur. Natasha&#039;n\u0131n \u00f6zel teknikleri sayesinde kendinizi taze, dinlenmi\u015f ve yeniden enerjik hissedeceksiniz. Masaj seans\u0131n\u0131z, rahatlaman\u0131n ve yeniden do\u011fu\u015fun en m\u00fckemmel halini sunar.\" \/>\n<meta property=\"og:url\" content=\"https:\/\/www.masajest.com\/masaj\/reklamlar\/masoz-natasha\/\" \/>\n<meta property=\"og:site_name\" content=\"masajest.com\" \/>\n<meta property=\"og:image\" content=\"https:\/\/cdn.pixabay.com\/photo\/2024\/07\/25\/22\/04\/woman-8922290_1280.jpg\" \/>\n<meta name=\"twitter:card\" content=\"summary_large_image\" \/>\n<meta name=\"twitter:image\" content=\"https:\/\/cdn.pixabay.com\/photo\/2024\/07\/25\/22\/04\/woman-8922290_1280.jpg\" \/>\n<meta name=\"twitter:label1\" content=\"Tahmini okuma s\u00fcresi\" \/>\n\t<meta name=\"twitter:data1\" content=\"1 dakika\" \/>\n<script type=\"application\/ld+json\" class=\"yoast-schema-graph\">{\"@context\":\"https:\/\/schema.org\",\"@graph\":[{\"@type\":\"WebPage\",\"@id\":\"https:\/\/www.masajest.com\/masaj\/reklamlar\/masoz-natasha\/\",\"url\":\"https:\/\/www.masajest.com\/masaj\/reklamlar\/masoz-natasha\/\",\"name\":\"Mas\u00f6z Natasha - masajest.com\",\"isPartOf\":{\"@id\":\"https:\/\/www.masajest.com\/masaj\/#website\"},\"primaryImageOfPage\":{\"@id\":\"https:\/\/www.masajest.com\/masaj\/reklamlar\/masoz-natasha\/#primaryimage\"},\"image\":{\"@id\":\"https:\/\/www.masajest.com\/masaj\/reklamlar\/masoz-natasha\/#primaryimage\"},\"thumbnailUrl\":\"https:\/\/cdn.pixabay.com\/photo\/2024\/07\/25\/22\/04\/woman-8922290_1280.jpg\",\"datePublished\":\"2025-02-12T15:58:44+00:00\",\"breadcrumb\":{\"@id\":\"https:\/\/www.masajest.com\/masaj\/reklamlar\/masoz-natasha\/#breadcrumb\"},\"inLanguage\":\"tr\",\"potentialAction\":[{\"@type\":\"ReadAction\",\"target\":[\"https:\/\/www.masajest.com\/masaj\/reklamlar\/masoz-natasha\/\"]}]},{\"@type\":\"ImageObject\",\"inLanguage\":\"tr\",\"@id\":\"https:\/\/www.masajest.com\/masaj\/reklamlar\/masoz-natasha\/#primaryimage\",\"url\":\"https:\/\/cdn.pixabay.com\/photo\/2024\/07\/25\/22\/04\/woman-8922290_1280.jpg\",\"contentUrl\":\"https:\/\/cdn.pixabay.com\/photo\/2024\/07\/25\/22\/04\/woman-8922290_1280.jpg\",\"width\":\"1280\",\"height\":\"960\"},{\"@type\":\"BreadcrumbList\",\"@id\":\"https:\/\/www.masajest.com\/masaj\/reklamlar\/masoz-natasha\/#breadcrumb\",\"itemListElement\":[{\"@type\":\"ListItem\",\"position\":1,\"name\":\"Anasayfa\",\"item\":\"https:\/\/www.masajest.com\/masaj\/\"},{\"@type\":\"ListItem\",\"position\":2,\"name\":\"MASAJEST\",\"item\":\"https:\/\/www.masajest.com\/masaj\/masajest\/\"},{\"@type\":\"ListItem\",\"position\":3,\"name\":\"Mas\u00f6z Natasha\"}]},{\"@type\":\"WebSite\",\"@id\":\"https:\/\/www.masajest.com\/masaj\/#website\",\"url\":\"https:\/\/www.masajest.com\/masaj\/\",\"name\":\"masajest.com\",\"description\":\"masajest.com\",\"potentialAction\":[{\"@type\":\"SearchAction\",\"target\":{\"@type\":\"EntryPoint\",\"urlTemplate\":\"https:\/\/www.masajest.com\/masaj\/?s={search_term_string}\"},\"query-input\":{\"@type\":\"PropertyValueSpecification\",\"valueRequired\":true,\"valueName\":\"search_term_string\"}}],\"inLanguage\":\"tr\"}]}<\/script>\n<!-- \/ Yoast SEO plugin. -->","yoast_head_json":{"title":"Mas\u00f6z Natasha - masajest.com","robots":{"index":"index","follow":"follow","max-snippet":"max-snippet:-1","max-image-preview":"max-image-preview:large","max-video-preview":"max-video-preview:-1"},"canonical":"https:\/\/www.masajest.com\/masaj\/reklamlar\/masoz-natasha\/","og_locale":"tr_TR","og_type":"article","og_title":"Mas\u00f6z Natasha - masajest.com","og_description":"Mas\u00f6z Natasha: Sadece Bir Masaj De\u011fil, Bir Deneyim!  Mas\u00f6z Natasha, profesyonel masaj d\u00fcnyas\u0131nda kendini kan\u0131tlam\u0131\u015f, m\u00fc\u015fteri memnuniyetini her zaman \u00f6n planda tutan bir uzmand\u0131r. Y\u0131llar\u0131n verdi\u011fi deneyimle, v\u00fccut ve zihin sa\u011fl\u0131\u011f\u0131n\u0131z i\u00e7in en etkili masaj tekniklerini birle\u015ftiriyor. Kendinizi yeniden do\u011fmu\u015f gibi hissedece\u011finiz, tamamen rahatlat\u0131c\u0131 bir deneyim i\u00e7in Mas\u00f6z Natasha ile tan\u0131\u015f\u0131n.  \"Masaj\u0131n huzur veren dokunu\u015fu, Natasha ile ya\u015fam buluyor.\"  Masaj, sadece bir rahatlama arac\u0131 de\u011fil, bedeninize olan bir \u00f6zen g\u00f6sterme \u015feklidir. Mas\u00f6z Natasha'n\u0131n benzersiz teknikleriyle, kas gerginliklerinden zihinsel yorgunlu\u011fa kadar bir\u00e7ok rahats\u0131zl\u0131k an\u0131nda geride b\u0131rak\u0131labilir. Hem v\u00fccudunuzu hem de ruhunuzu dinlendiren bu masajlar, g\u00fcnl\u00fck stresle ba\u015f etmenin en etkili yoludur. Natasha'n\u0131n \u00f6zel teknikleri sayesinde kendinizi taze, dinlenmi\u015f ve yeniden enerjik hissedeceksiniz. Masaj seans\u0131n\u0131z, rahatlaman\u0131n ve yeniden do\u011fu\u015fun en m\u00fckemmel halini sunar.","og_url":"https:\/\/www.masajest.com\/masaj\/reklamlar\/masoz-natasha\/","og_site_name":"masajest.com","og_image":[{"url":"https:\/\/cdn.pixabay.com\/photo\/2024\/07\/25\/22\/04\/woman-8922290_1280.jpg","type":"","width":"","height":""}],"twitter_card":"summary_large_image","twitter_image":"https:\/\/cdn.pixabay.com\/photo\/2024\/07\/25\/22\/04\/woman-8922290_1280.jpg","twitter_misc":{"Tahmini okuma s\u00fcresi":"1 dakika"},"schema":{"@context":"https:\/\/schema.org","@graph":[{"@type":"WebPage","@id":"https:\/\/www.masajest.com\/masaj\/reklamlar\/masoz-natasha\/","url":"https:\/\/www.masajest.com\/masaj\/reklamlar\/masoz-natasha\/","name":"Mas\u00f6z Natasha - masajest.com","isPartOf":{"@id":"https:\/\/www.masajest.com\/masaj\/#website"},"primaryImageOfPage":{"@id":"https:\/\/www.masajest.com\/masaj\/reklamlar\/masoz-natasha\/#primaryimage"},"image":{"@id":"https:\/\/www.masajest.com\/masaj\/reklamlar\/masoz-natasha\/#primaryimage"},"thumbnailUrl":"https:\/\/cdn.pixabay.com\/photo\/2024\/07\/25\/22\/04\/woman-8922290_1280.jpg","datePublished":"2025-02-12T15:58:44+00:00","breadcrumb":{"@id":"https:\/\/www.masajest.com\/masaj\/reklamlar\/masoz-natasha\/#breadcrumb"},"inLanguage":"tr","potentialAction":[{"@type":"ReadAction","target":["https:\/\/www.masajest.com\/masaj\/reklamlar\/masoz-natasha\/"]}]},{"@type":"ImageObject","inLanguage":"tr","@id":"https:\/\/www.masajest.com\/masaj\/reklamlar\/masoz-natasha\/#primaryimage","url":"https:\/\/cdn.pixabay.com\/photo\/2024\/07\/25\/22\/04\/woman-8922290_1280.jpg","contentUrl":"https:\/\/cdn.pixabay.com\/photo\/2024\/07\/25\/22\/04\/woman-8922290_1280.jpg","width":"1280","height":"960"},{"@type":"BreadcrumbList","@id":"https:\/\/www.masajest.com\/masaj\/reklamlar\/masoz-natasha\/#breadcrumb","itemListElement":[{"@type":"ListItem","position":1,"name":"Anasayfa","item":"https:\/\/www.masajest.com\/masaj\/"},{"@type":"ListItem","position":2,"name":"MASAJEST","item":"https:\/\/www.masajest.com\/masaj\/masajest\/"},{"@type":"ListItem","position":3,"name":"Mas\u00f6z Natasha"}]},{"@type":"WebSite","@id":"https:\/\/www.masajest.com\/masaj\/#website","url":"https:\/\/www.masajest.com\/masaj\/","name":"masajest.com","description":"masajest.com","potentialAction":[{"@type":"SearchAction","target":{"@type":"EntryPoint","urlTemplate":"https:\/\/www.masajest.com\/masaj\/?s={search_term_string}"},"query-input":{"@type":"PropertyValueSpecification","valueRequired":true,"valueName":"search_term_string"}}],"inLanguage":"tr"}]}},"_links":{"self":[{"href":"https:\/\/www.masajest.com\/masaj\/wp-json\/wp\/v2\/product\/2936","targetHints":{"allow":["GET"]}}],"collection":[{"href":"https:\/\/www.masajest.com\/masaj\/wp-json\/wp\/v2\/product"}],"about":[{"href":"https:\/\/www.masajest.com\/masaj\/wp-json\/wp\/v2\/types\/product"}],"replies":[{"embeddable":true,"href":"https:\/\/www.masajest.com\/masaj\/wp-json\/wp\/v2\/comments?post=2936"}],"wp:featuredmedia":[{"embeddable":true,"href":"https:\/\/www.masajest.com\/masaj\/wp-json\/wp\/v2\/media\/2949"}],"wp:attachment":[{"href":"https:\/\/www.masajest.com\/masaj\/wp-json\/wp\/v2\/media?parent=2936"}],"wp:term":[{"taxonomy":"product_brand","embeddable":true,"href":"https:\/\/www.masajest.com\/masaj\/wp-json\/wp\/v2\/product_brand?post=2936"},{"taxonomy":"product_cat","embeddable":true,"href":"https:\/\/www.masajest.com\/masaj\/wp-json\/wp\/v2\/product_cat?post=2936"},{"taxonomy":"product_tag","embeddable":true,"href":"https:\/\/www.masajest.com\/masaj\/wp-json\/wp\/v2\/product_tag?post=2936"}],"curies":[{"name":"wp","href":"https:\/\/api.w.org\/{rel}","templated":true}]}}