{"id":2932,"date":"2025-02-12T18:54:07","date_gmt":"2025-02-12T15:54:07","guid":{"rendered":"https:\/\/www.masajest.com\/masaj\/?post_type=product&#038;p=2932"},"modified":"2025-02-12T18:54:07","modified_gmt":"2025-02-12T15:54:07","slug":"masoz-sevda","status":"publish","type":"product","link":"https:\/\/www.masajest.com\/masaj\/reklamlar\/masoz-sevda\/","title":{"rendered":"Mas\u00f6z Sevda"},"content":{"rendered":"<div class=\"flex flex-grow flex-col max-w-full\">\n<div class=\"min-h-[20px] text-message flex flex-col items-start whitespace-pre-wrap break-words [.text-message+&amp;]:mt-5 juice:w-full juice:items-end overflow-x-auto gap-2\" dir=\"auto\" data-message-author-role=\"assistant\" data-message-id=\"35cf27f7-278b-4ede-bfa6-03f7c55c183a\">\n<div class=\"flex w-full flex-col gap-1 juice:empty:hidden juice:first:pt-[3px]\">\n<div class=\"markdown prose w-full break-words dark:prose-invert dark\">\n<p><strong>Mas\u00f6z Sevda: Sizin \u0130\u00e7in En \u0130yi Masaj Deneyimi<\/strong><\/p>\n<p><strong>Mas\u00f6z:<\/strong> <em>&#8220;Ruhunuzu dinlendiren, bedeninizi ar\u0131nd\u0131ran masaj!&#8221;<\/em><\/p>\n<p>Mas\u00f6z Sevda, y\u0131llar\u0131n deneyimiyle masaj d\u00fcnyas\u0131nda kendini kan\u0131tlam\u0131\u015f bir profesyoneldir. Bedeninize ve ruhunuza hitap eden masaj teknikleriyle sizi rahatlatan, yenileyen ve stresinizden ar\u0131nd\u0131ran bir deneyim sunuyor. Farkl\u0131 masaj y\u00f6ntemlerine olan hakimiyeti ve m\u00fc\u015fteri odakl\u0131 yakla\u015f\u0131m\u0131 ile her seans, bir nevi bir terapiye d\u00f6n\u00fc\u015f\u00fcyor. Masaj\u0131, sadece bir rahatlama arac\u0131 de\u011fil, bir sa\u011fl\u0131k ve huzur kayna\u011f\u0131 olarak g\u00f6ren Sevda, her bireyin ihtiya\u00e7lar\u0131na g\u00f6re \u00f6zelle\u015ftirilmi\u015f masaj hizmetleri sunuyor.<\/p>\n<p>Mas\u00f6z Sevda, masaj d\u00fcnyas\u0131nda uzun y\u0131llara dayanan deneyimiyle tan\u0131n\u0131r. Bedeni rahatlatan, zihni dinlendiren ve ruhu huzura kavu\u015fturan masaj tekniklerine olan hakimiyetiyle, her seans size \u00f6zel bir deneyim sunar. G\u00fcvenli ve profesyonel bir ortamda, bireysel ihtiya\u00e7lar\u0131n\u0131za y\u00f6nelik masaj hizmetleri alabilirsiniz.<\/p>\n<p><strong>Mutlu Masaj:<\/strong> Masaj\u0131n en g\u00fczel haliyle tan\u0131\u015fmak isteyenler i\u00e7in, Mas\u00f6z Sevda ile ge\u00e7irilen her an, mutlu bir deneyime d\u00f6n\u00fc\u015f\u00fcyor. Sevda, masaj\u0131n sadece bedensel rahatlaman\u0131n \u00f6tesine ge\u00e7erek, ki\u015fiye \u00f6zel bir mutluluk kayna\u011f\u0131 sundu\u011fu bir ortam yarat\u0131yor. T\u00fcm stresinizi geride b\u0131rak\u0131p huzurlu bir zihinle tekrar hayata d\u00f6nebilirsiniz. <em>\u201cMutlu masaj\u201d bir ya\u015fam tarz\u0131 halini al\u0131yor ve Sevda ile her seans, bu anlay\u0131\u015f\u0131n en g\u00fczel \u00f6rne\u011fini sunuyor.<\/em><\/p>\n<\/div>\n<\/div>\n<\/div>\n<\/div>\n","protected":false},"excerpt":{"rendered":"<div class=\"flex max-w-full flex-col flex-grow\">\n<div class=\"min-h-8 text-message flex w-full flex-col items-end gap-2 whitespace-normal break-words text-start [.text-message+&amp;]:mt-5\" dir=\"auto\" data-message-author-role=\"assistant\" data-message-id=\"f2848d08-201f-472f-910a-0c4c1bdc04b5\" data-message-model-slug=\"gpt-4o\">\n<div class=\"flex w-full flex-col gap-1 empty:hidden first:pt-[3px]\">\n<div class=\"markdown prose w-full break-words dark:prose-invert dark\">\n<p><strong>Mas\u00f6z Sevda \u2013 Ruhunuzu Dinlendiren Eller<\/strong><\/p>\n<p>Mas\u00f6z Sevda, derinlemesine bir rahatlama ve tazelenme deneyimi sunan uzman bir masaj terapistidir. Y\u0131llar\u0131n getirdi\u011fi deneyim ve profesyonellik ile her seans, bedeninizi yeniden canland\u0131r\u0131rken zihninizi de ar\u0131nd\u0131r\u0131r. Masaj konusunda geni\u015f bir bilgi birikimine sahip olan Sevda, ki\u015fisel ihtiya\u00e7lar\u0131n\u0131za g\u00f6re \u00f6zelle\u015ftirilmi\u015f terapi y\u00f6ntemleri sunar. Sizin i\u00e7in huzurlu bir ka\u00e7\u0131\u015f, her detay\u0131na \u00f6zen g\u00f6sterdi\u011fi masaj seanslar\u0131nda ba\u015flar.<\/p>\n<p><strong>Mas\u00f6z<\/strong>: <em>Masaj\u0131n B\u00fcy\u00fcs\u00fc, Sevda&#8217;n\u0131n Ellerinde Ya\u015far!<\/em><\/p>\n<p>Hayat\u0131n yo\u011fun temposunda, stresin ve yorgunlu\u011fun sizi sar\u0131p sarmalad\u0131\u011f\u0131 bir d\u00fcnyada, bir dakikal\u0131\u011f\u0131na da olsa kendinizi \u015f\u0131martman\u0131n vakti geldi. Mas\u00f6z Sevda\u2019n\u0131n ellerinde, sadece bir masaj de\u011fil, ger\u00e7ek bir huzur yolculu\u011funa \u00e7\u0131kacaks\u0131n\u0131z. T\u00fcm kas gerginliklerinizi ve bedensel yorgunlu\u011funuzu unutturacak bir deneyim sunuyor. Sevda\u2019n\u0131n benzersiz dokunu\u015flar\u0131 sayesinde ruhsal ve fiziksel olarak yenilenecek, yeniden do\u011fmu\u015f hissedeceksiniz.<\/p>\n<p>Zihninizi dinlendirirken bedeninizi de rahatlatan masaj terapileri, g\u00fcnl\u00fck stresinizi geride b\u0131rakman\u0131z\u0131 sa\u011flar. Hem terapi hem de keyifli bir deneyim i\u00e7in Mas\u00f6z Sevda\u2019y\u0131 tercih edin, kendinizi \u00f6d\u00fcllendirin!<\/p>\n<\/div>\n<\/div>\n<\/div>\n<\/div>\n","protected":false},"featured_media":2941,"comment_status":"open","ping_status":"closed","template":"","meta":[],"product_brand":[],"product_cat":[15],"product_tag":[],"class_list":{"0":"post-2932","1":"product","2":"type-product","3":"status-publish","4":"has-post-thumbnail","6":"product_cat-masajest","8":"first","9":"instock","10":"shipping-taxable","11":"product-type-simple"},"yoast_head":"<!-- This site is optimized with the Yoast SEO plugin v27.0 - https:\/\/yoast.com\/product\/yoast-seo-wordpress\/ -->\n<title>Mas\u00f6z Sevda - masajest.com<\/title>\n<meta name=\"robots\" content=\"index, follow, max-snippet:-1, max-image-preview:large, max-video-preview:-1\" \/>\n<link rel=\"canonical\" href=\"https:\/\/www.masajest.com\/masaj\/reklamlar\/masoz-sevda\/\" \/>\n<meta property=\"og:locale\" content=\"tr_TR\" \/>\n<meta property=\"og:type\" content=\"article\" \/>\n<meta property=\"og:title\" content=\"Mas\u00f6z Sevda - masajest.com\" \/>\n<meta property=\"og:description\" content=\"Mas\u00f6z Sevda \u2013 Ruhunuzu Dinlendiren Eller  Mas\u00f6z Sevda, derinlemesine bir rahatlama ve tazelenme deneyimi sunan uzman bir masaj terapistidir. Y\u0131llar\u0131n getirdi\u011fi deneyim ve profesyonellik ile her seans, bedeninizi yeniden canland\u0131r\u0131rken zihninizi de ar\u0131nd\u0131r\u0131r. Masaj konusunda geni\u015f bir bilgi birikimine sahip olan Sevda, ki\u015fisel ihtiya\u00e7lar\u0131n\u0131za g\u00f6re \u00f6zelle\u015ftirilmi\u015f terapi y\u00f6ntemleri sunar. Sizin i\u00e7in huzurlu bir ka\u00e7\u0131\u015f, her detay\u0131na \u00f6zen g\u00f6sterdi\u011fi masaj seanslar\u0131nda ba\u015flar.  Mas\u00f6z: Masaj\u0131n B\u00fcy\u00fcs\u00fc, Sevda&#039;n\u0131n Ellerinde Ya\u015far!  Hayat\u0131n yo\u011fun temposunda, stresin ve yorgunlu\u011fun sizi sar\u0131p sarmalad\u0131\u011f\u0131 bir d\u00fcnyada, bir dakikal\u0131\u011f\u0131na da olsa kendinizi \u015f\u0131martman\u0131n vakti geldi. Mas\u00f6z Sevda\u2019n\u0131n ellerinde, sadece bir masaj de\u011fil, ger\u00e7ek bir huzur yolculu\u011funa \u00e7\u0131kacaks\u0131n\u0131z. T\u00fcm kas gerginliklerinizi ve bedensel yorgunlu\u011funuzu unutturacak bir deneyim sunuyor. Sevda\u2019n\u0131n benzersiz dokunu\u015flar\u0131 sayesinde ruhsal ve fiziksel olarak yenilenecek, yeniden do\u011fmu\u015f hissedeceksiniz.  Zihninizi dinlendirirken bedeninizi de rahatlatan masaj terapileri, g\u00fcnl\u00fck stresinizi geride b\u0131rakman\u0131z\u0131 sa\u011flar. Hem terapi hem de keyifli bir deneyim i\u00e7in Mas\u00f6z Sevda\u2019y\u0131 tercih edin, kendinizi \u00f6d\u00fcllendirin!\" \/>\n<meta property=\"og:url\" content=\"https:\/\/www.masajest.com\/masaj\/reklamlar\/masoz-sevda\/\" \/>\n<meta property=\"og:site_name\" content=\"masajest.com\" \/>\n<meta property=\"og:image\" content=\"https:\/\/cdn.pixabay.com\/photo\/2023\/12\/26\/06\/18\/therapeutic-massage-8469551_1280.jpg\" \/>\n<meta name=\"twitter:card\" content=\"summary_large_image\" \/>\n<meta name=\"twitter:image\" content=\"https:\/\/cdn.pixabay.com\/photo\/2023\/12\/26\/06\/18\/therapeutic-massage-8469551_1280.jpg\" \/>\n<meta name=\"twitter:label1\" content=\"Tahmini okuma s\u00fcresi\" \/>\n\t<meta name=\"twitter:data1\" content=\"2 dakika\" \/>\n<script type=\"application\/ld+json\" class=\"yoast-schema-graph\">{\"@context\":\"https:\/\/schema.org\",\"@graph\":[{\"@type\":\"WebPage\",\"@id\":\"https:\/\/www.masajest.com\/masaj\/reklamlar\/masoz-sevda\/\",\"url\":\"https:\/\/www.masajest.com\/masaj\/reklamlar\/masoz-sevda\/\",\"name\":\"Mas\u00f6z Sevda - masajest.com\",\"isPartOf\":{\"@id\":\"https:\/\/www.masajest.com\/masaj\/#website\"},\"primaryImageOfPage\":{\"@id\":\"https:\/\/www.masajest.com\/masaj\/reklamlar\/masoz-sevda\/#primaryimage\"},\"image\":{\"@id\":\"https:\/\/www.masajest.com\/masaj\/reklamlar\/masoz-sevda\/#primaryimage\"},\"thumbnailUrl\":\"https:\/\/cdn.pixabay.com\/photo\/2023\/12\/26\/06\/18\/therapeutic-massage-8469551_1280.jpg\",\"datePublished\":\"2025-02-12T15:54:07+00:00\",\"breadcrumb\":{\"@id\":\"https:\/\/www.masajest.com\/masaj\/reklamlar\/masoz-sevda\/#breadcrumb\"},\"inLanguage\":\"tr\",\"potentialAction\":[{\"@type\":\"ReadAction\",\"target\":[\"https:\/\/www.masajest.com\/masaj\/reklamlar\/masoz-sevda\/\"]}]},{\"@type\":\"ImageObject\",\"inLanguage\":\"tr\",\"@id\":\"https:\/\/www.masajest.com\/masaj\/reklamlar\/masoz-sevda\/#primaryimage\",\"url\":\"https:\/\/cdn.pixabay.com\/photo\/2023\/12\/26\/06\/18\/therapeutic-massage-8469551_1280.jpg\",\"contentUrl\":\"https:\/\/cdn.pixabay.com\/photo\/2023\/12\/26\/06\/18\/therapeutic-massage-8469551_1280.jpg\",\"width\":\"1280\",\"height\":\"852\"},{\"@type\":\"BreadcrumbList\",\"@id\":\"https:\/\/www.masajest.com\/masaj\/reklamlar\/masoz-sevda\/#breadcrumb\",\"itemListElement\":[{\"@type\":\"ListItem\",\"position\":1,\"name\":\"Anasayfa\",\"item\":\"https:\/\/www.masajest.com\/masaj\/\"},{\"@type\":\"ListItem\",\"position\":2,\"name\":\"MASAJEST\",\"item\":\"https:\/\/www.masajest.com\/masaj\/masajest\/\"},{\"@type\":\"ListItem\",\"position\":3,\"name\":\"Mas\u00f6z Sevda\"}]},{\"@type\":\"WebSite\",\"@id\":\"https:\/\/www.masajest.com\/masaj\/#website\",\"url\":\"https:\/\/www.masajest.com\/masaj\/\",\"name\":\"masajest.com\",\"description\":\"masajest.com\",\"potentialAction\":[{\"@type\":\"SearchAction\",\"target\":{\"@type\":\"EntryPoint\",\"urlTemplate\":\"https:\/\/www.masajest.com\/masaj\/?s={search_term_string}\"},\"query-input\":{\"@type\":\"PropertyValueSpecification\",\"valueRequired\":true,\"valueName\":\"search_term_string\"}}],\"inLanguage\":\"tr\"}]}<\/script>\n<!-- \/ Yoast SEO plugin. -->","yoast_head_json":{"title":"Mas\u00f6z Sevda - masajest.com","robots":{"index":"index","follow":"follow","max-snippet":"max-snippet:-1","max-image-preview":"max-image-preview:large","max-video-preview":"max-video-preview:-1"},"canonical":"https:\/\/www.masajest.com\/masaj\/reklamlar\/masoz-sevda\/","og_locale":"tr_TR","og_type":"article","og_title":"Mas\u00f6z Sevda - masajest.com","og_description":"Mas\u00f6z Sevda \u2013 Ruhunuzu Dinlendiren Eller  Mas\u00f6z Sevda, derinlemesine bir rahatlama ve tazelenme deneyimi sunan uzman bir masaj terapistidir. Y\u0131llar\u0131n getirdi\u011fi deneyim ve profesyonellik ile her seans, bedeninizi yeniden canland\u0131r\u0131rken zihninizi de ar\u0131nd\u0131r\u0131r. Masaj konusunda geni\u015f bir bilgi birikimine sahip olan Sevda, ki\u015fisel ihtiya\u00e7lar\u0131n\u0131za g\u00f6re \u00f6zelle\u015ftirilmi\u015f terapi y\u00f6ntemleri sunar. Sizin i\u00e7in huzurlu bir ka\u00e7\u0131\u015f, her detay\u0131na \u00f6zen g\u00f6sterdi\u011fi masaj seanslar\u0131nda ba\u015flar.  Mas\u00f6z: Masaj\u0131n B\u00fcy\u00fcs\u00fc, Sevda'n\u0131n Ellerinde Ya\u015far!  Hayat\u0131n yo\u011fun temposunda, stresin ve yorgunlu\u011fun sizi sar\u0131p sarmalad\u0131\u011f\u0131 bir d\u00fcnyada, bir dakikal\u0131\u011f\u0131na da olsa kendinizi \u015f\u0131martman\u0131n vakti geldi. Mas\u00f6z Sevda\u2019n\u0131n ellerinde, sadece bir masaj de\u011fil, ger\u00e7ek bir huzur yolculu\u011funa \u00e7\u0131kacaks\u0131n\u0131z. T\u00fcm kas gerginliklerinizi ve bedensel yorgunlu\u011funuzu unutturacak bir deneyim sunuyor. Sevda\u2019n\u0131n benzersiz dokunu\u015flar\u0131 sayesinde ruhsal ve fiziksel olarak yenilenecek, yeniden do\u011fmu\u015f hissedeceksiniz.  Zihninizi dinlendirirken bedeninizi de rahatlatan masaj terapileri, g\u00fcnl\u00fck stresinizi geride b\u0131rakman\u0131z\u0131 sa\u011flar. Hem terapi hem de keyifli bir deneyim i\u00e7in Mas\u00f6z Sevda\u2019y\u0131 tercih edin, kendinizi \u00f6d\u00fcllendirin!","og_url":"https:\/\/www.masajest.com\/masaj\/reklamlar\/masoz-sevda\/","og_site_name":"masajest.com","og_image":[{"url":"https:\/\/cdn.pixabay.com\/photo\/2023\/12\/26\/06\/18\/therapeutic-massage-8469551_1280.jpg","type":"","width":"","height":""}],"twitter_card":"summary_large_image","twitter_image":"https:\/\/cdn.pixabay.com\/photo\/2023\/12\/26\/06\/18\/therapeutic-massage-8469551_1280.jpg","twitter_misc":{"Tahmini okuma s\u00fcresi":"2 dakika"},"schema":{"@context":"https:\/\/schema.org","@graph":[{"@type":"WebPage","@id":"https:\/\/www.masajest.com\/masaj\/reklamlar\/masoz-sevda\/","url":"https:\/\/www.masajest.com\/masaj\/reklamlar\/masoz-sevda\/","name":"Mas\u00f6z Sevda - masajest.com","isPartOf":{"@id":"https:\/\/www.masajest.com\/masaj\/#website"},"primaryImageOfPage":{"@id":"https:\/\/www.masajest.com\/masaj\/reklamlar\/masoz-sevda\/#primaryimage"},"image":{"@id":"https:\/\/www.masajest.com\/masaj\/reklamlar\/masoz-sevda\/#primaryimage"},"thumbnailUrl":"https:\/\/cdn.pixabay.com\/photo\/2023\/12\/26\/06\/18\/therapeutic-massage-8469551_1280.jpg","datePublished":"2025-02-12T15:54:07+00:00","breadcrumb":{"@id":"https:\/\/www.masajest.com\/masaj\/reklamlar\/masoz-sevda\/#breadcrumb"},"inLanguage":"tr","potentialAction":[{"@type":"ReadAction","target":["https:\/\/www.masajest.com\/masaj\/reklamlar\/masoz-sevda\/"]}]},{"@type":"ImageObject","inLanguage":"tr","@id":"https:\/\/www.masajest.com\/masaj\/reklamlar\/masoz-sevda\/#primaryimage","url":"https:\/\/cdn.pixabay.com\/photo\/2023\/12\/26\/06\/18\/therapeutic-massage-8469551_1280.jpg","contentUrl":"https:\/\/cdn.pixabay.com\/photo\/2023\/12\/26\/06\/18\/therapeutic-massage-8469551_1280.jpg","width":"1280","height":"852"},{"@type":"BreadcrumbList","@id":"https:\/\/www.masajest.com\/masaj\/reklamlar\/masoz-sevda\/#breadcrumb","itemListElement":[{"@type":"ListItem","position":1,"name":"Anasayfa","item":"https:\/\/www.masajest.com\/masaj\/"},{"@type":"ListItem","position":2,"name":"MASAJEST","item":"https:\/\/www.masajest.com\/masaj\/masajest\/"},{"@type":"ListItem","position":3,"name":"Mas\u00f6z Sevda"}]},{"@type":"WebSite","@id":"https:\/\/www.masajest.com\/masaj\/#website","url":"https:\/\/www.masajest.com\/masaj\/","name":"masajest.com","description":"masajest.com","potentialAction":[{"@type":"SearchAction","target":{"@type":"EntryPoint","urlTemplate":"https:\/\/www.masajest.com\/masaj\/?s={search_term_string}"},"query-input":{"@type":"PropertyValueSpecification","valueRequired":true,"valueName":"search_term_string"}}],"inLanguage":"tr"}]}},"_links":{"self":[{"href":"https:\/\/www.masajest.com\/masaj\/wp-json\/wp\/v2\/product\/2932","targetHints":{"allow":["GET"]}}],"collection":[{"href":"https:\/\/www.masajest.com\/masaj\/wp-json\/wp\/v2\/product"}],"about":[{"href":"https:\/\/www.masajest.com\/masaj\/wp-json\/wp\/v2\/types\/product"}],"replies":[{"embeddable":true,"href":"https:\/\/www.masajest.com\/masaj\/wp-json\/wp\/v2\/comments?post=2932"}],"wp:featuredmedia":[{"embeddable":true,"href":"https:\/\/www.masajest.com\/masaj\/wp-json\/wp\/v2\/media\/2941"}],"wp:attachment":[{"href":"https:\/\/www.masajest.com\/masaj\/wp-json\/wp\/v2\/media?parent=2932"}],"wp:term":[{"taxonomy":"product_brand","embeddable":true,"href":"https:\/\/www.masajest.com\/masaj\/wp-json\/wp\/v2\/product_brand?post=2932"},{"taxonomy":"product_cat","embeddable":true,"href":"https:\/\/www.masajest.com\/masaj\/wp-json\/wp\/v2\/product_cat?post=2932"},{"taxonomy":"product_tag","embeddable":true,"href":"https:\/\/www.masajest.com\/masaj\/wp-json\/wp\/v2\/product_tag?post=2932"}],"curies":[{"name":"wp","href":"https:\/\/api.w.org\/{rel}","templated":true}]}}