{"id":2926,"date":"2025-02-12T18:59:21","date_gmt":"2025-02-12T15:59:21","guid":{"rendered":"https:\/\/www.masajest.com\/masaj\/?post_type=product&#038;p=2926"},"modified":"2025-02-12T18:59:21","modified_gmt":"2025-02-12T15:59:21","slug":"masoz-nez","status":"publish","type":"product","link":"https:\/\/www.masajest.com\/masaj\/reklamlar\/masoz-nez\/","title":{"rendered":"Mas\u00f6z Nez"},"content":{"rendered":"<div class=\"flex max-w-full flex-col flex-grow\">\n<div class=\"min-h-8 text-message flex w-full flex-col items-end gap-2 whitespace-normal break-words text-start [.text-message+&amp;]:mt-5\" dir=\"auto\" data-message-author-role=\"assistant\" data-message-id=\"6fb4259e-7faa-4662-90ec-0900ea52b3f5\" data-message-model-slug=\"gpt-4o\">\n<div class=\"flex w-full flex-col gap-1 empty:hidden first:pt-[3px]\">\n<div class=\"markdown prose w-full break-words dark:prose-invert dark\">\n<div class=\"flex max-w-full flex-col flex-grow\">\n<div class=\"min-h-8 text-message flex w-full flex-col items-end gap-2 whitespace-normal break-words text-start [.text-message+&amp;]:mt-5\" dir=\"auto\" data-message-author-role=\"assistant\" data-message-id=\"82c887d8-7754-4601-890f-bc29882d3c28\" data-message-model-slug=\"gpt-4o-mini\">\n<div class=\"flex w-full flex-col gap-1 empty:hidden first:pt-[3px]\">\n<div class=\"markdown prose w-full break-words dark:prose-invert dark\">\n<p><strong>Mas\u00f6z Nez: Sakinlik ve Yenilenmenin Ad\u0131<\/strong><\/p>\n<p>Mas\u00f6z Nez, v\u00fccudunuzun ve ruhunuzun ihtiya\u00e7lar\u0131n\u0131 en iyi \u015fekilde kar\u015f\u0131layan profesyonel bir masaj terapistidir. Y\u0131llar\u0131n deneyimi ve derinlemesine bilgi birikimiyle, her bir seans\u0131 bir terapiye d\u00f6n\u00fc\u015ft\u00fcr\u00fcr. Geli\u015fmi\u015f teknikler ve ki\u015fiye \u00f6zel yakla\u015f\u0131mlar, masaj\u0131n iyile\u015ftirici g\u00fcc\u00fcn\u00fc en \u00fcst d\u00fczeye \u00e7\u0131kar\u0131r. Mas\u00f6z Nez&#8217;in sundu\u011fu rahatlat\u0131c\u0131 ortamda, kendinizi taze ve yenilenmi\u015f hissedeceksiniz.<\/p>\n<p><em>&#8220;Ruhunuzu dinlendirin, bedeninizi yenileyin.&#8221;<\/em><\/p>\n<p>Mas\u00f6z Nez, v\u00fccutta birikmi\u015f gerginlikleri ve stresi hafifletmek i\u00e7in uzman bir yakla\u015f\u0131m sunar. Onun masaj\u0131, sadece fiziksel rahatlama de\u011fil, ayn\u0131 zamanda zihinsel huzur da sa\u011flar. Farkl\u0131 masaj tekniklerini ustal\u0131kla birle\u015ftirerek, her bireyin ihtiyac\u0131na uygun tedavi \u00f6nerir.<\/p>\n<p>&#8220;Mas\u00f6z Nez&#8217;in masaj\u0131 bana ger\u00e7ekten huzur verdi. Y\u0131llard\u0131r hissetmedi\u011fim kadar rahatlad\u0131m ve kendimi yenilenmi\u015f hissettim. Masaj sadece kaslar\u0131m\u0131 rahatlatmakla kalmad\u0131, ayn\u0131 zamanda zihinsel olarak da ferahlad\u0131m. Her seans, bana sadece fiziksel rahatlama de\u011fil, i\u00e7sel bir huzur da sa\u011flad\u0131. Ger\u00e7ekten bir terapist gibi hissettirdiniz!&#8221;<\/p>\n<\/div>\n<\/div>\n<\/div>\n<\/div>\n<\/div>\n<\/div>\n<\/div>\n<\/div>\n","protected":false},"excerpt":{"rendered":"<div class=\"flex max-w-full flex-col flex-grow\">\n<div class=\"min-h-8 text-message flex w-full flex-col items-end gap-2 whitespace-normal break-words text-start [.text-message+&amp;]:mt-5\" dir=\"auto\" data-message-author-role=\"assistant\" data-message-id=\"4030ef57-8cdb-49df-b566-c1a77670c041\" data-message-model-slug=\"gpt-4o\">\n<div class=\"flex w-full flex-col gap-1 empty:hidden first:pt-[3px]\">\n<div class=\"markdown prose w-full break-words dark:prose-invert dark\">\n<p><strong>Mas\u00f6z Nez<\/strong><br \/>\nMas\u00f6z Nez, profesyonel masaj teknikleri ve \u00f6zenli yakla\u015f\u0131m\u0131yla fark yarat\u0131yor. Her bir masaj seans\u0131, v\u00fccudunuzun rahatlamas\u0131n\u0131 ve ruhsal huzura kavu\u015fman\u0131z\u0131 sa\u011flamak i\u00e7in \u00f6zel olarak tasarlanm\u0131\u015ft\u0131r. Nez, do\u011fru bas\u0131n\u00e7 ve ritimle uygulad\u0131\u011f\u0131 masajlar sayesinde stresinizi atman\u0131za, kas a\u011fr\u0131lar\u0131n\u0131z\u0131 hafifletmenize ve enerjinizi yenilemenize yard\u0131mc\u0131 olur. G\u00fcler y\u00fczl\u00fc ve samimi yakla\u015f\u0131m\u0131yla da keyifli bir deneyim sunar.<\/p>\n<p><em>&#8220;Nez ile rahatlay\u0131n, yenilenin, huzuru ke\u015ffedin!&#8221;<\/em><\/p>\n<p>Masaj, sadece bir rahatlama y\u00f6ntemi de\u011fil, ayn\u0131 zamanda bedeninize ve zihninize derin bir \u015fifa sunan bir terapi \u015feklidir. Mas\u00f6z Nez\u2019in uzman dokunu\u015flar\u0131yla, kaslar\u0131n\u0131zdaki gerilimleri \u00e7\u00f6zebilir, bedeninizi ve ruhunuzu yeniden canland\u0131rabilirsiniz. Yava\u015f, ritmik hareketlerle uygulanan masaj, stresinizi azalt\u0131rken, v\u00fccudunuzun do\u011fal iyile\u015fme s\u00fcre\u00e7lerini destekler. Nez\u2019in masaj seanslar\u0131, g\u00fcnl\u00fck hayat\u0131n karma\u015fas\u0131ndan uzakla\u015f\u0131p, huzur i\u00e7inde bir mola vermenizi sa\u011flar. Rahatlat\u0131c\u0131 bir atmosferde, her bir dokunu\u015fu ile fark\u0131 hissedece\u011finiz bir deneyim i\u00e7in Mas\u00f6z Nez\u2019i tercih edin.<\/p>\n<\/div>\n<\/div>\n<\/div>\n<\/div>\n","protected":false},"featured_media":2950,"comment_status":"open","ping_status":"closed","template":"","meta":[],"product_brand":[],"product_cat":[15],"product_tag":[],"class_list":{"0":"post-2926","1":"product","2":"type-product","3":"status-publish","4":"has-post-thumbnail","6":"product_cat-masajest","8":"first","9":"instock","10":"shipping-taxable","11":"product-type-simple"},"yoast_head":"<!-- This site is optimized with the Yoast SEO plugin v27.0 - https:\/\/yoast.com\/product\/yoast-seo-wordpress\/ -->\n<title>Mas\u00f6z Nez - masajest.com<\/title>\n<meta name=\"robots\" content=\"index, follow, max-snippet:-1, max-image-preview:large, max-video-preview:-1\" \/>\n<link rel=\"canonical\" href=\"https:\/\/www.masajest.com\/masaj\/reklamlar\/masoz-nez\/\" \/>\n<meta property=\"og:locale\" content=\"tr_TR\" \/>\n<meta property=\"og:type\" content=\"article\" \/>\n<meta property=\"og:title\" content=\"Mas\u00f6z Nez - masajest.com\" \/>\n<meta property=\"og:description\" content=\"Mas\u00f6z Nez Mas\u00f6z Nez, profesyonel masaj teknikleri ve \u00f6zenli yakla\u015f\u0131m\u0131yla fark yarat\u0131yor. Her bir masaj seans\u0131, v\u00fccudunuzun rahatlamas\u0131n\u0131 ve ruhsal huzura kavu\u015fman\u0131z\u0131 sa\u011flamak i\u00e7in \u00f6zel olarak tasarlanm\u0131\u015ft\u0131r. Nez, do\u011fru bas\u0131n\u00e7 ve ritimle uygulad\u0131\u011f\u0131 masajlar sayesinde stresinizi atman\u0131za, kas a\u011fr\u0131lar\u0131n\u0131z\u0131 hafifletmenize ve enerjinizi yenilemenize yard\u0131mc\u0131 olur. G\u00fcler y\u00fczl\u00fc ve samimi yakla\u015f\u0131m\u0131yla da keyifli bir deneyim sunar.  &quot;Nez ile rahatlay\u0131n, yenilenin, huzuru ke\u015ffedin!&quot;  Masaj, sadece bir rahatlama y\u00f6ntemi de\u011fil, ayn\u0131 zamanda bedeninize ve zihninize derin bir \u015fifa sunan bir terapi \u015feklidir. Mas\u00f6z Nez\u2019in uzman dokunu\u015flar\u0131yla, kaslar\u0131n\u0131zdaki gerilimleri \u00e7\u00f6zebilir, bedeninizi ve ruhunuzu yeniden canland\u0131rabilirsiniz. Yava\u015f, ritmik hareketlerle uygulanan masaj, stresinizi azalt\u0131rken, v\u00fccudunuzun do\u011fal iyile\u015fme s\u00fcre\u00e7lerini destekler. Nez\u2019in masaj seanslar\u0131, g\u00fcnl\u00fck hayat\u0131n karma\u015fas\u0131ndan uzakla\u015f\u0131p, huzur i\u00e7inde bir mola vermenizi sa\u011flar. Rahatlat\u0131c\u0131 bir atmosferde, her bir dokunu\u015fu ile fark\u0131 hissedece\u011finiz bir deneyim i\u00e7in Mas\u00f6z Nez\u2019i tercih edin.\" \/>\n<meta property=\"og:url\" content=\"https:\/\/www.masajest.com\/masaj\/reklamlar\/masoz-nez\/\" \/>\n<meta property=\"og:site_name\" content=\"masajest.com\" \/>\n<meta property=\"og:image\" content=\"https:\/\/cdn.pixabay.com\/photo\/2024\/07\/29\/21\/58\/ai-generated-8930734_1280.jpg\" \/>\n<meta name=\"twitter:card\" content=\"summary_large_image\" \/>\n<meta name=\"twitter:image\" content=\"https:\/\/cdn.pixabay.com\/photo\/2024\/07\/29\/21\/58\/ai-generated-8930734_1280.jpg\" \/>\n<meta name=\"twitter:label1\" content=\"Tahmini okuma s\u00fcresi\" \/>\n\t<meta name=\"twitter:data1\" content=\"1 dakika\" \/>\n<script type=\"application\/ld+json\" class=\"yoast-schema-graph\">{\"@context\":\"https:\/\/schema.org\",\"@graph\":[{\"@type\":\"WebPage\",\"@id\":\"https:\/\/www.masajest.com\/masaj\/reklamlar\/masoz-nez\/\",\"url\":\"https:\/\/www.masajest.com\/masaj\/reklamlar\/masoz-nez\/\",\"name\":\"Mas\u00f6z Nez - masajest.com\",\"isPartOf\":{\"@id\":\"https:\/\/www.masajest.com\/masaj\/#website\"},\"primaryImageOfPage\":{\"@id\":\"https:\/\/www.masajest.com\/masaj\/reklamlar\/masoz-nez\/#primaryimage\"},\"image\":{\"@id\":\"https:\/\/www.masajest.com\/masaj\/reklamlar\/masoz-nez\/#primaryimage\"},\"thumbnailUrl\":\"https:\/\/cdn.pixabay.com\/photo\/2024\/07\/29\/21\/58\/ai-generated-8930734_1280.jpg\",\"datePublished\":\"2025-02-12T15:59:21+00:00\",\"breadcrumb\":{\"@id\":\"https:\/\/www.masajest.com\/masaj\/reklamlar\/masoz-nez\/#breadcrumb\"},\"inLanguage\":\"tr\",\"potentialAction\":[{\"@type\":\"ReadAction\",\"target\":[\"https:\/\/www.masajest.com\/masaj\/reklamlar\/masoz-nez\/\"]}]},{\"@type\":\"ImageObject\",\"inLanguage\":\"tr\",\"@id\":\"https:\/\/www.masajest.com\/masaj\/reklamlar\/masoz-nez\/#primaryimage\",\"url\":\"https:\/\/cdn.pixabay.com\/photo\/2024\/07\/29\/21\/58\/ai-generated-8930734_1280.jpg\",\"contentUrl\":\"https:\/\/cdn.pixabay.com\/photo\/2024\/07\/29\/21\/58\/ai-generated-8930734_1280.jpg\",\"width\":\"1280\",\"height\":\"960\"},{\"@type\":\"BreadcrumbList\",\"@id\":\"https:\/\/www.masajest.com\/masaj\/reklamlar\/masoz-nez\/#breadcrumb\",\"itemListElement\":[{\"@type\":\"ListItem\",\"position\":1,\"name\":\"Anasayfa\",\"item\":\"https:\/\/www.masajest.com\/masaj\/\"},{\"@type\":\"ListItem\",\"position\":2,\"name\":\"MASAJEST\",\"item\":\"https:\/\/www.masajest.com\/masaj\/masajest\/\"},{\"@type\":\"ListItem\",\"position\":3,\"name\":\"Mas\u00f6z Nez\"}]},{\"@type\":\"WebSite\",\"@id\":\"https:\/\/www.masajest.com\/masaj\/#website\",\"url\":\"https:\/\/www.masajest.com\/masaj\/\",\"name\":\"masajest.com\",\"description\":\"masajest.com\",\"potentialAction\":[{\"@type\":\"SearchAction\",\"target\":{\"@type\":\"EntryPoint\",\"urlTemplate\":\"https:\/\/www.masajest.com\/masaj\/?s={search_term_string}\"},\"query-input\":{\"@type\":\"PropertyValueSpecification\",\"valueRequired\":true,\"valueName\":\"search_term_string\"}}],\"inLanguage\":\"tr\"}]}<\/script>\n<!-- \/ Yoast SEO plugin. -->","yoast_head_json":{"title":"Mas\u00f6z Nez - masajest.com","robots":{"index":"index","follow":"follow","max-snippet":"max-snippet:-1","max-image-preview":"max-image-preview:large","max-video-preview":"max-video-preview:-1"},"canonical":"https:\/\/www.masajest.com\/masaj\/reklamlar\/masoz-nez\/","og_locale":"tr_TR","og_type":"article","og_title":"Mas\u00f6z Nez - masajest.com","og_description":"Mas\u00f6z Nez Mas\u00f6z Nez, profesyonel masaj teknikleri ve \u00f6zenli yakla\u015f\u0131m\u0131yla fark yarat\u0131yor. Her bir masaj seans\u0131, v\u00fccudunuzun rahatlamas\u0131n\u0131 ve ruhsal huzura kavu\u015fman\u0131z\u0131 sa\u011flamak i\u00e7in \u00f6zel olarak tasarlanm\u0131\u015ft\u0131r. Nez, do\u011fru bas\u0131n\u00e7 ve ritimle uygulad\u0131\u011f\u0131 masajlar sayesinde stresinizi atman\u0131za, kas a\u011fr\u0131lar\u0131n\u0131z\u0131 hafifletmenize ve enerjinizi yenilemenize yard\u0131mc\u0131 olur. G\u00fcler y\u00fczl\u00fc ve samimi yakla\u015f\u0131m\u0131yla da keyifli bir deneyim sunar.  \"Nez ile rahatlay\u0131n, yenilenin, huzuru ke\u015ffedin!\"  Masaj, sadece bir rahatlama y\u00f6ntemi de\u011fil, ayn\u0131 zamanda bedeninize ve zihninize derin bir \u015fifa sunan bir terapi \u015feklidir. Mas\u00f6z Nez\u2019in uzman dokunu\u015flar\u0131yla, kaslar\u0131n\u0131zdaki gerilimleri \u00e7\u00f6zebilir, bedeninizi ve ruhunuzu yeniden canland\u0131rabilirsiniz. Yava\u015f, ritmik hareketlerle uygulanan masaj, stresinizi azalt\u0131rken, v\u00fccudunuzun do\u011fal iyile\u015fme s\u00fcre\u00e7lerini destekler. Nez\u2019in masaj seanslar\u0131, g\u00fcnl\u00fck hayat\u0131n karma\u015fas\u0131ndan uzakla\u015f\u0131p, huzur i\u00e7inde bir mola vermenizi sa\u011flar. Rahatlat\u0131c\u0131 bir atmosferde, her bir dokunu\u015fu ile fark\u0131 hissedece\u011finiz bir deneyim i\u00e7in Mas\u00f6z Nez\u2019i tercih edin.","og_url":"https:\/\/www.masajest.com\/masaj\/reklamlar\/masoz-nez\/","og_site_name":"masajest.com","og_image":[{"url":"https:\/\/cdn.pixabay.com\/photo\/2024\/07\/29\/21\/58\/ai-generated-8930734_1280.jpg","type":"","width":"","height":""}],"twitter_card":"summary_large_image","twitter_image":"https:\/\/cdn.pixabay.com\/photo\/2024\/07\/29\/21\/58\/ai-generated-8930734_1280.jpg","twitter_misc":{"Tahmini okuma s\u00fcresi":"1 dakika"},"schema":{"@context":"https:\/\/schema.org","@graph":[{"@type":"WebPage","@id":"https:\/\/www.masajest.com\/masaj\/reklamlar\/masoz-nez\/","url":"https:\/\/www.masajest.com\/masaj\/reklamlar\/masoz-nez\/","name":"Mas\u00f6z Nez - masajest.com","isPartOf":{"@id":"https:\/\/www.masajest.com\/masaj\/#website"},"primaryImageOfPage":{"@id":"https:\/\/www.masajest.com\/masaj\/reklamlar\/masoz-nez\/#primaryimage"},"image":{"@id":"https:\/\/www.masajest.com\/masaj\/reklamlar\/masoz-nez\/#primaryimage"},"thumbnailUrl":"https:\/\/cdn.pixabay.com\/photo\/2024\/07\/29\/21\/58\/ai-generated-8930734_1280.jpg","datePublished":"2025-02-12T15:59:21+00:00","breadcrumb":{"@id":"https:\/\/www.masajest.com\/masaj\/reklamlar\/masoz-nez\/#breadcrumb"},"inLanguage":"tr","potentialAction":[{"@type":"ReadAction","target":["https:\/\/www.masajest.com\/masaj\/reklamlar\/masoz-nez\/"]}]},{"@type":"ImageObject","inLanguage":"tr","@id":"https:\/\/www.masajest.com\/masaj\/reklamlar\/masoz-nez\/#primaryimage","url":"https:\/\/cdn.pixabay.com\/photo\/2024\/07\/29\/21\/58\/ai-generated-8930734_1280.jpg","contentUrl":"https:\/\/cdn.pixabay.com\/photo\/2024\/07\/29\/21\/58\/ai-generated-8930734_1280.jpg","width":"1280","height":"960"},{"@type":"BreadcrumbList","@id":"https:\/\/www.masajest.com\/masaj\/reklamlar\/masoz-nez\/#breadcrumb","itemListElement":[{"@type":"ListItem","position":1,"name":"Anasayfa","item":"https:\/\/www.masajest.com\/masaj\/"},{"@type":"ListItem","position":2,"name":"MASAJEST","item":"https:\/\/www.masajest.com\/masaj\/masajest\/"},{"@type":"ListItem","position":3,"name":"Mas\u00f6z Nez"}]},{"@type":"WebSite","@id":"https:\/\/www.masajest.com\/masaj\/#website","url":"https:\/\/www.masajest.com\/masaj\/","name":"masajest.com","description":"masajest.com","potentialAction":[{"@type":"SearchAction","target":{"@type":"EntryPoint","urlTemplate":"https:\/\/www.masajest.com\/masaj\/?s={search_term_string}"},"query-input":{"@type":"PropertyValueSpecification","valueRequired":true,"valueName":"search_term_string"}}],"inLanguage":"tr"}]}},"_links":{"self":[{"href":"https:\/\/www.masajest.com\/masaj\/wp-json\/wp\/v2\/product\/2926","targetHints":{"allow":["GET"]}}],"collection":[{"href":"https:\/\/www.masajest.com\/masaj\/wp-json\/wp\/v2\/product"}],"about":[{"href":"https:\/\/www.masajest.com\/masaj\/wp-json\/wp\/v2\/types\/product"}],"replies":[{"embeddable":true,"href":"https:\/\/www.masajest.com\/masaj\/wp-json\/wp\/v2\/comments?post=2926"}],"wp:featuredmedia":[{"embeddable":true,"href":"https:\/\/www.masajest.com\/masaj\/wp-json\/wp\/v2\/media\/2950"}],"wp:attachment":[{"href":"https:\/\/www.masajest.com\/masaj\/wp-json\/wp\/v2\/media?parent=2926"}],"wp:term":[{"taxonomy":"product_brand","embeddable":true,"href":"https:\/\/www.masajest.com\/masaj\/wp-json\/wp\/v2\/product_brand?post=2926"},{"taxonomy":"product_cat","embeddable":true,"href":"https:\/\/www.masajest.com\/masaj\/wp-json\/wp\/v2\/product_cat?post=2926"},{"taxonomy":"product_tag","embeddable":true,"href":"https:\/\/www.masajest.com\/masaj\/wp-json\/wp\/v2\/product_tag?post=2926"}],"curies":[{"name":"wp","href":"https:\/\/api.w.org\/{rel}","templated":true}]}}