{"id":2915,"date":"2025-02-12T18:45:39","date_gmt":"2025-02-12T15:45:39","guid":{"rendered":"https:\/\/www.masajest.com\/masaj\/?post_type=product&#038;p=2915"},"modified":"2025-02-12T18:45:39","modified_gmt":"2025-02-12T15:45:39","slug":"masoz-ancelika","status":"publish","type":"product","link":"https:\/\/www.masajest.com\/masaj\/reklamlar\/masoz-ancelika\/","title":{"rendered":"Mas\u00f6z Ancelika"},"content":{"rendered":"<div class=\"flex max-w-full flex-col flex-grow\">\n<div class=\"min-h-8 text-message flex w-full flex-col items-end gap-2 whitespace-normal break-words text-start [.text-message+&amp;]:mt-5\" dir=\"auto\" data-message-author-role=\"assistant\" data-message-id=\"744a6110-8069-4ffa-b6b2-a796f85c9069\" data-message-model-slug=\"gpt-4o-mini\">\n<div class=\"flex w-full flex-col gap-1 empty:hidden first:pt-[3px]\">\n<div class=\"markdown prose w-full break-words dark:prose-invert dark\">\n<p><strong>Mas\u00f6z Ancelika<\/strong><\/p>\n<p><strong>Mas\u00f6z:<\/strong> <em>&#8220;Rahatlaman\u0131n ve huzurun ad\u0131: Mas\u00f6z Ancelika&#8221;<\/em><\/p>\n<p>Mas\u00f6z Ancelika, sa\u011fl\u0131kl\u0131 bir ya\u015fam\u0131n ve zihinsel rahatlaman\u0131n kap\u0131lar\u0131n\u0131 aralayan bir profesyoneldir. Y\u0131llar\u0131n deneyimi ve titiz \u00e7al\u0131\u015fma anlay\u0131\u015f\u0131yla, her bireye \u00f6zel masaj terapileri sunarak bedenin ve ruhun uyum i\u00e7inde olmas\u0131n\u0131 sa\u011flar. Masaj, sadece kaslar\u0131 gev\u015fetmekle kalmaz, ayn\u0131 zamanda duygusal bir rahatlama sa\u011flar ve Ancelika&#8217;n\u0131n bu alandaki uzmanl\u0131\u011f\u0131, her seans\u0131n bir d\u00f6n\u00fcm noktas\u0131 olmas\u0131n\u0131 garanti eder.<\/p>\n<p>Ancelika, ki\u015fisel bak\u0131m\u0131 ve rahatlamay\u0131 \u00f6n planda tutarak, her m\u00fc\u015fterisinin ihtiya\u00e7lar\u0131na uygun \u00f6zel teknikler ve masaj t\u00fcrleri sunar. \u0130ster derin doku masaj\u0131, ister aromaterapi olsun, sundu\u011fu her hizmetin arkas\u0131nda Ancelika&#8217;n\u0131n g\u00fc\u00e7l\u00fc bilgisi ve i\u00e7ten yakla\u015f\u0131m\u0131 bulunur. Misafirlerine sadece fiziksel rahatlama de\u011fil, ayn\u0131 zamanda ruhsal huzur da sunar.<\/p>\n<p>Mas\u00f6z Ancelika, masaj d\u00fcnyas\u0131nda kendini kan\u0131tlam\u0131\u015f ve m\u00fc\u015fteri memnuniyetini \u00f6n planda tutan bir uzmand\u0131r. Her masaj seans\u0131, ki\u015fisel ihtiya\u00e7lara g\u00f6re \u00f6zelle\u015ftirilmi\u015f tekniklerle ger\u00e7ekle\u015ftirilir. Ancelika&#8217;n\u0131n sundu\u011fu hizmet, yaln\u0131zca bedensel de\u011fil, ruhsal rahatlamay\u0131 da beraberinde getirir. Y\u0131llarca edindi\u011fi bilgi ve deneyimle, herkesin ihtiyac\u0131 olan o &#8220;mutlu masaj\u0131&#8221; en iyi \u015fekilde sunar.<\/p>\n<p>Mas\u00f6z Ancelika ile yap\u0131lan her seans, bir rahatlama yolculu\u011funa d\u00f6n\u00fc\u015f\u00fcr. \u201cMutlu masaj\u201d denildi\u011finde, Ancelika\u2019n\u0131n ad\u0131 akla gelir; \u00e7\u00fcnk\u00fc onun elleriyle yap\u0131lan her dokunu\u015f, sadece kaslar\u0131 gev\u015fetmekle kalmaz, ayn\u0131 zamanda ruhunuzu da ar\u0131nd\u0131r\u0131r. Masaj sonras\u0131nda hissedilen derin huzur, mutlulu\u011fu ve i\u00e7sel dengeyi geri getirir. Ger\u00e7ek anlamda bir rahatlama arayanlar i\u00e7in, Mas\u00f6z Ancelika\u2019n\u0131n masaj\u0131 vazge\u00e7ilmez bir deneyim sunar.<\/p>\n<\/div>\n<\/div>\n<\/div>\n<\/div>\n","protected":false},"excerpt":{"rendered":"<h3>Mas\u00f6z Ancelika<\/h3>\n<p>Mas\u00f6z Ancelika, y\u0131llar\u0131n deneyimine sahip bir terapisttir ve her seans\u0131nda bireysel ihtiya\u00e7lara \u00f6zel masaj teknikleri sunarak rahatlama ve yenilenme sa\u011flar. Kendisi, v\u00fccut a\u011fr\u0131lar\u0131n\u0131 hafifletme ve zihinsel rahatlama \u00fczerine odaklanan tedavi y\u00f6ntemleri ile bilinir. Ancelika&#8217;n\u0131n uzmanl\u0131k alan\u0131, derin doku masaj\u0131 ve rahatlat\u0131c\u0131 terapiler olup, seanslar\u0131 sonras\u0131 kendinizi tamamen yenilenmi\u015f hissedersiniz.<\/p>\n<h3>Mas\u00f6z:<\/h3>\n<p>&#8220;V\u00fccudunuza ve ruhunuza zarif dokunu\u015f: Mas\u00f6z Ancelika ile huzurlu bir deneyim.&#8221;<\/p>\n<p>Masaj, bedeninizi rahatlatman\u0131n ve zihinsel dinginlik kazanman\u0131n en etkili yollar\u0131ndan biridir. Mas\u00f6z Ancelika, masaj sanat\u0131n\u0131 bir ad\u0131m \u00f6teye ta\u015f\u0131yarak, v\u00fccudunuzu sadece gev\u015fetmekle kalmaz, ayn\u0131 zamanda enerjinizi dengeleyerek ya\u015fam kalitenizi art\u0131r\u0131r. Her seans, size \u00f6zel olarak tasarlan\u0131r; istedi\u011finiz rahatlama seviyesine ula\u015fmak i\u00e7in derin doku masaj\u0131ndan, hafif gev\u015fetici masajlara kadar geni\u015f bir se\u00e7enek sunar. Ancelika&#8217;n\u0131n ellerindeki zarif dokunu\u015f, kaslar\u0131n\u0131z\u0131 gev\u015fetirken, stresten ar\u0131nman\u0131za ve bedeninizle yeniden ba\u011f kurman\u0131za yard\u0131mc\u0131 olur. Bu e\u015fsiz deneyimi bir kez ya\u015fad\u0131\u011f\u0131n\u0131zda, her masaj\u0131n vazge\u00e7ilmez olaca\u011f\u0131na emin olabilirsiniz.<\/p>\n","protected":false},"featured_media":2921,"comment_status":"open","ping_status":"closed","template":"","meta":[],"product_brand":[],"product_cat":[15],"product_tag":[],"class_list":{"0":"post-2915","1":"product","2":"type-product","3":"status-publish","4":"has-post-thumbnail","6":"product_cat-masajest","8":"first","9":"instock","10":"shipping-taxable","11":"product-type-simple"},"yoast_head":"<!-- This site is optimized with the Yoast SEO plugin v27.0 - https:\/\/yoast.com\/product\/yoast-seo-wordpress\/ -->\n<title>Mas\u00f6z Ancelika - masajest.com<\/title>\n<meta name=\"robots\" content=\"index, follow, max-snippet:-1, max-image-preview:large, max-video-preview:-1\" \/>\n<link rel=\"canonical\" href=\"https:\/\/www.masajest.com\/masaj\/reklamlar\/masoz-ancelika\/\" \/>\n<meta property=\"og:locale\" content=\"tr_TR\" \/>\n<meta property=\"og:type\" content=\"article\" \/>\n<meta property=\"og:title\" content=\"Mas\u00f6z Ancelika - masajest.com\" \/>\n<meta property=\"og:description\" content=\"Mas\u00f6z Ancelika Mas\u00f6z Ancelika, y\u0131llar\u0131n deneyimine sahip bir terapisttir ve her seans\u0131nda bireysel ihtiya\u00e7lara \u00f6zel masaj teknikleri sunarak rahatlama ve yenilenme sa\u011flar. Kendisi, v\u00fccut a\u011fr\u0131lar\u0131n\u0131 hafifletme ve zihinsel rahatlama \u00fczerine odaklanan tedavi y\u00f6ntemleri ile bilinir. Ancelika&#039;n\u0131n uzmanl\u0131k alan\u0131, derin doku masaj\u0131 ve rahatlat\u0131c\u0131 terapiler olup, seanslar\u0131 sonras\u0131 kendinizi tamamen yenilenmi\u015f hissedersiniz. Mas\u00f6z: &quot;V\u00fccudunuza ve ruhunuza zarif dokunu\u015f: Mas\u00f6z Ancelika ile huzurlu bir deneyim.&quot;  Masaj, bedeninizi rahatlatman\u0131n ve zihinsel dinginlik kazanman\u0131n en etkili yollar\u0131ndan biridir. Mas\u00f6z Ancelika, masaj sanat\u0131n\u0131 bir ad\u0131m \u00f6teye ta\u015f\u0131yarak, v\u00fccudunuzu sadece gev\u015fetmekle kalmaz, ayn\u0131 zamanda enerjinizi dengeleyerek ya\u015fam kalitenizi art\u0131r\u0131r. Her seans, size \u00f6zel olarak tasarlan\u0131r; istedi\u011finiz rahatlama seviyesine ula\u015fmak i\u00e7in derin doku masaj\u0131ndan, hafif gev\u015fetici masajlara kadar geni\u015f bir se\u00e7enek sunar. Ancelika&#039;n\u0131n ellerindeki zarif dokunu\u015f, kaslar\u0131n\u0131z\u0131 gev\u015fetirken, stresten ar\u0131nman\u0131za ve bedeninizle yeniden ba\u011f kurman\u0131za yard\u0131mc\u0131 olur. Bu e\u015fsiz deneyimi bir kez ya\u015fad\u0131\u011f\u0131n\u0131zda, her masaj\u0131n vazge\u00e7ilmez olaca\u011f\u0131na emin olabilirsiniz.\" \/>\n<meta property=\"og:url\" content=\"https:\/\/www.masajest.com\/masaj\/reklamlar\/masoz-ancelika\/\" \/>\n<meta property=\"og:site_name\" content=\"masajest.com\" \/>\n<meta property=\"og:image\" content=\"https:\/\/cdn.pixabay.com\/photo\/2024\/07\/29\/21\/58\/ai-generated-8930735_1280.jpg\" \/>\n<meta name=\"twitter:card\" content=\"summary_large_image\" \/>\n<meta name=\"twitter:image\" content=\"https:\/\/cdn.pixabay.com\/photo\/2024\/07\/29\/21\/58\/ai-generated-8930735_1280.jpg\" \/>\n<meta name=\"twitter:label1\" content=\"Tahmini okuma s\u00fcresi\" \/>\n\t<meta name=\"twitter:data1\" content=\"2 dakika\" \/>\n<script type=\"application\/ld+json\" class=\"yoast-schema-graph\">{\"@context\":\"https:\/\/schema.org\",\"@graph\":[{\"@type\":\"WebPage\",\"@id\":\"https:\/\/www.masajest.com\/masaj\/reklamlar\/masoz-ancelika\/\",\"url\":\"https:\/\/www.masajest.com\/masaj\/reklamlar\/masoz-ancelika\/\",\"name\":\"Mas\u00f6z Ancelika - masajest.com\",\"isPartOf\":{\"@id\":\"https:\/\/www.masajest.com\/masaj\/#website\"},\"primaryImageOfPage\":{\"@id\":\"https:\/\/www.masajest.com\/masaj\/reklamlar\/masoz-ancelika\/#primaryimage\"},\"image\":{\"@id\":\"https:\/\/www.masajest.com\/masaj\/reklamlar\/masoz-ancelika\/#primaryimage\"},\"thumbnailUrl\":\"https:\/\/cdn.pixabay.com\/photo\/2024\/07\/29\/21\/58\/ai-generated-8930735_1280.jpg\",\"datePublished\":\"2025-02-12T15:45:39+00:00\",\"breadcrumb\":{\"@id\":\"https:\/\/www.masajest.com\/masaj\/reklamlar\/masoz-ancelika\/#breadcrumb\"},\"inLanguage\":\"tr\",\"potentialAction\":[{\"@type\":\"ReadAction\",\"target\":[\"https:\/\/www.masajest.com\/masaj\/reklamlar\/masoz-ancelika\/\"]}]},{\"@type\":\"ImageObject\",\"inLanguage\":\"tr\",\"@id\":\"https:\/\/www.masajest.com\/masaj\/reklamlar\/masoz-ancelika\/#primaryimage\",\"url\":\"https:\/\/cdn.pixabay.com\/photo\/2024\/07\/29\/21\/58\/ai-generated-8930735_1280.jpg\",\"contentUrl\":\"https:\/\/cdn.pixabay.com\/photo\/2024\/07\/29\/21\/58\/ai-generated-8930735_1280.jpg\",\"width\":\"1280\",\"height\":\"960\"},{\"@type\":\"BreadcrumbList\",\"@id\":\"https:\/\/www.masajest.com\/masaj\/reklamlar\/masoz-ancelika\/#breadcrumb\",\"itemListElement\":[{\"@type\":\"ListItem\",\"position\":1,\"name\":\"Anasayfa\",\"item\":\"https:\/\/www.masajest.com\/masaj\/\"},{\"@type\":\"ListItem\",\"position\":2,\"name\":\"MASAJEST\",\"item\":\"https:\/\/www.masajest.com\/masaj\/masajest\/\"},{\"@type\":\"ListItem\",\"position\":3,\"name\":\"Mas\u00f6z Ancelika\"}]},{\"@type\":\"WebSite\",\"@id\":\"https:\/\/www.masajest.com\/masaj\/#website\",\"url\":\"https:\/\/www.masajest.com\/masaj\/\",\"name\":\"masajest.com\",\"description\":\"masajest.com\",\"potentialAction\":[{\"@type\":\"SearchAction\",\"target\":{\"@type\":\"EntryPoint\",\"urlTemplate\":\"https:\/\/www.masajest.com\/masaj\/?s={search_term_string}\"},\"query-input\":{\"@type\":\"PropertyValueSpecification\",\"valueRequired\":true,\"valueName\":\"search_term_string\"}}],\"inLanguage\":\"tr\"}]}<\/script>\n<!-- \/ Yoast SEO plugin. -->","yoast_head_json":{"title":"Mas\u00f6z Ancelika - masajest.com","robots":{"index":"index","follow":"follow","max-snippet":"max-snippet:-1","max-image-preview":"max-image-preview:large","max-video-preview":"max-video-preview:-1"},"canonical":"https:\/\/www.masajest.com\/masaj\/reklamlar\/masoz-ancelika\/","og_locale":"tr_TR","og_type":"article","og_title":"Mas\u00f6z Ancelika - masajest.com","og_description":"Mas\u00f6z Ancelika Mas\u00f6z Ancelika, y\u0131llar\u0131n deneyimine sahip bir terapisttir ve her seans\u0131nda bireysel ihtiya\u00e7lara \u00f6zel masaj teknikleri sunarak rahatlama ve yenilenme sa\u011flar. Kendisi, v\u00fccut a\u011fr\u0131lar\u0131n\u0131 hafifletme ve zihinsel rahatlama \u00fczerine odaklanan tedavi y\u00f6ntemleri ile bilinir. Ancelika'n\u0131n uzmanl\u0131k alan\u0131, derin doku masaj\u0131 ve rahatlat\u0131c\u0131 terapiler olup, seanslar\u0131 sonras\u0131 kendinizi tamamen yenilenmi\u015f hissedersiniz. Mas\u00f6z: \"V\u00fccudunuza ve ruhunuza zarif dokunu\u015f: Mas\u00f6z Ancelika ile huzurlu bir deneyim.\"  Masaj, bedeninizi rahatlatman\u0131n ve zihinsel dinginlik kazanman\u0131n en etkili yollar\u0131ndan biridir. Mas\u00f6z Ancelika, masaj sanat\u0131n\u0131 bir ad\u0131m \u00f6teye ta\u015f\u0131yarak, v\u00fccudunuzu sadece gev\u015fetmekle kalmaz, ayn\u0131 zamanda enerjinizi dengeleyerek ya\u015fam kalitenizi art\u0131r\u0131r. Her seans, size \u00f6zel olarak tasarlan\u0131r; istedi\u011finiz rahatlama seviyesine ula\u015fmak i\u00e7in derin doku masaj\u0131ndan, hafif gev\u015fetici masajlara kadar geni\u015f bir se\u00e7enek sunar. Ancelika'n\u0131n ellerindeki zarif dokunu\u015f, kaslar\u0131n\u0131z\u0131 gev\u015fetirken, stresten ar\u0131nman\u0131za ve bedeninizle yeniden ba\u011f kurman\u0131za yard\u0131mc\u0131 olur. Bu e\u015fsiz deneyimi bir kez ya\u015fad\u0131\u011f\u0131n\u0131zda, her masaj\u0131n vazge\u00e7ilmez olaca\u011f\u0131na emin olabilirsiniz.","og_url":"https:\/\/www.masajest.com\/masaj\/reklamlar\/masoz-ancelika\/","og_site_name":"masajest.com","og_image":[{"url":"https:\/\/cdn.pixabay.com\/photo\/2024\/07\/29\/21\/58\/ai-generated-8930735_1280.jpg","type":"","width":"","height":""}],"twitter_card":"summary_large_image","twitter_image":"https:\/\/cdn.pixabay.com\/photo\/2024\/07\/29\/21\/58\/ai-generated-8930735_1280.jpg","twitter_misc":{"Tahmini okuma s\u00fcresi":"2 dakika"},"schema":{"@context":"https:\/\/schema.org","@graph":[{"@type":"WebPage","@id":"https:\/\/www.masajest.com\/masaj\/reklamlar\/masoz-ancelika\/","url":"https:\/\/www.masajest.com\/masaj\/reklamlar\/masoz-ancelika\/","name":"Mas\u00f6z Ancelika - masajest.com","isPartOf":{"@id":"https:\/\/www.masajest.com\/masaj\/#website"},"primaryImageOfPage":{"@id":"https:\/\/www.masajest.com\/masaj\/reklamlar\/masoz-ancelika\/#primaryimage"},"image":{"@id":"https:\/\/www.masajest.com\/masaj\/reklamlar\/masoz-ancelika\/#primaryimage"},"thumbnailUrl":"https:\/\/cdn.pixabay.com\/photo\/2024\/07\/29\/21\/58\/ai-generated-8930735_1280.jpg","datePublished":"2025-02-12T15:45:39+00:00","breadcrumb":{"@id":"https:\/\/www.masajest.com\/masaj\/reklamlar\/masoz-ancelika\/#breadcrumb"},"inLanguage":"tr","potentialAction":[{"@type":"ReadAction","target":["https:\/\/www.masajest.com\/masaj\/reklamlar\/masoz-ancelika\/"]}]},{"@type":"ImageObject","inLanguage":"tr","@id":"https:\/\/www.masajest.com\/masaj\/reklamlar\/masoz-ancelika\/#primaryimage","url":"https:\/\/cdn.pixabay.com\/photo\/2024\/07\/29\/21\/58\/ai-generated-8930735_1280.jpg","contentUrl":"https:\/\/cdn.pixabay.com\/photo\/2024\/07\/29\/21\/58\/ai-generated-8930735_1280.jpg","width":"1280","height":"960"},{"@type":"BreadcrumbList","@id":"https:\/\/www.masajest.com\/masaj\/reklamlar\/masoz-ancelika\/#breadcrumb","itemListElement":[{"@type":"ListItem","position":1,"name":"Anasayfa","item":"https:\/\/www.masajest.com\/masaj\/"},{"@type":"ListItem","position":2,"name":"MASAJEST","item":"https:\/\/www.masajest.com\/masaj\/masajest\/"},{"@type":"ListItem","position":3,"name":"Mas\u00f6z Ancelika"}]},{"@type":"WebSite","@id":"https:\/\/www.masajest.com\/masaj\/#website","url":"https:\/\/www.masajest.com\/masaj\/","name":"masajest.com","description":"masajest.com","potentialAction":[{"@type":"SearchAction","target":{"@type":"EntryPoint","urlTemplate":"https:\/\/www.masajest.com\/masaj\/?s={search_term_string}"},"query-input":{"@type":"PropertyValueSpecification","valueRequired":true,"valueName":"search_term_string"}}],"inLanguage":"tr"}]}},"_links":{"self":[{"href":"https:\/\/www.masajest.com\/masaj\/wp-json\/wp\/v2\/product\/2915","targetHints":{"allow":["GET"]}}],"collection":[{"href":"https:\/\/www.masajest.com\/masaj\/wp-json\/wp\/v2\/product"}],"about":[{"href":"https:\/\/www.masajest.com\/masaj\/wp-json\/wp\/v2\/types\/product"}],"replies":[{"embeddable":true,"href":"https:\/\/www.masajest.com\/masaj\/wp-json\/wp\/v2\/comments?post=2915"}],"wp:featuredmedia":[{"embeddable":true,"href":"https:\/\/www.masajest.com\/masaj\/wp-json\/wp\/v2\/media\/2921"}],"wp:attachment":[{"href":"https:\/\/www.masajest.com\/masaj\/wp-json\/wp\/v2\/media?parent=2915"}],"wp:term":[{"taxonomy":"product_brand","embeddable":true,"href":"https:\/\/www.masajest.com\/masaj\/wp-json\/wp\/v2\/product_brand?post=2915"},{"taxonomy":"product_cat","embeddable":true,"href":"https:\/\/www.masajest.com\/masaj\/wp-json\/wp\/v2\/product_cat?post=2915"},{"taxonomy":"product_tag","embeddable":true,"href":"https:\/\/www.masajest.com\/masaj\/wp-json\/wp\/v2\/product_tag?post=2915"}],"curies":[{"name":"wp","href":"https:\/\/api.w.org\/{rel}","templated":true}]}}