{"id":2912,"date":"2025-02-12T18:46:22","date_gmt":"2025-02-12T15:46:22","guid":{"rendered":"https:\/\/www.masajest.com\/masaj\/?post_type=product&#038;p=2912"},"modified":"2025-02-12T18:46:22","modified_gmt":"2025-02-12T15:46:22","slug":"masoz-yaprak","status":"publish","type":"product","link":"https:\/\/www.masajest.com\/masaj\/reklamlar\/masoz-yaprak\/","title":{"rendered":"Mas\u00f6z Yaprak"},"content":{"rendered":"<div class=\"flex flex-grow flex-col max-w-full\">\n<div class=\"min-h-[20px] text-message flex flex-col items-start whitespace-pre-wrap break-words [.text-message+&amp;]:mt-5 juice:w-full juice:items-end overflow-x-auto gap-2\" dir=\"auto\" data-message-author-role=\"assistant\" data-message-id=\"ce8f6875-3142-4f39-8cb0-ad0ed585c9c8\">\n<div class=\"flex w-full flex-col gap-1 juice:empty:hidden juice:first:pt-[3px]\">\n<div class=\"markdown prose w-full break-words dark:prose-invert dark\">\n<p><strong>Mas\u00f6z Yaprak: Yenilenmi\u015f Bir Beden ve Zihnin S\u0131rr\u0131<\/strong><\/p>\n<p><strong>Mas\u00f6z:<\/strong> <em>\u201cDo\u011fall\u0131\u011f\u0131n ve huzurun birle\u015fti\u011fi nokta: Mas\u00f6z Yaprak\u201d<\/em><\/p>\n<p>Mas\u00f6z Yaprak, do\u011fal y\u00f6ntemlerle bedensel ve ruhsal rahatlamay\u0131 birle\u015ftiren uzman bir masaj terapistidir. Her biri \u00f6zenle se\u00e7ilmi\u015f teknikler ve do\u011fan\u0131n sundu\u011fu unsurlarla, v\u00fccudunuza ve zihninize taze bir ba\u015flang\u0131\u00e7 yapma f\u0131rsat\u0131 sunar. Yapt\u0131\u011f\u0131 masajlar, sadece kaslar\u0131 gev\u015fetmekle kalmaz, ayn\u0131 zamanda zihinsel bir ar\u0131nma s\u00fcreci ba\u015flat\u0131r. Mas\u00f6z Yaprak\u2019\u0131n dokunu\u015flar\u0131yla rahatlaman\u0131n \u00f6tesine ge\u00e7er, tamamen yenilenmi\u015f hissedersiniz.<\/p>\n<p>Mas\u00f6z Yaprak, masaj\u0131n sanatsal bir dokunu\u015fla bulu\u015ftu\u011fu yerdir. Her masaj seans\u0131, ki\u015fiye \u00f6zel bir deneyim sunar. Hem fiziksel hem de duygusal dengeyi sa\u011flamak amac\u0131yla, v\u00fccudun her noktas\u0131na \u00f6zenle dokunur. Yaprak\u2019\u0131n masaj\u0131, hayat\u0131n g\u00fcr\u00fclt\u00fcs\u00fcnden ka\u00e7\u0131\u015f de\u011fil, kendi bedeninizle yeniden bar\u0131\u015f yapma yolculu\u011fudur.<\/p>\n<p>Farkl\u0131 teknikler kullanarak, kaslardaki gerilimleri \u00e7\u00f6zmek, kan dola\u015f\u0131m\u0131n\u0131 art\u0131rmak ve stres seviyelerini d\u00fc\u015f\u00fcrmek m\u00fcmk\u00fcn. Ayn\u0131 zamanda, fiziksel rahatl\u0131k kadar zihinsel bir huzur aray\u0131\u015f\u0131 i\u00e7inde olanlar i\u00e7in de ideal bir se\u00e7imdir. Mas\u00f6z Yaprak, masaj\u0131n g\u00fcc\u00fcne inanan bir uzmand\u0131r ve her seans\u0131 ki\u015fiye \u00f6zel bir terapi haline getirir.<\/p>\n<p>Mas\u00f6z Yaprak, her bireyin ihtiyac\u0131na y\u00f6nelik ki\u015fiye \u00f6zel masaj terapileri sunarak hem bedeni hem de ruhu yeniler. Do\u011fal dokunu\u015flar\u0131 ve rahatlat\u0131c\u0131 teknikleriyle, stresin ve gerginli\u011fin kayboldu\u011fu bir atmosfer yarat\u0131r. Yaprak\u2019\u0131n masajlar\u0131, sadece rahatlat\u0131c\u0131 de\u011fil, ayn\u0131 zamanda canland\u0131r\u0131c\u0131d\u0131r. Bedensel ve ruhsal dengeyi yeniden sa\u011flamak i\u00e7in ihtiyac\u0131n\u0131z olan her \u015fey, bu \u00f6zel terapistte.<\/p>\n<p>Masaj terapistinin i\u015fi sadece kaslar\u0131 gev\u015fetmek de\u011fil, ayn\u0131 zamanda sizi mental olarak da rahatlatmakt\u0131r. Mas\u00f6z Yaprak\u2019\u0131n sundu\u011fu masaj deneyimi, \u201cmutlu masaj\u201d tan\u0131m\u0131n\u0131 fazlas\u0131yla hak ediyor. Masaj sonras\u0131, bedendeki a\u011f\u0131rl\u0131klar\u0131n kayboldu\u011funu ve i\u00e7sel bir huzur buldu\u011funuzu hissedersiniz. Kendinizi hafif ve din\u00e7 hissederek, g\u00fcnl\u00fck hayat\u0131n stresiyle ba\u015fa \u00e7\u0131kmak \u00e7ok daha kolay olur. Yaprak, masaj seanslar\u0131nda sadece rahatl\u0131k de\u011fil, ayn\u0131 zamanda mutluluk da sa\u011flar.<\/p>\n<\/div>\n<\/div>\n<\/div>\n<\/div>\n","protected":false},"excerpt":{"rendered":"<div class=\"flex max-w-full flex-col flex-grow\">\n<div class=\"min-h-8 text-message flex w-full flex-col items-end gap-2 whitespace-normal break-words text-start [.text-message+&amp;]:mt-5\" dir=\"auto\" data-message-author-role=\"assistant\" data-message-id=\"b1d365b8-0b6d-47d8-b507-3ea2c5a4b310\" data-message-model-slug=\"gpt-4o-mini\">\n<div class=\"flex w-full flex-col gap-1 empty:hidden first:pt-[3px]\">\n<div class=\"markdown prose w-full break-words dark:prose-invert dark\">\n<p><strong>Mas\u00f6z Yaprak:<\/strong><\/p>\n<p>Mas\u00f6z Yaprak, profesyonel masaj teknikleri ile bedeninizi ve ruhunuzu \u015f\u0131mart\u0131yor. Y\u00fcksek bir m\u00fc\u015fteri memnuniyeti sa\u011flayan ve rahatlat\u0131c\u0131 dokunu\u015flar\u0131yla tan\u0131nan Yaprak, her seans\u0131 \u00f6zelle\u015ftirerek ihtiya\u00e7lar\u0131n\u0131za en uygun terapiyi sunuyor. G\u00fcler y\u00fczl\u00fc ve anlay\u0131\u015fl\u0131 yakla\u015f\u0131m\u0131yla, her masaj deneyimi bir ad\u0131m daha \u00f6teye ta\u015f\u0131yor. Masajla huzur bulan ve yenilenen bir deneyim ya\u015famak istiyorsan\u0131z, Mas\u00f6z Yaprak sizi bekliyor.<\/p>\n<p><strong>Mas\u00f6z:<\/strong> &#8220;Huzur veren eller, rahatlatan masaj!&#8221;<\/p>\n<hr \/>\n<p>Masaj, yaln\u0131zca bedensel rahatl\u0131k sa\u011flamakla kalmaz, ayn\u0131 zamanda zihinsel ve duygusal yenilenme s\u00fcrecine de katk\u0131 sunar. Mas\u00f6z Yaprak\u2019\u0131n uzman elleri, kaslar\u0131n\u0131z\u0131 gev\u015fetir, v\u00fccudunuzdaki stresi al\u0131r ve g\u00fcn\u00fcn yorgunlu\u011funu bir an da \u00fczerinizden atman\u0131za yard\u0131mc\u0131 olur. Her seans, ki\u015fiye \u00f6zel bir deneyime d\u00f6n\u00fc\u015f\u00fcr. Geleneksel masaj tekniklerinin yan\u0131 s\u0131ra modern terapilerle harmanlanm\u0131\u015f seanslar, bedeninize sa\u011flad\u0131\u011f\u0131 rahatl\u0131k kadar ruhsal bir rahatlama da yarat\u0131r. Kendinize de\u011fer verin, v\u00fccudunuzu ve zihninizi masaj ile \u015f\u0131mart\u0131n!<\/p>\n<\/div>\n<\/div>\n<\/div>\n<\/div>\n","protected":false},"featured_media":2922,"comment_status":"open","ping_status":"closed","template":"","meta":[],"product_brand":[],"product_cat":[15],"product_tag":[],"class_list":{"0":"post-2912","1":"product","2":"type-product","3":"status-publish","4":"has-post-thumbnail","6":"product_cat-masajest","8":"first","9":"instock","10":"shipping-taxable","11":"product-type-simple"},"yoast_head":"<!-- This site is optimized with the Yoast SEO plugin v27.0 - https:\/\/yoast.com\/product\/yoast-seo-wordpress\/ -->\n<title>Mas\u00f6z Yaprak - masajest.com<\/title>\n<meta name=\"robots\" content=\"index, follow, max-snippet:-1, max-image-preview:large, max-video-preview:-1\" \/>\n<link rel=\"canonical\" href=\"https:\/\/www.masajest.com\/masaj\/reklamlar\/masoz-yaprak\/\" \/>\n<meta property=\"og:locale\" content=\"tr_TR\" \/>\n<meta property=\"og:type\" content=\"article\" \/>\n<meta property=\"og:title\" content=\"Mas\u00f6z Yaprak - masajest.com\" \/>\n<meta property=\"og:description\" content=\"Mas\u00f6z Yaprak:  Mas\u00f6z Yaprak, profesyonel masaj teknikleri ile bedeninizi ve ruhunuzu \u015f\u0131mart\u0131yor. Y\u00fcksek bir m\u00fc\u015fteri memnuniyeti sa\u011flayan ve rahatlat\u0131c\u0131 dokunu\u015flar\u0131yla tan\u0131nan Yaprak, her seans\u0131 \u00f6zelle\u015ftirerek ihtiya\u00e7lar\u0131n\u0131za en uygun terapiyi sunuyor. G\u00fcler y\u00fczl\u00fc ve anlay\u0131\u015fl\u0131 yakla\u015f\u0131m\u0131yla, her masaj deneyimi bir ad\u0131m daha \u00f6teye ta\u015f\u0131yor. Masajla huzur bulan ve yenilenen bir deneyim ya\u015famak istiyorsan\u0131z, Mas\u00f6z Yaprak sizi bekliyor.  Mas\u00f6z: &quot;Huzur veren eller, rahatlatan masaj!&quot;    Masaj, yaln\u0131zca bedensel rahatl\u0131k sa\u011flamakla kalmaz, ayn\u0131 zamanda zihinsel ve duygusal yenilenme s\u00fcrecine de katk\u0131 sunar. Mas\u00f6z Yaprak\u2019\u0131n uzman elleri, kaslar\u0131n\u0131z\u0131 gev\u015fetir, v\u00fccudunuzdaki stresi al\u0131r ve g\u00fcn\u00fcn yorgunlu\u011funu bir an da \u00fczerinizden atman\u0131za yard\u0131mc\u0131 olur. Her seans, ki\u015fiye \u00f6zel bir deneyime d\u00f6n\u00fc\u015f\u00fcr. Geleneksel masaj tekniklerinin yan\u0131 s\u0131ra modern terapilerle harmanlanm\u0131\u015f seanslar, bedeninize sa\u011flad\u0131\u011f\u0131 rahatl\u0131k kadar ruhsal bir rahatlama da yarat\u0131r. Kendinize de\u011fer verin, v\u00fccudunuzu ve zihninizi masaj ile \u015f\u0131mart\u0131n!\" \/>\n<meta property=\"og:url\" content=\"https:\/\/www.masajest.com\/masaj\/reklamlar\/masoz-yaprak\/\" \/>\n<meta property=\"og:site_name\" content=\"masajest.com\" \/>\n<meta property=\"og:image\" content=\"https:\/\/cdn.pixabay.com\/photo\/2019\/04\/19\/02\/44\/spa-4138502_1280.jpg\" \/>\n<meta name=\"twitter:card\" content=\"summary_large_image\" \/>\n<meta name=\"twitter:image\" content=\"https:\/\/cdn.pixabay.com\/photo\/2019\/04\/19\/02\/44\/spa-4138502_1280.jpg\" \/>\n<meta name=\"twitter:label1\" content=\"Tahmini okuma s\u00fcresi\" \/>\n\t<meta name=\"twitter:data1\" content=\"2 dakika\" \/>\n<script type=\"application\/ld+json\" class=\"yoast-schema-graph\">{\"@context\":\"https:\/\/schema.org\",\"@graph\":[{\"@type\":\"WebPage\",\"@id\":\"https:\/\/www.masajest.com\/masaj\/reklamlar\/masoz-yaprak\/\",\"url\":\"https:\/\/www.masajest.com\/masaj\/reklamlar\/masoz-yaprak\/\",\"name\":\"Mas\u00f6z Yaprak - masajest.com\",\"isPartOf\":{\"@id\":\"https:\/\/www.masajest.com\/masaj\/#website\"},\"primaryImageOfPage\":{\"@id\":\"https:\/\/www.masajest.com\/masaj\/reklamlar\/masoz-yaprak\/#primaryimage\"},\"image\":{\"@id\":\"https:\/\/www.masajest.com\/masaj\/reklamlar\/masoz-yaprak\/#primaryimage\"},\"thumbnailUrl\":\"https:\/\/cdn.pixabay.com\/photo\/2019\/04\/19\/02\/44\/spa-4138502_1280.jpg\",\"datePublished\":\"2025-02-12T15:46:22+00:00\",\"breadcrumb\":{\"@id\":\"https:\/\/www.masajest.com\/masaj\/reklamlar\/masoz-yaprak\/#breadcrumb\"},\"inLanguage\":\"tr\",\"potentialAction\":[{\"@type\":\"ReadAction\",\"target\":[\"https:\/\/www.masajest.com\/masaj\/reklamlar\/masoz-yaprak\/\"]}]},{\"@type\":\"ImageObject\",\"inLanguage\":\"tr\",\"@id\":\"https:\/\/www.masajest.com\/masaj\/reklamlar\/masoz-yaprak\/#primaryimage\",\"url\":\"https:\/\/cdn.pixabay.com\/photo\/2019\/04\/19\/02\/44\/spa-4138502_1280.jpg\",\"contentUrl\":\"https:\/\/cdn.pixabay.com\/photo\/2019\/04\/19\/02\/44\/spa-4138502_1280.jpg\",\"width\":\"1280\",\"height\":\"854\"},{\"@type\":\"BreadcrumbList\",\"@id\":\"https:\/\/www.masajest.com\/masaj\/reklamlar\/masoz-yaprak\/#breadcrumb\",\"itemListElement\":[{\"@type\":\"ListItem\",\"position\":1,\"name\":\"Anasayfa\",\"item\":\"https:\/\/www.masajest.com\/masaj\/\"},{\"@type\":\"ListItem\",\"position\":2,\"name\":\"MASAJEST\",\"item\":\"https:\/\/www.masajest.com\/masaj\/masajest\/\"},{\"@type\":\"ListItem\",\"position\":3,\"name\":\"Mas\u00f6z Yaprak\"}]},{\"@type\":\"WebSite\",\"@id\":\"https:\/\/www.masajest.com\/masaj\/#website\",\"url\":\"https:\/\/www.masajest.com\/masaj\/\",\"name\":\"masajest.com\",\"description\":\"masajest.com\",\"potentialAction\":[{\"@type\":\"SearchAction\",\"target\":{\"@type\":\"EntryPoint\",\"urlTemplate\":\"https:\/\/www.masajest.com\/masaj\/?s={search_term_string}\"},\"query-input\":{\"@type\":\"PropertyValueSpecification\",\"valueRequired\":true,\"valueName\":\"search_term_string\"}}],\"inLanguage\":\"tr\"}]}<\/script>\n<!-- \/ Yoast SEO plugin. -->","yoast_head_json":{"title":"Mas\u00f6z Yaprak - masajest.com","robots":{"index":"index","follow":"follow","max-snippet":"max-snippet:-1","max-image-preview":"max-image-preview:large","max-video-preview":"max-video-preview:-1"},"canonical":"https:\/\/www.masajest.com\/masaj\/reklamlar\/masoz-yaprak\/","og_locale":"tr_TR","og_type":"article","og_title":"Mas\u00f6z Yaprak - masajest.com","og_description":"Mas\u00f6z Yaprak:  Mas\u00f6z Yaprak, profesyonel masaj teknikleri ile bedeninizi ve ruhunuzu \u015f\u0131mart\u0131yor. Y\u00fcksek bir m\u00fc\u015fteri memnuniyeti sa\u011flayan ve rahatlat\u0131c\u0131 dokunu\u015flar\u0131yla tan\u0131nan Yaprak, her seans\u0131 \u00f6zelle\u015ftirerek ihtiya\u00e7lar\u0131n\u0131za en uygun terapiyi sunuyor. G\u00fcler y\u00fczl\u00fc ve anlay\u0131\u015fl\u0131 yakla\u015f\u0131m\u0131yla, her masaj deneyimi bir ad\u0131m daha \u00f6teye ta\u015f\u0131yor. Masajla huzur bulan ve yenilenen bir deneyim ya\u015famak istiyorsan\u0131z, Mas\u00f6z Yaprak sizi bekliyor.  Mas\u00f6z: \"Huzur veren eller, rahatlatan masaj!\"    Masaj, yaln\u0131zca bedensel rahatl\u0131k sa\u011flamakla kalmaz, ayn\u0131 zamanda zihinsel ve duygusal yenilenme s\u00fcrecine de katk\u0131 sunar. Mas\u00f6z Yaprak\u2019\u0131n uzman elleri, kaslar\u0131n\u0131z\u0131 gev\u015fetir, v\u00fccudunuzdaki stresi al\u0131r ve g\u00fcn\u00fcn yorgunlu\u011funu bir an da \u00fczerinizden atman\u0131za yard\u0131mc\u0131 olur. Her seans, ki\u015fiye \u00f6zel bir deneyime d\u00f6n\u00fc\u015f\u00fcr. Geleneksel masaj tekniklerinin yan\u0131 s\u0131ra modern terapilerle harmanlanm\u0131\u015f seanslar, bedeninize sa\u011flad\u0131\u011f\u0131 rahatl\u0131k kadar ruhsal bir rahatlama da yarat\u0131r. Kendinize de\u011fer verin, v\u00fccudunuzu ve zihninizi masaj ile \u015f\u0131mart\u0131n!","og_url":"https:\/\/www.masajest.com\/masaj\/reklamlar\/masoz-yaprak\/","og_site_name":"masajest.com","og_image":[{"url":"https:\/\/cdn.pixabay.com\/photo\/2019\/04\/19\/02\/44\/spa-4138502_1280.jpg","type":"","width":"","height":""}],"twitter_card":"summary_large_image","twitter_image":"https:\/\/cdn.pixabay.com\/photo\/2019\/04\/19\/02\/44\/spa-4138502_1280.jpg","twitter_misc":{"Tahmini okuma s\u00fcresi":"2 dakika"},"schema":{"@context":"https:\/\/schema.org","@graph":[{"@type":"WebPage","@id":"https:\/\/www.masajest.com\/masaj\/reklamlar\/masoz-yaprak\/","url":"https:\/\/www.masajest.com\/masaj\/reklamlar\/masoz-yaprak\/","name":"Mas\u00f6z Yaprak - masajest.com","isPartOf":{"@id":"https:\/\/www.masajest.com\/masaj\/#website"},"primaryImageOfPage":{"@id":"https:\/\/www.masajest.com\/masaj\/reklamlar\/masoz-yaprak\/#primaryimage"},"image":{"@id":"https:\/\/www.masajest.com\/masaj\/reklamlar\/masoz-yaprak\/#primaryimage"},"thumbnailUrl":"https:\/\/cdn.pixabay.com\/photo\/2019\/04\/19\/02\/44\/spa-4138502_1280.jpg","datePublished":"2025-02-12T15:46:22+00:00","breadcrumb":{"@id":"https:\/\/www.masajest.com\/masaj\/reklamlar\/masoz-yaprak\/#breadcrumb"},"inLanguage":"tr","potentialAction":[{"@type":"ReadAction","target":["https:\/\/www.masajest.com\/masaj\/reklamlar\/masoz-yaprak\/"]}]},{"@type":"ImageObject","inLanguage":"tr","@id":"https:\/\/www.masajest.com\/masaj\/reklamlar\/masoz-yaprak\/#primaryimage","url":"https:\/\/cdn.pixabay.com\/photo\/2019\/04\/19\/02\/44\/spa-4138502_1280.jpg","contentUrl":"https:\/\/cdn.pixabay.com\/photo\/2019\/04\/19\/02\/44\/spa-4138502_1280.jpg","width":"1280","height":"854"},{"@type":"BreadcrumbList","@id":"https:\/\/www.masajest.com\/masaj\/reklamlar\/masoz-yaprak\/#breadcrumb","itemListElement":[{"@type":"ListItem","position":1,"name":"Anasayfa","item":"https:\/\/www.masajest.com\/masaj\/"},{"@type":"ListItem","position":2,"name":"MASAJEST","item":"https:\/\/www.masajest.com\/masaj\/masajest\/"},{"@type":"ListItem","position":3,"name":"Mas\u00f6z Yaprak"}]},{"@type":"WebSite","@id":"https:\/\/www.masajest.com\/masaj\/#website","url":"https:\/\/www.masajest.com\/masaj\/","name":"masajest.com","description":"masajest.com","potentialAction":[{"@type":"SearchAction","target":{"@type":"EntryPoint","urlTemplate":"https:\/\/www.masajest.com\/masaj\/?s={search_term_string}"},"query-input":{"@type":"PropertyValueSpecification","valueRequired":true,"valueName":"search_term_string"}}],"inLanguage":"tr"}]}},"_links":{"self":[{"href":"https:\/\/www.masajest.com\/masaj\/wp-json\/wp\/v2\/product\/2912","targetHints":{"allow":["GET"]}}],"collection":[{"href":"https:\/\/www.masajest.com\/masaj\/wp-json\/wp\/v2\/product"}],"about":[{"href":"https:\/\/www.masajest.com\/masaj\/wp-json\/wp\/v2\/types\/product"}],"replies":[{"embeddable":true,"href":"https:\/\/www.masajest.com\/masaj\/wp-json\/wp\/v2\/comments?post=2912"}],"wp:featuredmedia":[{"embeddable":true,"href":"https:\/\/www.masajest.com\/masaj\/wp-json\/wp\/v2\/media\/2922"}],"wp:attachment":[{"href":"https:\/\/www.masajest.com\/masaj\/wp-json\/wp\/v2\/media?parent=2912"}],"wp:term":[{"taxonomy":"product_brand","embeddable":true,"href":"https:\/\/www.masajest.com\/masaj\/wp-json\/wp\/v2\/product_brand?post=2912"},{"taxonomy":"product_cat","embeddable":true,"href":"https:\/\/www.masajest.com\/masaj\/wp-json\/wp\/v2\/product_cat?post=2912"},{"taxonomy":"product_tag","embeddable":true,"href":"https:\/\/www.masajest.com\/masaj\/wp-json\/wp\/v2\/product_tag?post=2912"}],"curies":[{"name":"wp","href":"https:\/\/api.w.org\/{rel}","templated":true}]}}