{"id":2893,"date":"2025-02-12T18:34:21","date_gmt":"2025-02-12T15:34:21","guid":{"rendered":"https:\/\/www.masajest.com\/masaj\/?post_type=product&#038;p=2893"},"modified":"2025-02-12T18:34:31","modified_gmt":"2025-02-12T15:34:31","slug":"masoz-emel","status":"publish","type":"product","link":"https:\/\/www.masajest.com\/masaj\/reklamlar\/masoz-emel\/","title":{"rendered":"Mas\u00f6z Emel"},"content":{"rendered":"<div class=\"flex flex-grow flex-col max-w-full\">\n<div class=\"min-h-[20px] text-message flex flex-col items-start whitespace-pre-wrap break-words [.text-message+&amp;]:mt-5 juice:w-full juice:items-end overflow-x-auto gap-2\" dir=\"auto\" data-message-author-role=\"assistant\" data-message-id=\"88888fb0-7e37-4552-b0b0-49cf8221360f\">\n<div class=\"flex w-full flex-col gap-1 juice:empty:hidden juice:first:pt-[3px]\">\n<div class=\"markdown prose w-full break-words dark:prose-invert dark\">\n<p>Mutlu masaj terimi genellikle keyif ve rahatlama odakl\u0131 bir masaj t\u00fcr\u00fcn\u00fc ifade eder. S\u0131rt masaj\u0131 ise \u00f6zellikle s\u0131rt b\u00f6lgesine odaklanan, gerginlikleri gidermeye ve kaslar\u0131 rahatlatmaya y\u00f6nelik yap\u0131lan bir masaj \u00e7e\u015fididir. Bu t\u00fcr masajlar genellikle kaslar\u0131 gev\u015fetmek, stresi azaltmak ve genel olarak v\u00fccudu rahatlatmak amac\u0131yla tercih edilir. E\u011fer belirli bir yerde bu t\u00fcr bir masaj hizmeti ar\u0131yorsan\u0131z, genellikle spa veya masaj salonlar\u0131 bu hizmeti sunabilir.<\/p>\n<\/div>\n<\/div>\n<\/div>\n<\/div>\n","protected":false},"excerpt":{"rendered":"<p>Mutlu masaj terimi genellikle keyif ve rahatlama odakl\u0131 bir masaj t\u00fcr\u00fcn\u00fc ifade eder. S\u0131rt masaj\u0131 ise \u00f6zellikle s\u0131rt b\u00f6lgesine odaklanan, gerginlikleri gidermeye ve kaslar\u0131 rahatlatmaya y\u00f6nelik yap\u0131lan bir masaj \u00e7e\u015fididir.<\/p>\n","protected":false},"featured_media":2903,"comment_status":"open","ping_status":"closed","template":"","meta":[],"product_brand":[],"product_cat":[15],"product_tag":[],"class_list":{"0":"post-2893","1":"product","2":"type-product","3":"status-publish","4":"has-post-thumbnail","6":"product_cat-masajest","8":"first","9":"instock","10":"shipping-taxable","11":"product-type-simple"},"yoast_head":"<!-- This site is optimized with the Yoast SEO plugin v27.0 - https:\/\/yoast.com\/product\/yoast-seo-wordpress\/ -->\n<title>Mas\u00f6z Emel - masajest.com<\/title>\n<meta name=\"robots\" content=\"index, follow, max-snippet:-1, max-image-preview:large, max-video-preview:-1\" \/>\n<link rel=\"canonical\" href=\"https:\/\/www.masajest.com\/masaj\/reklamlar\/masoz-emel\/\" \/>\n<meta property=\"og:locale\" content=\"tr_TR\" \/>\n<meta property=\"og:type\" content=\"article\" \/>\n<meta property=\"og:title\" content=\"Mas\u00f6z Emel - masajest.com\" \/>\n<meta property=\"og:description\" content=\"Mutlu masaj terimi genellikle keyif ve rahatlama odakl\u0131 bir masaj t\u00fcr\u00fcn\u00fc ifade eder. S\u0131rt masaj\u0131 ise \u00f6zellikle s\u0131rt b\u00f6lgesine odaklanan, gerginlikleri gidermeye ve kaslar\u0131 rahatlatmaya y\u00f6nelik yap\u0131lan bir masaj \u00e7e\u015fididir.\" \/>\n<meta property=\"og:url\" content=\"https:\/\/www.masajest.com\/masaj\/reklamlar\/masoz-emel\/\" \/>\n<meta property=\"og:site_name\" content=\"masajest.com\" \/>\n<meta property=\"article:modified_time\" content=\"2025-02-12T15:34:31+00:00\" \/>\n<meta property=\"og:image\" content=\"https:\/\/cdn.pixabay.com\/photo\/2024\/07\/25\/22\/04\/woman-8922289_1280.jpg\" \/>\n<meta name=\"twitter:card\" content=\"summary_large_image\" \/>\n<meta name=\"twitter:image\" content=\"https:\/\/cdn.pixabay.com\/photo\/2024\/07\/25\/22\/04\/woman-8922289_1280.jpg\" \/>\n<meta name=\"twitter:label1\" content=\"Tahmini okuma s\u00fcresi\" \/>\n\t<meta name=\"twitter:data1\" content=\"1 dakika\" \/>\n<script type=\"application\/ld+json\" class=\"yoast-schema-graph\">{\"@context\":\"https:\/\/schema.org\",\"@graph\":[{\"@type\":\"WebPage\",\"@id\":\"https:\/\/www.masajest.com\/masaj\/reklamlar\/masoz-emel\/\",\"url\":\"https:\/\/www.masajest.com\/masaj\/reklamlar\/masoz-emel\/\",\"name\":\"Mas\u00f6z Emel - masajest.com\",\"isPartOf\":{\"@id\":\"https:\/\/www.masajest.com\/masaj\/#website\"},\"primaryImageOfPage\":{\"@id\":\"https:\/\/www.masajest.com\/masaj\/reklamlar\/masoz-emel\/#primaryimage\"},\"image\":{\"@id\":\"https:\/\/www.masajest.com\/masaj\/reklamlar\/masoz-emel\/#primaryimage\"},\"thumbnailUrl\":\"https:\/\/cdn.pixabay.com\/photo\/2024\/07\/25\/22\/04\/woman-8922289_1280.jpg\",\"datePublished\":\"2025-02-12T15:34:21+00:00\",\"dateModified\":\"2025-02-12T15:34:31+00:00\",\"breadcrumb\":{\"@id\":\"https:\/\/www.masajest.com\/masaj\/reklamlar\/masoz-emel\/#breadcrumb\"},\"inLanguage\":\"tr\",\"potentialAction\":[{\"@type\":\"ReadAction\",\"target\":[\"https:\/\/www.masajest.com\/masaj\/reklamlar\/masoz-emel\/\"]}]},{\"@type\":\"ImageObject\",\"inLanguage\":\"tr\",\"@id\":\"https:\/\/www.masajest.com\/masaj\/reklamlar\/masoz-emel\/#primaryimage\",\"url\":\"https:\/\/cdn.pixabay.com\/photo\/2024\/07\/25\/22\/04\/woman-8922289_1280.jpg\",\"contentUrl\":\"https:\/\/cdn.pixabay.com\/photo\/2024\/07\/25\/22\/04\/woman-8922289_1280.jpg\",\"width\":\"1280\",\"height\":\"960\"},{\"@type\":\"BreadcrumbList\",\"@id\":\"https:\/\/www.masajest.com\/masaj\/reklamlar\/masoz-emel\/#breadcrumb\",\"itemListElement\":[{\"@type\":\"ListItem\",\"position\":1,\"name\":\"Anasayfa\",\"item\":\"https:\/\/www.masajest.com\/masaj\/\"},{\"@type\":\"ListItem\",\"position\":2,\"name\":\"MASAJEST\",\"item\":\"https:\/\/www.masajest.com\/masaj\/masajest\/\"},{\"@type\":\"ListItem\",\"position\":3,\"name\":\"Mas\u00f6z Emel\"}]},{\"@type\":\"WebSite\",\"@id\":\"https:\/\/www.masajest.com\/masaj\/#website\",\"url\":\"https:\/\/www.masajest.com\/masaj\/\",\"name\":\"masajest.com\",\"description\":\"masajest.com\",\"potentialAction\":[{\"@type\":\"SearchAction\",\"target\":{\"@type\":\"EntryPoint\",\"urlTemplate\":\"https:\/\/www.masajest.com\/masaj\/?s={search_term_string}\"},\"query-input\":{\"@type\":\"PropertyValueSpecification\",\"valueRequired\":true,\"valueName\":\"search_term_string\"}}],\"inLanguage\":\"tr\"}]}<\/script>\n<!-- \/ Yoast SEO plugin. -->","yoast_head_json":{"title":"Mas\u00f6z Emel - masajest.com","robots":{"index":"index","follow":"follow","max-snippet":"max-snippet:-1","max-image-preview":"max-image-preview:large","max-video-preview":"max-video-preview:-1"},"canonical":"https:\/\/www.masajest.com\/masaj\/reklamlar\/masoz-emel\/","og_locale":"tr_TR","og_type":"article","og_title":"Mas\u00f6z Emel - masajest.com","og_description":"Mutlu masaj terimi genellikle keyif ve rahatlama odakl\u0131 bir masaj t\u00fcr\u00fcn\u00fc ifade eder. S\u0131rt masaj\u0131 ise \u00f6zellikle s\u0131rt b\u00f6lgesine odaklanan, gerginlikleri gidermeye ve kaslar\u0131 rahatlatmaya y\u00f6nelik yap\u0131lan bir masaj \u00e7e\u015fididir.","og_url":"https:\/\/www.masajest.com\/masaj\/reklamlar\/masoz-emel\/","og_site_name":"masajest.com","article_modified_time":"2025-02-12T15:34:31+00:00","og_image":[{"url":"https:\/\/cdn.pixabay.com\/photo\/2024\/07\/25\/22\/04\/woman-8922289_1280.jpg","type":"","width":"","height":""}],"twitter_card":"summary_large_image","twitter_image":"https:\/\/cdn.pixabay.com\/photo\/2024\/07\/25\/22\/04\/woman-8922289_1280.jpg","twitter_misc":{"Tahmini okuma s\u00fcresi":"1 dakika"},"schema":{"@context":"https:\/\/schema.org","@graph":[{"@type":"WebPage","@id":"https:\/\/www.masajest.com\/masaj\/reklamlar\/masoz-emel\/","url":"https:\/\/www.masajest.com\/masaj\/reklamlar\/masoz-emel\/","name":"Mas\u00f6z Emel - masajest.com","isPartOf":{"@id":"https:\/\/www.masajest.com\/masaj\/#website"},"primaryImageOfPage":{"@id":"https:\/\/www.masajest.com\/masaj\/reklamlar\/masoz-emel\/#primaryimage"},"image":{"@id":"https:\/\/www.masajest.com\/masaj\/reklamlar\/masoz-emel\/#primaryimage"},"thumbnailUrl":"https:\/\/cdn.pixabay.com\/photo\/2024\/07\/25\/22\/04\/woman-8922289_1280.jpg","datePublished":"2025-02-12T15:34:21+00:00","dateModified":"2025-02-12T15:34:31+00:00","breadcrumb":{"@id":"https:\/\/www.masajest.com\/masaj\/reklamlar\/masoz-emel\/#breadcrumb"},"inLanguage":"tr","potentialAction":[{"@type":"ReadAction","target":["https:\/\/www.masajest.com\/masaj\/reklamlar\/masoz-emel\/"]}]},{"@type":"ImageObject","inLanguage":"tr","@id":"https:\/\/www.masajest.com\/masaj\/reklamlar\/masoz-emel\/#primaryimage","url":"https:\/\/cdn.pixabay.com\/photo\/2024\/07\/25\/22\/04\/woman-8922289_1280.jpg","contentUrl":"https:\/\/cdn.pixabay.com\/photo\/2024\/07\/25\/22\/04\/woman-8922289_1280.jpg","width":"1280","height":"960"},{"@type":"BreadcrumbList","@id":"https:\/\/www.masajest.com\/masaj\/reklamlar\/masoz-emel\/#breadcrumb","itemListElement":[{"@type":"ListItem","position":1,"name":"Anasayfa","item":"https:\/\/www.masajest.com\/masaj\/"},{"@type":"ListItem","position":2,"name":"MASAJEST","item":"https:\/\/www.masajest.com\/masaj\/masajest\/"},{"@type":"ListItem","position":3,"name":"Mas\u00f6z Emel"}]},{"@type":"WebSite","@id":"https:\/\/www.masajest.com\/masaj\/#website","url":"https:\/\/www.masajest.com\/masaj\/","name":"masajest.com","description":"masajest.com","potentialAction":[{"@type":"SearchAction","target":{"@type":"EntryPoint","urlTemplate":"https:\/\/www.masajest.com\/masaj\/?s={search_term_string}"},"query-input":{"@type":"PropertyValueSpecification","valueRequired":true,"valueName":"search_term_string"}}],"inLanguage":"tr"}]}},"_links":{"self":[{"href":"https:\/\/www.masajest.com\/masaj\/wp-json\/wp\/v2\/product\/2893","targetHints":{"allow":["GET"]}}],"collection":[{"href":"https:\/\/www.masajest.com\/masaj\/wp-json\/wp\/v2\/product"}],"about":[{"href":"https:\/\/www.masajest.com\/masaj\/wp-json\/wp\/v2\/types\/product"}],"replies":[{"embeddable":true,"href":"https:\/\/www.masajest.com\/masaj\/wp-json\/wp\/v2\/comments?post=2893"}],"wp:featuredmedia":[{"embeddable":true,"href":"https:\/\/www.masajest.com\/masaj\/wp-json\/wp\/v2\/media\/2903"}],"wp:attachment":[{"href":"https:\/\/www.masajest.com\/masaj\/wp-json\/wp\/v2\/media?parent=2893"}],"wp:term":[{"taxonomy":"product_brand","embeddable":true,"href":"https:\/\/www.masajest.com\/masaj\/wp-json\/wp\/v2\/product_brand?post=2893"},{"taxonomy":"product_cat","embeddable":true,"href":"https:\/\/www.masajest.com\/masaj\/wp-json\/wp\/v2\/product_cat?post=2893"},{"taxonomy":"product_tag","embeddable":true,"href":"https:\/\/www.masajest.com\/masaj\/wp-json\/wp\/v2\/product_tag?post=2893"}],"curies":[{"name":"wp","href":"https:\/\/api.w.org\/{rel}","templated":true}]}}