{"id":2883,"date":"2025-02-12T18:30:10","date_gmt":"2025-02-12T15:30:10","guid":{"rendered":"https:\/\/www.masajest.com\/masaj\/?post_type=product&#038;p=2883"},"modified":"2025-02-12T18:30:10","modified_gmt":"2025-02-12T15:30:10","slug":"masoz-son","status":"publish","type":"product","link":"https:\/\/www.masajest.com\/masaj\/reklamlar\/masoz-son\/","title":{"rendered":"Mas\u00f6z Son"},"content":{"rendered":"<div class=\"flex max-w-full flex-col flex-grow\">\n<div class=\"min-h-8 text-message flex w-full flex-col items-end gap-2 whitespace-normal break-words text-start [.text-message+&amp;]:mt-5\" dir=\"auto\" data-message-author-role=\"assistant\" data-message-id=\"58c09869-5d7b-4c6f-9f7b-7fbc60530e7c\" data-message-model-slug=\"gpt-4o-mini\">\n<div class=\"flex w-full flex-col gap-1 empty:hidden first:pt-[3px]\">\n<div class=\"markdown prose w-full break-words dark:prose-invert dark\">\n<p><strong>Mas\u00f6z Son: Ruhunuzu Dinlendiren Uzman Dokunu\u015f<\/strong><\/p>\n<p>Mas\u00f6z Son, profesyonelli\u011fi ve insan odakl\u0131 yakla\u015f\u0131m\u0131yla masaj d\u00fcnyas\u0131nda kendine sa\u011flam bir yer edinmi\u015ftir. Her bir masaj seans\u0131, sadece fiziksel rahatlama sa\u011flamaktan \u00e7ok, zihinsel ve ruhsal dengeyi de destekler. <em style=\"font-size: 1rem;\">\u201cMasajda Son nokta: Tam rahatlama, m\u00fckemmel huzur!\u201d <\/em>M\u00fc\u015fterilerinin ihtiya\u00e7lar\u0131n\u0131 dinleyerek, ki\u015fiye \u00f6zel masaj teknikleri ile tamamen ki\u015fiselle\u015ftirilmi\u015f bir deneyim sunar. Masaj\u0131n sadece bir rahatlama de\u011fil, ayn\u0131 zamanda bir \u015fifa y\u00f6ntemi oldu\u011funa inanan Son, her seans\u0131 ile ruhunuzu tazeler.<\/p>\n<hr \/>\n<h3><strong>Mas\u00f6z:<\/strong><\/h3>\n<p>Mas\u00f6z Son, her masaj\u0131nda e\u015fsiz bir deneyim sunar. Uzman elleriyle uygulad\u0131\u011f\u0131 terapi teknikleri, sizi sadece fiziksel de\u011fil, duygusal ve zihinsel olarak da yeniler. Huzurlu bir ortamda, bireysel ihtiya\u00e7lar\u0131n\u0131za g\u00f6re \u00f6zelle\u015ftirilmi\u015f bir masaj ile rahatlaman\u0131z\u0131 sa\u011flar. <em>\u201cMas\u00f6z Son ile her dokunu\u015f, bir ad\u0131m daha huzura.\u201d <\/em>Her seans\u0131, yorgunluk ve stresin yok olmas\u0131n\u0131, kendinizi yeniden do\u011fmu\u015f gibi hissetmenizi garanti eder.<\/p>\n<hr \/>\n<h3><strong>Mutlu Masaj<\/strong><strong>:<\/strong><\/h3>\n<p>Masaj seanslar\u0131, ger\u00e7ekten m\u00fckemmel bir deneyimdi. Mas\u00f6z Son\u2019un ellerinde her \u015fey do\u011fal bir \u015fekilde ilerledi ve kendimi bir anda rahatlam\u0131\u015f, huzurlu hissediyordum. Hem v\u00fccudum hem de zihnim yenilendi. <em>Mutlu masaj<\/em> terimi, buradaki deneyimi tam olarak anlat\u0131yor. <em>\u201cV\u00fccudunuza Son bir dokunu\u015f; Ruhunuza ise yeni bir ba\u015flang\u0131\u00e7!\u201d <\/em>Kendinizi \u015f\u0131martmak ve ruhunuzu dinlendirmek i\u00e7in kesinlikle tavsiye ederim!<\/p>\n<\/div>\n<\/div>\n<\/div>\n<\/div>\n","protected":false},"excerpt":{"rendered":"<p><strong>Mas\u00f6z Son \u2013 Ger\u00e7ek Rahatlaman\u0131n Ad\u0131<\/strong><\/p>\n<p>Mas\u00f6z Son, profesyonel dokunu\u015flar\u0131yla bedeninizdeki t\u00fcm gerginlikleri ve stresleri geride b\u0131rakman\u0131z\u0131 sa\u011flar. Onunla yapaca\u011f\u0131n\u0131z her masaj seans\u0131, ruhunuzu tazeleyip bedeninizi dinlendirirken, size unutulmaz bir rahatlama deneyimi sunar. S\u0131cak elleri ve derinlemesine masaj teknikleriyle, kendinizi yeniden do\u011fmu\u015f gibi hissedeceksiniz.<\/p>\n<p><strong>Mas\u00f6z: &#8220;Mas\u00f6z Son \u2013 Her Dokunu\u015fu Bir Yenilenme!&#8221;<\/strong><\/p>\n<hr \/>\n<p>Masaj, sadece bir rahatlama y\u00f6ntemi de\u011fil, bedenin ve zihnin uyum i\u00e7inde \u00e7al\u0131\u015fmas\u0131n\u0131 sa\u011flayan bir terapi \u015feklidir. Mas\u00f6z Son\u2019un uzman elleriyle alaca\u011f\u0131n\u0131z her masaj, v\u00fccudunuzdaki enerji ak\u0131\u015f\u0131n\u0131 dengeler, kaslar\u0131n\u0131z\u0131 gev\u015fetir ve zihninizi dinlendirir. Bir\u00e7ok ki\u015fi i\u00e7in masaj, g\u00fcnl\u00fck stresin v\u00fccutta birikti\u011fi noktalar\u0131 hafifletmenin ve yenilenmenin anahtar\u0131d\u0131r. Mas\u00f6z Son, her bir m\u00fc\u015fterisinin ihtiya\u00e7lar\u0131na uygun tekniklerle, v\u00fccudunuzu canland\u0131r\u0131rken, rahatlama ve huzur garantisi sunar. Sadece bedeninizi de\u011fil, ruhunuzu da dinlendirecek bir deneyim i\u00e7in Mas\u00f6z Son\u2019u tercih edin.<\/p>\n","protected":false},"featured_media":2897,"comment_status":"open","ping_status":"closed","template":"","meta":[],"product_brand":[],"product_cat":[15],"product_tag":[],"class_list":{"0":"post-2883","1":"product","2":"type-product","3":"status-publish","4":"has-post-thumbnail","6":"product_cat-masajest","8":"first","9":"instock","10":"shipping-taxable","11":"product-type-simple"},"yoast_head":"<!-- This site is optimized with the Yoast SEO plugin v27.0 - https:\/\/yoast.com\/product\/yoast-seo-wordpress\/ -->\n<title>Mas\u00f6z Son - masajest.com<\/title>\n<meta name=\"robots\" content=\"index, follow, max-snippet:-1, max-image-preview:large, max-video-preview:-1\" \/>\n<link rel=\"canonical\" href=\"https:\/\/www.masajest.com\/masaj\/reklamlar\/masoz-son\/\" \/>\n<meta property=\"og:locale\" content=\"tr_TR\" \/>\n<meta property=\"og:type\" content=\"article\" \/>\n<meta property=\"og:title\" content=\"Mas\u00f6z Son - masajest.com\" \/>\n<meta property=\"og:description\" content=\"Mas\u00f6z Son \u2013 Ger\u00e7ek Rahatlaman\u0131n Ad\u0131  Mas\u00f6z Son, profesyonel dokunu\u015flar\u0131yla bedeninizdeki t\u00fcm gerginlikleri ve stresleri geride b\u0131rakman\u0131z\u0131 sa\u011flar. Onunla yapaca\u011f\u0131n\u0131z her masaj seans\u0131, ruhunuzu tazeleyip bedeninizi dinlendirirken, size unutulmaz bir rahatlama deneyimi sunar. S\u0131cak elleri ve derinlemesine masaj teknikleriyle, kendinizi yeniden do\u011fmu\u015f gibi hissedeceksiniz.  Mas\u00f6z: &quot;Mas\u00f6z Son \u2013 Her Dokunu\u015fu Bir Yenilenme!&quot;    Masaj, sadece bir rahatlama y\u00f6ntemi de\u011fil, bedenin ve zihnin uyum i\u00e7inde \u00e7al\u0131\u015fmas\u0131n\u0131 sa\u011flayan bir terapi \u015feklidir. Mas\u00f6z Son\u2019un uzman elleriyle alaca\u011f\u0131n\u0131z her masaj, v\u00fccudunuzdaki enerji ak\u0131\u015f\u0131n\u0131 dengeler, kaslar\u0131n\u0131z\u0131 gev\u015fetir ve zihninizi dinlendirir. Bir\u00e7ok ki\u015fi i\u00e7in masaj, g\u00fcnl\u00fck stresin v\u00fccutta birikti\u011fi noktalar\u0131 hafifletmenin ve yenilenmenin anahtar\u0131d\u0131r. Mas\u00f6z Son, her bir m\u00fc\u015fterisinin ihtiya\u00e7lar\u0131na uygun tekniklerle, v\u00fccudunuzu canland\u0131r\u0131rken, rahatlama ve huzur garantisi sunar. Sadece bedeninizi de\u011fil, ruhunuzu da dinlendirecek bir deneyim i\u00e7in Mas\u00f6z Son\u2019u tercih edin.\" \/>\n<meta property=\"og:url\" content=\"https:\/\/www.masajest.com\/masaj\/reklamlar\/masoz-son\/\" \/>\n<meta property=\"og:site_name\" content=\"masajest.com\" \/>\n<meta property=\"og:image\" content=\"https:\/\/cdn.pixabay.com\/photo\/2024\/07\/24\/21\/53\/therapy-8919621_1280.jpg\" \/>\n<meta name=\"twitter:card\" content=\"summary_large_image\" \/>\n<meta name=\"twitter:image\" content=\"https:\/\/cdn.pixabay.com\/photo\/2024\/07\/24\/21\/53\/therapy-8919621_1280.jpg\" \/>\n<meta name=\"twitter:label1\" content=\"Tahmini okuma s\u00fcresi\" \/>\n\t<meta name=\"twitter:data1\" content=\"2 dakika\" \/>\n<script type=\"application\/ld+json\" class=\"yoast-schema-graph\">{\"@context\":\"https:\/\/schema.org\",\"@graph\":[{\"@type\":\"WebPage\",\"@id\":\"https:\/\/www.masajest.com\/masaj\/reklamlar\/masoz-son\/\",\"url\":\"https:\/\/www.masajest.com\/masaj\/reklamlar\/masoz-son\/\",\"name\":\"Mas\u00f6z Son - masajest.com\",\"isPartOf\":{\"@id\":\"https:\/\/www.masajest.com\/masaj\/#website\"},\"primaryImageOfPage\":{\"@id\":\"https:\/\/www.masajest.com\/masaj\/reklamlar\/masoz-son\/#primaryimage\"},\"image\":{\"@id\":\"https:\/\/www.masajest.com\/masaj\/reklamlar\/masoz-son\/#primaryimage\"},\"thumbnailUrl\":\"https:\/\/cdn.pixabay.com\/photo\/2024\/07\/24\/21\/53\/therapy-8919621_1280.jpg\",\"datePublished\":\"2025-02-12T15:30:10+00:00\",\"breadcrumb\":{\"@id\":\"https:\/\/www.masajest.com\/masaj\/reklamlar\/masoz-son\/#breadcrumb\"},\"inLanguage\":\"tr\",\"potentialAction\":[{\"@type\":\"ReadAction\",\"target\":[\"https:\/\/www.masajest.com\/masaj\/reklamlar\/masoz-son\/\"]}]},{\"@type\":\"ImageObject\",\"inLanguage\":\"tr\",\"@id\":\"https:\/\/www.masajest.com\/masaj\/reklamlar\/masoz-son\/#primaryimage\",\"url\":\"https:\/\/cdn.pixabay.com\/photo\/2024\/07\/24\/21\/53\/therapy-8919621_1280.jpg\",\"contentUrl\":\"https:\/\/cdn.pixabay.com\/photo\/2024\/07\/24\/21\/53\/therapy-8919621_1280.jpg\",\"width\":\"1280\",\"height\":\"960\"},{\"@type\":\"BreadcrumbList\",\"@id\":\"https:\/\/www.masajest.com\/masaj\/reklamlar\/masoz-son\/#breadcrumb\",\"itemListElement\":[{\"@type\":\"ListItem\",\"position\":1,\"name\":\"Anasayfa\",\"item\":\"https:\/\/www.masajest.com\/masaj\/\"},{\"@type\":\"ListItem\",\"position\":2,\"name\":\"MASAJEST\",\"item\":\"https:\/\/www.masajest.com\/masaj\/masajest\/\"},{\"@type\":\"ListItem\",\"position\":3,\"name\":\"Mas\u00f6z Son\"}]},{\"@type\":\"WebSite\",\"@id\":\"https:\/\/www.masajest.com\/masaj\/#website\",\"url\":\"https:\/\/www.masajest.com\/masaj\/\",\"name\":\"masajest.com\",\"description\":\"masajest.com\",\"potentialAction\":[{\"@type\":\"SearchAction\",\"target\":{\"@type\":\"EntryPoint\",\"urlTemplate\":\"https:\/\/www.masajest.com\/masaj\/?s={search_term_string}\"},\"query-input\":{\"@type\":\"PropertyValueSpecification\",\"valueRequired\":true,\"valueName\":\"search_term_string\"}}],\"inLanguage\":\"tr\"}]}<\/script>\n<!-- \/ Yoast SEO plugin. -->","yoast_head_json":{"title":"Mas\u00f6z Son - masajest.com","robots":{"index":"index","follow":"follow","max-snippet":"max-snippet:-1","max-image-preview":"max-image-preview:large","max-video-preview":"max-video-preview:-1"},"canonical":"https:\/\/www.masajest.com\/masaj\/reklamlar\/masoz-son\/","og_locale":"tr_TR","og_type":"article","og_title":"Mas\u00f6z Son - masajest.com","og_description":"Mas\u00f6z Son \u2013 Ger\u00e7ek Rahatlaman\u0131n Ad\u0131  Mas\u00f6z Son, profesyonel dokunu\u015flar\u0131yla bedeninizdeki t\u00fcm gerginlikleri ve stresleri geride b\u0131rakman\u0131z\u0131 sa\u011flar. Onunla yapaca\u011f\u0131n\u0131z her masaj seans\u0131, ruhunuzu tazeleyip bedeninizi dinlendirirken, size unutulmaz bir rahatlama deneyimi sunar. S\u0131cak elleri ve derinlemesine masaj teknikleriyle, kendinizi yeniden do\u011fmu\u015f gibi hissedeceksiniz.  Mas\u00f6z: \"Mas\u00f6z Son \u2013 Her Dokunu\u015fu Bir Yenilenme!\"    Masaj, sadece bir rahatlama y\u00f6ntemi de\u011fil, bedenin ve zihnin uyum i\u00e7inde \u00e7al\u0131\u015fmas\u0131n\u0131 sa\u011flayan bir terapi \u015feklidir. Mas\u00f6z Son\u2019un uzman elleriyle alaca\u011f\u0131n\u0131z her masaj, v\u00fccudunuzdaki enerji ak\u0131\u015f\u0131n\u0131 dengeler, kaslar\u0131n\u0131z\u0131 gev\u015fetir ve zihninizi dinlendirir. Bir\u00e7ok ki\u015fi i\u00e7in masaj, g\u00fcnl\u00fck stresin v\u00fccutta birikti\u011fi noktalar\u0131 hafifletmenin ve yenilenmenin anahtar\u0131d\u0131r. Mas\u00f6z Son, her bir m\u00fc\u015fterisinin ihtiya\u00e7lar\u0131na uygun tekniklerle, v\u00fccudunuzu canland\u0131r\u0131rken, rahatlama ve huzur garantisi sunar. Sadece bedeninizi de\u011fil, ruhunuzu da dinlendirecek bir deneyim i\u00e7in Mas\u00f6z Son\u2019u tercih edin.","og_url":"https:\/\/www.masajest.com\/masaj\/reklamlar\/masoz-son\/","og_site_name":"masajest.com","og_image":[{"url":"https:\/\/cdn.pixabay.com\/photo\/2024\/07\/24\/21\/53\/therapy-8919621_1280.jpg","type":"","width":"","height":""}],"twitter_card":"summary_large_image","twitter_image":"https:\/\/cdn.pixabay.com\/photo\/2024\/07\/24\/21\/53\/therapy-8919621_1280.jpg","twitter_misc":{"Tahmini okuma s\u00fcresi":"2 dakika"},"schema":{"@context":"https:\/\/schema.org","@graph":[{"@type":"WebPage","@id":"https:\/\/www.masajest.com\/masaj\/reklamlar\/masoz-son\/","url":"https:\/\/www.masajest.com\/masaj\/reklamlar\/masoz-son\/","name":"Mas\u00f6z Son - masajest.com","isPartOf":{"@id":"https:\/\/www.masajest.com\/masaj\/#website"},"primaryImageOfPage":{"@id":"https:\/\/www.masajest.com\/masaj\/reklamlar\/masoz-son\/#primaryimage"},"image":{"@id":"https:\/\/www.masajest.com\/masaj\/reklamlar\/masoz-son\/#primaryimage"},"thumbnailUrl":"https:\/\/cdn.pixabay.com\/photo\/2024\/07\/24\/21\/53\/therapy-8919621_1280.jpg","datePublished":"2025-02-12T15:30:10+00:00","breadcrumb":{"@id":"https:\/\/www.masajest.com\/masaj\/reklamlar\/masoz-son\/#breadcrumb"},"inLanguage":"tr","potentialAction":[{"@type":"ReadAction","target":["https:\/\/www.masajest.com\/masaj\/reklamlar\/masoz-son\/"]}]},{"@type":"ImageObject","inLanguage":"tr","@id":"https:\/\/www.masajest.com\/masaj\/reklamlar\/masoz-son\/#primaryimage","url":"https:\/\/cdn.pixabay.com\/photo\/2024\/07\/24\/21\/53\/therapy-8919621_1280.jpg","contentUrl":"https:\/\/cdn.pixabay.com\/photo\/2024\/07\/24\/21\/53\/therapy-8919621_1280.jpg","width":"1280","height":"960"},{"@type":"BreadcrumbList","@id":"https:\/\/www.masajest.com\/masaj\/reklamlar\/masoz-son\/#breadcrumb","itemListElement":[{"@type":"ListItem","position":1,"name":"Anasayfa","item":"https:\/\/www.masajest.com\/masaj\/"},{"@type":"ListItem","position":2,"name":"MASAJEST","item":"https:\/\/www.masajest.com\/masaj\/masajest\/"},{"@type":"ListItem","position":3,"name":"Mas\u00f6z Son"}]},{"@type":"WebSite","@id":"https:\/\/www.masajest.com\/masaj\/#website","url":"https:\/\/www.masajest.com\/masaj\/","name":"masajest.com","description":"masajest.com","potentialAction":[{"@type":"SearchAction","target":{"@type":"EntryPoint","urlTemplate":"https:\/\/www.masajest.com\/masaj\/?s={search_term_string}"},"query-input":{"@type":"PropertyValueSpecification","valueRequired":true,"valueName":"search_term_string"}}],"inLanguage":"tr"}]}},"_links":{"self":[{"href":"https:\/\/www.masajest.com\/masaj\/wp-json\/wp\/v2\/product\/2883","targetHints":{"allow":["GET"]}}],"collection":[{"href":"https:\/\/www.masajest.com\/masaj\/wp-json\/wp\/v2\/product"}],"about":[{"href":"https:\/\/www.masajest.com\/masaj\/wp-json\/wp\/v2\/types\/product"}],"replies":[{"embeddable":true,"href":"https:\/\/www.masajest.com\/masaj\/wp-json\/wp\/v2\/comments?post=2883"}],"wp:featuredmedia":[{"embeddable":true,"href":"https:\/\/www.masajest.com\/masaj\/wp-json\/wp\/v2\/media\/2897"}],"wp:attachment":[{"href":"https:\/\/www.masajest.com\/masaj\/wp-json\/wp\/v2\/media?parent=2883"}],"wp:term":[{"taxonomy":"product_brand","embeddable":true,"href":"https:\/\/www.masajest.com\/masaj\/wp-json\/wp\/v2\/product_brand?post=2883"},{"taxonomy":"product_cat","embeddable":true,"href":"https:\/\/www.masajest.com\/masaj\/wp-json\/wp\/v2\/product_cat?post=2883"},{"taxonomy":"product_tag","embeddable":true,"href":"https:\/\/www.masajest.com\/masaj\/wp-json\/wp\/v2\/product_tag?post=2883"}],"curies":[{"name":"wp","href":"https:\/\/api.w.org\/{rel}","templated":true}]}}