{"id":2864,"date":"2025-02-12T18:12:45","date_gmt":"2025-02-12T15:12:45","guid":{"rendered":"https:\/\/www.masajest.com\/masaj\/?post_type=product&#038;p=2864"},"modified":"2025-02-12T18:12:45","modified_gmt":"2025-02-12T15:12:45","slug":"masoz-damla","status":"publish","type":"product","link":"https:\/\/www.masajest.com\/masaj\/reklamlar\/masoz-damla\/","title":{"rendered":"Mas\u00f6z Damla"},"content":{"rendered":"<div class=\"flex flex-grow flex-col max-w-full\">\n<div class=\"min-h-[20px] text-message flex flex-col items-start whitespace-pre-wrap break-words [.text-message+&amp;]:mt-5 juice:w-full juice:items-end overflow-x-auto gap-2\" dir=\"auto\" data-message-author-role=\"assistant\" data-message-id=\"f992e8f4-2b90-4269-8a51-2f162c4f03be\">\n<div class=\"flex w-full flex-col gap-1 juice:empty:hidden juice:first:pt-[3px]\">\n<div class=\"markdown prose w-full break-words dark:prose-invert dark\">\n<p><strong>Mas\u00f6z Damla<\/strong><br \/>\n&#8220;\u0130htiyac\u0131n\u0131z olan huzur, Mas\u00f6z Damla&#8217;n\u0131n ellerinde!&#8221;<\/p>\n<p>Mas\u00f6z Damla, uzun y\u0131llard\u0131r masaj terapisi alan\u0131nda deneyim kazanan ve kendini s\u00fcrekli olarak geli\u015ftiren bir uzmand\u0131r. Huzurlu bir atmosferde, ki\u015fiye \u00f6zel masaj teknikleriyle stresinizi azalt\u0131rken, fiziksel ve ruhsal iyile\u015fmenize katk\u0131 sa\u011flar. Damla, profesyonelli\u011fi, s\u0131cak yakla\u015f\u0131m\u0131 ve teknik bilgisi ile her bir seans\u0131nda maksimum verimi alman\u0131z\u0131 sa\u011flar. Kendinizi yenilenmi\u015f, taze ve rahatlam\u0131\u015f hissedebilece\u011finiz bir deneyim i\u00e7in Mas\u00f6z Damla ile bulu\u015fun.<\/p>\n<p>Mas\u00f6z Damla, derinlemesine bilgi ve deneyimiyle her seans\u0131n\u0131 bir terapiye d\u00f6n\u00fc\u015ft\u00fcr\u00fcr. Yenileyici, rahatlat\u0131c\u0131 ve stres giderici masajlar\u0131 ile v\u00fccudunuzu hem dinlendirir hem de canland\u0131r\u0131r.<\/p>\n<p>Masaj s\u0131ras\u0131nda Mas\u00f6z Damla&#8217;n\u0131n elleri adeta sihirli bir dokunu\u015f gibi. Sadece fiziksel rahatlama de\u011fil, ruhsal huzur da sa\u011fl\u0131yor. Seans sonunda kendinizi adeta yeniden do\u011fmu\u015f hissediyorsunuz. Stres ve yorgunluktan uzakla\u015fmak, bedeninizdeki gerginlikleri \u00e7\u00f6zmek i\u00e7in ideal bir se\u00e7enek!<\/p>\n<\/div>\n<\/div>\n<\/div>\n<\/div>\n","protected":false},"excerpt":{"rendered":"<p><strong>Mas\u00f6z Damla<\/strong><br \/>\nMas\u00f6z Damla, rahatlat\u0131c\u0131 ve dinlendirici masaj tekniklerinde uzmanla\u015fm\u0131\u015f bir profesyoneldir. S\u0131cak bir dokunu\u015fla, v\u00fccudunuzu yeniden enerjiyle doldurur ve g\u00fcnl\u00fck stresin etkilerini hafifletir. Masaj seanslar\u0131nda, her bireyin ihtiyac\u0131na g\u00f6re ki\u015fisel bir yakla\u015f\u0131m sergileyerek, hem bedensel hem de zihinsel sa\u011fl\u0131\u011f\u0131n\u0131z\u0131 destekler. Mas\u00f6z Damla, profesyonel yetkinli\u011fi ve samimi tav\u0131rlar\u0131 ile her seans\u0131 unutulmaz bir deneyime d\u00f6n\u00fc\u015ft\u00fcr\u00fcr.<\/p>\n<p>&#8220;Mas\u00f6z Damla ile her dokunu\u015f, rahatlaman\u0131n ve yenilenmenin anahtar\u0131d\u0131r.&#8221;<\/p>\n<p>Masaj, sadece bir l\u00fcks de\u011fil, sa\u011fl\u0131\u011f\u0131n\u0131z i\u00e7in \u00f6nemli bir yat\u0131r\u0131md\u0131r. Mas\u00f6z Damla, her seans\u0131nda bedensel huzur ve rahatl\u0131k sunmakla kalmaz, ayn\u0131 zamanda v\u00fccudunuzu dinlendirir, kas gerilmelerini hafifletir ve dola\u015f\u0131m\u0131 iyile\u015ftirir. Ki\u015fiye \u00f6zel teknikler ve s\u0131cak dokunu\u015flarla, masaj\u0131n iyile\u015ftirici g\u00fcc\u00fcnden faydalanarak zinde kalabilir, stresinizi geride b\u0131rakabilirsiniz. Mas\u00f6z Damla&#8217;n\u0131n profesyonel masaj deneyimi, sadece fiziksel de\u011fil, duygusal yenilenmenize de katk\u0131 sa\u011flar.<\/p>\n","protected":false},"featured_media":2874,"comment_status":"open","ping_status":"closed","template":"","meta":[],"product_brand":[],"product_cat":[15],"product_tag":[],"class_list":{"0":"post-2864","1":"product","2":"type-product","3":"status-publish","4":"has-post-thumbnail","6":"product_cat-masajest","8":"first","9":"instock","10":"shipping-taxable","11":"product-type-simple"},"yoast_head":"<!-- This site is optimized with the Yoast SEO plugin v27.0 - https:\/\/yoast.com\/product\/yoast-seo-wordpress\/ -->\n<title>Mas\u00f6z Damla - masajest.com<\/title>\n<meta name=\"robots\" content=\"index, follow, max-snippet:-1, max-image-preview:large, max-video-preview:-1\" \/>\n<link rel=\"canonical\" href=\"https:\/\/www.masajest.com\/masaj\/reklamlar\/masoz-damla\/\" \/>\n<meta property=\"og:locale\" content=\"tr_TR\" \/>\n<meta property=\"og:type\" content=\"article\" \/>\n<meta property=\"og:title\" content=\"Mas\u00f6z Damla - masajest.com\" \/>\n<meta property=\"og:description\" content=\"Mas\u00f6z Damla Mas\u00f6z Damla, rahatlat\u0131c\u0131 ve dinlendirici masaj tekniklerinde uzmanla\u015fm\u0131\u015f bir profesyoneldir. S\u0131cak bir dokunu\u015fla, v\u00fccudunuzu yeniden enerjiyle doldurur ve g\u00fcnl\u00fck stresin etkilerini hafifletir. Masaj seanslar\u0131nda, her bireyin ihtiyac\u0131na g\u00f6re ki\u015fisel bir yakla\u015f\u0131m sergileyerek, hem bedensel hem de zihinsel sa\u011fl\u0131\u011f\u0131n\u0131z\u0131 destekler. Mas\u00f6z Damla, profesyonel yetkinli\u011fi ve samimi tav\u0131rlar\u0131 ile her seans\u0131 unutulmaz bir deneyime d\u00f6n\u00fc\u015ft\u00fcr\u00fcr.  &quot;Mas\u00f6z Damla ile her dokunu\u015f, rahatlaman\u0131n ve yenilenmenin anahtar\u0131d\u0131r.&quot;  Masaj, sadece bir l\u00fcks de\u011fil, sa\u011fl\u0131\u011f\u0131n\u0131z i\u00e7in \u00f6nemli bir yat\u0131r\u0131md\u0131r. Mas\u00f6z Damla, her seans\u0131nda bedensel huzur ve rahatl\u0131k sunmakla kalmaz, ayn\u0131 zamanda v\u00fccudunuzu dinlendirir, kas gerilmelerini hafifletir ve dola\u015f\u0131m\u0131 iyile\u015ftirir. Ki\u015fiye \u00f6zel teknikler ve s\u0131cak dokunu\u015flarla, masaj\u0131n iyile\u015ftirici g\u00fcc\u00fcnden faydalanarak zinde kalabilir, stresinizi geride b\u0131rakabilirsiniz. Mas\u00f6z Damla&#039;n\u0131n profesyonel masaj deneyimi, sadece fiziksel de\u011fil, duygusal yenilenmenize de katk\u0131 sa\u011flar.\" \/>\n<meta property=\"og:url\" content=\"https:\/\/www.masajest.com\/masaj\/reklamlar\/masoz-damla\/\" \/>\n<meta property=\"og:site_name\" content=\"masajest.com\" \/>\n<meta property=\"og:image\" content=\"https:\/\/cdn.pixabay.com\/photo\/2014\/03\/11\/22\/57\/wellness-285589_1280.jpg\" \/>\n<meta name=\"twitter:card\" content=\"summary_large_image\" \/>\n<meta name=\"twitter:image\" content=\"https:\/\/cdn.pixabay.com\/photo\/2014\/03\/11\/22\/57\/wellness-285589_1280.jpg\" \/>\n<meta name=\"twitter:label1\" content=\"Tahmini okuma s\u00fcresi\" \/>\n\t<meta name=\"twitter:data1\" content=\"1 dakika\" \/>\n<script type=\"application\/ld+json\" class=\"yoast-schema-graph\">{\"@context\":\"https:\/\/schema.org\",\"@graph\":[{\"@type\":\"WebPage\",\"@id\":\"https:\/\/www.masajest.com\/masaj\/reklamlar\/masoz-damla\/\",\"url\":\"https:\/\/www.masajest.com\/masaj\/reklamlar\/masoz-damla\/\",\"name\":\"Mas\u00f6z Damla - masajest.com\",\"isPartOf\":{\"@id\":\"https:\/\/www.masajest.com\/masaj\/#website\"},\"primaryImageOfPage\":{\"@id\":\"https:\/\/www.masajest.com\/masaj\/reklamlar\/masoz-damla\/#primaryimage\"},\"image\":{\"@id\":\"https:\/\/www.masajest.com\/masaj\/reklamlar\/masoz-damla\/#primaryimage\"},\"thumbnailUrl\":\"https:\/\/cdn.pixabay.com\/photo\/2014\/03\/11\/22\/57\/wellness-285589_1280.jpg\",\"datePublished\":\"2025-02-12T15:12:45+00:00\",\"breadcrumb\":{\"@id\":\"https:\/\/www.masajest.com\/masaj\/reklamlar\/masoz-damla\/#breadcrumb\"},\"inLanguage\":\"tr\",\"potentialAction\":[{\"@type\":\"ReadAction\",\"target\":[\"https:\/\/www.masajest.com\/masaj\/reklamlar\/masoz-damla\/\"]}]},{\"@type\":\"ImageObject\",\"inLanguage\":\"tr\",\"@id\":\"https:\/\/www.masajest.com\/masaj\/reklamlar\/masoz-damla\/#primaryimage\",\"url\":\"https:\/\/cdn.pixabay.com\/photo\/2014\/03\/11\/22\/57\/wellness-285589_1280.jpg\",\"contentUrl\":\"https:\/\/cdn.pixabay.com\/photo\/2014\/03\/11\/22\/57\/wellness-285589_1280.jpg\",\"width\":\"1280\",\"height\":\"853\"},{\"@type\":\"BreadcrumbList\",\"@id\":\"https:\/\/www.masajest.com\/masaj\/reklamlar\/masoz-damla\/#breadcrumb\",\"itemListElement\":[{\"@type\":\"ListItem\",\"position\":1,\"name\":\"Anasayfa\",\"item\":\"https:\/\/www.masajest.com\/masaj\/\"},{\"@type\":\"ListItem\",\"position\":2,\"name\":\"MASAJEST\",\"item\":\"https:\/\/www.masajest.com\/masaj\/masajest\/\"},{\"@type\":\"ListItem\",\"position\":3,\"name\":\"Mas\u00f6z Damla\"}]},{\"@type\":\"WebSite\",\"@id\":\"https:\/\/www.masajest.com\/masaj\/#website\",\"url\":\"https:\/\/www.masajest.com\/masaj\/\",\"name\":\"masajest.com\",\"description\":\"masajest.com\",\"potentialAction\":[{\"@type\":\"SearchAction\",\"target\":{\"@type\":\"EntryPoint\",\"urlTemplate\":\"https:\/\/www.masajest.com\/masaj\/?s={search_term_string}\"},\"query-input\":{\"@type\":\"PropertyValueSpecification\",\"valueRequired\":true,\"valueName\":\"search_term_string\"}}],\"inLanguage\":\"tr\"}]}<\/script>\n<!-- \/ Yoast SEO plugin. -->","yoast_head_json":{"title":"Mas\u00f6z Damla - masajest.com","robots":{"index":"index","follow":"follow","max-snippet":"max-snippet:-1","max-image-preview":"max-image-preview:large","max-video-preview":"max-video-preview:-1"},"canonical":"https:\/\/www.masajest.com\/masaj\/reklamlar\/masoz-damla\/","og_locale":"tr_TR","og_type":"article","og_title":"Mas\u00f6z Damla - masajest.com","og_description":"Mas\u00f6z Damla Mas\u00f6z Damla, rahatlat\u0131c\u0131 ve dinlendirici masaj tekniklerinde uzmanla\u015fm\u0131\u015f bir profesyoneldir. S\u0131cak bir dokunu\u015fla, v\u00fccudunuzu yeniden enerjiyle doldurur ve g\u00fcnl\u00fck stresin etkilerini hafifletir. Masaj seanslar\u0131nda, her bireyin ihtiyac\u0131na g\u00f6re ki\u015fisel bir yakla\u015f\u0131m sergileyerek, hem bedensel hem de zihinsel sa\u011fl\u0131\u011f\u0131n\u0131z\u0131 destekler. Mas\u00f6z Damla, profesyonel yetkinli\u011fi ve samimi tav\u0131rlar\u0131 ile her seans\u0131 unutulmaz bir deneyime d\u00f6n\u00fc\u015ft\u00fcr\u00fcr.  \"Mas\u00f6z Damla ile her dokunu\u015f, rahatlaman\u0131n ve yenilenmenin anahtar\u0131d\u0131r.\"  Masaj, sadece bir l\u00fcks de\u011fil, sa\u011fl\u0131\u011f\u0131n\u0131z i\u00e7in \u00f6nemli bir yat\u0131r\u0131md\u0131r. Mas\u00f6z Damla, her seans\u0131nda bedensel huzur ve rahatl\u0131k sunmakla kalmaz, ayn\u0131 zamanda v\u00fccudunuzu dinlendirir, kas gerilmelerini hafifletir ve dola\u015f\u0131m\u0131 iyile\u015ftirir. Ki\u015fiye \u00f6zel teknikler ve s\u0131cak dokunu\u015flarla, masaj\u0131n iyile\u015ftirici g\u00fcc\u00fcnden faydalanarak zinde kalabilir, stresinizi geride b\u0131rakabilirsiniz. Mas\u00f6z Damla'n\u0131n profesyonel masaj deneyimi, sadece fiziksel de\u011fil, duygusal yenilenmenize de katk\u0131 sa\u011flar.","og_url":"https:\/\/www.masajest.com\/masaj\/reklamlar\/masoz-damla\/","og_site_name":"masajest.com","og_image":[{"url":"https:\/\/cdn.pixabay.com\/photo\/2014\/03\/11\/22\/57\/wellness-285589_1280.jpg","type":"","width":"","height":""}],"twitter_card":"summary_large_image","twitter_image":"https:\/\/cdn.pixabay.com\/photo\/2014\/03\/11\/22\/57\/wellness-285589_1280.jpg","twitter_misc":{"Tahmini okuma s\u00fcresi":"1 dakika"},"schema":{"@context":"https:\/\/schema.org","@graph":[{"@type":"WebPage","@id":"https:\/\/www.masajest.com\/masaj\/reklamlar\/masoz-damla\/","url":"https:\/\/www.masajest.com\/masaj\/reklamlar\/masoz-damla\/","name":"Mas\u00f6z Damla - masajest.com","isPartOf":{"@id":"https:\/\/www.masajest.com\/masaj\/#website"},"primaryImageOfPage":{"@id":"https:\/\/www.masajest.com\/masaj\/reklamlar\/masoz-damla\/#primaryimage"},"image":{"@id":"https:\/\/www.masajest.com\/masaj\/reklamlar\/masoz-damla\/#primaryimage"},"thumbnailUrl":"https:\/\/cdn.pixabay.com\/photo\/2014\/03\/11\/22\/57\/wellness-285589_1280.jpg","datePublished":"2025-02-12T15:12:45+00:00","breadcrumb":{"@id":"https:\/\/www.masajest.com\/masaj\/reklamlar\/masoz-damla\/#breadcrumb"},"inLanguage":"tr","potentialAction":[{"@type":"ReadAction","target":["https:\/\/www.masajest.com\/masaj\/reklamlar\/masoz-damla\/"]}]},{"@type":"ImageObject","inLanguage":"tr","@id":"https:\/\/www.masajest.com\/masaj\/reklamlar\/masoz-damla\/#primaryimage","url":"https:\/\/cdn.pixabay.com\/photo\/2014\/03\/11\/22\/57\/wellness-285589_1280.jpg","contentUrl":"https:\/\/cdn.pixabay.com\/photo\/2014\/03\/11\/22\/57\/wellness-285589_1280.jpg","width":"1280","height":"853"},{"@type":"BreadcrumbList","@id":"https:\/\/www.masajest.com\/masaj\/reklamlar\/masoz-damla\/#breadcrumb","itemListElement":[{"@type":"ListItem","position":1,"name":"Anasayfa","item":"https:\/\/www.masajest.com\/masaj\/"},{"@type":"ListItem","position":2,"name":"MASAJEST","item":"https:\/\/www.masajest.com\/masaj\/masajest\/"},{"@type":"ListItem","position":3,"name":"Mas\u00f6z Damla"}]},{"@type":"WebSite","@id":"https:\/\/www.masajest.com\/masaj\/#website","url":"https:\/\/www.masajest.com\/masaj\/","name":"masajest.com","description":"masajest.com","potentialAction":[{"@type":"SearchAction","target":{"@type":"EntryPoint","urlTemplate":"https:\/\/www.masajest.com\/masaj\/?s={search_term_string}"},"query-input":{"@type":"PropertyValueSpecification","valueRequired":true,"valueName":"search_term_string"}}],"inLanguage":"tr"}]}},"_links":{"self":[{"href":"https:\/\/www.masajest.com\/masaj\/wp-json\/wp\/v2\/product\/2864","targetHints":{"allow":["GET"]}}],"collection":[{"href":"https:\/\/www.masajest.com\/masaj\/wp-json\/wp\/v2\/product"}],"about":[{"href":"https:\/\/www.masajest.com\/masaj\/wp-json\/wp\/v2\/types\/product"}],"replies":[{"embeddable":true,"href":"https:\/\/www.masajest.com\/masaj\/wp-json\/wp\/v2\/comments?post=2864"}],"wp:featuredmedia":[{"embeddable":true,"href":"https:\/\/www.masajest.com\/masaj\/wp-json\/wp\/v2\/media\/2874"}],"wp:attachment":[{"href":"https:\/\/www.masajest.com\/masaj\/wp-json\/wp\/v2\/media?parent=2864"}],"wp:term":[{"taxonomy":"product_brand","embeddable":true,"href":"https:\/\/www.masajest.com\/masaj\/wp-json\/wp\/v2\/product_brand?post=2864"},{"taxonomy":"product_cat","embeddable":true,"href":"https:\/\/www.masajest.com\/masaj\/wp-json\/wp\/v2\/product_cat?post=2864"},{"taxonomy":"product_tag","embeddable":true,"href":"https:\/\/www.masajest.com\/masaj\/wp-json\/wp\/v2\/product_tag?post=2864"}],"curies":[{"name":"wp","href":"https:\/\/api.w.org\/{rel}","templated":true}]}}