{"id":2862,"date":"2025-02-12T18:10:48","date_gmt":"2025-02-12T15:10:48","guid":{"rendered":"https:\/\/www.masajest.com\/masaj\/?post_type=product&#038;p=2862"},"modified":"2025-02-12T18:10:49","modified_gmt":"2025-02-12T15:10:49","slug":"masoz-meltem","status":"publish","type":"product","link":"https:\/\/www.masajest.com\/masaj\/reklamlar\/masoz-meltem\/","title":{"rendered":"Mas\u00f6z Meltem"},"content":{"rendered":"<p><strong>Mas\u00f6z Meltem: Dinlendirici ve Yenileyici Bir Deneyim<\/strong><\/p>\n<p>Mas\u00f6z Meltem, rahatlat\u0131c\u0131 dokunu\u015flar\u0131 ve ki\u015fiye \u00f6zel yakla\u015f\u0131m\u0131yla her seansa \u00f6zg\u00fcn bir deneyim sunar. \u0130ster yorgunluk atmak, ister stresle ba\u015fa \u00e7\u0131kmak isteyin, Meltem&#8217;in masaj teknikleri sizi hem bedenen hem ruhsal olarak yeniler. Profesyonel bilgisi ve g\u00fc\u00e7l\u00fc enerjisiyle, Mas\u00f6z Meltem, sizi rahatlat\u0131rken huzur dolu bir atmosfer yarat\u0131r.<\/p>\n<p><strong>Slogan: &#8220;Masaj\u0131n G\u00fcc\u00fcyle Yenilenin, Meltem\u2019in S\u0131cak Elleriyle Rahatlay\u0131n!&#8221;<\/strong><\/p>\n<p><strong>K\u0131sa \u00d6zet:<\/strong><br \/>\nMas\u00f6z Meltem, sakinle\u015ftirici bir ortamda, ki\u015fisel ihtiya\u00e7lar\u0131n\u0131za g\u00f6re uyarlanm\u0131\u015f masaj seanslar\u0131 sunar. Uzmanl\u0131\u011f\u0131yla, kas a\u011fr\u0131lar\u0131n\u0131z\u0131 hafifletir ve v\u00fccudunuzdaki gerginli\u011fi alarak size derin bir rahatlama sa\u011flar. Meltem\u2019in masaj\u0131, her bir dokunu\u015funda stresin uzakla\u015fmas\u0131n\u0131 ve zihninizin rahatlamas\u0131n\u0131 sa\u011flar.<\/p>\n<p><strong>Mutlu Masaj Yorumlar\u0131:<\/strong><br \/>\n&#8220;Mas\u00f6z Meltem\u2019in masaj\u0131 ger\u00e7ekten e\u015fsiz. Sadece fiziksel rahatlama de\u011fil, zihinsel bir huzur da buluyorsunuz. Her defas\u0131nda daha mutlu ve enerjik hissediyorum. Meltem\u2019in elleriyle masaj, stresten ar\u0131nman\u0131n en g\u00fczel yolu.&#8221;<\/p>\n","protected":false},"excerpt":{"rendered":"<article class=\"w-full scroll-mb-[var(--thread-trailing-height,150px)] text-token-text-primary focus-visible:outline-2 focus-visible:outline-offset-[-4px]\" dir=\"auto\" data-testid=\"conversation-turn-3\" data-scroll-anchor=\"false\">\n<div class=\"m-auto text-base py-[18px] px-3 md:px-4 w-full md:px-5 lg:px-4 xl:px-5\">\n<div class=\"mx-auto flex flex-1 gap-4 text-base md:gap-5 lg:gap-6 md:max-w-3xl lg:max-w-[40rem] xl:max-w-[48rem]\">\n<div class=\"group\/conversation-turn relative flex w-full min-w-0 flex-col agent-turn\">\n<div class=\"flex-col gap-1 md:gap-3\">\n<div class=\"flex max-w-full flex-col flex-grow\">\n<div class=\"min-h-8 text-message flex w-full flex-col items-end gap-2 whitespace-normal break-words text-start [.text-message+&amp;]:mt-5\" dir=\"auto\" data-message-author-role=\"assistant\" data-message-id=\"fdc6529e-2c77-40a0-bfc0-c4b01306ded4\" data-message-model-slug=\"gpt-4o\">\n<div class=\"flex w-full flex-col gap-1 empty:hidden first:pt-[3px]\">\n<div class=\"markdown prose w-full break-words dark:prose-invert dark\">\n<p><strong>Mas\u00f6z Meltem:<\/strong><\/p>\n<p>Mas\u00f6z Meltem, rahatlat\u0131c\u0131 ve yenileyici masajlar\u0131yla tan\u0131n\u0131r. M\u00fc\u015fterilerine huzur dolu bir deneyim sunmay\u0131 ama\u00e7layan Meltem, y\u0131llar\u0131n deneyimiyle her seans\u0131n\u0131 \u00f6zelle\u015ftirir. V\u00fccudu ve ruhu dinlendiren teknikleriyle, stresin ve gerginli\u011fin veda etmesine yard\u0131mc\u0131 olur.<\/p>\n<p><strong>Sloganl\u0131 Tan\u0131t\u0131m Paragraf\u0131:<\/strong> &#8220;Rahatlaman\u0131n ve yenilenmenin tam zaman\u0131! Mas\u00f6z Meltem ile kendinizi \u00f6zel hissedin.&#8221;<\/p>\n<p><strong>Masaj ile \u0130lgili \u00d6zg\u00fcn Tan\u0131t\u0131m Yaz\u0131s\u0131:<\/strong><\/p>\n<p>Masaj, sadece bedeni de\u011fil, ruhu da iyile\u015ftiren bir terapi y\u00f6ntemidir. Mas\u00f6z Meltem, v\u00fccutta biriken gerilimi ve stresi rahatlatan, enerjinizi yeniden dengeleyen masaj teknikleriyle hizmet veriyor. Zihinsel ve fiziksel yenilenme i\u00e7in Meltem&#8217;in uygulad\u0131\u011f\u0131 masaj seanslar\u0131, sadece kaslar\u0131n\u0131z\u0131 rahatlatmakla kalmaz, ayn\u0131 zamanda ruhunuzu da canland\u0131r\u0131r. Her masaj\u0131, m\u00fc\u015fterisinin ihtiya\u00e7lar\u0131na \u00f6zel olarak \u015fekillenir, b\u00f6ylece her seans bir yenilik ve huzur kayna\u011f\u0131na d\u00f6n\u00fc\u015f\u00fcr. Mas\u00f6z Meltem ile ge\u00e7irece\u011finiz her dakika, tam anlam\u0131yla bir rahatlama s\u00fcrecine d\u00f6n\u00fc\u015fecek.<\/p>\n<\/div>\n<\/div>\n<\/div>\n<\/div>\n<\/div>\n<\/div>\n<\/div>\n<\/div>\n<\/article>\n","protected":false},"featured_media":2870,"comment_status":"open","ping_status":"closed","template":"","meta":[],"product_brand":[],"product_cat":[15],"product_tag":[],"class_list":{"0":"post-2862","1":"product","2":"type-product","3":"status-publish","4":"has-post-thumbnail","6":"product_cat-masajest","8":"first","9":"instock","10":"shipping-taxable","11":"product-type-simple"},"yoast_head":"<!-- This site is optimized with the Yoast SEO plugin v27.0 - https:\/\/yoast.com\/product\/yoast-seo-wordpress\/ -->\n<title>Mas\u00f6z Meltem - masajest.com<\/title>\n<meta name=\"robots\" content=\"index, follow, max-snippet:-1, max-image-preview:large, max-video-preview:-1\" \/>\n<link rel=\"canonical\" href=\"https:\/\/www.masajest.com\/masaj\/reklamlar\/masoz-meltem\/\" \/>\n<meta property=\"og:locale\" content=\"tr_TR\" \/>\n<meta property=\"og:type\" content=\"article\" \/>\n<meta property=\"og:title\" content=\"Mas\u00f6z Meltem - masajest.com\" \/>\n<meta property=\"og:description\" content=\"Mas\u00f6z Meltem:  Mas\u00f6z Meltem, rahatlat\u0131c\u0131 ve yenileyici masajlar\u0131yla tan\u0131n\u0131r. M\u00fc\u015fterilerine huzur dolu bir deneyim sunmay\u0131 ama\u00e7layan Meltem, y\u0131llar\u0131n deneyimiyle her seans\u0131n\u0131 \u00f6zelle\u015ftirir. V\u00fccudu ve ruhu dinlendiren teknikleriyle, stresin ve gerginli\u011fin veda etmesine yard\u0131mc\u0131 olur.  Sloganl\u0131 Tan\u0131t\u0131m Paragraf\u0131: &quot;Rahatlaman\u0131n ve yenilenmenin tam zaman\u0131! Mas\u00f6z Meltem ile kendinizi \u00f6zel hissedin.&quot;  Masaj ile \u0130lgili \u00d6zg\u00fcn Tan\u0131t\u0131m Yaz\u0131s\u0131:  Masaj, sadece bedeni de\u011fil, ruhu da iyile\u015ftiren bir terapi y\u00f6ntemidir. Mas\u00f6z Meltem, v\u00fccutta biriken gerilimi ve stresi rahatlatan, enerjinizi yeniden dengeleyen masaj teknikleriyle hizmet veriyor. Zihinsel ve fiziksel yenilenme i\u00e7in Meltem&#039;in uygulad\u0131\u011f\u0131 masaj seanslar\u0131, sadece kaslar\u0131n\u0131z\u0131 rahatlatmakla kalmaz, ayn\u0131 zamanda ruhunuzu da canland\u0131r\u0131r. Her masaj\u0131, m\u00fc\u015fterisinin ihtiya\u00e7lar\u0131na \u00f6zel olarak \u015fekillenir, b\u00f6ylece her seans bir yenilik ve huzur kayna\u011f\u0131na d\u00f6n\u00fc\u015f\u00fcr. Mas\u00f6z Meltem ile ge\u00e7irece\u011finiz her dakika, tam anlam\u0131yla bir rahatlama s\u00fcrecine d\u00f6n\u00fc\u015fecek.\" \/>\n<meta property=\"og:url\" content=\"https:\/\/www.masajest.com\/masaj\/reklamlar\/masoz-meltem\/\" \/>\n<meta property=\"og:site_name\" content=\"masajest.com\" \/>\n<meta property=\"article:modified_time\" content=\"2025-02-12T15:10:49+00:00\" \/>\n<meta property=\"og:image\" content=\"https:\/\/cdn.pixabay.com\/photo\/2023\/10\/28\/11\/21\/ai-generated-8347194_960_720.png\" \/>\n<meta name=\"twitter:card\" content=\"summary_large_image\" \/>\n<meta name=\"twitter:image\" content=\"https:\/\/cdn.pixabay.com\/photo\/2023\/10\/28\/11\/21\/ai-generated-8347194_960_720.png\" \/>\n<meta name=\"twitter:label1\" content=\"Tahmini okuma s\u00fcresi\" \/>\n\t<meta name=\"twitter:data1\" content=\"1 dakika\" \/>\n<script type=\"application\/ld+json\" class=\"yoast-schema-graph\">{\"@context\":\"https:\/\/schema.org\",\"@graph\":[{\"@type\":\"WebPage\",\"@id\":\"https:\/\/www.masajest.com\/masaj\/reklamlar\/masoz-meltem\/\",\"url\":\"https:\/\/www.masajest.com\/masaj\/reklamlar\/masoz-meltem\/\",\"name\":\"Mas\u00f6z Meltem - masajest.com\",\"isPartOf\":{\"@id\":\"https:\/\/www.masajest.com\/masaj\/#website\"},\"primaryImageOfPage\":{\"@id\":\"https:\/\/www.masajest.com\/masaj\/reklamlar\/masoz-meltem\/#primaryimage\"},\"image\":{\"@id\":\"https:\/\/www.masajest.com\/masaj\/reklamlar\/masoz-meltem\/#primaryimage\"},\"thumbnailUrl\":\"https:\/\/cdn.pixabay.com\/photo\/2023\/10\/28\/11\/21\/ai-generated-8347194_960_720.png\",\"datePublished\":\"2025-02-12T15:10:48+00:00\",\"dateModified\":\"2025-02-12T15:10:49+00:00\",\"breadcrumb\":{\"@id\":\"https:\/\/www.masajest.com\/masaj\/reklamlar\/masoz-meltem\/#breadcrumb\"},\"inLanguage\":\"tr\",\"potentialAction\":[{\"@type\":\"ReadAction\",\"target\":[\"https:\/\/www.masajest.com\/masaj\/reklamlar\/masoz-meltem\/\"]}]},{\"@type\":\"ImageObject\",\"inLanguage\":\"tr\",\"@id\":\"https:\/\/www.masajest.com\/masaj\/reklamlar\/masoz-meltem\/#primaryimage\",\"url\":\"https:\/\/cdn.pixabay.com\/photo\/2023\/10\/28\/11\/21\/ai-generated-8347194_960_720.png\",\"contentUrl\":\"https:\/\/cdn.pixabay.com\/photo\/2023\/10\/28\/11\/21\/ai-generated-8347194_960_720.png\",\"width\":\"960\",\"height\":\"548\"},{\"@type\":\"BreadcrumbList\",\"@id\":\"https:\/\/www.masajest.com\/masaj\/reklamlar\/masoz-meltem\/#breadcrumb\",\"itemListElement\":[{\"@type\":\"ListItem\",\"position\":1,\"name\":\"Anasayfa\",\"item\":\"https:\/\/www.masajest.com\/masaj\/\"},{\"@type\":\"ListItem\",\"position\":2,\"name\":\"MASAJEST\",\"item\":\"https:\/\/www.masajest.com\/masaj\/masajest\/\"},{\"@type\":\"ListItem\",\"position\":3,\"name\":\"Mas\u00f6z Meltem\"}]},{\"@type\":\"WebSite\",\"@id\":\"https:\/\/www.masajest.com\/masaj\/#website\",\"url\":\"https:\/\/www.masajest.com\/masaj\/\",\"name\":\"masajest.com\",\"description\":\"masajest.com\",\"potentialAction\":[{\"@type\":\"SearchAction\",\"target\":{\"@type\":\"EntryPoint\",\"urlTemplate\":\"https:\/\/www.masajest.com\/masaj\/?s={search_term_string}\"},\"query-input\":{\"@type\":\"PropertyValueSpecification\",\"valueRequired\":true,\"valueName\":\"search_term_string\"}}],\"inLanguage\":\"tr\"}]}<\/script>\n<!-- \/ Yoast SEO plugin. -->","yoast_head_json":{"title":"Mas\u00f6z Meltem - masajest.com","robots":{"index":"index","follow":"follow","max-snippet":"max-snippet:-1","max-image-preview":"max-image-preview:large","max-video-preview":"max-video-preview:-1"},"canonical":"https:\/\/www.masajest.com\/masaj\/reklamlar\/masoz-meltem\/","og_locale":"tr_TR","og_type":"article","og_title":"Mas\u00f6z Meltem - masajest.com","og_description":"Mas\u00f6z Meltem:  Mas\u00f6z Meltem, rahatlat\u0131c\u0131 ve yenileyici masajlar\u0131yla tan\u0131n\u0131r. M\u00fc\u015fterilerine huzur dolu bir deneyim sunmay\u0131 ama\u00e7layan Meltem, y\u0131llar\u0131n deneyimiyle her seans\u0131n\u0131 \u00f6zelle\u015ftirir. V\u00fccudu ve ruhu dinlendiren teknikleriyle, stresin ve gerginli\u011fin veda etmesine yard\u0131mc\u0131 olur.  Sloganl\u0131 Tan\u0131t\u0131m Paragraf\u0131: \"Rahatlaman\u0131n ve yenilenmenin tam zaman\u0131! Mas\u00f6z Meltem ile kendinizi \u00f6zel hissedin.\"  Masaj ile \u0130lgili \u00d6zg\u00fcn Tan\u0131t\u0131m Yaz\u0131s\u0131:  Masaj, sadece bedeni de\u011fil, ruhu da iyile\u015ftiren bir terapi y\u00f6ntemidir. Mas\u00f6z Meltem, v\u00fccutta biriken gerilimi ve stresi rahatlatan, enerjinizi yeniden dengeleyen masaj teknikleriyle hizmet veriyor. Zihinsel ve fiziksel yenilenme i\u00e7in Meltem'in uygulad\u0131\u011f\u0131 masaj seanslar\u0131, sadece kaslar\u0131n\u0131z\u0131 rahatlatmakla kalmaz, ayn\u0131 zamanda ruhunuzu da canland\u0131r\u0131r. Her masaj\u0131, m\u00fc\u015fterisinin ihtiya\u00e7lar\u0131na \u00f6zel olarak \u015fekillenir, b\u00f6ylece her seans bir yenilik ve huzur kayna\u011f\u0131na d\u00f6n\u00fc\u015f\u00fcr. Mas\u00f6z Meltem ile ge\u00e7irece\u011finiz her dakika, tam anlam\u0131yla bir rahatlama s\u00fcrecine d\u00f6n\u00fc\u015fecek.","og_url":"https:\/\/www.masajest.com\/masaj\/reklamlar\/masoz-meltem\/","og_site_name":"masajest.com","article_modified_time":"2025-02-12T15:10:49+00:00","og_image":[{"url":"https:\/\/cdn.pixabay.com\/photo\/2023\/10\/28\/11\/21\/ai-generated-8347194_960_720.png","type":"","width":"","height":""}],"twitter_card":"summary_large_image","twitter_image":"https:\/\/cdn.pixabay.com\/photo\/2023\/10\/28\/11\/21\/ai-generated-8347194_960_720.png","twitter_misc":{"Tahmini okuma s\u00fcresi":"1 dakika"},"schema":{"@context":"https:\/\/schema.org","@graph":[{"@type":"WebPage","@id":"https:\/\/www.masajest.com\/masaj\/reklamlar\/masoz-meltem\/","url":"https:\/\/www.masajest.com\/masaj\/reklamlar\/masoz-meltem\/","name":"Mas\u00f6z Meltem - masajest.com","isPartOf":{"@id":"https:\/\/www.masajest.com\/masaj\/#website"},"primaryImageOfPage":{"@id":"https:\/\/www.masajest.com\/masaj\/reklamlar\/masoz-meltem\/#primaryimage"},"image":{"@id":"https:\/\/www.masajest.com\/masaj\/reklamlar\/masoz-meltem\/#primaryimage"},"thumbnailUrl":"https:\/\/cdn.pixabay.com\/photo\/2023\/10\/28\/11\/21\/ai-generated-8347194_960_720.png","datePublished":"2025-02-12T15:10:48+00:00","dateModified":"2025-02-12T15:10:49+00:00","breadcrumb":{"@id":"https:\/\/www.masajest.com\/masaj\/reklamlar\/masoz-meltem\/#breadcrumb"},"inLanguage":"tr","potentialAction":[{"@type":"ReadAction","target":["https:\/\/www.masajest.com\/masaj\/reklamlar\/masoz-meltem\/"]}]},{"@type":"ImageObject","inLanguage":"tr","@id":"https:\/\/www.masajest.com\/masaj\/reklamlar\/masoz-meltem\/#primaryimage","url":"https:\/\/cdn.pixabay.com\/photo\/2023\/10\/28\/11\/21\/ai-generated-8347194_960_720.png","contentUrl":"https:\/\/cdn.pixabay.com\/photo\/2023\/10\/28\/11\/21\/ai-generated-8347194_960_720.png","width":"960","height":"548"},{"@type":"BreadcrumbList","@id":"https:\/\/www.masajest.com\/masaj\/reklamlar\/masoz-meltem\/#breadcrumb","itemListElement":[{"@type":"ListItem","position":1,"name":"Anasayfa","item":"https:\/\/www.masajest.com\/masaj\/"},{"@type":"ListItem","position":2,"name":"MASAJEST","item":"https:\/\/www.masajest.com\/masaj\/masajest\/"},{"@type":"ListItem","position":3,"name":"Mas\u00f6z Meltem"}]},{"@type":"WebSite","@id":"https:\/\/www.masajest.com\/masaj\/#website","url":"https:\/\/www.masajest.com\/masaj\/","name":"masajest.com","description":"masajest.com","potentialAction":[{"@type":"SearchAction","target":{"@type":"EntryPoint","urlTemplate":"https:\/\/www.masajest.com\/masaj\/?s={search_term_string}"},"query-input":{"@type":"PropertyValueSpecification","valueRequired":true,"valueName":"search_term_string"}}],"inLanguage":"tr"}]}},"_links":{"self":[{"href":"https:\/\/www.masajest.com\/masaj\/wp-json\/wp\/v2\/product\/2862","targetHints":{"allow":["GET"]}}],"collection":[{"href":"https:\/\/www.masajest.com\/masaj\/wp-json\/wp\/v2\/product"}],"about":[{"href":"https:\/\/www.masajest.com\/masaj\/wp-json\/wp\/v2\/types\/product"}],"replies":[{"embeddable":true,"href":"https:\/\/www.masajest.com\/masaj\/wp-json\/wp\/v2\/comments?post=2862"}],"wp:featuredmedia":[{"embeddable":true,"href":"https:\/\/www.masajest.com\/masaj\/wp-json\/wp\/v2\/media\/2870"}],"wp:attachment":[{"href":"https:\/\/www.masajest.com\/masaj\/wp-json\/wp\/v2\/media?parent=2862"}],"wp:term":[{"taxonomy":"product_brand","embeddable":true,"href":"https:\/\/www.masajest.com\/masaj\/wp-json\/wp\/v2\/product_brand?post=2862"},{"taxonomy":"product_cat","embeddable":true,"href":"https:\/\/www.masajest.com\/masaj\/wp-json\/wp\/v2\/product_cat?post=2862"},{"taxonomy":"product_tag","embeddable":true,"href":"https:\/\/www.masajest.com\/masaj\/wp-json\/wp\/v2\/product_tag?post=2862"}],"curies":[{"name":"wp","href":"https:\/\/api.w.org\/{rel}","templated":true}]}}