{"id":2858,"date":"2025-02-12T18:08:31","date_gmt":"2025-02-12T15:08:31","guid":{"rendered":"https:\/\/www.masajest.com\/masaj\/?post_type=product&#038;p=2858"},"modified":"2025-02-12T18:08:31","modified_gmt":"2025-02-12T15:08:31","slug":"masoz-sevcan","status":"publish","type":"product","link":"https:\/\/www.masajest.com\/masaj\/reklamlar\/masoz-sevcan\/","title":{"rendered":"Mas\u00f6z Sevcan"},"content":{"rendered":"<div class=\"flex flex-grow flex-col max-w-full\">\n<div class=\"min-h-[20px] text-message flex flex-col items-start whitespace-pre-wrap break-words [.text-message+&amp;]:mt-5 juice:w-full juice:items-end overflow-x-auto gap-2\" dir=\"auto\" data-message-author-role=\"assistant\" data-message-id=\"38a49cc9-a912-4998-a7cf-9b74845a7c33\">\n<div class=\"flex w-full flex-col gap-1 juice:empty:hidden juice:first:pt-[3px]\">\n<div class=\"markdown prose w-full break-words dark:prose-invert dark\">\n<div class=\"flex max-w-full flex-col flex-grow\">\n<div class=\"min-h-8 text-message flex w-full flex-col items-end gap-2 whitespace-normal break-words text-start [.text-message+&amp;]:mt-5\" dir=\"auto\" data-message-author-role=\"assistant\" data-message-id=\"2666db60-5bf2-4b90-b2be-7cf94e785b11\" data-message-model-slug=\"gpt-4o\">\n<div class=\"flex w-full flex-col gap-1 empty:hidden first:pt-[3px]\">\n<div class=\"markdown prose w-full break-words dark:prose-invert dark\">\n<p><strong>Mas\u00f6z Sevcan: Rahatlat\u0131c\u0131 Bir Dokunu\u015fun Ustas\u0131<\/strong><\/p>\n<p>Mas\u00f6z Sevcan, deneyimli ve profesyonel bir masaj terapistidir. Sundu\u011fu hizmetlerle bedeni ve zihni rahatlatmay\u0131 ama\u00e7layan Sevcan, her masaj seans\u0131 ile stres ve yorgunluktan ar\u0131nman\u0131za yard\u0131mc\u0131 olur. &#8220;Sevcan ile masaj, huzura giden yol!&#8221; Bedeni gev\u015fetirken, ruhunuzu da dinlendiren Sevcan, m\u00fc\u015fterilerine yaln\u0131zca fiziksel bir rahatlama de\u011fil, ayn\u0131 zamanda ruhsal huzur da sunar. &#8220;Her dokunu\u015funda mutlulu\u011fu hissedeceksiniz!&#8221;<\/p>\n<h3>Mas\u00f6z:<\/h3>\n<p>Mas\u00f6z Sevcan, her bireyin ihtiyac\u0131na uygun \u00f6zel masaj teknikleriyle hizmet verir. Klasik masajdan derin doku masaj\u0131na, rahatlat\u0131c\u0131 ve canland\u0131r\u0131c\u0131 seanslara kadar geni\u015f bir yelpazede uzmanla\u015fm\u0131\u015ft\u0131r. &#8220;Masaj\u0131n \u00f6tesinde, Sevcan\u2019\u0131n terapisiyle yenilenin!&#8221; Sevcan, hem fiziksel hem de duygusal rahatlama sa\u011flayan, ki\u015fiye \u00f6zel \u00e7\u00f6z\u00fcmler sunar.<\/p>\n<h3>Mutlu Masaj:<\/h3>\n<p>Mas\u00f6z Sevcan\u2019\u0131n sundu\u011fu &#8220;mutlu masaj&#8221; deneyimi, ger\u00e7ekten ba\u015fka bir d\u00fcnyaya g\u00f6t\u00fcr\u00fcr. Seans sonras\u0131 hissetti\u011finiz huzur ve rahatlama, sadece bedenen de\u011fil, ruhsal olarak da bir yenilenme sa\u011flar. Her dokunu\u015funda rahatlad\u0131\u011f\u0131n\u0131z\u0131 ve stresin v\u00fccudunuzdan tamamen kayboldu\u011funu hissedersiniz. Sevcan\u2019\u0131n profesyonel yakla\u015f\u0131m\u0131 ve ki\u015fiye \u00f6zel dikkatli masaj\u0131, her seans sonras\u0131nda kendinizi yenilenmi\u015f ve mutlu hissetmenizi sa\u011flar.<\/p>\n<p>Masaj\u0131n mutlulu\u011fa d\u00f6n\u00fc\u015fen halini Sevcan ile ke\u015ffedin!<\/p>\n<\/div>\n<\/div>\n<\/div>\n<\/div>\n<\/div>\n<\/div>\n<\/div>\n<\/div>\n","protected":false},"excerpt":{"rendered":"<p><strong>Mas\u00f6z Sevcan: Yenilenmenin ve Rahatlaman\u0131n Ad\u0131<\/strong><\/p>\n<p>Mas\u00f6z Sevcan, her m\u00fc\u015fterisinin ihtiyac\u0131na g\u00f6re \u00f6zelle\u015ftirilmi\u015f masaj teknikleriyle rahatlat\u0131c\u0131 bir deneyim sunuyor. Y\u0131llar\u0131n getirdi\u011fi deneyimi ve pozitif enerjisiyle, bedeninizi yeniden ke\u015ffetmenizi sa\u011fl\u0131yor. Sevcan, huzur dolu bir ortamda, stresinizi hafifletir ve zihinsel dinginli\u011finizi art\u0131r\u0131r.<\/p>\n<p><strong>Mas\u00f6z:<\/strong> &#8220;Huzura a\u00e7\u0131lan kap\u0131, Mas\u00f6z Sevcan ile aralan\u0131r.&#8221;<\/p>\n<p>Masaj, sadece bedenin de\u011fil, ruhun da dinlenmesini sa\u011flar. Mas\u00f6z Sevcan ile yapaca\u011f\u0131n\u0131z her seans, v\u00fccudunuzun stres ve gerginlikten ar\u0131nmas\u0131na yard\u0131mc\u0131 olurken, zihninizin de sakinle\u015fmesini sa\u011flar. \u00d6zel teknikleri ve yumu\u015fak dokunu\u015flar\u0131yla Sevcan, masaj\u0131 bir terapiye d\u00f6n\u00fc\u015ft\u00fcr\u00fcr. Derin doku masaj\u0131ndan, rahatlat\u0131c\u0131 s\u0131rt masaj\u0131na kadar pek \u00e7ok farkl\u0131 se\u00e7enekle, her ihtimale g\u00f6re size uygun bir deneyim sunar. Seans sonras\u0131nda kendinizi yenilenmi\u015f ve taze hissedeceksiniz.<\/p>\n","protected":false},"featured_media":2866,"comment_status":"open","ping_status":"closed","template":"","meta":[],"product_brand":[],"product_cat":[15],"product_tag":[],"class_list":{"0":"post-2858","1":"product","2":"type-product","3":"status-publish","4":"has-post-thumbnail","6":"product_cat-masajest","8":"first","9":"instock","10":"shipping-taxable","11":"product-type-simple"},"yoast_head":"<!-- This site is optimized with the Yoast SEO plugin v27.0 - https:\/\/yoast.com\/product\/yoast-seo-wordpress\/ -->\n<title>Mas\u00f6z Sevcan - masajest.com<\/title>\n<meta name=\"robots\" content=\"index, follow, max-snippet:-1, max-image-preview:large, max-video-preview:-1\" \/>\n<link rel=\"canonical\" href=\"https:\/\/www.masajest.com\/masaj\/reklamlar\/masoz-sevcan\/\" \/>\n<meta property=\"og:locale\" content=\"tr_TR\" \/>\n<meta property=\"og:type\" content=\"article\" \/>\n<meta property=\"og:title\" content=\"Mas\u00f6z Sevcan - masajest.com\" \/>\n<meta property=\"og:description\" content=\"Mas\u00f6z Sevcan: Yenilenmenin ve Rahatlaman\u0131n Ad\u0131  Mas\u00f6z Sevcan, her m\u00fc\u015fterisinin ihtiyac\u0131na g\u00f6re \u00f6zelle\u015ftirilmi\u015f masaj teknikleriyle rahatlat\u0131c\u0131 bir deneyim sunuyor. Y\u0131llar\u0131n getirdi\u011fi deneyimi ve pozitif enerjisiyle, bedeninizi yeniden ke\u015ffetmenizi sa\u011fl\u0131yor. Sevcan, huzur dolu bir ortamda, stresinizi hafifletir ve zihinsel dinginli\u011finizi art\u0131r\u0131r.  Mas\u00f6z: &quot;Huzura a\u00e7\u0131lan kap\u0131, Mas\u00f6z Sevcan ile aralan\u0131r.&quot;  Masaj, sadece bedenin de\u011fil, ruhun da dinlenmesini sa\u011flar. Mas\u00f6z Sevcan ile yapaca\u011f\u0131n\u0131z her seans, v\u00fccudunuzun stres ve gerginlikten ar\u0131nmas\u0131na yard\u0131mc\u0131 olurken, zihninizin de sakinle\u015fmesini sa\u011flar. \u00d6zel teknikleri ve yumu\u015fak dokunu\u015flar\u0131yla Sevcan, masaj\u0131 bir terapiye d\u00f6n\u00fc\u015ft\u00fcr\u00fcr. Derin doku masaj\u0131ndan, rahatlat\u0131c\u0131 s\u0131rt masaj\u0131na kadar pek \u00e7ok farkl\u0131 se\u00e7enekle, her ihtimale g\u00f6re size uygun bir deneyim sunar. Seans sonras\u0131nda kendinizi yenilenmi\u015f ve taze hissedeceksiniz.\" \/>\n<meta property=\"og:url\" content=\"https:\/\/www.masajest.com\/masaj\/reklamlar\/masoz-sevcan\/\" \/>\n<meta property=\"og:site_name\" content=\"masajest.com\" \/>\n<meta property=\"og:image\" content=\"https:\/\/cdn.pixabay.com\/photo\/2024\/09\/01\/15\/37\/ai-generated-9014376_960_720.png\" \/>\n<meta name=\"twitter:card\" content=\"summary_large_image\" \/>\n<meta name=\"twitter:image\" content=\"https:\/\/cdn.pixabay.com\/photo\/2024\/09\/01\/15\/37\/ai-generated-9014376_960_720.png\" \/>\n<meta name=\"twitter:label1\" content=\"Tahmini okuma s\u00fcresi\" \/>\n\t<meta name=\"twitter:data1\" content=\"1 dakika\" \/>\n<script type=\"application\/ld+json\" class=\"yoast-schema-graph\">{\"@context\":\"https:\/\/schema.org\",\"@graph\":[{\"@type\":\"WebPage\",\"@id\":\"https:\/\/www.masajest.com\/masaj\/reklamlar\/masoz-sevcan\/\",\"url\":\"https:\/\/www.masajest.com\/masaj\/reklamlar\/masoz-sevcan\/\",\"name\":\"Mas\u00f6z Sevcan - masajest.com\",\"isPartOf\":{\"@id\":\"https:\/\/www.masajest.com\/masaj\/#website\"},\"primaryImageOfPage\":{\"@id\":\"https:\/\/www.masajest.com\/masaj\/reklamlar\/masoz-sevcan\/#primaryimage\"},\"image\":{\"@id\":\"https:\/\/www.masajest.com\/masaj\/reklamlar\/masoz-sevcan\/#primaryimage\"},\"thumbnailUrl\":\"https:\/\/cdn.pixabay.com\/photo\/2024\/09\/01\/15\/37\/ai-generated-9014376_960_720.png\",\"datePublished\":\"2025-02-12T15:08:31+00:00\",\"breadcrumb\":{\"@id\":\"https:\/\/www.masajest.com\/masaj\/reklamlar\/masoz-sevcan\/#breadcrumb\"},\"inLanguage\":\"tr\",\"potentialAction\":[{\"@type\":\"ReadAction\",\"target\":[\"https:\/\/www.masajest.com\/masaj\/reklamlar\/masoz-sevcan\/\"]}]},{\"@type\":\"ImageObject\",\"inLanguage\":\"tr\",\"@id\":\"https:\/\/www.masajest.com\/masaj\/reklamlar\/masoz-sevcan\/#primaryimage\",\"url\":\"https:\/\/cdn.pixabay.com\/photo\/2024\/09\/01\/15\/37\/ai-generated-9014376_960_720.png\",\"contentUrl\":\"https:\/\/cdn.pixabay.com\/photo\/2024\/09\/01\/15\/37\/ai-generated-9014376_960_720.png\",\"width\":\"960\",\"height\":\"523\"},{\"@type\":\"BreadcrumbList\",\"@id\":\"https:\/\/www.masajest.com\/masaj\/reklamlar\/masoz-sevcan\/#breadcrumb\",\"itemListElement\":[{\"@type\":\"ListItem\",\"position\":1,\"name\":\"Anasayfa\",\"item\":\"https:\/\/www.masajest.com\/masaj\/\"},{\"@type\":\"ListItem\",\"position\":2,\"name\":\"MASAJEST\",\"item\":\"https:\/\/www.masajest.com\/masaj\/masajest\/\"},{\"@type\":\"ListItem\",\"position\":3,\"name\":\"Mas\u00f6z Sevcan\"}]},{\"@type\":\"WebSite\",\"@id\":\"https:\/\/www.masajest.com\/masaj\/#website\",\"url\":\"https:\/\/www.masajest.com\/masaj\/\",\"name\":\"masajest.com\",\"description\":\"masajest.com\",\"potentialAction\":[{\"@type\":\"SearchAction\",\"target\":{\"@type\":\"EntryPoint\",\"urlTemplate\":\"https:\/\/www.masajest.com\/masaj\/?s={search_term_string}\"},\"query-input\":{\"@type\":\"PropertyValueSpecification\",\"valueRequired\":true,\"valueName\":\"search_term_string\"}}],\"inLanguage\":\"tr\"}]}<\/script>\n<!-- \/ Yoast SEO plugin. -->","yoast_head_json":{"title":"Mas\u00f6z Sevcan - masajest.com","robots":{"index":"index","follow":"follow","max-snippet":"max-snippet:-1","max-image-preview":"max-image-preview:large","max-video-preview":"max-video-preview:-1"},"canonical":"https:\/\/www.masajest.com\/masaj\/reklamlar\/masoz-sevcan\/","og_locale":"tr_TR","og_type":"article","og_title":"Mas\u00f6z Sevcan - masajest.com","og_description":"Mas\u00f6z Sevcan: Yenilenmenin ve Rahatlaman\u0131n Ad\u0131  Mas\u00f6z Sevcan, her m\u00fc\u015fterisinin ihtiyac\u0131na g\u00f6re \u00f6zelle\u015ftirilmi\u015f masaj teknikleriyle rahatlat\u0131c\u0131 bir deneyim sunuyor. Y\u0131llar\u0131n getirdi\u011fi deneyimi ve pozitif enerjisiyle, bedeninizi yeniden ke\u015ffetmenizi sa\u011fl\u0131yor. Sevcan, huzur dolu bir ortamda, stresinizi hafifletir ve zihinsel dinginli\u011finizi art\u0131r\u0131r.  Mas\u00f6z: \"Huzura a\u00e7\u0131lan kap\u0131, Mas\u00f6z Sevcan ile aralan\u0131r.\"  Masaj, sadece bedenin de\u011fil, ruhun da dinlenmesini sa\u011flar. Mas\u00f6z Sevcan ile yapaca\u011f\u0131n\u0131z her seans, v\u00fccudunuzun stres ve gerginlikten ar\u0131nmas\u0131na yard\u0131mc\u0131 olurken, zihninizin de sakinle\u015fmesini sa\u011flar. \u00d6zel teknikleri ve yumu\u015fak dokunu\u015flar\u0131yla Sevcan, masaj\u0131 bir terapiye d\u00f6n\u00fc\u015ft\u00fcr\u00fcr. Derin doku masaj\u0131ndan, rahatlat\u0131c\u0131 s\u0131rt masaj\u0131na kadar pek \u00e7ok farkl\u0131 se\u00e7enekle, her ihtimale g\u00f6re size uygun bir deneyim sunar. Seans sonras\u0131nda kendinizi yenilenmi\u015f ve taze hissedeceksiniz.","og_url":"https:\/\/www.masajest.com\/masaj\/reklamlar\/masoz-sevcan\/","og_site_name":"masajest.com","og_image":[{"url":"https:\/\/cdn.pixabay.com\/photo\/2024\/09\/01\/15\/37\/ai-generated-9014376_960_720.png","type":"","width":"","height":""}],"twitter_card":"summary_large_image","twitter_image":"https:\/\/cdn.pixabay.com\/photo\/2024\/09\/01\/15\/37\/ai-generated-9014376_960_720.png","twitter_misc":{"Tahmini okuma s\u00fcresi":"1 dakika"},"schema":{"@context":"https:\/\/schema.org","@graph":[{"@type":"WebPage","@id":"https:\/\/www.masajest.com\/masaj\/reklamlar\/masoz-sevcan\/","url":"https:\/\/www.masajest.com\/masaj\/reklamlar\/masoz-sevcan\/","name":"Mas\u00f6z Sevcan - masajest.com","isPartOf":{"@id":"https:\/\/www.masajest.com\/masaj\/#website"},"primaryImageOfPage":{"@id":"https:\/\/www.masajest.com\/masaj\/reklamlar\/masoz-sevcan\/#primaryimage"},"image":{"@id":"https:\/\/www.masajest.com\/masaj\/reklamlar\/masoz-sevcan\/#primaryimage"},"thumbnailUrl":"https:\/\/cdn.pixabay.com\/photo\/2024\/09\/01\/15\/37\/ai-generated-9014376_960_720.png","datePublished":"2025-02-12T15:08:31+00:00","breadcrumb":{"@id":"https:\/\/www.masajest.com\/masaj\/reklamlar\/masoz-sevcan\/#breadcrumb"},"inLanguage":"tr","potentialAction":[{"@type":"ReadAction","target":["https:\/\/www.masajest.com\/masaj\/reklamlar\/masoz-sevcan\/"]}]},{"@type":"ImageObject","inLanguage":"tr","@id":"https:\/\/www.masajest.com\/masaj\/reklamlar\/masoz-sevcan\/#primaryimage","url":"https:\/\/cdn.pixabay.com\/photo\/2024\/09\/01\/15\/37\/ai-generated-9014376_960_720.png","contentUrl":"https:\/\/cdn.pixabay.com\/photo\/2024\/09\/01\/15\/37\/ai-generated-9014376_960_720.png","width":"960","height":"523"},{"@type":"BreadcrumbList","@id":"https:\/\/www.masajest.com\/masaj\/reklamlar\/masoz-sevcan\/#breadcrumb","itemListElement":[{"@type":"ListItem","position":1,"name":"Anasayfa","item":"https:\/\/www.masajest.com\/masaj\/"},{"@type":"ListItem","position":2,"name":"MASAJEST","item":"https:\/\/www.masajest.com\/masaj\/masajest\/"},{"@type":"ListItem","position":3,"name":"Mas\u00f6z Sevcan"}]},{"@type":"WebSite","@id":"https:\/\/www.masajest.com\/masaj\/#website","url":"https:\/\/www.masajest.com\/masaj\/","name":"masajest.com","description":"masajest.com","potentialAction":[{"@type":"SearchAction","target":{"@type":"EntryPoint","urlTemplate":"https:\/\/www.masajest.com\/masaj\/?s={search_term_string}"},"query-input":{"@type":"PropertyValueSpecification","valueRequired":true,"valueName":"search_term_string"}}],"inLanguage":"tr"}]}},"_links":{"self":[{"href":"https:\/\/www.masajest.com\/masaj\/wp-json\/wp\/v2\/product\/2858","targetHints":{"allow":["GET"]}}],"collection":[{"href":"https:\/\/www.masajest.com\/masaj\/wp-json\/wp\/v2\/product"}],"about":[{"href":"https:\/\/www.masajest.com\/masaj\/wp-json\/wp\/v2\/types\/product"}],"replies":[{"embeddable":true,"href":"https:\/\/www.masajest.com\/masaj\/wp-json\/wp\/v2\/comments?post=2858"}],"wp:featuredmedia":[{"embeddable":true,"href":"https:\/\/www.masajest.com\/masaj\/wp-json\/wp\/v2\/media\/2866"}],"wp:attachment":[{"href":"https:\/\/www.masajest.com\/masaj\/wp-json\/wp\/v2\/media?parent=2858"}],"wp:term":[{"taxonomy":"product_brand","embeddable":true,"href":"https:\/\/www.masajest.com\/masaj\/wp-json\/wp\/v2\/product_brand?post=2858"},{"taxonomy":"product_cat","embeddable":true,"href":"https:\/\/www.masajest.com\/masaj\/wp-json\/wp\/v2\/product_cat?post=2858"},{"taxonomy":"product_tag","embeddable":true,"href":"https:\/\/www.masajest.com\/masaj\/wp-json\/wp\/v2\/product_tag?post=2858"}],"curies":[{"name":"wp","href":"https:\/\/api.w.org\/{rel}","templated":true}]}}