{"id":2845,"date":"2025-02-12T17:59:58","date_gmt":"2025-02-12T14:59:58","guid":{"rendered":"https:\/\/www.masajest.com\/masaj\/?post_type=product&#038;p=2845"},"modified":"2025-02-12T17:59:58","modified_gmt":"2025-02-12T14:59:58","slug":"masoz-tuba","status":"publish","type":"product","link":"https:\/\/www.masajest.com\/masaj\/reklamlar\/masoz-tuba\/","title":{"rendered":"Mas\u00f6z Tuba"},"content":{"rendered":"<div class=\"flex flex-grow flex-col max-w-full\">\n<div class=\"min-h-[20px] text-message flex flex-col items-start whitespace-pre-wrap break-words [.text-message+&amp;]:mt-5 juice:w-full juice:items-end overflow-x-auto gap-2\" dir=\"auto\" data-message-author-role=\"assistant\" data-message-id=\"a647ebd9-902a-4c8f-894a-854009efc0ed\">\n<div class=\"flex w-full flex-col gap-1 juice:empty:hidden juice:first:pt-[3px]\">\n<div class=\"markdown prose w-full break-words dark:prose-invert dark\">\n<h3>Mas\u00f6z Tuba<\/h3>\n<p><strong>Mas\u00f6z:<\/strong> <em>&#8220;Masaj\u0131n huzur veren dokunu\u015fu, Tuba&#8217;n\u0131n ellerinde hayat buluyor!&#8221;<\/em><\/p>\n<p>Mas\u00f6z Tuba, profesyonel masaj d\u00fcnyas\u0131nda fark yaratan bir isim. Y\u0131llar\u0131n deneyimi ve \u00f6zel teknikleriyle, bedeninize sadece rahatlama de\u011fil, yenilenme de sunuyor. Uzmanl\u0131k alan\u0131, v\u00fccut masaj\u0131ndan, derin dokuya kadar geni\u015f bir yelpazeyi kaps\u0131yor. Her bir masaj seans\u0131, ki\u015fiye \u00f6zel ihtiya\u00e7lara g\u00f6re \u015fekillendirilerek m\u00fckemmel bir terapiye d\u00f6n\u00fc\u015f\u00fcyor.<\/p>\n<p>Tuba, s\u0131cak elleri ve nazik dokunu\u015flar\u0131 ile fiziksel rahatlaman\u0131n yan\u0131 s\u0131ra, zihinsel huzuru da sa\u011fl\u0131yor. Stresten ar\u0131nm\u0131\u015f, enerjiyle dolmu\u015f bir bedeni tekrar ke\u015ffetmek isteyenler i\u00e7in ideal bir tercih. Hem sa\u011fl\u0131kl\u0131 bir ya\u015fam tarz\u0131n\u0131 destekleyen hem de gev\u015femenizi sa\u011flayan Mas\u00f6z Tuba, masaj\u0131n g\u00fcc\u00fcn\u00fc v\u00fccudunuza en iyi \u015fekilde hissettiriyor.<\/p>\n<p>Mas\u00f6z Tuba, deneyimli bir masaj terapistidir. Her masaj seans\u0131, \u00f6zel tekniklerle ki\u015fisel ihtiya\u00e7lara g\u00f6re uyarlanarak v\u00fccudunuzu rahatlat\u0131r ve zindelik kazand\u0131r\u0131r. Tuba&#8217;n\u0131n elleri, v\u00fccutta yenilenme ve huzur yarat\u0131r. Masaj sadece bir l\u00fcks de\u011fil, sa\u011fl\u0131kl\u0131 bir ya\u015fam\u0131n \u00f6nemli bir par\u00e7as\u0131d\u0131r.<\/p>\n<p><strong>Mutlu Masaj:<\/strong> &#8220;Mas\u00f6z Tuba ile deneyimledi\u011fim masaj, ger\u00e7ekten bir ba\u015fka. Sadece v\u00fccudumu rahatlatmakla kalmad\u0131, zihnimi de ar\u0131nd\u0131rd\u0131. Ellerindeki g\u00fc\u00e7, adeta t\u00fcm stresimi al\u0131p g\u00f6t\u00fcrd\u00fc. &#8216;Mutlu masaj&#8217; tam anlam\u0131yla bu olmal\u0131: bedeninize ve ruhunuza hitap eden bir terapi. Her seans sonras\u0131, kendimi yenilenmi\u015f hissediyorum. Tuba&#8217;n\u0131n ellerinde huzur bulmak isteyen herkese tavsiye ederim!&#8221;<\/p>\n<\/div>\n<\/div>\n<\/div>\n<\/div>\n","protected":false},"excerpt":{"rendered":"<div class=\"flex max-w-full flex-col flex-grow\">\n<div class=\"min-h-8 text-message flex w-full flex-col items-end gap-2 whitespace-normal break-words text-start [.text-message+&amp;]:mt-5\" dir=\"auto\" data-message-author-role=\"assistant\" data-message-id=\"909289c1-3f38-4125-a118-3759e6491844\" data-message-model-slug=\"gpt-4o-mini\">\n<div class=\"flex w-full flex-col gap-1 empty:hidden first:pt-[3px]\">\n<div class=\"markdown prose w-full break-words dark:prose-invert dark\">\n<div class=\"flex max-w-full flex-col flex-grow\">\n<div class=\"min-h-8 text-message flex w-full flex-col items-end gap-2 whitespace-normal break-words text-start [.text-message+&amp;]:mt-5\" dir=\"auto\" data-message-author-role=\"assistant\" data-message-id=\"4085f8e6-30c4-4dae-827f-ce34022d78a7\" data-message-model-slug=\"gpt-4o-mini\">\n<div class=\"flex w-full flex-col gap-1 empty:hidden first:pt-[3px]\">\n<div class=\"markdown prose w-full break-words dark:prose-invert dark\">\n<p><strong>Mas\u00f6z Tuba<\/strong><br \/>\nMas\u00f6z Tuba, rahatlamay\u0131 ve yenilenmeyi arayanlar i\u00e7in \u00f6zel bir deneyim sunuyor. Profesyonel yakla\u015f\u0131m\u0131 ve i\u00e7ten g\u00fcl\u00fc\u015f\u00fcyle, her masaj seans\u0131n\u0131 bir iyile\u015fme yolculu\u011funa d\u00f6n\u00fc\u015ft\u00fcr\u00fcr. Kaslardaki gerginlikleri ve stresinizi giderirken, ayn\u0131 zamanda zihinsel huzuru da yakalaman\u0131za yard\u0131mc\u0131 olur. Tuba&#8217;n\u0131n elinin dokunu\u015funda, rahatl\u0131k ve yenilenmenin keyfini \u00e7\u0131karabilirsiniz.<\/p>\n<p><strong>Mas\u00f6z:<\/strong><br \/>\n&#8220;Mas\u00f6z Tuba ile kendinizi yeniden ke\u015ffedin. Her dokunu\u015f, bir ad\u0131m daha huzura!&#8221;<\/p>\n<p><strong>Masaj ile \u0130lgili \u00d6zg\u00fcn Tan\u0131t\u0131m Yaz\u0131s\u0131:<\/strong><br \/>\nMasaj, bedeninize oldu\u011fu kadar ruhunuza da dokunan bir deneyimdir. Mas\u00f6z Tuba, her seans\u0131nda bu dengeyi m\u00fckemmel \u015fekilde kurarak size derin bir rahatl\u0131k sunuyor. Kas gerginliklerinden kurtulmak, kan dola\u015f\u0131m\u0131n\u0131 h\u0131zland\u0131rmak ve zihninizi dinlendirmek i\u00e7in masaj, en etkili yolculu\u011funuz olabilir. Tuba&#8217;n\u0131n teknikleri, sadece fiziksel de\u011fil, duygusal bir yenilenme de sa\u011flar. Huzurlu bir ortamda ge\u00e7irece\u011finiz her dakika, size bamba\u015fka bir d\u00fcnyay\u0131 ke\u015ffetme f\u0131rsat\u0131 verir.<\/p>\n<\/div>\n<\/div>\n<\/div>\n<\/div>\n<\/div>\n<\/div>\n<\/div>\n<\/div>\n","protected":false},"featured_media":0,"comment_status":"open","ping_status":"closed","template":"","meta":[],"product_brand":[],"product_cat":[15],"product_tag":[],"class_list":{"0":"post-2845","1":"product","2":"type-product","3":"status-publish","5":"product_cat-masajest","7":"first","8":"instock","9":"shipping-taxable","10":"product-type-simple"},"yoast_head":"<!-- This site is optimized with the Yoast SEO plugin v27.0 - https:\/\/yoast.com\/product\/yoast-seo-wordpress\/ -->\n<title>Mas\u00f6z Tuba - masajest.com<\/title>\n<meta name=\"robots\" content=\"index, follow, max-snippet:-1, max-image-preview:large, max-video-preview:-1\" \/>\n<link rel=\"canonical\" href=\"https:\/\/www.masajest.com\/masaj\/reklamlar\/masoz-tuba\/\" \/>\n<meta property=\"og:locale\" content=\"tr_TR\" \/>\n<meta property=\"og:type\" content=\"article\" \/>\n<meta property=\"og:title\" content=\"Mas\u00f6z Tuba - masajest.com\" \/>\n<meta property=\"og:description\" content=\"Mas\u00f6z Tuba Mas\u00f6z Tuba, rahatlamay\u0131 ve yenilenmeyi arayanlar i\u00e7in \u00f6zel bir deneyim sunuyor. Profesyonel yakla\u015f\u0131m\u0131 ve i\u00e7ten g\u00fcl\u00fc\u015f\u00fcyle, her masaj seans\u0131n\u0131 bir iyile\u015fme yolculu\u011funa d\u00f6n\u00fc\u015ft\u00fcr\u00fcr. Kaslardaki gerginlikleri ve stresinizi giderirken, ayn\u0131 zamanda zihinsel huzuru da yakalaman\u0131za yard\u0131mc\u0131 olur. Tuba&#039;n\u0131n elinin dokunu\u015funda, rahatl\u0131k ve yenilenmenin keyfini \u00e7\u0131karabilirsiniz.  Mas\u00f6z: &quot;Mas\u00f6z Tuba ile kendinizi yeniden ke\u015ffedin. Her dokunu\u015f, bir ad\u0131m daha huzura!&quot;  Masaj ile \u0130lgili \u00d6zg\u00fcn Tan\u0131t\u0131m Yaz\u0131s\u0131: Masaj, bedeninize oldu\u011fu kadar ruhunuza da dokunan bir deneyimdir. Mas\u00f6z Tuba, her seans\u0131nda bu dengeyi m\u00fckemmel \u015fekilde kurarak size derin bir rahatl\u0131k sunuyor. Kas gerginliklerinden kurtulmak, kan dola\u015f\u0131m\u0131n\u0131 h\u0131zland\u0131rmak ve zihninizi dinlendirmek i\u00e7in masaj, en etkili yolculu\u011funuz olabilir. Tuba&#039;n\u0131n teknikleri, sadece fiziksel de\u011fil, duygusal bir yenilenme de sa\u011flar. Huzurlu bir ortamda ge\u00e7irece\u011finiz her dakika, size bamba\u015fka bir d\u00fcnyay\u0131 ke\u015ffetme f\u0131rsat\u0131 verir.\" \/>\n<meta property=\"og:url\" content=\"https:\/\/www.masajest.com\/masaj\/reklamlar\/masoz-tuba\/\" \/>\n<meta property=\"og:site_name\" content=\"masajest.com\" \/>\n<meta name=\"twitter:card\" content=\"summary_large_image\" \/>\n<meta name=\"twitter:label1\" content=\"Tahmini okuma s\u00fcresi\" \/>\n\t<meta name=\"twitter:data1\" content=\"2 dakika\" \/>\n<script type=\"application\/ld+json\" class=\"yoast-schema-graph\">{\"@context\":\"https:\/\/schema.org\",\"@graph\":[{\"@type\":\"WebPage\",\"@id\":\"https:\/\/www.masajest.com\/masaj\/reklamlar\/masoz-tuba\/\",\"url\":\"https:\/\/www.masajest.com\/masaj\/reklamlar\/masoz-tuba\/\",\"name\":\"Mas\u00f6z Tuba - masajest.com\",\"isPartOf\":{\"@id\":\"https:\/\/www.masajest.com\/masaj\/#website\"},\"datePublished\":\"2025-02-12T14:59:58+00:00\",\"breadcrumb\":{\"@id\":\"https:\/\/www.masajest.com\/masaj\/reklamlar\/masoz-tuba\/#breadcrumb\"},\"inLanguage\":\"tr\",\"potentialAction\":[{\"@type\":\"ReadAction\",\"target\":[\"https:\/\/www.masajest.com\/masaj\/reklamlar\/masoz-tuba\/\"]}]},{\"@type\":\"BreadcrumbList\",\"@id\":\"https:\/\/www.masajest.com\/masaj\/reklamlar\/masoz-tuba\/#breadcrumb\",\"itemListElement\":[{\"@type\":\"ListItem\",\"position\":1,\"name\":\"Anasayfa\",\"item\":\"https:\/\/www.masajest.com\/masaj\/\"},{\"@type\":\"ListItem\",\"position\":2,\"name\":\"MASAJEST\",\"item\":\"https:\/\/www.masajest.com\/masaj\/masajest\/\"},{\"@type\":\"ListItem\",\"position\":3,\"name\":\"Mas\u00f6z Tuba\"}]},{\"@type\":\"WebSite\",\"@id\":\"https:\/\/www.masajest.com\/masaj\/#website\",\"url\":\"https:\/\/www.masajest.com\/masaj\/\",\"name\":\"masajest.com\",\"description\":\"masajest.com\",\"potentialAction\":[{\"@type\":\"SearchAction\",\"target\":{\"@type\":\"EntryPoint\",\"urlTemplate\":\"https:\/\/www.masajest.com\/masaj\/?s={search_term_string}\"},\"query-input\":{\"@type\":\"PropertyValueSpecification\",\"valueRequired\":true,\"valueName\":\"search_term_string\"}}],\"inLanguage\":\"tr\"}]}<\/script>\n<!-- \/ Yoast SEO plugin. -->","yoast_head_json":{"title":"Mas\u00f6z Tuba - masajest.com","robots":{"index":"index","follow":"follow","max-snippet":"max-snippet:-1","max-image-preview":"max-image-preview:large","max-video-preview":"max-video-preview:-1"},"canonical":"https:\/\/www.masajest.com\/masaj\/reklamlar\/masoz-tuba\/","og_locale":"tr_TR","og_type":"article","og_title":"Mas\u00f6z Tuba - masajest.com","og_description":"Mas\u00f6z Tuba Mas\u00f6z Tuba, rahatlamay\u0131 ve yenilenmeyi arayanlar i\u00e7in \u00f6zel bir deneyim sunuyor. Profesyonel yakla\u015f\u0131m\u0131 ve i\u00e7ten g\u00fcl\u00fc\u015f\u00fcyle, her masaj seans\u0131n\u0131 bir iyile\u015fme yolculu\u011funa d\u00f6n\u00fc\u015ft\u00fcr\u00fcr. Kaslardaki gerginlikleri ve stresinizi giderirken, ayn\u0131 zamanda zihinsel huzuru da yakalaman\u0131za yard\u0131mc\u0131 olur. Tuba'n\u0131n elinin dokunu\u015funda, rahatl\u0131k ve yenilenmenin keyfini \u00e7\u0131karabilirsiniz.  Mas\u00f6z: \"Mas\u00f6z Tuba ile kendinizi yeniden ke\u015ffedin. Her dokunu\u015f, bir ad\u0131m daha huzura!\"  Masaj ile \u0130lgili \u00d6zg\u00fcn Tan\u0131t\u0131m Yaz\u0131s\u0131: Masaj, bedeninize oldu\u011fu kadar ruhunuza da dokunan bir deneyimdir. Mas\u00f6z Tuba, her seans\u0131nda bu dengeyi m\u00fckemmel \u015fekilde kurarak size derin bir rahatl\u0131k sunuyor. Kas gerginliklerinden kurtulmak, kan dola\u015f\u0131m\u0131n\u0131 h\u0131zland\u0131rmak ve zihninizi dinlendirmek i\u00e7in masaj, en etkili yolculu\u011funuz olabilir. Tuba'n\u0131n teknikleri, sadece fiziksel de\u011fil, duygusal bir yenilenme de sa\u011flar. Huzurlu bir ortamda ge\u00e7irece\u011finiz her dakika, size bamba\u015fka bir d\u00fcnyay\u0131 ke\u015ffetme f\u0131rsat\u0131 verir.","og_url":"https:\/\/www.masajest.com\/masaj\/reklamlar\/masoz-tuba\/","og_site_name":"masajest.com","twitter_card":"summary_large_image","twitter_misc":{"Tahmini okuma s\u00fcresi":"2 dakika"},"schema":{"@context":"https:\/\/schema.org","@graph":[{"@type":"WebPage","@id":"https:\/\/www.masajest.com\/masaj\/reklamlar\/masoz-tuba\/","url":"https:\/\/www.masajest.com\/masaj\/reklamlar\/masoz-tuba\/","name":"Mas\u00f6z Tuba - masajest.com","isPartOf":{"@id":"https:\/\/www.masajest.com\/masaj\/#website"},"datePublished":"2025-02-12T14:59:58+00:00","breadcrumb":{"@id":"https:\/\/www.masajest.com\/masaj\/reklamlar\/masoz-tuba\/#breadcrumb"},"inLanguage":"tr","potentialAction":[{"@type":"ReadAction","target":["https:\/\/www.masajest.com\/masaj\/reklamlar\/masoz-tuba\/"]}]},{"@type":"BreadcrumbList","@id":"https:\/\/www.masajest.com\/masaj\/reklamlar\/masoz-tuba\/#breadcrumb","itemListElement":[{"@type":"ListItem","position":1,"name":"Anasayfa","item":"https:\/\/www.masajest.com\/masaj\/"},{"@type":"ListItem","position":2,"name":"MASAJEST","item":"https:\/\/www.masajest.com\/masaj\/masajest\/"},{"@type":"ListItem","position":3,"name":"Mas\u00f6z Tuba"}]},{"@type":"WebSite","@id":"https:\/\/www.masajest.com\/masaj\/#website","url":"https:\/\/www.masajest.com\/masaj\/","name":"masajest.com","description":"masajest.com","potentialAction":[{"@type":"SearchAction","target":{"@type":"EntryPoint","urlTemplate":"https:\/\/www.masajest.com\/masaj\/?s={search_term_string}"},"query-input":{"@type":"PropertyValueSpecification","valueRequired":true,"valueName":"search_term_string"}}],"inLanguage":"tr"}]}},"_links":{"self":[{"href":"https:\/\/www.masajest.com\/masaj\/wp-json\/wp\/v2\/product\/2845","targetHints":{"allow":["GET"]}}],"collection":[{"href":"https:\/\/www.masajest.com\/masaj\/wp-json\/wp\/v2\/product"}],"about":[{"href":"https:\/\/www.masajest.com\/masaj\/wp-json\/wp\/v2\/types\/product"}],"replies":[{"embeddable":true,"href":"https:\/\/www.masajest.com\/masaj\/wp-json\/wp\/v2\/comments?post=2845"}],"wp:attachment":[{"href":"https:\/\/www.masajest.com\/masaj\/wp-json\/wp\/v2\/media?parent=2845"}],"wp:term":[{"taxonomy":"product_brand","embeddable":true,"href":"https:\/\/www.masajest.com\/masaj\/wp-json\/wp\/v2\/product_brand?post=2845"},{"taxonomy":"product_cat","embeddable":true,"href":"https:\/\/www.masajest.com\/masaj\/wp-json\/wp\/v2\/product_cat?post=2845"},{"taxonomy":"product_tag","embeddable":true,"href":"https:\/\/www.masajest.com\/masaj\/wp-json\/wp\/v2\/product_tag?post=2845"}],"curies":[{"name":"wp","href":"https:\/\/api.w.org\/{rel}","templated":true}]}}