{"id":2840,"date":"2025-02-12T17:58:39","date_gmt":"2025-02-12T14:58:39","guid":{"rendered":"https:\/\/www.masajest.com\/masaj\/?post_type=product&#038;p=2840"},"modified":"2025-02-12T17:58:39","modified_gmt":"2025-02-12T14:58:39","slug":"masoz-belgin","status":"publish","type":"product","link":"https:\/\/www.masajest.com\/masaj\/reklamlar\/masoz-belgin\/","title":{"rendered":"Mas\u00f6z Belgin"},"content":{"rendered":"<div class=\"flex flex-grow flex-col max-w-full\">\n<div class=\"min-h-[20px] text-message flex flex-col items-start whitespace-pre-wrap break-words [.text-message+&amp;]:mt-5 juice:w-full juice:items-end overflow-x-auto gap-2\" dir=\"auto\" data-message-author-role=\"assistant\" data-message-id=\"001fc413-fdd4-4e70-85a0-055889dc45e5\">\n<div class=\"flex w-full flex-col gap-1 juice:empty:hidden juice:first:pt-[3px]\">\n<div class=\"markdown prose w-full break-words dark:prose-invert dark\">\n<h3>Mas\u00f6z Belgin: Ruhunuzu \u015e\u0131martan Dokunu\u015f<\/h3>\n<p>Mas\u00f6z Belgin, profesyonel masaj deneyimiyle stresinizi azaltmak, bedeninizi rahatlatmak ve zihninizi ar\u0131nd\u0131rmak i\u00e7in yan\u0131n\u0131zda. Kendine has teknikleri ve g\u00fc\u00e7l\u00fc elleriyle, her bir masaj seans\u0131 adeta bir terapiye d\u00f6n\u00fc\u015f\u00fcr. Farkl\u0131 masaj t\u00fcrleriyle ihtiya\u00e7lar\u0131n\u0131za g\u00f6re \u00f6zelle\u015ftirilmi\u015f hizmet sunan Belgin, rahatlama ve yenilenme konusunda en \u00fcst d\u00fczeyde bir deneyim vaat eder.<\/p>\n<p><strong>Mas\u00f6z:<\/strong> <em>&#8220;Bedeninizin huzuru, Belgin&#8217;in ellerinde ba\u015flar!&#8221;<\/em><\/p>\n<p>Mas\u00f6z Belgin, uzmanl\u0131k alan\u0131nda y\u0131llar\u0131n verdi\u011fi deneyime sahip, s\u0131cak ve samimi bir profesyoneldir. Her masaj\u0131, ki\u015fiye \u00f6zel bir tedavi gibi d\u00fc\u015f\u00fcn\u00fcl\u00fcp uygulan\u0131r. Masaj tekniklerinde derin doku, spor masaj\u0131, aromaterapi gibi bir\u00e7ok farkl\u0131 metodu ustal\u0131kla harmanlar. Belgin, sadece bedeninizi de\u011fil, ruhunuzu da dinlendirir.<\/p>\n<p>Mas\u00f6z Belgin&#8217;in &#8220;mutlu masaj&#8221; anlay\u0131\u015f\u0131, tam anlam\u0131yla bir ya\u015fam kalitesi art\u0131\u015f\u0131 sa\u011flar. Her seans sonras\u0131nda bedensel rahatl\u0131kla birlikte duygusal bir denge hissedersiniz. Masaj\u0131n sonunda kendinizi tazelenmi\u015f, enerjik ve huzurlu hissedersiniz. Zihninizi bo\u015falt\u0131rken, v\u00fccudunuzu da canland\u0131rman\u0131n en g\u00fczel yoludur. &#8220;Mutlu masaj&#8221; olarak adland\u0131rabilece\u011fimiz bu deneyim, Belgin&#8217;in uzman ellerinde adeta bir keyif halini al\u0131r.<\/p>\n<\/div>\n<\/div>\n<\/div>\n<\/div>\n","protected":false},"excerpt":{"rendered":"<div class=\"flex max-w-full flex-col flex-grow\">\n<div class=\"min-h-8 text-message flex w-full flex-col items-end gap-2 whitespace-normal break-words text-start [.text-message+&amp;]:mt-5\" dir=\"auto\" data-message-author-role=\"assistant\" data-message-id=\"b33eb7b1-da5d-4e1e-80e0-ce80fe406e7e\" data-message-model-slug=\"gpt-4o-mini\">\n<div class=\"flex w-full flex-col gap-1 empty:hidden first:pt-[3px]\">\n<div class=\"markdown prose w-full break-words dark:prose-invert dark\">\n<p><strong>Mas\u00f6z Belgin \u2013 Rahatlat\u0131c\u0131 ve Yenileyici Masaj\u0131n Ad\u0131<\/strong><br \/>\nMas\u00f6z Belgin, do\u011fall\u0131\u011f\u0131 ve m\u00fc\u015fteri odakl\u0131 yakla\u015f\u0131m\u0131 ile masaj deneyimini bir \u00fcst seviyeye ta\u015f\u0131yor. Uzmanca uygulad\u0131\u011f\u0131 tekniklerle bedeninizi rahatlat\u0131rken, zihninizi de sakinle\u015ftiriyor. Her biri titizlikle se\u00e7ilmi\u015f terap\u00f6tik masaj teknikleriyle hem fizyolojik hem de duygusal yenilenme sa\u011flayan Belgin, kendinizi tamamen yenilenmi\u015f hissetmenizi sa\u011fl\u0131yor.<\/p>\n<p><strong>Mas\u00f6z: <\/strong><em>&#8220;Her dokunu\u015fta huzur, her an\u0131nda yenilik.&#8221;<\/em><\/p>\n<p>Mas\u00f6z Belgin, sizi masaj\u0131n rahatlat\u0131c\u0131 d\u00fcnyas\u0131yla bulu\u015fturuyor. Uzman masaj teknikleri, bedensel gerginlikleri \u00e7\u00f6zerek, kaslardaki stresi etkili bir \u015fekilde al\u0131r. T\u00fcm v\u00fccuda yay\u0131lan rahatlama hissi, sadece fiziksel de\u011fil, duygusal bir yenilenmeye de kap\u0131 aralar. Belgin&#8217;in ki\u015fisel dokunu\u015flar\u0131, her seansta size \u00f6zel bir deneyim sunar; ve sonunda, kendinizi taze bir enerjiyle dolmu\u015f olarak bulursunuz. Masaj, sadece bir rahatlama de\u011fil, ayn\u0131 zamanda bir yeniden do\u011fu\u015ftur.<\/p>\n<\/div>\n<\/div>\n<\/div>\n<\/div>\n","protected":false},"featured_media":0,"comment_status":"open","ping_status":"closed","template":"","meta":[],"product_brand":[],"product_cat":[15],"product_tag":[],"class_list":{"0":"post-2840","1":"product","2":"type-product","3":"status-publish","5":"product_cat-masajest","7":"first","8":"instock","9":"shipping-taxable","10":"product-type-simple"},"yoast_head":"<!-- This site is optimized with the Yoast SEO plugin v27.0 - https:\/\/yoast.com\/product\/yoast-seo-wordpress\/ -->\n<title>Mas\u00f6z Belgin - masajest.com<\/title>\n<meta name=\"robots\" content=\"index, follow, max-snippet:-1, max-image-preview:large, max-video-preview:-1\" \/>\n<link rel=\"canonical\" href=\"https:\/\/www.masajest.com\/masaj\/reklamlar\/masoz-belgin\/\" \/>\n<meta property=\"og:locale\" content=\"tr_TR\" \/>\n<meta property=\"og:type\" content=\"article\" \/>\n<meta property=\"og:title\" content=\"Mas\u00f6z Belgin - masajest.com\" \/>\n<meta property=\"og:description\" content=\"Mas\u00f6z Belgin \u2013 Rahatlat\u0131c\u0131 ve Yenileyici Masaj\u0131n Ad\u0131 Mas\u00f6z Belgin, do\u011fall\u0131\u011f\u0131 ve m\u00fc\u015fteri odakl\u0131 yakla\u015f\u0131m\u0131 ile masaj deneyimini bir \u00fcst seviyeye ta\u015f\u0131yor. Uzmanca uygulad\u0131\u011f\u0131 tekniklerle bedeninizi rahatlat\u0131rken, zihninizi de sakinle\u015ftiriyor. Her biri titizlikle se\u00e7ilmi\u015f terap\u00f6tik masaj teknikleriyle hem fizyolojik hem de duygusal yenilenme sa\u011flayan Belgin, kendinizi tamamen yenilenmi\u015f hissetmenizi sa\u011fl\u0131yor.  Mas\u00f6z: &quot;Her dokunu\u015fta huzur, her an\u0131nda yenilik.&quot;  Mas\u00f6z Belgin, sizi masaj\u0131n rahatlat\u0131c\u0131 d\u00fcnyas\u0131yla bulu\u015fturuyor. Uzman masaj teknikleri, bedensel gerginlikleri \u00e7\u00f6zerek, kaslardaki stresi etkili bir \u015fekilde al\u0131r. T\u00fcm v\u00fccuda yay\u0131lan rahatlama hissi, sadece fiziksel de\u011fil, duygusal bir yenilenmeye de kap\u0131 aralar. Belgin&#039;in ki\u015fisel dokunu\u015flar\u0131, her seansta size \u00f6zel bir deneyim sunar; ve sonunda, kendinizi taze bir enerjiyle dolmu\u015f olarak bulursunuz. Masaj, sadece bir rahatlama de\u011fil, ayn\u0131 zamanda bir yeniden do\u011fu\u015ftur.\" \/>\n<meta property=\"og:url\" content=\"https:\/\/www.masajest.com\/masaj\/reklamlar\/masoz-belgin\/\" \/>\n<meta property=\"og:site_name\" content=\"masajest.com\" \/>\n<meta name=\"twitter:card\" content=\"summary_large_image\" \/>\n<meta name=\"twitter:label1\" content=\"Tahmini okuma s\u00fcresi\" \/>\n\t<meta name=\"twitter:data1\" content=\"1 dakika\" \/>\n<script type=\"application\/ld+json\" class=\"yoast-schema-graph\">{\"@context\":\"https:\/\/schema.org\",\"@graph\":[{\"@type\":\"WebPage\",\"@id\":\"https:\/\/www.masajest.com\/masaj\/reklamlar\/masoz-belgin\/\",\"url\":\"https:\/\/www.masajest.com\/masaj\/reklamlar\/masoz-belgin\/\",\"name\":\"Mas\u00f6z Belgin - masajest.com\",\"isPartOf\":{\"@id\":\"https:\/\/www.masajest.com\/masaj\/#website\"},\"datePublished\":\"2025-02-12T14:58:39+00:00\",\"breadcrumb\":{\"@id\":\"https:\/\/www.masajest.com\/masaj\/reklamlar\/masoz-belgin\/#breadcrumb\"},\"inLanguage\":\"tr\",\"potentialAction\":[{\"@type\":\"ReadAction\",\"target\":[\"https:\/\/www.masajest.com\/masaj\/reklamlar\/masoz-belgin\/\"]}]},{\"@type\":\"BreadcrumbList\",\"@id\":\"https:\/\/www.masajest.com\/masaj\/reklamlar\/masoz-belgin\/#breadcrumb\",\"itemListElement\":[{\"@type\":\"ListItem\",\"position\":1,\"name\":\"Anasayfa\",\"item\":\"https:\/\/www.masajest.com\/masaj\/\"},{\"@type\":\"ListItem\",\"position\":2,\"name\":\"MASAJEST\",\"item\":\"https:\/\/www.masajest.com\/masaj\/masajest\/\"},{\"@type\":\"ListItem\",\"position\":3,\"name\":\"Mas\u00f6z Belgin\"}]},{\"@type\":\"WebSite\",\"@id\":\"https:\/\/www.masajest.com\/masaj\/#website\",\"url\":\"https:\/\/www.masajest.com\/masaj\/\",\"name\":\"masajest.com\",\"description\":\"masajest.com\",\"potentialAction\":[{\"@type\":\"SearchAction\",\"target\":{\"@type\":\"EntryPoint\",\"urlTemplate\":\"https:\/\/www.masajest.com\/masaj\/?s={search_term_string}\"},\"query-input\":{\"@type\":\"PropertyValueSpecification\",\"valueRequired\":true,\"valueName\":\"search_term_string\"}}],\"inLanguage\":\"tr\"}]}<\/script>\n<!-- \/ Yoast SEO plugin. -->","yoast_head_json":{"title":"Mas\u00f6z Belgin - masajest.com","robots":{"index":"index","follow":"follow","max-snippet":"max-snippet:-1","max-image-preview":"max-image-preview:large","max-video-preview":"max-video-preview:-1"},"canonical":"https:\/\/www.masajest.com\/masaj\/reklamlar\/masoz-belgin\/","og_locale":"tr_TR","og_type":"article","og_title":"Mas\u00f6z Belgin - masajest.com","og_description":"Mas\u00f6z Belgin \u2013 Rahatlat\u0131c\u0131 ve Yenileyici Masaj\u0131n Ad\u0131 Mas\u00f6z Belgin, do\u011fall\u0131\u011f\u0131 ve m\u00fc\u015fteri odakl\u0131 yakla\u015f\u0131m\u0131 ile masaj deneyimini bir \u00fcst seviyeye ta\u015f\u0131yor. Uzmanca uygulad\u0131\u011f\u0131 tekniklerle bedeninizi rahatlat\u0131rken, zihninizi de sakinle\u015ftiriyor. Her biri titizlikle se\u00e7ilmi\u015f terap\u00f6tik masaj teknikleriyle hem fizyolojik hem de duygusal yenilenme sa\u011flayan Belgin, kendinizi tamamen yenilenmi\u015f hissetmenizi sa\u011fl\u0131yor.  Mas\u00f6z: \"Her dokunu\u015fta huzur, her an\u0131nda yenilik.\"  Mas\u00f6z Belgin, sizi masaj\u0131n rahatlat\u0131c\u0131 d\u00fcnyas\u0131yla bulu\u015fturuyor. Uzman masaj teknikleri, bedensel gerginlikleri \u00e7\u00f6zerek, kaslardaki stresi etkili bir \u015fekilde al\u0131r. T\u00fcm v\u00fccuda yay\u0131lan rahatlama hissi, sadece fiziksel de\u011fil, duygusal bir yenilenmeye de kap\u0131 aralar. Belgin'in ki\u015fisel dokunu\u015flar\u0131, her seansta size \u00f6zel bir deneyim sunar; ve sonunda, kendinizi taze bir enerjiyle dolmu\u015f olarak bulursunuz. Masaj, sadece bir rahatlama de\u011fil, ayn\u0131 zamanda bir yeniden do\u011fu\u015ftur.","og_url":"https:\/\/www.masajest.com\/masaj\/reklamlar\/masoz-belgin\/","og_site_name":"masajest.com","twitter_card":"summary_large_image","twitter_misc":{"Tahmini okuma s\u00fcresi":"1 dakika"},"schema":{"@context":"https:\/\/schema.org","@graph":[{"@type":"WebPage","@id":"https:\/\/www.masajest.com\/masaj\/reklamlar\/masoz-belgin\/","url":"https:\/\/www.masajest.com\/masaj\/reklamlar\/masoz-belgin\/","name":"Mas\u00f6z Belgin - masajest.com","isPartOf":{"@id":"https:\/\/www.masajest.com\/masaj\/#website"},"datePublished":"2025-02-12T14:58:39+00:00","breadcrumb":{"@id":"https:\/\/www.masajest.com\/masaj\/reklamlar\/masoz-belgin\/#breadcrumb"},"inLanguage":"tr","potentialAction":[{"@type":"ReadAction","target":["https:\/\/www.masajest.com\/masaj\/reklamlar\/masoz-belgin\/"]}]},{"@type":"BreadcrumbList","@id":"https:\/\/www.masajest.com\/masaj\/reklamlar\/masoz-belgin\/#breadcrumb","itemListElement":[{"@type":"ListItem","position":1,"name":"Anasayfa","item":"https:\/\/www.masajest.com\/masaj\/"},{"@type":"ListItem","position":2,"name":"MASAJEST","item":"https:\/\/www.masajest.com\/masaj\/masajest\/"},{"@type":"ListItem","position":3,"name":"Mas\u00f6z Belgin"}]},{"@type":"WebSite","@id":"https:\/\/www.masajest.com\/masaj\/#website","url":"https:\/\/www.masajest.com\/masaj\/","name":"masajest.com","description":"masajest.com","potentialAction":[{"@type":"SearchAction","target":{"@type":"EntryPoint","urlTemplate":"https:\/\/www.masajest.com\/masaj\/?s={search_term_string}"},"query-input":{"@type":"PropertyValueSpecification","valueRequired":true,"valueName":"search_term_string"}}],"inLanguage":"tr"}]}},"_links":{"self":[{"href":"https:\/\/www.masajest.com\/masaj\/wp-json\/wp\/v2\/product\/2840","targetHints":{"allow":["GET"]}}],"collection":[{"href":"https:\/\/www.masajest.com\/masaj\/wp-json\/wp\/v2\/product"}],"about":[{"href":"https:\/\/www.masajest.com\/masaj\/wp-json\/wp\/v2\/types\/product"}],"replies":[{"embeddable":true,"href":"https:\/\/www.masajest.com\/masaj\/wp-json\/wp\/v2\/comments?post=2840"}],"wp:attachment":[{"href":"https:\/\/www.masajest.com\/masaj\/wp-json\/wp\/v2\/media?parent=2840"}],"wp:term":[{"taxonomy":"product_brand","embeddable":true,"href":"https:\/\/www.masajest.com\/masaj\/wp-json\/wp\/v2\/product_brand?post=2840"},{"taxonomy":"product_cat","embeddable":true,"href":"https:\/\/www.masajest.com\/masaj\/wp-json\/wp\/v2\/product_cat?post=2840"},{"taxonomy":"product_tag","embeddable":true,"href":"https:\/\/www.masajest.com\/masaj\/wp-json\/wp\/v2\/product_tag?post=2840"}],"curies":[{"name":"wp","href":"https:\/\/api.w.org\/{rel}","templated":true}]}}