{"id":2839,"date":"2025-02-12T17:57:09","date_gmt":"2025-02-12T14:57:09","guid":{"rendered":"https:\/\/www.masajest.com\/masaj\/?post_type=product&#038;p=2839"},"modified":"2025-02-12T17:57:09","modified_gmt":"2025-02-12T14:57:09","slug":"masoz-pelin","status":"publish","type":"product","link":"https:\/\/www.masajest.com\/masaj\/reklamlar\/masoz-pelin\/","title":{"rendered":"Mas\u00f6z Pelin"},"content":{"rendered":"<div class=\"flex flex-grow flex-col max-w-full\">\n<div class=\"min-h-[20px] text-message flex flex-col items-start whitespace-pre-wrap break-words [.text-message+&amp;]:mt-5 juice:w-full juice:items-end overflow-x-auto gap-2\" dir=\"auto\" data-message-author-role=\"assistant\" data-message-id=\"f8b3eb61-30c7-4571-b47a-9c85fcc9d59a\">\n<div class=\"flex w-full flex-col gap-1 juice:empty:hidden juice:first:pt-[3px]\">\n<div class=\"markdown prose w-full break-words dark:prose-invert dark\">\n<h3>Mas\u00f6z Pelin: Ruhunuza Dokunan Bir Masaj Deneyimi<\/h3>\n<p><strong>Mas\u00f6z:<\/strong> &#8220;Masaj\u0131n en g\u00fczel hali, Pelin&#8217;le ba\u015flar!&#8221;<\/p>\n<p>Mas\u00f6z Pelin, y\u0131llar\u0131n deneyimiyle masaj sanat\u0131na hayat kat\u0131yor. Profesyonel yakla\u015f\u0131m\u0131 ve nazik elleriyle, her m\u00fc\u015fterisini rahatlatmak i\u00e7in \u00f6zveriyle \u00e7al\u0131\u015f\u0131yor. V\u00fccut ve zihin sa\u011fl\u0131\u011f\u0131n\u0131 birle\u015ftirerek, sadece fiziksel rahatlama de\u011fil, duygusal bir yenilenme de sunuyor. Farkl\u0131 masaj teknikleri ile her ihtiyaca y\u00f6nelik \u00e7\u00f6z\u00fcmler \u00fcreten Pelin, sizi g\u00fcnl\u00fck hayat\u0131n stresinden uzakla\u015ft\u0131r\u0131p, huzuru bulman\u0131z i\u00e7in e\u015fsiz bir f\u0131rsat sunuyor.<\/p>\n<p>&#8220;Mas\u00f6z Pelin ile ge\u00e7irdi\u011fim her seans sonras\u0131nda sadece fiziksel de\u011fil, ruhsal olarak da hafiflemi\u015f hissediyorum. Ellerinin rahatlat\u0131c\u0131 etkisi ger\u00e7ekten inan\u0131lmaz. Sadece masaj de\u011fil, bir terapi deneyimi. Pelin sayesinde stresimden uzakla\u015f\u0131p, i\u00e7sel huzuru buluyorum. Kesinlikle \u00f6neririm!&#8221;<\/p>\n<\/div>\n<\/div>\n<\/div>\n<\/div>\n","protected":false},"excerpt":{"rendered":"<div class=\"flex max-w-full flex-col flex-grow\">\n<div class=\"min-h-8 text-message flex w-full flex-col items-end gap-2 whitespace-normal break-words text-start [.text-message+&amp;]:mt-5\" dir=\"auto\" data-message-author-role=\"assistant\" data-message-id=\"f6461feb-adf7-4092-9089-782fcf455971\" data-message-model-slug=\"gpt-4o-mini\">\n<div class=\"flex w-full flex-col gap-1 empty:hidden first:pt-[3px]\">\n<div class=\"markdown prose w-full break-words dark:prose-invert dark\">\n<p><strong>Mas\u00f6z Pelin<\/strong>:<\/p>\n<p>Mas\u00f6z Pelin, rahatlat\u0131c\u0131 dokunu\u015flar\u0131yla bedeninizi ve zihninizi ar\u0131nd\u0131rarak huzurlu bir deneyim sunuyor. Yetenekleri ve profesyonel yakla\u015f\u0131m\u0131 sayesinde, her bir masaj\u0131 ki\u015fiye \u00f6zel olarak tasarl\u0131yor. Fiziksel rahatlama sa\u011flarken, duygusal olarak da yeniden do\u011fmu\u015f gibi hissedeceksiniz.<\/p>\n<p><strong>Mas\u00f6z<\/strong>: <em>&#8220;Pelin&#8217;le rahatlay\u0131n, stresten ar\u0131n\u0131n! Her dokunu\u015funda huzuru bulacaks\u0131n\u0131z.&#8221;<\/em><\/p>\n<p>Masaj, sadece bir gev\u015feme arac\u0131 de\u011fil, bedenin do\u011fal dengesini yeniden kazanmas\u0131 i\u00e7in bir yolculuktur. Mas\u00f6z Pelin\u2019in uzman elleriyle ald\u0131\u011f\u0131n\u0131z her masaj, hem bedensel hem de ruhsal bir yenilenme sa\u011flar. Derin doku masaj\u0131ndan, hafif rahatlat\u0131c\u0131 dokunu\u015flara kadar, ihtiyac\u0131n\u0131za uygun terapiler sunar. Sadece v\u00fccudunuzu de\u011fil, zihninizi de dinlendirir ve sizi g\u00fcnl\u00fck ya\u015fam\u0131n stresinden uzakla\u015ft\u0131r\u0131r. Huzurlu bir zihin ve rahat bir beden i\u00e7in Pelin\u2019in masaj terapilerini deneyimleyin.<\/p>\n<\/div>\n<\/div>\n<\/div>\n<\/div>\n","protected":false},"featured_media":0,"comment_status":"open","ping_status":"closed","template":"","meta":[],"product_brand":[],"product_cat":[15],"product_tag":[],"class_list":{"0":"post-2839","1":"product","2":"type-product","3":"status-publish","5":"product_cat-masajest","7":"first","8":"instock","9":"shipping-taxable","10":"product-type-simple"},"yoast_head":"<!-- This site is optimized with the Yoast SEO plugin v27.0 - https:\/\/yoast.com\/product\/yoast-seo-wordpress\/ -->\n<title>Mas\u00f6z Pelin - masajest.com<\/title>\n<meta name=\"robots\" content=\"index, follow, max-snippet:-1, max-image-preview:large, max-video-preview:-1\" \/>\n<link rel=\"canonical\" href=\"https:\/\/www.masajest.com\/masaj\/reklamlar\/masoz-pelin\/\" \/>\n<meta property=\"og:locale\" content=\"tr_TR\" \/>\n<meta property=\"og:type\" content=\"article\" \/>\n<meta property=\"og:title\" content=\"Mas\u00f6z Pelin - masajest.com\" \/>\n<meta property=\"og:description\" content=\"Mas\u00f6z Pelin:  Mas\u00f6z Pelin, rahatlat\u0131c\u0131 dokunu\u015flar\u0131yla bedeninizi ve zihninizi ar\u0131nd\u0131rarak huzurlu bir deneyim sunuyor. Yetenekleri ve profesyonel yakla\u015f\u0131m\u0131 sayesinde, her bir masaj\u0131 ki\u015fiye \u00f6zel olarak tasarl\u0131yor. Fiziksel rahatlama sa\u011flarken, duygusal olarak da yeniden do\u011fmu\u015f gibi hissedeceksiniz.  Mas\u00f6z: &quot;Pelin&#039;le rahatlay\u0131n, stresten ar\u0131n\u0131n! Her dokunu\u015funda huzuru bulacaks\u0131n\u0131z.&quot;  Masaj, sadece bir gev\u015feme arac\u0131 de\u011fil, bedenin do\u011fal dengesini yeniden kazanmas\u0131 i\u00e7in bir yolculuktur. Mas\u00f6z Pelin\u2019in uzman elleriyle ald\u0131\u011f\u0131n\u0131z her masaj, hem bedensel hem de ruhsal bir yenilenme sa\u011flar. Derin doku masaj\u0131ndan, hafif rahatlat\u0131c\u0131 dokunu\u015flara kadar, ihtiyac\u0131n\u0131za uygun terapiler sunar. Sadece v\u00fccudunuzu de\u011fil, zihninizi de dinlendirir ve sizi g\u00fcnl\u00fck ya\u015fam\u0131n stresinden uzakla\u015ft\u0131r\u0131r. Huzurlu bir zihin ve rahat bir beden i\u00e7in Pelin\u2019in masaj terapilerini deneyimleyin.\" \/>\n<meta property=\"og:url\" content=\"https:\/\/www.masajest.com\/masaj\/reklamlar\/masoz-pelin\/\" \/>\n<meta property=\"og:site_name\" content=\"masajest.com\" \/>\n<meta name=\"twitter:card\" content=\"summary_large_image\" \/>\n<meta name=\"twitter:label1\" content=\"Tahmini okuma s\u00fcresi\" \/>\n\t<meta name=\"twitter:data1\" content=\"1 dakika\" \/>\n<script type=\"application\/ld+json\" class=\"yoast-schema-graph\">{\"@context\":\"https:\/\/schema.org\",\"@graph\":[{\"@type\":\"WebPage\",\"@id\":\"https:\/\/www.masajest.com\/masaj\/reklamlar\/masoz-pelin\/\",\"url\":\"https:\/\/www.masajest.com\/masaj\/reklamlar\/masoz-pelin\/\",\"name\":\"Mas\u00f6z Pelin - masajest.com\",\"isPartOf\":{\"@id\":\"https:\/\/www.masajest.com\/masaj\/#website\"},\"datePublished\":\"2025-02-12T14:57:09+00:00\",\"breadcrumb\":{\"@id\":\"https:\/\/www.masajest.com\/masaj\/reklamlar\/masoz-pelin\/#breadcrumb\"},\"inLanguage\":\"tr\",\"potentialAction\":[{\"@type\":\"ReadAction\",\"target\":[\"https:\/\/www.masajest.com\/masaj\/reklamlar\/masoz-pelin\/\"]}]},{\"@type\":\"BreadcrumbList\",\"@id\":\"https:\/\/www.masajest.com\/masaj\/reklamlar\/masoz-pelin\/#breadcrumb\",\"itemListElement\":[{\"@type\":\"ListItem\",\"position\":1,\"name\":\"Anasayfa\",\"item\":\"https:\/\/www.masajest.com\/masaj\/\"},{\"@type\":\"ListItem\",\"position\":2,\"name\":\"MASAJEST\",\"item\":\"https:\/\/www.masajest.com\/masaj\/masajest\/\"},{\"@type\":\"ListItem\",\"position\":3,\"name\":\"Mas\u00f6z Pelin\"}]},{\"@type\":\"WebSite\",\"@id\":\"https:\/\/www.masajest.com\/masaj\/#website\",\"url\":\"https:\/\/www.masajest.com\/masaj\/\",\"name\":\"masajest.com\",\"description\":\"masajest.com\",\"potentialAction\":[{\"@type\":\"SearchAction\",\"target\":{\"@type\":\"EntryPoint\",\"urlTemplate\":\"https:\/\/www.masajest.com\/masaj\/?s={search_term_string}\"},\"query-input\":{\"@type\":\"PropertyValueSpecification\",\"valueRequired\":true,\"valueName\":\"search_term_string\"}}],\"inLanguage\":\"tr\"}]}<\/script>\n<!-- \/ Yoast SEO plugin. -->","yoast_head_json":{"title":"Mas\u00f6z Pelin - masajest.com","robots":{"index":"index","follow":"follow","max-snippet":"max-snippet:-1","max-image-preview":"max-image-preview:large","max-video-preview":"max-video-preview:-1"},"canonical":"https:\/\/www.masajest.com\/masaj\/reklamlar\/masoz-pelin\/","og_locale":"tr_TR","og_type":"article","og_title":"Mas\u00f6z Pelin - masajest.com","og_description":"Mas\u00f6z Pelin:  Mas\u00f6z Pelin, rahatlat\u0131c\u0131 dokunu\u015flar\u0131yla bedeninizi ve zihninizi ar\u0131nd\u0131rarak huzurlu bir deneyim sunuyor. Yetenekleri ve profesyonel yakla\u015f\u0131m\u0131 sayesinde, her bir masaj\u0131 ki\u015fiye \u00f6zel olarak tasarl\u0131yor. Fiziksel rahatlama sa\u011flarken, duygusal olarak da yeniden do\u011fmu\u015f gibi hissedeceksiniz.  Mas\u00f6z: \"Pelin'le rahatlay\u0131n, stresten ar\u0131n\u0131n! Her dokunu\u015funda huzuru bulacaks\u0131n\u0131z.\"  Masaj, sadece bir gev\u015feme arac\u0131 de\u011fil, bedenin do\u011fal dengesini yeniden kazanmas\u0131 i\u00e7in bir yolculuktur. Mas\u00f6z Pelin\u2019in uzman elleriyle ald\u0131\u011f\u0131n\u0131z her masaj, hem bedensel hem de ruhsal bir yenilenme sa\u011flar. Derin doku masaj\u0131ndan, hafif rahatlat\u0131c\u0131 dokunu\u015flara kadar, ihtiyac\u0131n\u0131za uygun terapiler sunar. Sadece v\u00fccudunuzu de\u011fil, zihninizi de dinlendirir ve sizi g\u00fcnl\u00fck ya\u015fam\u0131n stresinden uzakla\u015ft\u0131r\u0131r. Huzurlu bir zihin ve rahat bir beden i\u00e7in Pelin\u2019in masaj terapilerini deneyimleyin.","og_url":"https:\/\/www.masajest.com\/masaj\/reklamlar\/masoz-pelin\/","og_site_name":"masajest.com","twitter_card":"summary_large_image","twitter_misc":{"Tahmini okuma s\u00fcresi":"1 dakika"},"schema":{"@context":"https:\/\/schema.org","@graph":[{"@type":"WebPage","@id":"https:\/\/www.masajest.com\/masaj\/reklamlar\/masoz-pelin\/","url":"https:\/\/www.masajest.com\/masaj\/reklamlar\/masoz-pelin\/","name":"Mas\u00f6z Pelin - masajest.com","isPartOf":{"@id":"https:\/\/www.masajest.com\/masaj\/#website"},"datePublished":"2025-02-12T14:57:09+00:00","breadcrumb":{"@id":"https:\/\/www.masajest.com\/masaj\/reklamlar\/masoz-pelin\/#breadcrumb"},"inLanguage":"tr","potentialAction":[{"@type":"ReadAction","target":["https:\/\/www.masajest.com\/masaj\/reklamlar\/masoz-pelin\/"]}]},{"@type":"BreadcrumbList","@id":"https:\/\/www.masajest.com\/masaj\/reklamlar\/masoz-pelin\/#breadcrumb","itemListElement":[{"@type":"ListItem","position":1,"name":"Anasayfa","item":"https:\/\/www.masajest.com\/masaj\/"},{"@type":"ListItem","position":2,"name":"MASAJEST","item":"https:\/\/www.masajest.com\/masaj\/masajest\/"},{"@type":"ListItem","position":3,"name":"Mas\u00f6z Pelin"}]},{"@type":"WebSite","@id":"https:\/\/www.masajest.com\/masaj\/#website","url":"https:\/\/www.masajest.com\/masaj\/","name":"masajest.com","description":"masajest.com","potentialAction":[{"@type":"SearchAction","target":{"@type":"EntryPoint","urlTemplate":"https:\/\/www.masajest.com\/masaj\/?s={search_term_string}"},"query-input":{"@type":"PropertyValueSpecification","valueRequired":true,"valueName":"search_term_string"}}],"inLanguage":"tr"}]}},"_links":{"self":[{"href":"https:\/\/www.masajest.com\/masaj\/wp-json\/wp\/v2\/product\/2839","targetHints":{"allow":["GET"]}}],"collection":[{"href":"https:\/\/www.masajest.com\/masaj\/wp-json\/wp\/v2\/product"}],"about":[{"href":"https:\/\/www.masajest.com\/masaj\/wp-json\/wp\/v2\/types\/product"}],"replies":[{"embeddable":true,"href":"https:\/\/www.masajest.com\/masaj\/wp-json\/wp\/v2\/comments?post=2839"}],"wp:attachment":[{"href":"https:\/\/www.masajest.com\/masaj\/wp-json\/wp\/v2\/media?parent=2839"}],"wp:term":[{"taxonomy":"product_brand","embeddable":true,"href":"https:\/\/www.masajest.com\/masaj\/wp-json\/wp\/v2\/product_brand?post=2839"},{"taxonomy":"product_cat","embeddable":true,"href":"https:\/\/www.masajest.com\/masaj\/wp-json\/wp\/v2\/product_cat?post=2839"},{"taxonomy":"product_tag","embeddable":true,"href":"https:\/\/www.masajest.com\/masaj\/wp-json\/wp\/v2\/product_tag?post=2839"}],"curies":[{"name":"wp","href":"https:\/\/api.w.org\/{rel}","templated":true}]}}