{"id":2804,"date":"2025-01-14T15:31:23","date_gmt":"2025-01-14T12:31:23","guid":{"rendered":"https:\/\/www.masajest.com\/masaj\/?post_type=product&#038;p=2804"},"modified":"2025-02-12T19:08:12","modified_gmt":"2025-02-12T16:08:12","slug":"bingol-masaj-salonu","status":"publish","type":"product","link":"https:\/\/www.masajest.com\/masaj\/reklamlar\/bingol-masaj-salonu\/","title":{"rendered":"Bing\u00f6l Masaj Salonu"},"content":{"rendered":"<p><strong>Bing\u00f6l Masaj Salonu: Rahatlat\u0131c\u0131 Bir Deneyim<\/strong><\/p>\n<p>Bing\u00f6l Masaj Salonu, stresin ve yorgunlu\u011fun etkilerinden kurtulmak i\u00e7in ideal bir yerdir. Profesyonel masaj terapistleriyle sundu\u011fu \u00e7e\u015fitli masaj se\u00e7enekleri, hem bedeninizi hem de ruhunuzu yeniler. Her bireyin ihtiyac\u0131na g\u00f6re \u00f6zelle\u015ftirilmi\u015f masaj teknikleri, sizi g\u00fcnl\u00fck ya\u015fam\u0131n zorluklar\u0131ndan uzakla\u015ft\u0131rarak tamamen rahatlaman\u0131z\u0131 sa\u011flar.<\/p>\n<p><strong>&#8220;Bing\u00f6l Masaj Salonu ile Yenilenin, Do\u011fall\u0131\u011f\u0131n\u0131z\u0131 Ke\u015ffedin!&#8221;<\/strong><\/p>\n<p>Bing\u00f6l Masaj Salonu, sundu\u011fu farkl\u0131 masaj hizmetleri ile her ya\u015ftan ve ihtiyaca hitap eder. S\u0131rt a\u011fr\u0131lar\u0131ndan kas gerginliklerine kadar bir\u00e7ok \u015fikayeti hafifletmeye yard\u0131mc\u0131 olur. Uzman terapistler, do\u011frudan v\u00fccudunuza odaklanarak fiziksel ve zihinsel bir rahatlama s\u00fcreci sunar. Salonda kullan\u0131lan do\u011fal ya\u011flar ve rahatlat\u0131c\u0131 ortam, t\u00fcm stresinizi geride b\u0131rakman\u0131za olanak tan\u0131r.<\/p>\n<p>Bir\u00e7ok ki\u015fi, Bing\u00f6l Masaj Salonu&#8217;ndaki deneyimlerini &#8220;mutlu masaj&#8221; olarak tan\u0131ml\u0131yor. Sadece bedensel de\u011fil, ayn\u0131 zamanda ruhsal bir huzur ve dinginlik sa\u011flayan masajlar, m\u00fc\u015fterilerin i\u00e7sel dengeye kavu\u015fmalar\u0131n\u0131 sa\u011fl\u0131yor. Masaj sonras\u0131 v\u00fccut a\u011fr\u0131lar\u0131ndan kurtulmakla kalmay\u0131p, zihinsel olarak da yenilenmi\u015f hissediyorlar. &#8220;Mutlu masaj&#8221; bu salonun sundu\u011fu rahatl\u0131k ve huzurun bir sembol\u00fcd\u00fcr, \u00e7\u00fcnk\u00fc her seans sonras\u0131nda, m\u00fc\u015fteriler sadece rahatlamakla kalmaz, ayn\u0131 zamanda g\u00fcnl\u00fck hayat\u0131n stresinden uzakla\u015farak kendilerini daha iyi hissederler.<\/p>\n","protected":false},"excerpt":{"rendered":"<p><strong>Bing\u00f6l Masaj Salonu<\/strong>:<br \/>\nBing\u00f6l&#8217;de huzur ve rahatlaman\u0131n adresi olan salonumuz, uzman terapistlerimizle size en kaliteli masaj deneyimini sunuyor. V\u00fccut ve zihin sa\u011fl\u0131\u011f\u0131n\u0131z\u0131 dengelemek i\u00e7in \u00e7e\u015fitli masaj tekniklerini profesyonelce uyguluyoruz.<\/p>\n<p>&#8220;Bing\u00f6l Masaj Salonu&#8217;nda, rahatlaman\u0131n ve yenilenmenin keyfini \u00e7\u0131kar\u0131n!&#8221;<\/p>\n<p>Masaj, hem bedensel hem de ruhsal rahatlama sa\u011flayan bir terapi \u015feklidir. Bing\u00f6l Masaj Salonu, her bir m\u00fc\u015fterisine \u00f6zel olarak sundu\u011fu masaj hizmetleriyle gerginli\u011fi ve stresi ortadan kald\u0131r\u0131r. Sadece kaslar\u0131n\u0131z\u0131 de\u011fil, zihninizi de dinlendiren farkl\u0131 masaj se\u00e7enekleri ile v\u00fccudunuzda derin bir rahatlama hissedersiniz. Profesyonel ekibimiz, sizin ihtiya\u00e7lar\u0131n\u0131za uygun masaj teknikleriyle, sa\u011fl\u0131\u011f\u0131n\u0131za katk\u0131 sa\u011flar ve sizi yenileyerek tekrar enerji dolu hissetmenizi sa\u011flar.<\/p>\n","protected":false},"featured_media":2955,"comment_status":"open","ping_status":"closed","template":"","meta":[],"product_brand":[],"product_cat":[15,192],"product_tag":[194],"class_list":{"0":"post-2804","1":"product","2":"type-product","3":"status-publish","4":"has-post-thumbnail","6":"product_cat-masajest","7":"product_cat-masaj-salonu","8":"product_tag-masaj-salonu","10":"first","11":"instock","12":"shipping-taxable","13":"product-type-simple"},"yoast_head":"<!-- This site is optimized with the Yoast SEO plugin v27.0 - https:\/\/yoast.com\/product\/yoast-seo-wordpress\/ -->\n<title>Bing\u00f6l Masaj Salonu - masajest.com<\/title>\n<meta name=\"robots\" content=\"index, follow, max-snippet:-1, max-image-preview:large, max-video-preview:-1\" \/>\n<link rel=\"canonical\" href=\"https:\/\/www.masajest.com\/masaj\/reklamlar\/bingol-masaj-salonu\/\" \/>\n<meta property=\"og:locale\" content=\"tr_TR\" \/>\n<meta property=\"og:type\" content=\"article\" \/>\n<meta property=\"og:title\" content=\"Bing\u00f6l Masaj Salonu - masajest.com\" \/>\n<meta property=\"og:description\" content=\"Bing\u00f6l Masaj Salonu: Bing\u00f6l&#039;de huzur ve rahatlaman\u0131n adresi olan salonumuz, uzman terapistlerimizle size en kaliteli masaj deneyimini sunuyor. V\u00fccut ve zihin sa\u011fl\u0131\u011f\u0131n\u0131z\u0131 dengelemek i\u00e7in \u00e7e\u015fitli masaj tekniklerini profesyonelce uyguluyoruz.  &quot;Bing\u00f6l Masaj Salonu&#039;nda, rahatlaman\u0131n ve yenilenmenin keyfini \u00e7\u0131kar\u0131n!&quot;  Masaj, hem bedensel hem de ruhsal rahatlama sa\u011flayan bir terapi \u015feklidir. Bing\u00f6l Masaj Salonu, her bir m\u00fc\u015fterisine \u00f6zel olarak sundu\u011fu masaj hizmetleriyle gerginli\u011fi ve stresi ortadan kald\u0131r\u0131r. Sadece kaslar\u0131n\u0131z\u0131 de\u011fil, zihninizi de dinlendiren farkl\u0131 masaj se\u00e7enekleri ile v\u00fccudunuzda derin bir rahatlama hissedersiniz. Profesyonel ekibimiz, sizin ihtiya\u00e7lar\u0131n\u0131za uygun masaj teknikleriyle, sa\u011fl\u0131\u011f\u0131n\u0131za katk\u0131 sa\u011flar ve sizi yenileyerek tekrar enerji dolu hissetmenizi sa\u011flar.\" \/>\n<meta property=\"og:url\" content=\"https:\/\/www.masajest.com\/masaj\/reklamlar\/bingol-masaj-salonu\/\" \/>\n<meta property=\"og:site_name\" content=\"masajest.com\" \/>\n<meta property=\"article:modified_time\" content=\"2025-02-12T16:08:12+00:00\" \/>\n<meta property=\"og:image\" content=\"https:\/\/www.masajest.com\/masaj\/wp-content\/uploads\/2025\/02\/MASAJEST-MASAJEST.COM_.webp\" \/>\n\t<meta property=\"og:image:width\" content=\"600\" \/>\n\t<meta property=\"og:image:height\" content=\"600\" \/>\n\t<meta property=\"og:image:type\" content=\"image\/webp\" \/>\n<meta name=\"twitter:card\" content=\"summary_large_image\" \/>\n<meta name=\"twitter:label1\" content=\"Tahmini okuma s\u00fcresi\" \/>\n\t<meta name=\"twitter:data1\" content=\"2 dakika\" \/>\n<script type=\"application\/ld+json\" class=\"yoast-schema-graph\">{\"@context\":\"https:\/\/schema.org\",\"@graph\":[{\"@type\":\"WebPage\",\"@id\":\"https:\/\/www.masajest.com\/masaj\/reklamlar\/bingol-masaj-salonu\/\",\"url\":\"https:\/\/www.masajest.com\/masaj\/reklamlar\/bingol-masaj-salonu\/\",\"name\":\"Bing\u00f6l Masaj Salonu - masajest.com\",\"isPartOf\":{\"@id\":\"https:\/\/www.masajest.com\/masaj\/#website\"},\"primaryImageOfPage\":{\"@id\":\"https:\/\/www.masajest.com\/masaj\/reklamlar\/bingol-masaj-salonu\/#primaryimage\"},\"image\":{\"@id\":\"https:\/\/www.masajest.com\/masaj\/reklamlar\/bingol-masaj-salonu\/#primaryimage\"},\"thumbnailUrl\":\"https:\/\/www.masajest.com\/masaj\/wp-content\/uploads\/2025\/02\/MASAJEST-MASAJEST.COM_.webp\",\"datePublished\":\"2025-01-14T12:31:23+00:00\",\"dateModified\":\"2025-02-12T16:08:12+00:00\",\"breadcrumb\":{\"@id\":\"https:\/\/www.masajest.com\/masaj\/reklamlar\/bingol-masaj-salonu\/#breadcrumb\"},\"inLanguage\":\"tr\",\"potentialAction\":[{\"@type\":\"ReadAction\",\"target\":[\"https:\/\/www.masajest.com\/masaj\/reklamlar\/bingol-masaj-salonu\/\"]}]},{\"@type\":\"ImageObject\",\"inLanguage\":\"tr\",\"@id\":\"https:\/\/www.masajest.com\/masaj\/reklamlar\/bingol-masaj-salonu\/#primaryimage\",\"url\":\"https:\/\/www.masajest.com\/masaj\/wp-content\/uploads\/2025\/02\/MASAJEST-MASAJEST.COM_.webp\",\"contentUrl\":\"https:\/\/www.masajest.com\/masaj\/wp-content\/uploads\/2025\/02\/MASAJEST-MASAJEST.COM_.webp\",\"width\":600,\"height\":600},{\"@type\":\"BreadcrumbList\",\"@id\":\"https:\/\/www.masajest.com\/masaj\/reklamlar\/bingol-masaj-salonu\/#breadcrumb\",\"itemListElement\":[{\"@type\":\"ListItem\",\"position\":1,\"name\":\"Anasayfa\",\"item\":\"https:\/\/www.masajest.com\/masaj\/\"},{\"@type\":\"ListItem\",\"position\":2,\"name\":\"MASAJEST\",\"item\":\"https:\/\/www.masajest.com\/masaj\/masajest\/\"},{\"@type\":\"ListItem\",\"position\":3,\"name\":\"Bing\u00f6l Masaj Salonu\"}]},{\"@type\":\"WebSite\",\"@id\":\"https:\/\/www.masajest.com\/masaj\/#website\",\"url\":\"https:\/\/www.masajest.com\/masaj\/\",\"name\":\"masajest.com\",\"description\":\"masajest.com\",\"potentialAction\":[{\"@type\":\"SearchAction\",\"target\":{\"@type\":\"EntryPoint\",\"urlTemplate\":\"https:\/\/www.masajest.com\/masaj\/?s={search_term_string}\"},\"query-input\":{\"@type\":\"PropertyValueSpecification\",\"valueRequired\":true,\"valueName\":\"search_term_string\"}}],\"inLanguage\":\"tr\"}]}<\/script>\n<!-- \/ Yoast SEO plugin. -->","yoast_head_json":{"title":"Bing\u00f6l Masaj Salonu - masajest.com","robots":{"index":"index","follow":"follow","max-snippet":"max-snippet:-1","max-image-preview":"max-image-preview:large","max-video-preview":"max-video-preview:-1"},"canonical":"https:\/\/www.masajest.com\/masaj\/reklamlar\/bingol-masaj-salonu\/","og_locale":"tr_TR","og_type":"article","og_title":"Bing\u00f6l Masaj Salonu - masajest.com","og_description":"Bing\u00f6l Masaj Salonu: Bing\u00f6l'de huzur ve rahatlaman\u0131n adresi olan salonumuz, uzman terapistlerimizle size en kaliteli masaj deneyimini sunuyor. V\u00fccut ve zihin sa\u011fl\u0131\u011f\u0131n\u0131z\u0131 dengelemek i\u00e7in \u00e7e\u015fitli masaj tekniklerini profesyonelce uyguluyoruz.  \"Bing\u00f6l Masaj Salonu'nda, rahatlaman\u0131n ve yenilenmenin keyfini \u00e7\u0131kar\u0131n!\"  Masaj, hem bedensel hem de ruhsal rahatlama sa\u011flayan bir terapi \u015feklidir. Bing\u00f6l Masaj Salonu, her bir m\u00fc\u015fterisine \u00f6zel olarak sundu\u011fu masaj hizmetleriyle gerginli\u011fi ve stresi ortadan kald\u0131r\u0131r. Sadece kaslar\u0131n\u0131z\u0131 de\u011fil, zihninizi de dinlendiren farkl\u0131 masaj se\u00e7enekleri ile v\u00fccudunuzda derin bir rahatlama hissedersiniz. Profesyonel ekibimiz, sizin ihtiya\u00e7lar\u0131n\u0131za uygun masaj teknikleriyle, sa\u011fl\u0131\u011f\u0131n\u0131za katk\u0131 sa\u011flar ve sizi yenileyerek tekrar enerji dolu hissetmenizi sa\u011flar.","og_url":"https:\/\/www.masajest.com\/masaj\/reklamlar\/bingol-masaj-salonu\/","og_site_name":"masajest.com","article_modified_time":"2025-02-12T16:08:12+00:00","og_image":[{"width":600,"height":600,"url":"https:\/\/www.masajest.com\/masaj\/wp-content\/uploads\/2025\/02\/MASAJEST-MASAJEST.COM_.webp","type":"image\/webp"}],"twitter_card":"summary_large_image","twitter_misc":{"Tahmini okuma s\u00fcresi":"2 dakika"},"schema":{"@context":"https:\/\/schema.org","@graph":[{"@type":"WebPage","@id":"https:\/\/www.masajest.com\/masaj\/reklamlar\/bingol-masaj-salonu\/","url":"https:\/\/www.masajest.com\/masaj\/reklamlar\/bingol-masaj-salonu\/","name":"Bing\u00f6l Masaj Salonu - masajest.com","isPartOf":{"@id":"https:\/\/www.masajest.com\/masaj\/#website"},"primaryImageOfPage":{"@id":"https:\/\/www.masajest.com\/masaj\/reklamlar\/bingol-masaj-salonu\/#primaryimage"},"image":{"@id":"https:\/\/www.masajest.com\/masaj\/reklamlar\/bingol-masaj-salonu\/#primaryimage"},"thumbnailUrl":"https:\/\/www.masajest.com\/masaj\/wp-content\/uploads\/2025\/02\/MASAJEST-MASAJEST.COM_.webp","datePublished":"2025-01-14T12:31:23+00:00","dateModified":"2025-02-12T16:08:12+00:00","breadcrumb":{"@id":"https:\/\/www.masajest.com\/masaj\/reklamlar\/bingol-masaj-salonu\/#breadcrumb"},"inLanguage":"tr","potentialAction":[{"@type":"ReadAction","target":["https:\/\/www.masajest.com\/masaj\/reklamlar\/bingol-masaj-salonu\/"]}]},{"@type":"ImageObject","inLanguage":"tr","@id":"https:\/\/www.masajest.com\/masaj\/reklamlar\/bingol-masaj-salonu\/#primaryimage","url":"https:\/\/www.masajest.com\/masaj\/wp-content\/uploads\/2025\/02\/MASAJEST-MASAJEST.COM_.webp","contentUrl":"https:\/\/www.masajest.com\/masaj\/wp-content\/uploads\/2025\/02\/MASAJEST-MASAJEST.COM_.webp","width":600,"height":600},{"@type":"BreadcrumbList","@id":"https:\/\/www.masajest.com\/masaj\/reklamlar\/bingol-masaj-salonu\/#breadcrumb","itemListElement":[{"@type":"ListItem","position":1,"name":"Anasayfa","item":"https:\/\/www.masajest.com\/masaj\/"},{"@type":"ListItem","position":2,"name":"MASAJEST","item":"https:\/\/www.masajest.com\/masaj\/masajest\/"},{"@type":"ListItem","position":3,"name":"Bing\u00f6l Masaj Salonu"}]},{"@type":"WebSite","@id":"https:\/\/www.masajest.com\/masaj\/#website","url":"https:\/\/www.masajest.com\/masaj\/","name":"masajest.com","description":"masajest.com","potentialAction":[{"@type":"SearchAction","target":{"@type":"EntryPoint","urlTemplate":"https:\/\/www.masajest.com\/masaj\/?s={search_term_string}"},"query-input":{"@type":"PropertyValueSpecification","valueRequired":true,"valueName":"search_term_string"}}],"inLanguage":"tr"}]}},"_links":{"self":[{"href":"https:\/\/www.masajest.com\/masaj\/wp-json\/wp\/v2\/product\/2804","targetHints":{"allow":["GET"]}}],"collection":[{"href":"https:\/\/www.masajest.com\/masaj\/wp-json\/wp\/v2\/product"}],"about":[{"href":"https:\/\/www.masajest.com\/masaj\/wp-json\/wp\/v2\/types\/product"}],"replies":[{"embeddable":true,"href":"https:\/\/www.masajest.com\/masaj\/wp-json\/wp\/v2\/comments?post=2804"}],"wp:featuredmedia":[{"embeddable":true,"href":"https:\/\/www.masajest.com\/masaj\/wp-json\/wp\/v2\/media\/2955"}],"wp:attachment":[{"href":"https:\/\/www.masajest.com\/masaj\/wp-json\/wp\/v2\/media?parent=2804"}],"wp:term":[{"taxonomy":"product_brand","embeddable":true,"href":"https:\/\/www.masajest.com\/masaj\/wp-json\/wp\/v2\/product_brand?post=2804"},{"taxonomy":"product_cat","embeddable":true,"href":"https:\/\/www.masajest.com\/masaj\/wp-json\/wp\/v2\/product_cat?post=2804"},{"taxonomy":"product_tag","embeddable":true,"href":"https:\/\/www.masajest.com\/masaj\/wp-json\/wp\/v2\/product_tag?post=2804"}],"curies":[{"name":"wp","href":"https:\/\/api.w.org\/{rel}","templated":true}]}}