{"id":2803,"date":"2025-01-14T15:31:20","date_gmt":"2025-01-14T12:31:20","guid":{"rendered":"https:\/\/www.masajest.com\/masaj\/?post_type=product&#038;p=2803"},"modified":"2025-02-12T19:08:29","modified_gmt":"2025-02-12T16:08:29","slug":"agri-masaj-salonu","status":"publish","type":"product","link":"https:\/\/www.masajest.com\/masaj\/reklamlar\/agri-masaj-salonu\/","title":{"rendered":"A\u011fr\u0131 Masaj Salonu"},"content":{"rendered":"<p><strong>A\u011fr\u0131 Masaj Salonu: Rahatl\u0131k ve Yenilenmenin Adresi<\/strong><\/p>\n<p>A\u011fr\u0131 Masaj Salonu, \u015fehirdeki en iyi rahatlama ve yenilenme deneyimlerini sunan, profesyonel hizmetleri ile \u00f6ne \u00e7\u0131kan bir mekan olarak kendini tan\u0131t\u0131yor. V\u00fccudunuzun ve zihninizin huzur bulaca\u011f\u0131, stresin ve gerginli\u011fin yok olaca\u011f\u0131 bir atmosfer sunan bu salon, konforlu masaj odalar\u0131 ve alan\u0131nda uzman terapistlerle unutulmaz bir deneyim vadediyor. Sizi g\u00fcnl\u00fck ya\u015fam\u0131n yorgunlu\u011fundan ar\u0131nd\u0131rarak hem bedensel hem de ruhsal olarak yeniden do\u011fman\u0131z\u0131 sa\u011fl\u0131yor.<\/p>\n<p><em>&#8220;A\u011fr\u0131&#8217;da rahatlamak i\u00e7in en do\u011fru adres!&#8221;<\/em><\/p>\n<p>A\u011fr\u0131 Masaj Salonu, profesyonel masaj hizmetleri ile hem fiziksel rahatlamay\u0131 hem de zihinsel huzuru sunuyor. Masaj seanslar\u0131, v\u00fccut a\u011fr\u0131lar\u0131ndan kurtulmak, stresi atmak ve g\u00fcn\u00fcn yorgunlu\u011funu geride b\u0131rakmak isteyenler i\u00e7in tasarland\u0131. Alan\u0131nda uzman terapistler e\u015fli\u011finde sunulan hizmetler, her ihtimale uygun olarak \u00e7e\u015fitleniyor ve ki\u015fiye \u00f6zel masaj teknikleriyle en y\u00fcksek verimi alman\u0131z\u0131 sa\u011fl\u0131yor.<\/p>\n<p>Mutlu masaj, hem bedeninizi hem de ruhunuzu canland\u0131ran bir deneyim sunuyor. Zihinsel rahatlama sa\u011flarken, kaslar\u0131n\u0131z\u0131 gev\u015fetip bedensel rahatl\u0131k sa\u011fl\u0131yor. A\u011fr\u0131 Masaj Salonu&#8217;nda ge\u00e7irilen her dakika, huzurlu bir atmosferde mutlu bir deneyime d\u00f6n\u00fc\u015f\u00fcyor. Burada yap\u0131lan masajlar sayesinde, yorgunluk ve stres bir kenara b\u0131rak\u0131l\u0131yor, yerine tazelenmi\u015f bir zihin ve v\u00fccut kal\u0131yor.<\/p>\n<p>&nbsp;<\/p>\n","protected":false},"excerpt":{"rendered":"<p><strong>A\u011fr\u0131 Masaj Salonu: Rahatla, Yenilen, Hayata Dokun!<\/strong><\/p>\n<p>A\u011fr\u0131 Masaj Salonu, bedeninizi ve ruhunuzu dinlendiren profesyonel masaj hizmetleriyle stresinize veda etmenizi sa\u011fl\u0131yor. Uzman terapistlerimiz, kas a\u011fr\u0131lar\u0131n\u0131z\u0131 hafifletmek, kan dola\u015f\u0131m\u0131n\u0131z\u0131 h\u0131zland\u0131rmak ve zindelik kazand\u0131rmak i\u00e7in \u00f6zenle tasarlanm\u0131\u015f masaj teknikleri sunuyor. Kendinizi \u00f6d\u00fcllendirmek ve huzuru hissetmek i\u00e7in sizi bu benzersiz deneyime davet ediyoruz. <strong>&#8220;Dokunu\u015flar\u0131m\u0131zda rahatl\u0131\u011f\u0131n g\u00fcc\u00fc sakl\u0131!&#8221;<\/strong><\/p>\n","protected":false},"featured_media":0,"comment_status":"open","ping_status":"closed","template":"","meta":[],"product_brand":[],"product_cat":[15,192],"product_tag":[194],"class_list":{"0":"post-2803","1":"product","2":"type-product","3":"status-publish","5":"product_cat-masajest","6":"product_cat-masaj-salonu","7":"product_tag-masaj-salonu","9":"first","10":"instock","11":"shipping-taxable","12":"product-type-simple"},"yoast_head":"<!-- This site is optimized with the Yoast SEO plugin v27.0 - https:\/\/yoast.com\/product\/yoast-seo-wordpress\/ -->\n<title>A\u011fr\u0131 Masaj Salonu - masajest.com<\/title>\n<meta name=\"robots\" content=\"index, follow, max-snippet:-1, max-image-preview:large, max-video-preview:-1\" \/>\n<link rel=\"canonical\" href=\"https:\/\/www.masajest.com\/masaj\/reklamlar\/agri-masaj-salonu\/\" \/>\n<meta property=\"og:locale\" content=\"tr_TR\" \/>\n<meta property=\"og:type\" content=\"article\" \/>\n<meta property=\"og:title\" content=\"A\u011fr\u0131 Masaj Salonu - masajest.com\" \/>\n<meta property=\"og:description\" content=\"A\u011fr\u0131 Masaj Salonu: Rahatla, Yenilen, Hayata Dokun!  A\u011fr\u0131 Masaj Salonu, bedeninizi ve ruhunuzu dinlendiren profesyonel masaj hizmetleriyle stresinize veda etmenizi sa\u011fl\u0131yor. Uzman terapistlerimiz, kas a\u011fr\u0131lar\u0131n\u0131z\u0131 hafifletmek, kan dola\u015f\u0131m\u0131n\u0131z\u0131 h\u0131zland\u0131rmak ve zindelik kazand\u0131rmak i\u00e7in \u00f6zenle tasarlanm\u0131\u015f masaj teknikleri sunuyor. Kendinizi \u00f6d\u00fcllendirmek ve huzuru hissetmek i\u00e7in sizi bu benzersiz deneyime davet ediyoruz. &quot;Dokunu\u015flar\u0131m\u0131zda rahatl\u0131\u011f\u0131n g\u00fcc\u00fc sakl\u0131!&quot;\" \/>\n<meta property=\"og:url\" content=\"https:\/\/www.masajest.com\/masaj\/reklamlar\/agri-masaj-salonu\/\" \/>\n<meta property=\"og:site_name\" content=\"masajest.com\" \/>\n<meta property=\"article:modified_time\" content=\"2025-02-12T16:08:29+00:00\" \/>\n<meta name=\"twitter:card\" content=\"summary_large_image\" \/>\n<meta name=\"twitter:label1\" content=\"Tahmini okuma s\u00fcresi\" \/>\n\t<meta name=\"twitter:data1\" content=\"2 dakika\" \/>\n<script type=\"application\/ld+json\" class=\"yoast-schema-graph\">{\"@context\":\"https:\/\/schema.org\",\"@graph\":[{\"@type\":\"WebPage\",\"@id\":\"https:\/\/www.masajest.com\/masaj\/reklamlar\/agri-masaj-salonu\/\",\"url\":\"https:\/\/www.masajest.com\/masaj\/reklamlar\/agri-masaj-salonu\/\",\"name\":\"A\u011fr\u0131 Masaj Salonu - masajest.com\",\"isPartOf\":{\"@id\":\"https:\/\/www.masajest.com\/masaj\/#website\"},\"datePublished\":\"2025-01-14T12:31:20+00:00\",\"dateModified\":\"2025-02-12T16:08:29+00:00\",\"breadcrumb\":{\"@id\":\"https:\/\/www.masajest.com\/masaj\/reklamlar\/agri-masaj-salonu\/#breadcrumb\"},\"inLanguage\":\"tr\",\"potentialAction\":[{\"@type\":\"ReadAction\",\"target\":[\"https:\/\/www.masajest.com\/masaj\/reklamlar\/agri-masaj-salonu\/\"]}]},{\"@type\":\"BreadcrumbList\",\"@id\":\"https:\/\/www.masajest.com\/masaj\/reklamlar\/agri-masaj-salonu\/#breadcrumb\",\"itemListElement\":[{\"@type\":\"ListItem\",\"position\":1,\"name\":\"Anasayfa\",\"item\":\"https:\/\/www.masajest.com\/masaj\/\"},{\"@type\":\"ListItem\",\"position\":2,\"name\":\"MASAJEST\",\"item\":\"https:\/\/www.masajest.com\/masaj\/masajest\/\"},{\"@type\":\"ListItem\",\"position\":3,\"name\":\"A\u011fr\u0131 Masaj Salonu\"}]},{\"@type\":\"WebSite\",\"@id\":\"https:\/\/www.masajest.com\/masaj\/#website\",\"url\":\"https:\/\/www.masajest.com\/masaj\/\",\"name\":\"masajest.com\",\"description\":\"masajest.com\",\"potentialAction\":[{\"@type\":\"SearchAction\",\"target\":{\"@type\":\"EntryPoint\",\"urlTemplate\":\"https:\/\/www.masajest.com\/masaj\/?s={search_term_string}\"},\"query-input\":{\"@type\":\"PropertyValueSpecification\",\"valueRequired\":true,\"valueName\":\"search_term_string\"}}],\"inLanguage\":\"tr\"}]}<\/script>\n<!-- \/ Yoast SEO plugin. -->","yoast_head_json":{"title":"A\u011fr\u0131 Masaj Salonu - masajest.com","robots":{"index":"index","follow":"follow","max-snippet":"max-snippet:-1","max-image-preview":"max-image-preview:large","max-video-preview":"max-video-preview:-1"},"canonical":"https:\/\/www.masajest.com\/masaj\/reklamlar\/agri-masaj-salonu\/","og_locale":"tr_TR","og_type":"article","og_title":"A\u011fr\u0131 Masaj Salonu - masajest.com","og_description":"A\u011fr\u0131 Masaj Salonu: Rahatla, Yenilen, Hayata Dokun!  A\u011fr\u0131 Masaj Salonu, bedeninizi ve ruhunuzu dinlendiren profesyonel masaj hizmetleriyle stresinize veda etmenizi sa\u011fl\u0131yor. Uzman terapistlerimiz, kas a\u011fr\u0131lar\u0131n\u0131z\u0131 hafifletmek, kan dola\u015f\u0131m\u0131n\u0131z\u0131 h\u0131zland\u0131rmak ve zindelik kazand\u0131rmak i\u00e7in \u00f6zenle tasarlanm\u0131\u015f masaj teknikleri sunuyor. Kendinizi \u00f6d\u00fcllendirmek ve huzuru hissetmek i\u00e7in sizi bu benzersiz deneyime davet ediyoruz. \"Dokunu\u015flar\u0131m\u0131zda rahatl\u0131\u011f\u0131n g\u00fcc\u00fc sakl\u0131!\"","og_url":"https:\/\/www.masajest.com\/masaj\/reklamlar\/agri-masaj-salonu\/","og_site_name":"masajest.com","article_modified_time":"2025-02-12T16:08:29+00:00","twitter_card":"summary_large_image","twitter_misc":{"Tahmini okuma s\u00fcresi":"2 dakika"},"schema":{"@context":"https:\/\/schema.org","@graph":[{"@type":"WebPage","@id":"https:\/\/www.masajest.com\/masaj\/reklamlar\/agri-masaj-salonu\/","url":"https:\/\/www.masajest.com\/masaj\/reklamlar\/agri-masaj-salonu\/","name":"A\u011fr\u0131 Masaj Salonu - masajest.com","isPartOf":{"@id":"https:\/\/www.masajest.com\/masaj\/#website"},"datePublished":"2025-01-14T12:31:20+00:00","dateModified":"2025-02-12T16:08:29+00:00","breadcrumb":{"@id":"https:\/\/www.masajest.com\/masaj\/reklamlar\/agri-masaj-salonu\/#breadcrumb"},"inLanguage":"tr","potentialAction":[{"@type":"ReadAction","target":["https:\/\/www.masajest.com\/masaj\/reklamlar\/agri-masaj-salonu\/"]}]},{"@type":"BreadcrumbList","@id":"https:\/\/www.masajest.com\/masaj\/reklamlar\/agri-masaj-salonu\/#breadcrumb","itemListElement":[{"@type":"ListItem","position":1,"name":"Anasayfa","item":"https:\/\/www.masajest.com\/masaj\/"},{"@type":"ListItem","position":2,"name":"MASAJEST","item":"https:\/\/www.masajest.com\/masaj\/masajest\/"},{"@type":"ListItem","position":3,"name":"A\u011fr\u0131 Masaj Salonu"}]},{"@type":"WebSite","@id":"https:\/\/www.masajest.com\/masaj\/#website","url":"https:\/\/www.masajest.com\/masaj\/","name":"masajest.com","description":"masajest.com","potentialAction":[{"@type":"SearchAction","target":{"@type":"EntryPoint","urlTemplate":"https:\/\/www.masajest.com\/masaj\/?s={search_term_string}"},"query-input":{"@type":"PropertyValueSpecification","valueRequired":true,"valueName":"search_term_string"}}],"inLanguage":"tr"}]}},"_links":{"self":[{"href":"https:\/\/www.masajest.com\/masaj\/wp-json\/wp\/v2\/product\/2803","targetHints":{"allow":["GET"]}}],"collection":[{"href":"https:\/\/www.masajest.com\/masaj\/wp-json\/wp\/v2\/product"}],"about":[{"href":"https:\/\/www.masajest.com\/masaj\/wp-json\/wp\/v2\/types\/product"}],"replies":[{"embeddable":true,"href":"https:\/\/www.masajest.com\/masaj\/wp-json\/wp\/v2\/comments?post=2803"}],"wp:attachment":[{"href":"https:\/\/www.masajest.com\/masaj\/wp-json\/wp\/v2\/media?parent=2803"}],"wp:term":[{"taxonomy":"product_brand","embeddable":true,"href":"https:\/\/www.masajest.com\/masaj\/wp-json\/wp\/v2\/product_brand?post=2803"},{"taxonomy":"product_cat","embeddable":true,"href":"https:\/\/www.masajest.com\/masaj\/wp-json\/wp\/v2\/product_cat?post=2803"},{"taxonomy":"product_tag","embeddable":true,"href":"https:\/\/www.masajest.com\/masaj\/wp-json\/wp\/v2\/product_tag?post=2803"}],"curies":[{"name":"wp","href":"https:\/\/api.w.org\/{rel}","templated":true}]}}