{"id":2792,"date":"2025-01-14T15:30:26","date_gmt":"2025-01-14T12:30:26","guid":{"rendered":"https:\/\/www.masajest.com\/masaj\/?post_type=product&#038;p=2792"},"modified":"2025-01-14T16:31:16","modified_gmt":"2025-01-14T13:31:16","slug":"canakkale-masaj-salonu","status":"publish","type":"product","link":"https:\/\/www.masajest.com\/masaj\/reklamlar\/canakkale-masaj-salonu\/","title":{"rendered":"\u00c7anakkale Masaj Salonu"},"content":{"rendered":"<p><strong>\u00c7anakkale Masaj Salonu: Rahatlama ve Yenilenme \u0130\u00e7in Kusursuz Bir Adres<\/strong><\/p>\n<p>\u00c7anakkale Masaj Salonu, \u015fehirdeki en g\u00fcvenilir ve huzurlu masaj deneyimini sunuyor. Yenilik\u00e7i ve uzman mas\u00f6z kadrosu ile her m\u00fc\u015fterisinin \u00f6zel ihtiya\u00e7lar\u0131na g\u00f6re ki\u015fiselle\u015ftirilmi\u015f masaj terapileri sunmaktad\u0131r. Stres atmak, kas a\u011fr\u0131lar\u0131n\u0131 hafifletmek ve genel v\u00fccut rahatlamas\u0131 sa\u011flamak i\u00e7in profesyonel bir ortamda yap\u0131lan uygulamalarla adeta yeniden do\u011facaks\u0131n\u0131z.<\/p>\n<p><em>&#8220;\u00c7anakkale&#8217;nin kalbinde, rahatlaman\u0131n ve yenilenmenin merkezi!&#8221;<\/em><\/p>\n<p>\u00c7anakkale Masaj Salonu, \u015fehrin en prestijli ve huzur dolu mekanlar\u0131ndan biridir. Masaj terapileri, uzman terapistler taraf\u0131ndan ki\u015fisel ihtiya\u00e7lar\u0131n\u0131za g\u00f6re tasarlan\u0131r. Herhangi bir gerginlikten kurtulmak ve bedeninizi rahatlatmak i\u00e7in do\u011fru yerdesiniz.<\/p>\n<p>&#8220;\u00c7anakkale Masaj Salonu&#8217;nda ald\u0131\u011f\u0131m masaj, tam anlam\u0131yla bir rahatlama deneyimiydi. Hem bedensel hem de zihinsel olarak yenilendim. Mas\u00f6zlerin profesyonelli\u011fi sayesinde v\u00fccudumun her noktas\u0131ndaki gerilimden kurtuldum. Ger\u00e7ekten mutluyum, herkesin deneyimlemesi gereken bir yer!&#8221;<\/p>\n","protected":false},"excerpt":{"rendered":"<div class=\"flex max-w-full flex-col flex-grow\">\n<div class=\"min-h-8 text-message flex w-full flex-col items-end gap-2 whitespace-normal break-words text-start [.text-message+&amp;]:mt-5\" dir=\"auto\" data-message-author-role=\"assistant\" data-message-id=\"fdbd683f-4ca7-42b6-88e8-75c3e7c89d4e\" data-message-model-slug=\"gpt-4o-mini\">\n<div class=\"flex w-full flex-col gap-1 empty:hidden first:pt-[3px]\">\n<div class=\"markdown prose w-full break-words dark:prose-invert dark\">\n<p><strong>\u00c7anakkale Masaj Salonu<\/strong><br \/>\n\u00c7anakkale&#8217;nin kalbinde yer alan Masaj Salonu, rahatlat\u0131c\u0131 ve yenileyici masaj terapileri ile bedeninizi ve zihninizi ar\u0131nd\u0131r\u0131r. Uzman terapistler e\u015fli\u011finde sunulan hizmetler, kas gerginliklerini azaltarak rahatlaman\u0131z\u0131 sa\u011flar. S\u0131cak ta\u015f masaj\u0131, aromaterapi, ve derin doku masaj\u0131 gibi se\u00e7eneklerimizle, her ihtimale g\u00f6re bir deneyim sunuyoruz.<\/p>\n<p>&#8220;\u00c7anakkale&#8217;de Rahatlaman\u0131n Yolu: Masaj Salonu.&#8221;<\/p>\n<p>Masaj, bedeninize ve ruhunuza olan en de\u011ferli hediyedir. \u00c7anakkale Masaj Salonu, stresinizi geride b\u0131rakman\u0131za yard\u0131mc\u0131 olacak, fiziksel ve mental huzurunuzu yeniden ke\u015ffetmenizi sa\u011flayacak benzersiz terapiler sunuyor. Her masaj seans\u0131, profesyonel terapistlerimiz taraf\u0131ndan ki\u015fisel ihtiya\u00e7lar\u0131n\u0131za g\u00f6re \u00f6zelle\u015ftirilir. Kas a\u011fr\u0131lar\u0131ndan kurtulmak, enerjinizi yenilemek veya sadece bir anl\u0131\u011f\u0131na rahatlamak istiyorsan\u0131z, \u00c7anakkale Masaj Salonu sizi bekliyor.<\/p>\n<\/div>\n<\/div>\n<\/div>\n<\/div>\n","protected":false},"featured_media":0,"comment_status":"open","ping_status":"closed","template":"","meta":[],"product_brand":[],"product_cat":[15,192],"product_tag":[194],"class_list":{"0":"post-2792","1":"product","2":"type-product","3":"status-publish","5":"product_cat-masajest","6":"product_cat-masaj-salonu","7":"product_tag-masaj-salonu","9":"first","10":"instock","11":"shipping-taxable","12":"product-type-simple"},"yoast_head":"<!-- This site is optimized with the Yoast SEO plugin v27.0 - https:\/\/yoast.com\/product\/yoast-seo-wordpress\/ -->\n<title>\u00c7anakkale Masaj Salonu - masajest.com<\/title>\n<meta name=\"robots\" content=\"index, follow, max-snippet:-1, max-image-preview:large, max-video-preview:-1\" \/>\n<link rel=\"canonical\" href=\"https:\/\/www.masajest.com\/masaj\/reklamlar\/canakkale-masaj-salonu\/\" \/>\n<meta property=\"og:locale\" content=\"tr_TR\" \/>\n<meta property=\"og:type\" content=\"article\" \/>\n<meta property=\"og:title\" content=\"\u00c7anakkale Masaj Salonu - masajest.com\" \/>\n<meta property=\"og:description\" content=\"\u00c7anakkale Masaj Salonu \u00c7anakkale&#039;nin kalbinde yer alan Masaj Salonu, rahatlat\u0131c\u0131 ve yenileyici masaj terapileri ile bedeninizi ve zihninizi ar\u0131nd\u0131r\u0131r. Uzman terapistler e\u015fli\u011finde sunulan hizmetler, kas gerginliklerini azaltarak rahatlaman\u0131z\u0131 sa\u011flar. S\u0131cak ta\u015f masaj\u0131, aromaterapi, ve derin doku masaj\u0131 gibi se\u00e7eneklerimizle, her ihtimale g\u00f6re bir deneyim sunuyoruz.  &quot;\u00c7anakkale&#039;de Rahatlaman\u0131n Yolu: Masaj Salonu.&quot;  Masaj, bedeninize ve ruhunuza olan en de\u011ferli hediyedir. \u00c7anakkale Masaj Salonu, stresinizi geride b\u0131rakman\u0131za yard\u0131mc\u0131 olacak, fiziksel ve mental huzurunuzu yeniden ke\u015ffetmenizi sa\u011flayacak benzersiz terapiler sunuyor. Her masaj seans\u0131, profesyonel terapistlerimiz taraf\u0131ndan ki\u015fisel ihtiya\u00e7lar\u0131n\u0131za g\u00f6re \u00f6zelle\u015ftirilir. Kas a\u011fr\u0131lar\u0131ndan kurtulmak, enerjinizi yenilemek veya sadece bir anl\u0131\u011f\u0131na rahatlamak istiyorsan\u0131z, \u00c7anakkale Masaj Salonu sizi bekliyor.\" \/>\n<meta property=\"og:url\" content=\"https:\/\/www.masajest.com\/masaj\/reklamlar\/canakkale-masaj-salonu\/\" \/>\n<meta property=\"og:site_name\" content=\"masajest.com\" \/>\n<meta property=\"article:modified_time\" content=\"2025-01-14T13:31:16+00:00\" \/>\n<meta property=\"og:image\" content=\"https:\/\/www.masajest.com\/masaj\/wp-content\/uploads\/2025\/01\/MASAJEST-MASAJEST.COM_.webp\" \/>\n\t<meta property=\"og:image:width\" content=\"1080\" \/>\n\t<meta property=\"og:image:height\" content=\"1080\" \/>\n\t<meta property=\"og:image:type\" content=\"image\/webp\" \/>\n<meta name=\"twitter:card\" content=\"summary_large_image\" \/>\n<meta name=\"twitter:label1\" content=\"Tahmini okuma s\u00fcresi\" \/>\n\t<meta name=\"twitter:data1\" content=\"1 dakika\" \/>\n<script type=\"application\/ld+json\" class=\"yoast-schema-graph\">{\"@context\":\"https:\/\/schema.org\",\"@graph\":[{\"@type\":\"WebPage\",\"@id\":\"https:\/\/www.masajest.com\/masaj\/reklamlar\/canakkale-masaj-salonu\/\",\"url\":\"https:\/\/www.masajest.com\/masaj\/reklamlar\/canakkale-masaj-salonu\/\",\"name\":\"\u00c7anakkale Masaj Salonu - masajest.com\",\"isPartOf\":{\"@id\":\"https:\/\/www.masajest.com\/masaj\/#website\"},\"datePublished\":\"2025-01-14T12:30:26+00:00\",\"dateModified\":\"2025-01-14T13:31:16+00:00\",\"breadcrumb\":{\"@id\":\"https:\/\/www.masajest.com\/masaj\/reklamlar\/canakkale-masaj-salonu\/#breadcrumb\"},\"inLanguage\":\"tr\",\"potentialAction\":[{\"@type\":\"ReadAction\",\"target\":[\"https:\/\/www.masajest.com\/masaj\/reklamlar\/canakkale-masaj-salonu\/\"]}]},{\"@type\":\"BreadcrumbList\",\"@id\":\"https:\/\/www.masajest.com\/masaj\/reklamlar\/canakkale-masaj-salonu\/#breadcrumb\",\"itemListElement\":[{\"@type\":\"ListItem\",\"position\":1,\"name\":\"Anasayfa\",\"item\":\"https:\/\/www.masajest.com\/masaj\/\"},{\"@type\":\"ListItem\",\"position\":2,\"name\":\"MASAJEST\",\"item\":\"https:\/\/www.masajest.com\/masaj\/masajest\/\"},{\"@type\":\"ListItem\",\"position\":3,\"name\":\"\u00c7anakkale Masaj Salonu\"}]},{\"@type\":\"WebSite\",\"@id\":\"https:\/\/www.masajest.com\/masaj\/#website\",\"url\":\"https:\/\/www.masajest.com\/masaj\/\",\"name\":\"masajest.com\",\"description\":\"masajest.com\",\"potentialAction\":[{\"@type\":\"SearchAction\",\"target\":{\"@type\":\"EntryPoint\",\"urlTemplate\":\"https:\/\/www.masajest.com\/masaj\/?s={search_term_string}\"},\"query-input\":{\"@type\":\"PropertyValueSpecification\",\"valueRequired\":true,\"valueName\":\"search_term_string\"}}],\"inLanguage\":\"tr\"}]}<\/script>\n<!-- \/ Yoast SEO plugin. -->","yoast_head_json":{"title":"\u00c7anakkale Masaj Salonu - masajest.com","robots":{"index":"index","follow":"follow","max-snippet":"max-snippet:-1","max-image-preview":"max-image-preview:large","max-video-preview":"max-video-preview:-1"},"canonical":"https:\/\/www.masajest.com\/masaj\/reklamlar\/canakkale-masaj-salonu\/","og_locale":"tr_TR","og_type":"article","og_title":"\u00c7anakkale Masaj Salonu - masajest.com","og_description":"\u00c7anakkale Masaj Salonu \u00c7anakkale'nin kalbinde yer alan Masaj Salonu, rahatlat\u0131c\u0131 ve yenileyici masaj terapileri ile bedeninizi ve zihninizi ar\u0131nd\u0131r\u0131r. Uzman terapistler e\u015fli\u011finde sunulan hizmetler, kas gerginliklerini azaltarak rahatlaman\u0131z\u0131 sa\u011flar. S\u0131cak ta\u015f masaj\u0131, aromaterapi, ve derin doku masaj\u0131 gibi se\u00e7eneklerimizle, her ihtimale g\u00f6re bir deneyim sunuyoruz.  \"\u00c7anakkale'de Rahatlaman\u0131n Yolu: Masaj Salonu.\"  Masaj, bedeninize ve ruhunuza olan en de\u011ferli hediyedir. \u00c7anakkale Masaj Salonu, stresinizi geride b\u0131rakman\u0131za yard\u0131mc\u0131 olacak, fiziksel ve mental huzurunuzu yeniden ke\u015ffetmenizi sa\u011flayacak benzersiz terapiler sunuyor. Her masaj seans\u0131, profesyonel terapistlerimiz taraf\u0131ndan ki\u015fisel ihtiya\u00e7lar\u0131n\u0131za g\u00f6re \u00f6zelle\u015ftirilir. Kas a\u011fr\u0131lar\u0131ndan kurtulmak, enerjinizi yenilemek veya sadece bir anl\u0131\u011f\u0131na rahatlamak istiyorsan\u0131z, \u00c7anakkale Masaj Salonu sizi bekliyor.","og_url":"https:\/\/www.masajest.com\/masaj\/reklamlar\/canakkale-masaj-salonu\/","og_site_name":"masajest.com","article_modified_time":"2025-01-14T13:31:16+00:00","og_image":[{"width":1080,"height":1080,"url":"https:\/\/www.masajest.com\/masaj\/wp-content\/uploads\/2025\/01\/MASAJEST-MASAJEST.COM_.webp","type":"image\/webp"}],"twitter_card":"summary_large_image","twitter_misc":{"Tahmini okuma s\u00fcresi":"1 dakika"},"schema":{"@context":"https:\/\/schema.org","@graph":[{"@type":"WebPage","@id":"https:\/\/www.masajest.com\/masaj\/reklamlar\/canakkale-masaj-salonu\/","url":"https:\/\/www.masajest.com\/masaj\/reklamlar\/canakkale-masaj-salonu\/","name":"\u00c7anakkale Masaj Salonu - masajest.com","isPartOf":{"@id":"https:\/\/www.masajest.com\/masaj\/#website"},"datePublished":"2025-01-14T12:30:26+00:00","dateModified":"2025-01-14T13:31:16+00:00","breadcrumb":{"@id":"https:\/\/www.masajest.com\/masaj\/reklamlar\/canakkale-masaj-salonu\/#breadcrumb"},"inLanguage":"tr","potentialAction":[{"@type":"ReadAction","target":["https:\/\/www.masajest.com\/masaj\/reklamlar\/canakkale-masaj-salonu\/"]}]},{"@type":"BreadcrumbList","@id":"https:\/\/www.masajest.com\/masaj\/reklamlar\/canakkale-masaj-salonu\/#breadcrumb","itemListElement":[{"@type":"ListItem","position":1,"name":"Anasayfa","item":"https:\/\/www.masajest.com\/masaj\/"},{"@type":"ListItem","position":2,"name":"MASAJEST","item":"https:\/\/www.masajest.com\/masaj\/masajest\/"},{"@type":"ListItem","position":3,"name":"\u00c7anakkale Masaj Salonu"}]},{"@type":"WebSite","@id":"https:\/\/www.masajest.com\/masaj\/#website","url":"https:\/\/www.masajest.com\/masaj\/","name":"masajest.com","description":"masajest.com","potentialAction":[{"@type":"SearchAction","target":{"@type":"EntryPoint","urlTemplate":"https:\/\/www.masajest.com\/masaj\/?s={search_term_string}"},"query-input":{"@type":"PropertyValueSpecification","valueRequired":true,"valueName":"search_term_string"}}],"inLanguage":"tr"}]}},"_links":{"self":[{"href":"https:\/\/www.masajest.com\/masaj\/wp-json\/wp\/v2\/product\/2792","targetHints":{"allow":["GET"]}}],"collection":[{"href":"https:\/\/www.masajest.com\/masaj\/wp-json\/wp\/v2\/product"}],"about":[{"href":"https:\/\/www.masajest.com\/masaj\/wp-json\/wp\/v2\/types\/product"}],"replies":[{"embeddable":true,"href":"https:\/\/www.masajest.com\/masaj\/wp-json\/wp\/v2\/comments?post=2792"}],"wp:attachment":[{"href":"https:\/\/www.masajest.com\/masaj\/wp-json\/wp\/v2\/media?parent=2792"}],"wp:term":[{"taxonomy":"product_brand","embeddable":true,"href":"https:\/\/www.masajest.com\/masaj\/wp-json\/wp\/v2\/product_brand?post=2792"},{"taxonomy":"product_cat","embeddable":true,"href":"https:\/\/www.masajest.com\/masaj\/wp-json\/wp\/v2\/product_cat?post=2792"},{"taxonomy":"product_tag","embeddable":true,"href":"https:\/\/www.masajest.com\/masaj\/wp-json\/wp\/v2\/product_tag?post=2792"}],"curies":[{"name":"wp","href":"https:\/\/api.w.org\/{rel}","templated":true}]}}