{"id":2791,"date":"2025-01-14T15:30:25","date_gmt":"2025-01-14T12:30:25","guid":{"rendered":"https:\/\/www.masajest.com\/masaj\/?post_type=product&#038;p=2791"},"modified":"2025-01-14T17:10:01","modified_gmt":"2025-01-14T14:10:01","slug":"malatya-masaj-salonu","status":"publish","type":"product","link":"https:\/\/www.masajest.com\/masaj\/reklamlar\/malatya-masaj-salonu\/","title":{"rendered":"Malatya Masaj Salonu"},"content":{"rendered":"<p><strong>Malatya Masaj Salonu: Huzurun ve Yenilenmenin Adresi!<\/strong><\/p>\n<p>Malatya Masaj Salonu, hem fiziksel hem de ruhsal olarak rahatlaman\u0131z\u0131 sa\u011flayacak profesyonel hizmetlerle size unutulmaz bir deneyim sunuyor. Sadece kaslar\u0131n\u0131z\u0131 gev\u015fetmekle kalmaz, ayn\u0131 zamanda stres ve yorgunlu\u011funuzu da geride b\u0131rakman\u0131z\u0131 sa\u011flar\u0131z. Uzman terapistlerimiz taraf\u0131ndan sunulan masaj teknikleri, v\u00fccudunuzun her noktas\u0131na hitap ederek size tam anlam\u0131yla bir rahatlama sunar.<\/p>\n<p><strong>Mutlu Masaj, Mutlu Ya\u015fam!<\/strong> Masaj\u0131n sundu\u011fu mutlulu\u011fu en iyi \u015fekilde hissetmek istiyorsan\u0131z, Malatya Masaj Salonu\u2019na u\u011fray\u0131n. Her masaj seans\u0131, enerjinizi yeniler ve kendinizi taze hissedersiniz. V\u00fccudunuzun ihtiyac\u0131 olan bak\u0131m\u0131 al\u0131rken, zihniniz de ar\u0131n\u0131r. Ger\u00e7ekten mutlu bir ya\u015fam, mutlu bir masajla ba\u015flar!<\/p>\n","protected":false},"excerpt":{"rendered":"<div class=\"flex max-w-full flex-col flex-grow\">\n<div class=\"min-h-8 text-message flex w-full flex-col items-end gap-2 whitespace-normal break-words text-start [.text-message+&amp;]:mt-5\" dir=\"auto\" data-message-author-role=\"assistant\" data-message-id=\"95b2bf97-668b-49d9-908f-2511bd97bbd1\" data-message-model-slug=\"gpt-4o-mini\">\n<div class=\"flex w-full flex-col gap-1 empty:hidden first:pt-[3px]\">\n<div class=\"markdown prose w-full break-words dark:prose-invert dark\">\n<p><strong>Malatya Masaj Salonu \u2013 Rahatlaman\u0131n ve Yenilenmenin Ad\u0131!<\/strong><br \/>\nMalatya&#8217;da kendinizi \u015f\u0131martabilece\u011finiz en \u00f6zel yer, Masaj Salonu&#8217;dur. Yorgunluk ve stresinizi geride b\u0131rak\u0131rken, bedeninizi rahatlatan ve ruhunuzu dinlendiren \u00e7e\u015fitli masaj teknikleriyle zindelik kazanabilirsiniz. Uzman terapistlerimiz, her bir m\u00fc\u015fteriye \u00f6zel bak\u0131m sunarak masaj deneyiminizi unutulmaz k\u0131lar. Malatya Masaj Salonu, huzur ve rahatl\u0131k arayan herkesi bekliyor.<\/p>\n<p><strong>Slogan:<\/strong> <em>&#8220;Malatya&#8217;n\u0131n Kalbinde, Sizin \u0130\u00e7in Rahatl\u0131k!&#8221;<\/em><\/p>\n<p><strong>\u00d6zg\u00fcn Tan\u0131t\u0131m Yaz\u0131s\u0131:<\/strong><br \/>\nMalatya&#8217;da, \u015fehir ya\u015fam\u0131n\u0131n gerginli\u011finden uzakla\u015fmak ve v\u00fccudunuzu \u015f\u0131martmak istiyorsan\u0131z, Masaj Salonu tam size g\u00f6re. Modern terapiler ve geleneksel masaj tekniklerini birle\u015ftirerek, her seansa e\u015fsiz bir rahatlama sunuyoruz. Geni\u015f hizmet yelpazemizle kas gerilmelerinden ruhsal rahatlamaya kadar her t\u00fcrl\u00fc ihtiyaca \u00e7\u00f6z\u00fcm buluyoruz. Alan\u0131nda uzman mas\u00f6zlerimiz, sizin i\u00e7in en uygun tedavi y\u00f6ntemini se\u00e7erek, maksimum rahatlama sa\u011flayacakt\u0131r. Kendinize bir mola verin, Malatya Masaj Salonu&#8217;na gelin ve hayat\u0131n\u0131za huzur kat\u0131n.<\/p>\n<\/div>\n<\/div>\n<\/div>\n<\/div>\n<div class=\"mb-2 flex gap-3 empty:hidden -ml-2\">\n<div class=\"items-center justify-start rounded-xl p-1 flex\">\n<div class=\"flex items-center\"><button class=\"rounded-lg text-token-text-secondary hover:bg-token-main-surface-secondary\" aria-label=\"Read aloud\" data-testid=\"voice-play-turn-action-button\"><\/button><button class=\"rounded-lg text-token-text-secondary hover:bg-token-main-surface-secondary\" aria-label=\"Kopyala\" data-testid=\"copy-turn-action-button\"><\/button><\/p>\n<div class=\"flex\"><\/div>\n<div class=\"flex items-center pb-0\"><span class=\"overflow-hidden text-clip whitespace-nowrap text-sm\">4o mini<\/span><\/div>\n<\/div>\n<\/div>\n<\/div>\n","protected":false},"featured_media":0,"comment_status":"open","ping_status":"closed","template":"","meta":[],"product_brand":[],"product_cat":[15,192],"product_tag":[194],"class_list":{"0":"post-2791","1":"product","2":"type-product","3":"status-publish","5":"product_cat-masajest","6":"product_cat-masaj-salonu","7":"product_tag-masaj-salonu","9":"first","10":"instock","11":"shipping-taxable","12":"product-type-simple"},"yoast_head":"<!-- This site is optimized with the Yoast SEO plugin v27.0 - https:\/\/yoast.com\/product\/yoast-seo-wordpress\/ -->\n<title>Malatya Masaj Salonu - masajest.com<\/title>\n<meta name=\"robots\" content=\"index, follow, max-snippet:-1, max-image-preview:large, max-video-preview:-1\" \/>\n<link rel=\"canonical\" href=\"https:\/\/www.masajest.com\/masaj\/reklamlar\/malatya-masaj-salonu\/\" \/>\n<meta property=\"og:locale\" content=\"tr_TR\" \/>\n<meta property=\"og:type\" content=\"article\" \/>\n<meta property=\"og:title\" content=\"Malatya Masaj Salonu - masajest.com\" \/>\n<meta property=\"og:description\" content=\"Malatya Masaj Salonu \u2013 Rahatlaman\u0131n ve Yenilenmenin Ad\u0131! Malatya&#039;da kendinizi \u015f\u0131martabilece\u011finiz en \u00f6zel yer, Masaj Salonu&#039;dur. Yorgunluk ve stresinizi geride b\u0131rak\u0131rken, bedeninizi rahatlatan ve ruhunuzu dinlendiren \u00e7e\u015fitli masaj teknikleriyle zindelik kazanabilirsiniz. Uzman terapistlerimiz, her bir m\u00fc\u015fteriye \u00f6zel bak\u0131m sunarak masaj deneyiminizi unutulmaz k\u0131lar. Malatya Masaj Salonu, huzur ve rahatl\u0131k arayan herkesi bekliyor.  Slogan: &quot;Malatya&#039;n\u0131n Kalbinde, Sizin \u0130\u00e7in Rahatl\u0131k!&quot;  \u00d6zg\u00fcn Tan\u0131t\u0131m Yaz\u0131s\u0131: Malatya&#039;da, \u015fehir ya\u015fam\u0131n\u0131n gerginli\u011finden uzakla\u015fmak ve v\u00fccudunuzu \u015f\u0131martmak istiyorsan\u0131z, Masaj Salonu tam size g\u00f6re. Modern terapiler ve geleneksel masaj tekniklerini birle\u015ftirerek, her seansa e\u015fsiz bir rahatlama sunuyoruz. Geni\u015f hizmet yelpazemizle kas gerilmelerinden ruhsal rahatlamaya kadar her t\u00fcrl\u00fc ihtiyaca \u00e7\u00f6z\u00fcm buluyoruz. Alan\u0131nda uzman mas\u00f6zlerimiz, sizin i\u00e7in en uygun tedavi y\u00f6ntemini se\u00e7erek, maksimum rahatlama sa\u011flayacakt\u0131r. Kendinize bir mola verin, Malatya Masaj Salonu&#039;na gelin ve hayat\u0131n\u0131za huzur kat\u0131n.          4o mini\" \/>\n<meta property=\"og:url\" content=\"https:\/\/www.masajest.com\/masaj\/reklamlar\/malatya-masaj-salonu\/\" \/>\n<meta property=\"og:site_name\" content=\"masajest.com\" \/>\n<meta property=\"article:modified_time\" content=\"2025-01-14T14:10:01+00:00\" \/>\n<meta property=\"og:image\" content=\"https:\/\/www.masajest.com\/masaj\/wp-content\/uploads\/2025\/01\/MASAJEST-MASAJEST.COM_.webp\" \/>\n\t<meta property=\"og:image:width\" content=\"1080\" \/>\n\t<meta property=\"og:image:height\" content=\"1080\" \/>\n\t<meta property=\"og:image:type\" content=\"image\/webp\" \/>\n<meta name=\"twitter:card\" content=\"summary_large_image\" \/>\n<meta name=\"twitter:label1\" content=\"Tahmini okuma s\u00fcresi\" \/>\n\t<meta name=\"twitter:data1\" content=\"1 dakika\" \/>\n<script type=\"application\/ld+json\" class=\"yoast-schema-graph\">{\"@context\":\"https:\/\/schema.org\",\"@graph\":[{\"@type\":\"WebPage\",\"@id\":\"https:\/\/www.masajest.com\/masaj\/reklamlar\/malatya-masaj-salonu\/\",\"url\":\"https:\/\/www.masajest.com\/masaj\/reklamlar\/malatya-masaj-salonu\/\",\"name\":\"Malatya Masaj Salonu - masajest.com\",\"isPartOf\":{\"@id\":\"https:\/\/www.masajest.com\/masaj\/#website\"},\"datePublished\":\"2025-01-14T12:30:25+00:00\",\"dateModified\":\"2025-01-14T14:10:01+00:00\",\"breadcrumb\":{\"@id\":\"https:\/\/www.masajest.com\/masaj\/reklamlar\/malatya-masaj-salonu\/#breadcrumb\"},\"inLanguage\":\"tr\",\"potentialAction\":[{\"@type\":\"ReadAction\",\"target\":[\"https:\/\/www.masajest.com\/masaj\/reklamlar\/malatya-masaj-salonu\/\"]}]},{\"@type\":\"BreadcrumbList\",\"@id\":\"https:\/\/www.masajest.com\/masaj\/reklamlar\/malatya-masaj-salonu\/#breadcrumb\",\"itemListElement\":[{\"@type\":\"ListItem\",\"position\":1,\"name\":\"Anasayfa\",\"item\":\"https:\/\/www.masajest.com\/masaj\/\"},{\"@type\":\"ListItem\",\"position\":2,\"name\":\"MASAJEST\",\"item\":\"https:\/\/www.masajest.com\/masaj\/masajest\/\"},{\"@type\":\"ListItem\",\"position\":3,\"name\":\"Malatya Masaj Salonu\"}]},{\"@type\":\"WebSite\",\"@id\":\"https:\/\/www.masajest.com\/masaj\/#website\",\"url\":\"https:\/\/www.masajest.com\/masaj\/\",\"name\":\"masajest.com\",\"description\":\"masajest.com\",\"potentialAction\":[{\"@type\":\"SearchAction\",\"target\":{\"@type\":\"EntryPoint\",\"urlTemplate\":\"https:\/\/www.masajest.com\/masaj\/?s={search_term_string}\"},\"query-input\":{\"@type\":\"PropertyValueSpecification\",\"valueRequired\":true,\"valueName\":\"search_term_string\"}}],\"inLanguage\":\"tr\"}]}<\/script>\n<!-- \/ Yoast SEO plugin. -->","yoast_head_json":{"title":"Malatya Masaj Salonu - masajest.com","robots":{"index":"index","follow":"follow","max-snippet":"max-snippet:-1","max-image-preview":"max-image-preview:large","max-video-preview":"max-video-preview:-1"},"canonical":"https:\/\/www.masajest.com\/masaj\/reklamlar\/malatya-masaj-salonu\/","og_locale":"tr_TR","og_type":"article","og_title":"Malatya Masaj Salonu - masajest.com","og_description":"Malatya Masaj Salonu \u2013 Rahatlaman\u0131n ve Yenilenmenin Ad\u0131! Malatya'da kendinizi \u015f\u0131martabilece\u011finiz en \u00f6zel yer, Masaj Salonu'dur. Yorgunluk ve stresinizi geride b\u0131rak\u0131rken, bedeninizi rahatlatan ve ruhunuzu dinlendiren \u00e7e\u015fitli masaj teknikleriyle zindelik kazanabilirsiniz. Uzman terapistlerimiz, her bir m\u00fc\u015fteriye \u00f6zel bak\u0131m sunarak masaj deneyiminizi unutulmaz k\u0131lar. Malatya Masaj Salonu, huzur ve rahatl\u0131k arayan herkesi bekliyor.  Slogan: \"Malatya'n\u0131n Kalbinde, Sizin \u0130\u00e7in Rahatl\u0131k!\"  \u00d6zg\u00fcn Tan\u0131t\u0131m Yaz\u0131s\u0131: Malatya'da, \u015fehir ya\u015fam\u0131n\u0131n gerginli\u011finden uzakla\u015fmak ve v\u00fccudunuzu \u015f\u0131martmak istiyorsan\u0131z, Masaj Salonu tam size g\u00f6re. Modern terapiler ve geleneksel masaj tekniklerini birle\u015ftirerek, her seansa e\u015fsiz bir rahatlama sunuyoruz. Geni\u015f hizmet yelpazemizle kas gerilmelerinden ruhsal rahatlamaya kadar her t\u00fcrl\u00fc ihtiyaca \u00e7\u00f6z\u00fcm buluyoruz. Alan\u0131nda uzman mas\u00f6zlerimiz, sizin i\u00e7in en uygun tedavi y\u00f6ntemini se\u00e7erek, maksimum rahatlama sa\u011flayacakt\u0131r. Kendinize bir mola verin, Malatya Masaj Salonu'na gelin ve hayat\u0131n\u0131za huzur kat\u0131n.          4o mini","og_url":"https:\/\/www.masajest.com\/masaj\/reklamlar\/malatya-masaj-salonu\/","og_site_name":"masajest.com","article_modified_time":"2025-01-14T14:10:01+00:00","og_image":[{"width":1080,"height":1080,"url":"https:\/\/www.masajest.com\/masaj\/wp-content\/uploads\/2025\/01\/MASAJEST-MASAJEST.COM_.webp","type":"image\/webp"}],"twitter_card":"summary_large_image","twitter_misc":{"Tahmini okuma s\u00fcresi":"1 dakika"},"schema":{"@context":"https:\/\/schema.org","@graph":[{"@type":"WebPage","@id":"https:\/\/www.masajest.com\/masaj\/reklamlar\/malatya-masaj-salonu\/","url":"https:\/\/www.masajest.com\/masaj\/reklamlar\/malatya-masaj-salonu\/","name":"Malatya Masaj Salonu - masajest.com","isPartOf":{"@id":"https:\/\/www.masajest.com\/masaj\/#website"},"datePublished":"2025-01-14T12:30:25+00:00","dateModified":"2025-01-14T14:10:01+00:00","breadcrumb":{"@id":"https:\/\/www.masajest.com\/masaj\/reklamlar\/malatya-masaj-salonu\/#breadcrumb"},"inLanguage":"tr","potentialAction":[{"@type":"ReadAction","target":["https:\/\/www.masajest.com\/masaj\/reklamlar\/malatya-masaj-salonu\/"]}]},{"@type":"BreadcrumbList","@id":"https:\/\/www.masajest.com\/masaj\/reklamlar\/malatya-masaj-salonu\/#breadcrumb","itemListElement":[{"@type":"ListItem","position":1,"name":"Anasayfa","item":"https:\/\/www.masajest.com\/masaj\/"},{"@type":"ListItem","position":2,"name":"MASAJEST","item":"https:\/\/www.masajest.com\/masaj\/masajest\/"},{"@type":"ListItem","position":3,"name":"Malatya Masaj Salonu"}]},{"@type":"WebSite","@id":"https:\/\/www.masajest.com\/masaj\/#website","url":"https:\/\/www.masajest.com\/masaj\/","name":"masajest.com","description":"masajest.com","potentialAction":[{"@type":"SearchAction","target":{"@type":"EntryPoint","urlTemplate":"https:\/\/www.masajest.com\/masaj\/?s={search_term_string}"},"query-input":{"@type":"PropertyValueSpecification","valueRequired":true,"valueName":"search_term_string"}}],"inLanguage":"tr"}]}},"_links":{"self":[{"href":"https:\/\/www.masajest.com\/masaj\/wp-json\/wp\/v2\/product\/2791","targetHints":{"allow":["GET"]}}],"collection":[{"href":"https:\/\/www.masajest.com\/masaj\/wp-json\/wp\/v2\/product"}],"about":[{"href":"https:\/\/www.masajest.com\/masaj\/wp-json\/wp\/v2\/types\/product"}],"replies":[{"embeddable":true,"href":"https:\/\/www.masajest.com\/masaj\/wp-json\/wp\/v2\/comments?post=2791"}],"wp:attachment":[{"href":"https:\/\/www.masajest.com\/masaj\/wp-json\/wp\/v2\/media?parent=2791"}],"wp:term":[{"taxonomy":"product_brand","embeddable":true,"href":"https:\/\/www.masajest.com\/masaj\/wp-json\/wp\/v2\/product_brand?post=2791"},{"taxonomy":"product_cat","embeddable":true,"href":"https:\/\/www.masajest.com\/masaj\/wp-json\/wp\/v2\/product_cat?post=2791"},{"taxonomy":"product_tag","embeddable":true,"href":"https:\/\/www.masajest.com\/masaj\/wp-json\/wp\/v2\/product_tag?post=2791"}],"curies":[{"name":"wp","href":"https:\/\/api.w.org\/{rel}","templated":true}]}}