{"id":2782,"date":"2025-01-14T15:29:41","date_gmt":"2025-01-14T12:29:41","guid":{"rendered":"https:\/\/www.masajest.com\/masaj\/?post_type=product&#038;p=2782"},"modified":"2025-01-14T16:38:05","modified_gmt":"2025-01-14T13:38:05","slug":"eskisehir-masaj-salonu","status":"publish","type":"product","link":"https:\/\/www.masajest.com\/masaj\/reklamlar\/eskisehir-masaj-salonu\/","title":{"rendered":"Eski\u015fehir Masaj Salonu"},"content":{"rendered":"<p><strong>Eski\u015fehir Masaj Salonu: Rahatlama ve Yenilenmenin Adresi<\/strong><\/p>\n<p>Eski\u015fehir Masaj Salonu, stressiz bir ya\u015fam i\u00e7in ihtiya\u00e7 duydu\u011funuz her \u015feyin bulundu\u011fu bir mekan. \u015eehir hayat\u0131n\u0131n g\u00fcr\u00fclt\u00fcs\u00fcnden uzakla\u015fmak, bedeninizi ve zihninizi dinlendirmek i\u00e7in do\u011fru yerdesiniz. Bu salon, profesyonel mas\u00f6zler e\u015fli\u011finde ki\u015fiye \u00f6zel hizmetler sunarak, rahatlama ve yenilenme s\u00fcrecini en \u00fcst d\u00fczeyde deneyimlemenizi sa\u011flar.<\/p>\n<p><strong>Slogan:<\/strong> <em>&#8220;Eski\u015fehir&#8217;de huzurun ve rahatlaman\u0131n merkezi!&#8221;<\/em><\/p>\n<p><strong>K\u0131sa \u00d6zet:<\/strong><\/p>\n<p>Eski\u015fehir Masaj Salonu, modern bir atmosferde, rahatlat\u0131c\u0131 ve terapi ama\u00e7l\u0131 masaj teknikleriyle hizmet veriyor. Profesyonel mas\u00f6zler, m\u00fc\u015fterilerin ihtiya\u00e7lar\u0131na g\u00f6re \u00f6zelle\u015ftirilmi\u015f masaj se\u00e7enekleri sunuyor. \u0130ster s\u0131rt a\u011fr\u0131lar\u0131n\u0131zdan kurtulmak ister zihinsel yorgunlu\u011funuzu atmak isteyin, burada her \u015feyin \u00e7\u00f6z\u00fcm\u00fc bulunabilir. Geni\u015f hizmet yelpazesi ve huzur veren ortam\u0131yla Eski\u015fehir\u2019in vazge\u00e7ilmez masaj salonlar\u0131ndan biri olma \u00f6zelli\u011fi ta\u015f\u0131r.<\/p>\n<p><strong>Mutlu Masaj Yorum:<\/strong><\/p>\n<p>\u201cEski\u015fehir Masaj Salonu&#8217;nda ald\u0131\u011f\u0131m masajdan sonra ger\u00e7ekten kendimi yenilenmi\u015f hissettim. Mas\u00f6zlerin profesyonelli\u011fi ve g\u00f6sterdikleri \u00f6zen sayesinde bedenim rahatlad\u0131, zihinsel olarak da daha huzurlu bir hale geldim. Mutlu masaj, tam anlam\u0131yla v\u00fccudunuzu ve ruhunuzu dinlendiren bir deneyim. Sadece fiziksel de\u011fil, duygusal olarak da ar\u0131nman\u0131za yard\u0131mc\u0131 oluyor.\u201d<\/p>\n","protected":false},"excerpt":{"rendered":"<p><strong>Eski\u015fehir Masaj Salonu<\/strong><br \/>\nEski\u015fehir&#8217;de rahatlat\u0131c\u0131 bir ka\u00e7amak ar\u0131yorsan\u0131z, masaj salonumuz sizi bekliyor! Modern tesisimiz, huzurlu atmosferi ve uzman mas\u00f6zlerimizle v\u00fccudunuzun ihtiyac\u0131 olan t\u00fcm rahatlamay\u0131 sa\u011fl\u0131yor. Stresten uzakla\u015f\u0131n, kendinizi tazelenmi\u015f ve yenilenmi\u015f hissedin.<\/p>\n<p><strong>Slogan<\/strong>: <em>&#8220;Eski\u015fehir&#8217;in Kalbinde, Ruhunuzu Dinlendiren Masaj Deneyimi&#8221;<\/em><\/p>\n<p>Masaj, sadece fiziksel de\u011fil, ruhsal rahatlaman\u0131z\u0131 da sa\u011flayan bir terapi y\u00f6ntemidir. Eski\u015fehir Masaj Salonu olarak, farkl\u0131 masaj t\u00fcrlerimizle stresinizi geride b\u0131rak\u0131p, yeniden enerjik ve huzurlu bir \u015fekilde hayat\u0131n\u0131za devam etmenizi sa\u011fl\u0131yoruz. Klasik, aromaterapi veya spor masaj\u0131 se\u00e7eneklerimizle her ihtiyaca hitap ediyoruz. Kendinize hak etti\u011finiz bu rahatlamay\u0131 arma\u011fan edin!<\/p>\n","protected":false},"featured_media":0,"comment_status":"open","ping_status":"closed","template":"","meta":[],"product_brand":[],"product_cat":[15,192],"product_tag":[194],"class_list":{"0":"post-2782","1":"product","2":"type-product","3":"status-publish","5":"product_cat-masajest","6":"product_cat-masaj-salonu","7":"product_tag-masaj-salonu","9":"first","10":"instock","11":"shipping-taxable","12":"product-type-simple"},"yoast_head":"<!-- This site is optimized with the Yoast SEO plugin v27.0 - https:\/\/yoast.com\/product\/yoast-seo-wordpress\/ -->\n<title>Eski\u015fehir Masaj Salonu - masajest.com<\/title>\n<meta name=\"robots\" content=\"index, follow, max-snippet:-1, max-image-preview:large, max-video-preview:-1\" \/>\n<link rel=\"canonical\" href=\"https:\/\/www.masajest.com\/masaj\/reklamlar\/eskisehir-masaj-salonu\/\" \/>\n<meta property=\"og:locale\" content=\"tr_TR\" \/>\n<meta property=\"og:type\" content=\"article\" \/>\n<meta property=\"og:title\" content=\"Eski\u015fehir Masaj Salonu - masajest.com\" \/>\n<meta property=\"og:description\" content=\"Eski\u015fehir Masaj Salonu Eski\u015fehir&#039;de rahatlat\u0131c\u0131 bir ka\u00e7amak ar\u0131yorsan\u0131z, masaj salonumuz sizi bekliyor! Modern tesisimiz, huzurlu atmosferi ve uzman mas\u00f6zlerimizle v\u00fccudunuzun ihtiyac\u0131 olan t\u00fcm rahatlamay\u0131 sa\u011fl\u0131yor. Stresten uzakla\u015f\u0131n, kendinizi tazelenmi\u015f ve yenilenmi\u015f hissedin.  Slogan: &quot;Eski\u015fehir&#039;in Kalbinde, Ruhunuzu Dinlendiren Masaj Deneyimi&quot;  Masaj, sadece fiziksel de\u011fil, ruhsal rahatlaman\u0131z\u0131 da sa\u011flayan bir terapi y\u00f6ntemidir. Eski\u015fehir Masaj Salonu olarak, farkl\u0131 masaj t\u00fcrlerimizle stresinizi geride b\u0131rak\u0131p, yeniden enerjik ve huzurlu bir \u015fekilde hayat\u0131n\u0131za devam etmenizi sa\u011fl\u0131yoruz. Klasik, aromaterapi veya spor masaj\u0131 se\u00e7eneklerimizle her ihtiyaca hitap ediyoruz. Kendinize hak etti\u011finiz bu rahatlamay\u0131 arma\u011fan edin!\" \/>\n<meta property=\"og:url\" content=\"https:\/\/www.masajest.com\/masaj\/reklamlar\/eskisehir-masaj-salonu\/\" \/>\n<meta property=\"og:site_name\" content=\"masajest.com\" \/>\n<meta property=\"article:modified_time\" content=\"2025-01-14T13:38:05+00:00\" \/>\n<meta property=\"og:image\" content=\"https:\/\/www.masajest.com\/masaj\/wp-content\/uploads\/2025\/01\/MASAJEST-MASAJEST.COM_.webp\" \/>\n\t<meta property=\"og:image:width\" content=\"1080\" \/>\n\t<meta property=\"og:image:height\" content=\"1080\" \/>\n\t<meta property=\"og:image:type\" content=\"image\/webp\" \/>\n<meta name=\"twitter:card\" content=\"summary_large_image\" \/>\n<meta name=\"twitter:label1\" content=\"Tahmini okuma s\u00fcresi\" \/>\n\t<meta name=\"twitter:data1\" content=\"2 dakika\" \/>\n<script type=\"application\/ld+json\" class=\"yoast-schema-graph\">{\"@context\":\"https:\/\/schema.org\",\"@graph\":[{\"@type\":\"WebPage\",\"@id\":\"https:\/\/www.masajest.com\/masaj\/reklamlar\/eskisehir-masaj-salonu\/\",\"url\":\"https:\/\/www.masajest.com\/masaj\/reklamlar\/eskisehir-masaj-salonu\/\",\"name\":\"Eski\u015fehir Masaj Salonu - masajest.com\",\"isPartOf\":{\"@id\":\"https:\/\/www.masajest.com\/masaj\/#website\"},\"datePublished\":\"2025-01-14T12:29:41+00:00\",\"dateModified\":\"2025-01-14T13:38:05+00:00\",\"breadcrumb\":{\"@id\":\"https:\/\/www.masajest.com\/masaj\/reklamlar\/eskisehir-masaj-salonu\/#breadcrumb\"},\"inLanguage\":\"tr\",\"potentialAction\":[{\"@type\":\"ReadAction\",\"target\":[\"https:\/\/www.masajest.com\/masaj\/reklamlar\/eskisehir-masaj-salonu\/\"]}]},{\"@type\":\"BreadcrumbList\",\"@id\":\"https:\/\/www.masajest.com\/masaj\/reklamlar\/eskisehir-masaj-salonu\/#breadcrumb\",\"itemListElement\":[{\"@type\":\"ListItem\",\"position\":1,\"name\":\"Anasayfa\",\"item\":\"https:\/\/www.masajest.com\/masaj\/\"},{\"@type\":\"ListItem\",\"position\":2,\"name\":\"MASAJEST\",\"item\":\"https:\/\/www.masajest.com\/masaj\/masajest\/\"},{\"@type\":\"ListItem\",\"position\":3,\"name\":\"Eski\u015fehir Masaj Salonu\"}]},{\"@type\":\"WebSite\",\"@id\":\"https:\/\/www.masajest.com\/masaj\/#website\",\"url\":\"https:\/\/www.masajest.com\/masaj\/\",\"name\":\"masajest.com\",\"description\":\"masajest.com\",\"potentialAction\":[{\"@type\":\"SearchAction\",\"target\":{\"@type\":\"EntryPoint\",\"urlTemplate\":\"https:\/\/www.masajest.com\/masaj\/?s={search_term_string}\"},\"query-input\":{\"@type\":\"PropertyValueSpecification\",\"valueRequired\":true,\"valueName\":\"search_term_string\"}}],\"inLanguage\":\"tr\"}]}<\/script>\n<!-- \/ Yoast SEO plugin. -->","yoast_head_json":{"title":"Eski\u015fehir Masaj Salonu - masajest.com","robots":{"index":"index","follow":"follow","max-snippet":"max-snippet:-1","max-image-preview":"max-image-preview:large","max-video-preview":"max-video-preview:-1"},"canonical":"https:\/\/www.masajest.com\/masaj\/reklamlar\/eskisehir-masaj-salonu\/","og_locale":"tr_TR","og_type":"article","og_title":"Eski\u015fehir Masaj Salonu - masajest.com","og_description":"Eski\u015fehir Masaj Salonu Eski\u015fehir'de rahatlat\u0131c\u0131 bir ka\u00e7amak ar\u0131yorsan\u0131z, masaj salonumuz sizi bekliyor! Modern tesisimiz, huzurlu atmosferi ve uzman mas\u00f6zlerimizle v\u00fccudunuzun ihtiyac\u0131 olan t\u00fcm rahatlamay\u0131 sa\u011fl\u0131yor. Stresten uzakla\u015f\u0131n, kendinizi tazelenmi\u015f ve yenilenmi\u015f hissedin.  Slogan: \"Eski\u015fehir'in Kalbinde, Ruhunuzu Dinlendiren Masaj Deneyimi\"  Masaj, sadece fiziksel de\u011fil, ruhsal rahatlaman\u0131z\u0131 da sa\u011flayan bir terapi y\u00f6ntemidir. Eski\u015fehir Masaj Salonu olarak, farkl\u0131 masaj t\u00fcrlerimizle stresinizi geride b\u0131rak\u0131p, yeniden enerjik ve huzurlu bir \u015fekilde hayat\u0131n\u0131za devam etmenizi sa\u011fl\u0131yoruz. Klasik, aromaterapi veya spor masaj\u0131 se\u00e7eneklerimizle her ihtiyaca hitap ediyoruz. Kendinize hak etti\u011finiz bu rahatlamay\u0131 arma\u011fan edin!","og_url":"https:\/\/www.masajest.com\/masaj\/reklamlar\/eskisehir-masaj-salonu\/","og_site_name":"masajest.com","article_modified_time":"2025-01-14T13:38:05+00:00","og_image":[{"width":1080,"height":1080,"url":"https:\/\/www.masajest.com\/masaj\/wp-content\/uploads\/2025\/01\/MASAJEST-MASAJEST.COM_.webp","type":"image\/webp"}],"twitter_card":"summary_large_image","twitter_misc":{"Tahmini okuma s\u00fcresi":"2 dakika"},"schema":{"@context":"https:\/\/schema.org","@graph":[{"@type":"WebPage","@id":"https:\/\/www.masajest.com\/masaj\/reklamlar\/eskisehir-masaj-salonu\/","url":"https:\/\/www.masajest.com\/masaj\/reklamlar\/eskisehir-masaj-salonu\/","name":"Eski\u015fehir Masaj Salonu - masajest.com","isPartOf":{"@id":"https:\/\/www.masajest.com\/masaj\/#website"},"datePublished":"2025-01-14T12:29:41+00:00","dateModified":"2025-01-14T13:38:05+00:00","breadcrumb":{"@id":"https:\/\/www.masajest.com\/masaj\/reklamlar\/eskisehir-masaj-salonu\/#breadcrumb"},"inLanguage":"tr","potentialAction":[{"@type":"ReadAction","target":["https:\/\/www.masajest.com\/masaj\/reklamlar\/eskisehir-masaj-salonu\/"]}]},{"@type":"BreadcrumbList","@id":"https:\/\/www.masajest.com\/masaj\/reklamlar\/eskisehir-masaj-salonu\/#breadcrumb","itemListElement":[{"@type":"ListItem","position":1,"name":"Anasayfa","item":"https:\/\/www.masajest.com\/masaj\/"},{"@type":"ListItem","position":2,"name":"MASAJEST","item":"https:\/\/www.masajest.com\/masaj\/masajest\/"},{"@type":"ListItem","position":3,"name":"Eski\u015fehir Masaj Salonu"}]},{"@type":"WebSite","@id":"https:\/\/www.masajest.com\/masaj\/#website","url":"https:\/\/www.masajest.com\/masaj\/","name":"masajest.com","description":"masajest.com","potentialAction":[{"@type":"SearchAction","target":{"@type":"EntryPoint","urlTemplate":"https:\/\/www.masajest.com\/masaj\/?s={search_term_string}"},"query-input":{"@type":"PropertyValueSpecification","valueRequired":true,"valueName":"search_term_string"}}],"inLanguage":"tr"}]}},"_links":{"self":[{"href":"https:\/\/www.masajest.com\/masaj\/wp-json\/wp\/v2\/product\/2782","targetHints":{"allow":["GET"]}}],"collection":[{"href":"https:\/\/www.masajest.com\/masaj\/wp-json\/wp\/v2\/product"}],"about":[{"href":"https:\/\/www.masajest.com\/masaj\/wp-json\/wp\/v2\/types\/product"}],"replies":[{"embeddable":true,"href":"https:\/\/www.masajest.com\/masaj\/wp-json\/wp\/v2\/comments?post=2782"}],"wp:attachment":[{"href":"https:\/\/www.masajest.com\/masaj\/wp-json\/wp\/v2\/media?parent=2782"}],"wp:term":[{"taxonomy":"product_brand","embeddable":true,"href":"https:\/\/www.masajest.com\/masaj\/wp-json\/wp\/v2\/product_brand?post=2782"},{"taxonomy":"product_cat","embeddable":true,"href":"https:\/\/www.masajest.com\/masaj\/wp-json\/wp\/v2\/product_cat?post=2782"},{"taxonomy":"product_tag","embeddable":true,"href":"https:\/\/www.masajest.com\/masaj\/wp-json\/wp\/v2\/product_tag?post=2782"}],"curies":[{"name":"wp","href":"https:\/\/api.w.org\/{rel}","templated":true}]}}