{"id":2776,"date":"2025-01-14T15:29:10","date_gmt":"2025-01-14T12:29:10","guid":{"rendered":"https:\/\/www.masajest.com\/masaj\/?post_type=product&#038;p=2776"},"modified":"2025-01-14T16:00:12","modified_gmt":"2025-01-14T13:00:12","slug":"antalya-masaj-salonu","status":"publish","type":"product","link":"https:\/\/www.masajest.com\/masaj\/reklamlar\/antalya-masaj-salonu\/","title":{"rendered":"Antalya Masaj Salonu"},"content":{"rendered":"<p><strong>Antalya Masaj Salonu: Rahatlama ve Yenilenmenin Ad\u0131<\/strong><\/p>\n<p>Antalya Masaj Salonu, \u015fehirdeki en kaliteli ve profesyonel masaj hizmetlerini sunan bir adres olarak \u00f6ne \u00e7\u0131k\u0131yor. Misafirlerine huzur dolu bir deneyim sunmay\u0131 ama\u00e7layan salon, \u00e7e\u015fitli masaj teknikleriyle v\u00fccut ve zihin sa\u011fl\u0131\u011f\u0131n\u0131 dengelemeyi hedefliyor. S\u0131cak atmosferi, deneyimli terapistleri ve rahatlat\u0131c\u0131 ortam\u0131yla, her ziyaret\u00e7i kendini yenilenmi\u015f ve dinlenmi\u015f hissedecek.<\/p>\n<p><em>\u201cAntalya\u2019n\u0131n Rahatlatan Adresi!\u201d<\/em><\/p>\n<p>Antalya Masaj Salonu, geni\u015f hizmet yelpazesi ile yerli ve yabanc\u0131 turistlere hitap etmektedir. Her biri alan\u0131nda uzman terapistler taraf\u0131ndan sunulan masajlar, stres atmak, kaslar\u0131 rahatlatmak ve bedeni canland\u0131rmak i\u00e7in m\u00fckemmel bir se\u00e7imdir. Masaj salonu, s\u0131cak bir ortam, hijyenik ko\u015fullar ve ki\u015fiye \u00f6zel bak\u0131m anlay\u0131\u015f\u0131yla \u00f6ne \u00e7\u0131k\u0131yor.<\/p>\n<p>&#8220;Mutlu masaj, ger\u00e7ekten v\u00fccudumu ve ruhumu dinlendiren bir deneyim oldu. Terapistim, v\u00fccudumdaki gerginlikleri ba\u015far\u0131yla \u00e7\u00f6z\u00fcp rahatlamam\u0131 sa\u011flad\u0131. Zihnim de tazelendi. Art\u0131k masaj\u0131 bir l\u00fcks de\u011fil, sa\u011fl\u0131\u011f\u0131m i\u00e7in d\u00fczenli bir ihtiya\u00e7 olarak g\u00f6r\u00fcyorum. Antalya Masaj Salonu\u2019nda ge\u00e7irdi\u011fim her an, beni yenileyen ve mutlu eden bir deneyime d\u00f6n\u00fc\u015ft\u00fc. Tavsiye ediyorum!&#8221;<\/p>\n","protected":false},"excerpt":{"rendered":"<p><strong>Antalya Masaj Salonu: Rahatl\u0131k ve Yenilenmenin Adresi<\/strong><\/p>\n<p>Antalya Masaj Salonu, \u015fehrin yo\u011fun temposundan uzakla\u015fmak ve bedeninizi tazeleyip rahatlatmak i\u00e7in m\u00fckemmel bir yerdir. Profesyonel mas\u00f6zlerimiz, ki\u015fisel ihtiya\u00e7lar\u0131n\u0131za g\u00f6re \u00f6zelle\u015ftirilmi\u015f masaj terapileri sunar, b\u00f6ylece her seans sonunda kendinizi yenilenmi\u015f hissedersiniz. \u00d6zel masaj teknikleri ile v\u00fccudunuzdaki gerginli\u011fi ve stresi atarken, ruhsal dinginlik de kazand\u0131r\u0131l\u0131r.<\/p>\n<p><strong>&#8220;Huzurun adresi, Antalya Masaj Salonu!&#8221;<\/strong><\/p>\n<p>Masaj, sadece fiziksel rahatlama sa\u011flamakla kalmaz, ayn\u0131 zamanda zihinsel sakinlik de sunar. Her t\u00fcrl\u00fc masaj se\u00e7ene\u011fiyle size \u00f6zel bir deneyim vaat eden salonumuz, derinlemesine rahatlaman\u0131z\u0131 sa\u011flayarak g\u00fcnl\u00fck hayat\u0131n stresinden uzakla\u015fman\u0131za yard\u0131mc\u0131 olur. Bu deneyimi ya\u015famak, her seans sonunda mutlu ve zinde bir \u015fekilde salonumuzdan ayr\u0131lman\u0131z\u0131 sa\u011flar.<\/p>\n","protected":false},"featured_media":0,"comment_status":"open","ping_status":"closed","template":"","meta":[],"product_brand":[],"product_cat":[15,192],"product_tag":[194],"class_list":{"0":"post-2776","1":"product","2":"type-product","3":"status-publish","5":"product_cat-masajest","6":"product_cat-masaj-salonu","7":"product_tag-masaj-salonu","9":"first","10":"instock","11":"shipping-taxable","12":"product-type-simple"},"yoast_head":"<!-- This site is optimized with the Yoast SEO plugin v27.0 - https:\/\/yoast.com\/product\/yoast-seo-wordpress\/ -->\n<title>Antalya Masaj Salonu - masajest.com<\/title>\n<meta name=\"robots\" content=\"index, follow, max-snippet:-1, max-image-preview:large, max-video-preview:-1\" \/>\n<link rel=\"canonical\" href=\"https:\/\/www.masajest.com\/masaj\/reklamlar\/antalya-masaj-salonu\/\" \/>\n<meta property=\"og:locale\" content=\"tr_TR\" \/>\n<meta property=\"og:type\" content=\"article\" \/>\n<meta property=\"og:title\" content=\"Antalya Masaj Salonu - masajest.com\" \/>\n<meta property=\"og:description\" content=\"Antalya Masaj Salonu: Rahatl\u0131k ve Yenilenmenin Adresi  Antalya Masaj Salonu, \u015fehrin yo\u011fun temposundan uzakla\u015fmak ve bedeninizi tazeleyip rahatlatmak i\u00e7in m\u00fckemmel bir yerdir. Profesyonel mas\u00f6zlerimiz, ki\u015fisel ihtiya\u00e7lar\u0131n\u0131za g\u00f6re \u00f6zelle\u015ftirilmi\u015f masaj terapileri sunar, b\u00f6ylece her seans sonunda kendinizi yenilenmi\u015f hissedersiniz. \u00d6zel masaj teknikleri ile v\u00fccudunuzdaki gerginli\u011fi ve stresi atarken, ruhsal dinginlik de kazand\u0131r\u0131l\u0131r.  &quot;Huzurun adresi, Antalya Masaj Salonu!&quot;  Masaj, sadece fiziksel rahatlama sa\u011flamakla kalmaz, ayn\u0131 zamanda zihinsel sakinlik de sunar. Her t\u00fcrl\u00fc masaj se\u00e7ene\u011fiyle size \u00f6zel bir deneyim vaat eden salonumuz, derinlemesine rahatlaman\u0131z\u0131 sa\u011flayarak g\u00fcnl\u00fck hayat\u0131n stresinden uzakla\u015fman\u0131za yard\u0131mc\u0131 olur. Bu deneyimi ya\u015famak, her seans sonunda mutlu ve zinde bir \u015fekilde salonumuzdan ayr\u0131lman\u0131z\u0131 sa\u011flar.\" \/>\n<meta property=\"og:url\" content=\"https:\/\/www.masajest.com\/masaj\/reklamlar\/antalya-masaj-salonu\/\" \/>\n<meta property=\"og:site_name\" content=\"masajest.com\" \/>\n<meta property=\"article:modified_time\" content=\"2025-01-14T13:00:12+00:00\" \/>\n<meta property=\"og:image\" content=\"https:\/\/www.masajest.com\/masaj\/wp-content\/uploads\/2025\/01\/MASAJEST-MASAJEST.COM_.webp\" \/>\n\t<meta property=\"og:image:width\" content=\"1080\" \/>\n\t<meta property=\"og:image:height\" content=\"1080\" \/>\n\t<meta property=\"og:image:type\" content=\"image\/webp\" \/>\n<meta name=\"twitter:card\" content=\"summary_large_image\" \/>\n<meta name=\"twitter:label1\" content=\"Tahmini okuma s\u00fcresi\" \/>\n\t<meta name=\"twitter:data1\" content=\"2 dakika\" \/>\n<script type=\"application\/ld+json\" class=\"yoast-schema-graph\">{\"@context\":\"https:\/\/schema.org\",\"@graph\":[{\"@type\":\"WebPage\",\"@id\":\"https:\/\/www.masajest.com\/masaj\/reklamlar\/antalya-masaj-salonu\/\",\"url\":\"https:\/\/www.masajest.com\/masaj\/reklamlar\/antalya-masaj-salonu\/\",\"name\":\"Antalya Masaj Salonu - masajest.com\",\"isPartOf\":{\"@id\":\"https:\/\/www.masajest.com\/masaj\/#website\"},\"datePublished\":\"2025-01-14T12:29:10+00:00\",\"dateModified\":\"2025-01-14T13:00:12+00:00\",\"breadcrumb\":{\"@id\":\"https:\/\/www.masajest.com\/masaj\/reklamlar\/antalya-masaj-salonu\/#breadcrumb\"},\"inLanguage\":\"tr\",\"potentialAction\":[{\"@type\":\"ReadAction\",\"target\":[\"https:\/\/www.masajest.com\/masaj\/reklamlar\/antalya-masaj-salonu\/\"]}]},{\"@type\":\"BreadcrumbList\",\"@id\":\"https:\/\/www.masajest.com\/masaj\/reklamlar\/antalya-masaj-salonu\/#breadcrumb\",\"itemListElement\":[{\"@type\":\"ListItem\",\"position\":1,\"name\":\"Anasayfa\",\"item\":\"https:\/\/www.masajest.com\/masaj\/\"},{\"@type\":\"ListItem\",\"position\":2,\"name\":\"MASAJEST\",\"item\":\"https:\/\/www.masajest.com\/masaj\/masajest\/\"},{\"@type\":\"ListItem\",\"position\":3,\"name\":\"Antalya Masaj Salonu\"}]},{\"@type\":\"WebSite\",\"@id\":\"https:\/\/www.masajest.com\/masaj\/#website\",\"url\":\"https:\/\/www.masajest.com\/masaj\/\",\"name\":\"masajest.com\",\"description\":\"masajest.com\",\"potentialAction\":[{\"@type\":\"SearchAction\",\"target\":{\"@type\":\"EntryPoint\",\"urlTemplate\":\"https:\/\/www.masajest.com\/masaj\/?s={search_term_string}\"},\"query-input\":{\"@type\":\"PropertyValueSpecification\",\"valueRequired\":true,\"valueName\":\"search_term_string\"}}],\"inLanguage\":\"tr\"}]}<\/script>\n<!-- \/ Yoast SEO plugin. -->","yoast_head_json":{"title":"Antalya Masaj Salonu - masajest.com","robots":{"index":"index","follow":"follow","max-snippet":"max-snippet:-1","max-image-preview":"max-image-preview:large","max-video-preview":"max-video-preview:-1"},"canonical":"https:\/\/www.masajest.com\/masaj\/reklamlar\/antalya-masaj-salonu\/","og_locale":"tr_TR","og_type":"article","og_title":"Antalya Masaj Salonu - masajest.com","og_description":"Antalya Masaj Salonu: Rahatl\u0131k ve Yenilenmenin Adresi  Antalya Masaj Salonu, \u015fehrin yo\u011fun temposundan uzakla\u015fmak ve bedeninizi tazeleyip rahatlatmak i\u00e7in m\u00fckemmel bir yerdir. Profesyonel mas\u00f6zlerimiz, ki\u015fisel ihtiya\u00e7lar\u0131n\u0131za g\u00f6re \u00f6zelle\u015ftirilmi\u015f masaj terapileri sunar, b\u00f6ylece her seans sonunda kendinizi yenilenmi\u015f hissedersiniz. \u00d6zel masaj teknikleri ile v\u00fccudunuzdaki gerginli\u011fi ve stresi atarken, ruhsal dinginlik de kazand\u0131r\u0131l\u0131r.  \"Huzurun adresi, Antalya Masaj Salonu!\"  Masaj, sadece fiziksel rahatlama sa\u011flamakla kalmaz, ayn\u0131 zamanda zihinsel sakinlik de sunar. Her t\u00fcrl\u00fc masaj se\u00e7ene\u011fiyle size \u00f6zel bir deneyim vaat eden salonumuz, derinlemesine rahatlaman\u0131z\u0131 sa\u011flayarak g\u00fcnl\u00fck hayat\u0131n stresinden uzakla\u015fman\u0131za yard\u0131mc\u0131 olur. Bu deneyimi ya\u015famak, her seans sonunda mutlu ve zinde bir \u015fekilde salonumuzdan ayr\u0131lman\u0131z\u0131 sa\u011flar.","og_url":"https:\/\/www.masajest.com\/masaj\/reklamlar\/antalya-masaj-salonu\/","og_site_name":"masajest.com","article_modified_time":"2025-01-14T13:00:12+00:00","og_image":[{"width":1080,"height":1080,"url":"https:\/\/www.masajest.com\/masaj\/wp-content\/uploads\/2025\/01\/MASAJEST-MASAJEST.COM_.webp","type":"image\/webp"}],"twitter_card":"summary_large_image","twitter_misc":{"Tahmini okuma s\u00fcresi":"2 dakika"},"schema":{"@context":"https:\/\/schema.org","@graph":[{"@type":"WebPage","@id":"https:\/\/www.masajest.com\/masaj\/reklamlar\/antalya-masaj-salonu\/","url":"https:\/\/www.masajest.com\/masaj\/reklamlar\/antalya-masaj-salonu\/","name":"Antalya Masaj Salonu - masajest.com","isPartOf":{"@id":"https:\/\/www.masajest.com\/masaj\/#website"},"datePublished":"2025-01-14T12:29:10+00:00","dateModified":"2025-01-14T13:00:12+00:00","breadcrumb":{"@id":"https:\/\/www.masajest.com\/masaj\/reklamlar\/antalya-masaj-salonu\/#breadcrumb"},"inLanguage":"tr","potentialAction":[{"@type":"ReadAction","target":["https:\/\/www.masajest.com\/masaj\/reklamlar\/antalya-masaj-salonu\/"]}]},{"@type":"BreadcrumbList","@id":"https:\/\/www.masajest.com\/masaj\/reklamlar\/antalya-masaj-salonu\/#breadcrumb","itemListElement":[{"@type":"ListItem","position":1,"name":"Anasayfa","item":"https:\/\/www.masajest.com\/masaj\/"},{"@type":"ListItem","position":2,"name":"MASAJEST","item":"https:\/\/www.masajest.com\/masaj\/masajest\/"},{"@type":"ListItem","position":3,"name":"Antalya Masaj Salonu"}]},{"@type":"WebSite","@id":"https:\/\/www.masajest.com\/masaj\/#website","url":"https:\/\/www.masajest.com\/masaj\/","name":"masajest.com","description":"masajest.com","potentialAction":[{"@type":"SearchAction","target":{"@type":"EntryPoint","urlTemplate":"https:\/\/www.masajest.com\/masaj\/?s={search_term_string}"},"query-input":{"@type":"PropertyValueSpecification","valueRequired":true,"valueName":"search_term_string"}}],"inLanguage":"tr"}]}},"_links":{"self":[{"href":"https:\/\/www.masajest.com\/masaj\/wp-json\/wp\/v2\/product\/2776","targetHints":{"allow":["GET"]}}],"collection":[{"href":"https:\/\/www.masajest.com\/masaj\/wp-json\/wp\/v2\/product"}],"about":[{"href":"https:\/\/www.masajest.com\/masaj\/wp-json\/wp\/v2\/types\/product"}],"replies":[{"embeddable":true,"href":"https:\/\/www.masajest.com\/masaj\/wp-json\/wp\/v2\/comments?post=2776"}],"wp:attachment":[{"href":"https:\/\/www.masajest.com\/masaj\/wp-json\/wp\/v2\/media?parent=2776"}],"wp:term":[{"taxonomy":"product_brand","embeddable":true,"href":"https:\/\/www.masajest.com\/masaj\/wp-json\/wp\/v2\/product_brand?post=2776"},{"taxonomy":"product_cat","embeddable":true,"href":"https:\/\/www.masajest.com\/masaj\/wp-json\/wp\/v2\/product_cat?post=2776"},{"taxonomy":"product_tag","embeddable":true,"href":"https:\/\/www.masajest.com\/masaj\/wp-json\/wp\/v2\/product_tag?post=2776"}],"curies":[{"name":"wp","href":"https:\/\/api.w.org\/{rel}","templated":true}]}}