{"id":2760,"date":"2025-01-14T15:28:44","date_gmt":"2025-01-14T12:28:44","guid":{"rendered":"https:\/\/www.masajest.com\/masaj\/?post_type=product&#038;p=2760"},"modified":"2025-01-14T15:59:30","modified_gmt":"2025-01-14T12:59:30","slug":"ankara-masaj-salonu","status":"publish","type":"product","link":"https:\/\/www.masajest.com\/masaj\/reklamlar\/ankara-masaj-salonu\/","title":{"rendered":"Ankara Masaj Salonu"},"content":{"rendered":"<p><strong>Ankara Masaj Salonu: Sizi Yeniden Ke\u015ffedin!<\/strong><\/p>\n<p>Ankara&#8217;da, huzuru ve rahatlamay\u0131 bulaca\u011f\u0131n\u0131z bir masaj salonu ar\u0131yorsan\u0131z, <strong>Ankara Masaj Salonu<\/strong> tam size g\u00f6re! Uzman terapistlerimizle, v\u00fccudunuzdaki gerginli\u011fi ve stresi sonland\u0131rarak, bedensel ve zihinsel olarak taze bir ba\u015flang\u0131\u00e7 yapabilirsiniz. Farkl\u0131 masaj se\u00e7enekleriyle, her ihtiyaca y\u00f6nelik \u00e7\u00f6z\u00fcmler sunuyoruz. Hem ruhunuza hem de bedeninize hitap eden masaj deneyimi i\u00e7in kap\u0131lar\u0131m\u0131z size her zaman a\u00e7\u0131k!<\/p>\n<p>Ankara Masaj Salonu, kaliteli hizmeti, uzman terapistleri ve huzurlu atmosferiyle, misafirlerine benzersiz bir rahatlama deneyimi sunuyor. Zihinsel ve bedensel rahatl\u0131k, yenilenme ve yenilik\u00e7i masaj teknikleriyle m\u00fc\u015fterilerine kusursuz bir hizmet vermektedir.<\/p>\n<p>&#8220;Ankara Masaj Salonu&#8217;nda ald\u0131\u011f\u0131m masaj ger\u00e7ekten harikayd\u0131! Uzman terapistler, bedenimi tamamen rahatlatmay\u0131 ba\u015fard\u0131lar. Zihinsel olarak da \u00e7ok dinlenmi\u015f hissettim. Bu salon, kesinlikle i\u015fin uzman\u0131! Masaj sonras\u0131 kendimi taze ve enerjik hissediyorum. Herkese tavsiye ederim!&#8221;<\/p>\n","protected":false},"excerpt":{"rendered":"<p><strong>Ankara Masaj Salonu<\/strong>: Ba\u015fkentteki en rahatlat\u0131c\u0131 deneyimi ke\u015ffedin! Hem bedensel hem de zihinsel sa\u011fl\u0131\u011f\u0131n\u0131z\u0131 \u00f6n planda tutan Ankara Masaj Salonu, profesyonel terapistler e\u015fli\u011finde stresinizi azaltarak derin bir rahatlama sunar. Yenilenmi\u015f bir enerjiyle salonumuzdan ayr\u0131lacak, g\u00fcnl\u00fck ya\u015fam\u0131n zorluklar\u0131na kar\u015f\u0131 tazelenmi\u015f hissedeceksiniz.<\/p>\n<p>&#8220;Ankara&#8217;n\u0131n kalbinde huzur, masajda m\u00fckemmeliyet!&#8221;<\/p>\n<p>Ankara Masaj Salonu, size \u00f6zel masaj terapileriyle t\u00fcm yorgunluklar\u0131 geride b\u0131rakman\u0131z\u0131 sa\u011fl\u0131yor. Uzman terapistlerimiz, s\u0131rt a\u011fr\u0131lar\u0131ndan kas gerginliklerine kadar her t\u00fcrl\u00fc problemi ele alarak size sadece bir masaj de\u011fil, ayn\u0131 zamanda bir huzur deneyimi sunuyor. Uygulad\u0131\u011f\u0131m\u0131z terapi y\u00f6ntemleriyle, kendinizi daha enerjik, rahat ve zinde hissedeceksiniz. Her bir masaj seans\u0131, sizin ihtiya\u00e7lar\u0131n\u0131za \u00f6zel olarak tasarlan\u0131r. Sa\u011fl\u0131\u011f\u0131n\u0131z ve mutlulu\u011funuz bizim \u00f6nceli\u011fimizdir.<\/p>\n","protected":false},"featured_media":0,"comment_status":"open","ping_status":"closed","template":"","meta":[],"product_brand":[],"product_cat":[15,192],"product_tag":[194],"class_list":{"0":"post-2760","1":"product","2":"type-product","3":"status-publish","5":"product_cat-masajest","6":"product_cat-masaj-salonu","7":"product_tag-masaj-salonu","9":"first","10":"instock","11":"shipping-taxable","12":"product-type-simple"},"yoast_head":"<!-- This site is optimized with the Yoast SEO plugin v27.0 - https:\/\/yoast.com\/product\/yoast-seo-wordpress\/ -->\n<title>Ankara Masaj Salonu - masajest.com<\/title>\n<meta name=\"robots\" content=\"index, follow, max-snippet:-1, max-image-preview:large, max-video-preview:-1\" \/>\n<link rel=\"canonical\" href=\"https:\/\/www.masajest.com\/masaj\/reklamlar\/ankara-masaj-salonu\/\" \/>\n<meta property=\"og:locale\" content=\"tr_TR\" \/>\n<meta property=\"og:type\" content=\"article\" \/>\n<meta property=\"og:title\" content=\"Ankara Masaj Salonu - masajest.com\" \/>\n<meta property=\"og:description\" content=\"Ankara Masaj Salonu: Ba\u015fkentteki en rahatlat\u0131c\u0131 deneyimi ke\u015ffedin! Hem bedensel hem de zihinsel sa\u011fl\u0131\u011f\u0131n\u0131z\u0131 \u00f6n planda tutan Ankara Masaj Salonu, profesyonel terapistler e\u015fli\u011finde stresinizi azaltarak derin bir rahatlama sunar. Yenilenmi\u015f bir enerjiyle salonumuzdan ayr\u0131lacak, g\u00fcnl\u00fck ya\u015fam\u0131n zorluklar\u0131na kar\u015f\u0131 tazelenmi\u015f hissedeceksiniz.  &quot;Ankara&#039;n\u0131n kalbinde huzur, masajda m\u00fckemmeliyet!&quot;  Ankara Masaj Salonu, size \u00f6zel masaj terapileriyle t\u00fcm yorgunluklar\u0131 geride b\u0131rakman\u0131z\u0131 sa\u011fl\u0131yor. Uzman terapistlerimiz, s\u0131rt a\u011fr\u0131lar\u0131ndan kas gerginliklerine kadar her t\u00fcrl\u00fc problemi ele alarak size sadece bir masaj de\u011fil, ayn\u0131 zamanda bir huzur deneyimi sunuyor. Uygulad\u0131\u011f\u0131m\u0131z terapi y\u00f6ntemleriyle, kendinizi daha enerjik, rahat ve zinde hissedeceksiniz. Her bir masaj seans\u0131, sizin ihtiya\u00e7lar\u0131n\u0131za \u00f6zel olarak tasarlan\u0131r. Sa\u011fl\u0131\u011f\u0131n\u0131z ve mutlulu\u011funuz bizim \u00f6nceli\u011fimizdir.\" \/>\n<meta property=\"og:url\" content=\"https:\/\/www.masajest.com\/masaj\/reklamlar\/ankara-masaj-salonu\/\" \/>\n<meta property=\"og:site_name\" content=\"masajest.com\" \/>\n<meta property=\"article:modified_time\" content=\"2025-01-14T12:59:30+00:00\" \/>\n<meta property=\"og:image\" content=\"https:\/\/www.masajest.com\/masaj\/wp-content\/uploads\/2025\/01\/MASAJEST-MASAJEST.COM_.webp\" \/>\n\t<meta property=\"og:image:width\" content=\"1080\" \/>\n\t<meta property=\"og:image:height\" content=\"1080\" \/>\n\t<meta property=\"og:image:type\" content=\"image\/webp\" \/>\n<meta name=\"twitter:card\" content=\"summary_large_image\" \/>\n<meta name=\"twitter:label1\" content=\"Tahmini okuma s\u00fcresi\" \/>\n\t<meta name=\"twitter:data1\" content=\"1 dakika\" \/>\n<script type=\"application\/ld+json\" class=\"yoast-schema-graph\">{\"@context\":\"https:\/\/schema.org\",\"@graph\":[{\"@type\":\"WebPage\",\"@id\":\"https:\/\/www.masajest.com\/masaj\/reklamlar\/ankara-masaj-salonu\/\",\"url\":\"https:\/\/www.masajest.com\/masaj\/reklamlar\/ankara-masaj-salonu\/\",\"name\":\"Ankara Masaj Salonu - masajest.com\",\"isPartOf\":{\"@id\":\"https:\/\/www.masajest.com\/masaj\/#website\"},\"datePublished\":\"2025-01-14T12:28:44+00:00\",\"dateModified\":\"2025-01-14T12:59:30+00:00\",\"breadcrumb\":{\"@id\":\"https:\/\/www.masajest.com\/masaj\/reklamlar\/ankara-masaj-salonu\/#breadcrumb\"},\"inLanguage\":\"tr\",\"potentialAction\":[{\"@type\":\"ReadAction\",\"target\":[\"https:\/\/www.masajest.com\/masaj\/reklamlar\/ankara-masaj-salonu\/\"]}]},{\"@type\":\"BreadcrumbList\",\"@id\":\"https:\/\/www.masajest.com\/masaj\/reklamlar\/ankara-masaj-salonu\/#breadcrumb\",\"itemListElement\":[{\"@type\":\"ListItem\",\"position\":1,\"name\":\"Anasayfa\",\"item\":\"https:\/\/www.masajest.com\/masaj\/\"},{\"@type\":\"ListItem\",\"position\":2,\"name\":\"MASAJEST\",\"item\":\"https:\/\/www.masajest.com\/masaj\/masajest\/\"},{\"@type\":\"ListItem\",\"position\":3,\"name\":\"Ankara Masaj Salonu\"}]},{\"@type\":\"WebSite\",\"@id\":\"https:\/\/www.masajest.com\/masaj\/#website\",\"url\":\"https:\/\/www.masajest.com\/masaj\/\",\"name\":\"masajest.com\",\"description\":\"masajest.com\",\"potentialAction\":[{\"@type\":\"SearchAction\",\"target\":{\"@type\":\"EntryPoint\",\"urlTemplate\":\"https:\/\/www.masajest.com\/masaj\/?s={search_term_string}\"},\"query-input\":{\"@type\":\"PropertyValueSpecification\",\"valueRequired\":true,\"valueName\":\"search_term_string\"}}],\"inLanguage\":\"tr\"}]}<\/script>\n<!-- \/ Yoast SEO plugin. -->","yoast_head_json":{"title":"Ankara Masaj Salonu - masajest.com","robots":{"index":"index","follow":"follow","max-snippet":"max-snippet:-1","max-image-preview":"max-image-preview:large","max-video-preview":"max-video-preview:-1"},"canonical":"https:\/\/www.masajest.com\/masaj\/reklamlar\/ankara-masaj-salonu\/","og_locale":"tr_TR","og_type":"article","og_title":"Ankara Masaj Salonu - masajest.com","og_description":"Ankara Masaj Salonu: Ba\u015fkentteki en rahatlat\u0131c\u0131 deneyimi ke\u015ffedin! Hem bedensel hem de zihinsel sa\u011fl\u0131\u011f\u0131n\u0131z\u0131 \u00f6n planda tutan Ankara Masaj Salonu, profesyonel terapistler e\u015fli\u011finde stresinizi azaltarak derin bir rahatlama sunar. Yenilenmi\u015f bir enerjiyle salonumuzdan ayr\u0131lacak, g\u00fcnl\u00fck ya\u015fam\u0131n zorluklar\u0131na kar\u015f\u0131 tazelenmi\u015f hissedeceksiniz.  \"Ankara'n\u0131n kalbinde huzur, masajda m\u00fckemmeliyet!\"  Ankara Masaj Salonu, size \u00f6zel masaj terapileriyle t\u00fcm yorgunluklar\u0131 geride b\u0131rakman\u0131z\u0131 sa\u011fl\u0131yor. Uzman terapistlerimiz, s\u0131rt a\u011fr\u0131lar\u0131ndan kas gerginliklerine kadar her t\u00fcrl\u00fc problemi ele alarak size sadece bir masaj de\u011fil, ayn\u0131 zamanda bir huzur deneyimi sunuyor. Uygulad\u0131\u011f\u0131m\u0131z terapi y\u00f6ntemleriyle, kendinizi daha enerjik, rahat ve zinde hissedeceksiniz. Her bir masaj seans\u0131, sizin ihtiya\u00e7lar\u0131n\u0131za \u00f6zel olarak tasarlan\u0131r. Sa\u011fl\u0131\u011f\u0131n\u0131z ve mutlulu\u011funuz bizim \u00f6nceli\u011fimizdir.","og_url":"https:\/\/www.masajest.com\/masaj\/reklamlar\/ankara-masaj-salonu\/","og_site_name":"masajest.com","article_modified_time":"2025-01-14T12:59:30+00:00","og_image":[{"width":1080,"height":1080,"url":"https:\/\/www.masajest.com\/masaj\/wp-content\/uploads\/2025\/01\/MASAJEST-MASAJEST.COM_.webp","type":"image\/webp"}],"twitter_card":"summary_large_image","twitter_misc":{"Tahmini okuma s\u00fcresi":"1 dakika"},"schema":{"@context":"https:\/\/schema.org","@graph":[{"@type":"WebPage","@id":"https:\/\/www.masajest.com\/masaj\/reklamlar\/ankara-masaj-salonu\/","url":"https:\/\/www.masajest.com\/masaj\/reklamlar\/ankara-masaj-salonu\/","name":"Ankara Masaj Salonu - masajest.com","isPartOf":{"@id":"https:\/\/www.masajest.com\/masaj\/#website"},"datePublished":"2025-01-14T12:28:44+00:00","dateModified":"2025-01-14T12:59:30+00:00","breadcrumb":{"@id":"https:\/\/www.masajest.com\/masaj\/reklamlar\/ankara-masaj-salonu\/#breadcrumb"},"inLanguage":"tr","potentialAction":[{"@type":"ReadAction","target":["https:\/\/www.masajest.com\/masaj\/reklamlar\/ankara-masaj-salonu\/"]}]},{"@type":"BreadcrumbList","@id":"https:\/\/www.masajest.com\/masaj\/reklamlar\/ankara-masaj-salonu\/#breadcrumb","itemListElement":[{"@type":"ListItem","position":1,"name":"Anasayfa","item":"https:\/\/www.masajest.com\/masaj\/"},{"@type":"ListItem","position":2,"name":"MASAJEST","item":"https:\/\/www.masajest.com\/masaj\/masajest\/"},{"@type":"ListItem","position":3,"name":"Ankara Masaj Salonu"}]},{"@type":"WebSite","@id":"https:\/\/www.masajest.com\/masaj\/#website","url":"https:\/\/www.masajest.com\/masaj\/","name":"masajest.com","description":"masajest.com","potentialAction":[{"@type":"SearchAction","target":{"@type":"EntryPoint","urlTemplate":"https:\/\/www.masajest.com\/masaj\/?s={search_term_string}"},"query-input":{"@type":"PropertyValueSpecification","valueRequired":true,"valueName":"search_term_string"}}],"inLanguage":"tr"}]}},"_links":{"self":[{"href":"https:\/\/www.masajest.com\/masaj\/wp-json\/wp\/v2\/product\/2760","targetHints":{"allow":["GET"]}}],"collection":[{"href":"https:\/\/www.masajest.com\/masaj\/wp-json\/wp\/v2\/product"}],"about":[{"href":"https:\/\/www.masajest.com\/masaj\/wp-json\/wp\/v2\/types\/product"}],"replies":[{"embeddable":true,"href":"https:\/\/www.masajest.com\/masaj\/wp-json\/wp\/v2\/comments?post=2760"}],"wp:attachment":[{"href":"https:\/\/www.masajest.com\/masaj\/wp-json\/wp\/v2\/media?parent=2760"}],"wp:term":[{"taxonomy":"product_brand","embeddable":true,"href":"https:\/\/www.masajest.com\/masaj\/wp-json\/wp\/v2\/product_brand?post=2760"},{"taxonomy":"product_cat","embeddable":true,"href":"https:\/\/www.masajest.com\/masaj\/wp-json\/wp\/v2\/product_cat?post=2760"},{"taxonomy":"product_tag","embeddable":true,"href":"https:\/\/www.masajest.com\/masaj\/wp-json\/wp\/v2\/product_tag?post=2760"}],"curies":[{"name":"wp","href":"https:\/\/api.w.org\/{rel}","templated":true}]}}