{"id":2751,"date":"2025-01-14T15:27:46","date_gmt":"2025-01-14T12:27:46","guid":{"rendered":"https:\/\/www.masajest.com\/masaj\/?post_type=product&#038;p=2751"},"modified":"2025-01-14T16:43:19","modified_gmt":"2025-01-14T13:43:19","slug":"hatay-masaj-salonu","status":"publish","type":"product","link":"https:\/\/www.masajest.com\/masaj\/reklamlar\/hatay-masaj-salonu\/","title":{"rendered":"Hatay Masaj Salonu"},"content":{"rendered":"<p><strong>Hatay Masaj Salonu: Rahatl\u0131k ve Yenilenmenin Adresi<\/strong><\/p>\n<p>Hatay, tarihsel zenginli\u011fi ve k\u00fclt\u00fcrel \u00e7e\u015fitlili\u011fiyle bilinirken, ayn\u0131 zamanda rahatlama ve yenilenme konusunda da ad\u0131ndan s\u00f6z ettiriyor. Hatay Masaj Salonu, v\u00fccudunuzu ve zihninizi yeniden canland\u0131rmak i\u00e7in m\u00fckemmel bir yer. \u0130leri d\u00fczey masaj teknikleri ve s\u0131cak atmosferiyle, stresinize veda etmeniz i\u00e7in ideal bir alan sunuyor.<\/p>\n<p><strong>K\u0131sa \u00d6zet:<\/strong><br \/>\nHatay Masaj Salonu, m\u00fc\u015fterilerine huzur dolu bir deneyim sunmak i\u00e7in \u00f6zenle tasarlanm\u0131\u015f bir ortamda, uzman masaj terapistleriyle hizmet veriyor. Geli\u015fmi\u015f masaj t\u00fcrleriyle, kas a\u011fr\u0131lar\u0131ndan, stresin birikiminden ve yorgunluktan kurtulman\u0131z sa\u011flan\u0131yor. Her bir masaj seans\u0131, size \u00f6zel olarak d\u00fczenleniyor, b\u00f6ylece en iyi sonu\u00e7lar\u0131 alman\u0131z garanti ediliyor.<\/p>\n<p><strong>Mutlu Masaj Yorumlar\u0131:<\/strong><br \/>\nHatay Masaj Salonu, &#8220;mutlu masaj&#8221; deneyimini en \u00fcst seviyeye ta\u015f\u0131r. Masaj seanslar\u0131 sonras\u0131nda duydu\u011funuz rahatlama ve huzur, y\u00fcz\u00fcn\u00fczdeki g\u00fcl\u00fcmsemeden her \u015feyin ne kadar etkili oldu\u011funu anlat\u0131r. Hem fiziksel hem de ruhsal olarak yenilendi\u011finizi hissedeceksiniz. Hatay&#8217;da en kaliteli ve huzurlu masaj deneyimi i\u00e7in bu salonu kesinlikle tavsiye ediyoruz!<\/p>\n","protected":false},"excerpt":{"rendered":"<p><strong>Hatay Masaj Salonu: Rahatlat\u0131c\u0131 Bir Deneyim<\/strong><\/p>\n<p>Hatay Masaj Salonu, v\u00fccudunuzu ve ruhunuzu yenilemek i\u00e7in en iyi adreslerden biridir. Profesyonel masaj terapistleri, her seans\u0131n ard\u0131ndan kendinizi taze ve din\u00e7 hissetmenizi sa\u011flar. Sundu\u011fumuz farkl\u0131 masaj se\u00e7enekleriyle, stresinizi atabilir ve derin bir rahatlama ya\u015fayabilirsiniz.<\/p>\n<p><strong>Slogan: &#8220;Hatay Masaj Salonu &#8211; Zihninizi Sakinle\u015ftir, V\u00fccudunuzu Yenileyin!&#8221;<\/strong><\/p>\n<p>Masaj\u0131n g\u00fcc\u00fcne inanarak, v\u00fccudunuzun ve zihninizin ihtiyac\u0131 olan bak\u0131m\u0131 sa\u011fl\u0131yoruz. Rahatlat\u0131c\u0131 masaj teknikleriyle kaslar\u0131n\u0131z\u0131 gev\u015fetirken, ruhsal olarak da ferahlaman\u0131z\u0131 sa\u011fl\u0131yoruz. Hatay Masaj Salonu, huzurlu atmosferiyle kendinizi evinizde hissettirecek ve her seans\u0131n\u0131zda yenileneceksiniz.<\/p>\n","protected":false},"featured_media":0,"comment_status":"open","ping_status":"closed","template":"","meta":[],"product_brand":[],"product_cat":[15,192],"product_tag":[194],"class_list":{"0":"post-2751","1":"product","2":"type-product","3":"status-publish","5":"product_cat-masajest","6":"product_cat-masaj-salonu","7":"product_tag-masaj-salonu","9":"first","10":"instock","11":"shipping-taxable","12":"product-type-simple"},"yoast_head":"<!-- This site is optimized with the Yoast SEO plugin v27.0 - https:\/\/yoast.com\/product\/yoast-seo-wordpress\/ -->\n<title>Hatay Masaj Salonu - masajest.com<\/title>\n<meta name=\"robots\" content=\"index, follow, max-snippet:-1, max-image-preview:large, max-video-preview:-1\" \/>\n<link rel=\"canonical\" href=\"https:\/\/www.masajest.com\/masaj\/reklamlar\/hatay-masaj-salonu\/\" \/>\n<meta property=\"og:locale\" content=\"tr_TR\" \/>\n<meta property=\"og:type\" content=\"article\" \/>\n<meta property=\"og:title\" content=\"Hatay Masaj Salonu - masajest.com\" \/>\n<meta property=\"og:description\" content=\"Hatay Masaj Salonu: Rahatlat\u0131c\u0131 Bir Deneyim  Hatay Masaj Salonu, v\u00fccudunuzu ve ruhunuzu yenilemek i\u00e7in en iyi adreslerden biridir. Profesyonel masaj terapistleri, her seans\u0131n ard\u0131ndan kendinizi taze ve din\u00e7 hissetmenizi sa\u011flar. Sundu\u011fumuz farkl\u0131 masaj se\u00e7enekleriyle, stresinizi atabilir ve derin bir rahatlama ya\u015fayabilirsiniz.  Slogan: &quot;Hatay Masaj Salonu - Zihninizi Sakinle\u015ftir, V\u00fccudunuzu Yenileyin!&quot;  Masaj\u0131n g\u00fcc\u00fcne inanarak, v\u00fccudunuzun ve zihninizin ihtiyac\u0131 olan bak\u0131m\u0131 sa\u011fl\u0131yoruz. Rahatlat\u0131c\u0131 masaj teknikleriyle kaslar\u0131n\u0131z\u0131 gev\u015fetirken, ruhsal olarak da ferahlaman\u0131z\u0131 sa\u011fl\u0131yoruz. Hatay Masaj Salonu, huzurlu atmosferiyle kendinizi evinizde hissettirecek ve her seans\u0131n\u0131zda yenileneceksiniz.\" \/>\n<meta property=\"og:url\" content=\"https:\/\/www.masajest.com\/masaj\/reklamlar\/hatay-masaj-salonu\/\" \/>\n<meta property=\"og:site_name\" content=\"masajest.com\" \/>\n<meta property=\"article:modified_time\" content=\"2025-01-14T13:43:19+00:00\" \/>\n<meta property=\"og:image\" content=\"https:\/\/www.masajest.com\/masaj\/wp-content\/uploads\/2025\/01\/MASAJEST-MASAJEST.COM_.webp\" \/>\n\t<meta property=\"og:image:width\" content=\"1080\" \/>\n\t<meta property=\"og:image:height\" content=\"1080\" \/>\n\t<meta property=\"og:image:type\" content=\"image\/webp\" \/>\n<meta name=\"twitter:card\" content=\"summary_large_image\" \/>\n<meta name=\"twitter:label1\" content=\"Tahmini okuma s\u00fcresi\" \/>\n\t<meta name=\"twitter:data1\" content=\"2 dakika\" \/>\n<script type=\"application\/ld+json\" class=\"yoast-schema-graph\">{\"@context\":\"https:\/\/schema.org\",\"@graph\":[{\"@type\":\"WebPage\",\"@id\":\"https:\/\/www.masajest.com\/masaj\/reklamlar\/hatay-masaj-salonu\/\",\"url\":\"https:\/\/www.masajest.com\/masaj\/reklamlar\/hatay-masaj-salonu\/\",\"name\":\"Hatay Masaj Salonu - masajest.com\",\"isPartOf\":{\"@id\":\"https:\/\/www.masajest.com\/masaj\/#website\"},\"datePublished\":\"2025-01-14T12:27:46+00:00\",\"dateModified\":\"2025-01-14T13:43:19+00:00\",\"breadcrumb\":{\"@id\":\"https:\/\/www.masajest.com\/masaj\/reklamlar\/hatay-masaj-salonu\/#breadcrumb\"},\"inLanguage\":\"tr\",\"potentialAction\":[{\"@type\":\"ReadAction\",\"target\":[\"https:\/\/www.masajest.com\/masaj\/reklamlar\/hatay-masaj-salonu\/\"]}]},{\"@type\":\"BreadcrumbList\",\"@id\":\"https:\/\/www.masajest.com\/masaj\/reklamlar\/hatay-masaj-salonu\/#breadcrumb\",\"itemListElement\":[{\"@type\":\"ListItem\",\"position\":1,\"name\":\"Anasayfa\",\"item\":\"https:\/\/www.masajest.com\/masaj\/\"},{\"@type\":\"ListItem\",\"position\":2,\"name\":\"MASAJEST\",\"item\":\"https:\/\/www.masajest.com\/masaj\/masajest\/\"},{\"@type\":\"ListItem\",\"position\":3,\"name\":\"Hatay Masaj Salonu\"}]},{\"@type\":\"WebSite\",\"@id\":\"https:\/\/www.masajest.com\/masaj\/#website\",\"url\":\"https:\/\/www.masajest.com\/masaj\/\",\"name\":\"masajest.com\",\"description\":\"masajest.com\",\"potentialAction\":[{\"@type\":\"SearchAction\",\"target\":{\"@type\":\"EntryPoint\",\"urlTemplate\":\"https:\/\/www.masajest.com\/masaj\/?s={search_term_string}\"},\"query-input\":{\"@type\":\"PropertyValueSpecification\",\"valueRequired\":true,\"valueName\":\"search_term_string\"}}],\"inLanguage\":\"tr\"}]}<\/script>\n<!-- \/ Yoast SEO plugin. -->","yoast_head_json":{"title":"Hatay Masaj Salonu - masajest.com","robots":{"index":"index","follow":"follow","max-snippet":"max-snippet:-1","max-image-preview":"max-image-preview:large","max-video-preview":"max-video-preview:-1"},"canonical":"https:\/\/www.masajest.com\/masaj\/reklamlar\/hatay-masaj-salonu\/","og_locale":"tr_TR","og_type":"article","og_title":"Hatay Masaj Salonu - masajest.com","og_description":"Hatay Masaj Salonu: Rahatlat\u0131c\u0131 Bir Deneyim  Hatay Masaj Salonu, v\u00fccudunuzu ve ruhunuzu yenilemek i\u00e7in en iyi adreslerden biridir. Profesyonel masaj terapistleri, her seans\u0131n ard\u0131ndan kendinizi taze ve din\u00e7 hissetmenizi sa\u011flar. Sundu\u011fumuz farkl\u0131 masaj se\u00e7enekleriyle, stresinizi atabilir ve derin bir rahatlama ya\u015fayabilirsiniz.  Slogan: \"Hatay Masaj Salonu - Zihninizi Sakinle\u015ftir, V\u00fccudunuzu Yenileyin!\"  Masaj\u0131n g\u00fcc\u00fcne inanarak, v\u00fccudunuzun ve zihninizin ihtiyac\u0131 olan bak\u0131m\u0131 sa\u011fl\u0131yoruz. Rahatlat\u0131c\u0131 masaj teknikleriyle kaslar\u0131n\u0131z\u0131 gev\u015fetirken, ruhsal olarak da ferahlaman\u0131z\u0131 sa\u011fl\u0131yoruz. Hatay Masaj Salonu, huzurlu atmosferiyle kendinizi evinizde hissettirecek ve her seans\u0131n\u0131zda yenileneceksiniz.","og_url":"https:\/\/www.masajest.com\/masaj\/reklamlar\/hatay-masaj-salonu\/","og_site_name":"masajest.com","article_modified_time":"2025-01-14T13:43:19+00:00","og_image":[{"width":1080,"height":1080,"url":"https:\/\/www.masajest.com\/masaj\/wp-content\/uploads\/2025\/01\/MASAJEST-MASAJEST.COM_.webp","type":"image\/webp"}],"twitter_card":"summary_large_image","twitter_misc":{"Tahmini okuma s\u00fcresi":"2 dakika"},"schema":{"@context":"https:\/\/schema.org","@graph":[{"@type":"WebPage","@id":"https:\/\/www.masajest.com\/masaj\/reklamlar\/hatay-masaj-salonu\/","url":"https:\/\/www.masajest.com\/masaj\/reklamlar\/hatay-masaj-salonu\/","name":"Hatay Masaj Salonu - masajest.com","isPartOf":{"@id":"https:\/\/www.masajest.com\/masaj\/#website"},"datePublished":"2025-01-14T12:27:46+00:00","dateModified":"2025-01-14T13:43:19+00:00","breadcrumb":{"@id":"https:\/\/www.masajest.com\/masaj\/reklamlar\/hatay-masaj-salonu\/#breadcrumb"},"inLanguage":"tr","potentialAction":[{"@type":"ReadAction","target":["https:\/\/www.masajest.com\/masaj\/reklamlar\/hatay-masaj-salonu\/"]}]},{"@type":"BreadcrumbList","@id":"https:\/\/www.masajest.com\/masaj\/reklamlar\/hatay-masaj-salonu\/#breadcrumb","itemListElement":[{"@type":"ListItem","position":1,"name":"Anasayfa","item":"https:\/\/www.masajest.com\/masaj\/"},{"@type":"ListItem","position":2,"name":"MASAJEST","item":"https:\/\/www.masajest.com\/masaj\/masajest\/"},{"@type":"ListItem","position":3,"name":"Hatay Masaj Salonu"}]},{"@type":"WebSite","@id":"https:\/\/www.masajest.com\/masaj\/#website","url":"https:\/\/www.masajest.com\/masaj\/","name":"masajest.com","description":"masajest.com","potentialAction":[{"@type":"SearchAction","target":{"@type":"EntryPoint","urlTemplate":"https:\/\/www.masajest.com\/masaj\/?s={search_term_string}"},"query-input":{"@type":"PropertyValueSpecification","valueRequired":true,"valueName":"search_term_string"}}],"inLanguage":"tr"}]}},"_links":{"self":[{"href":"https:\/\/www.masajest.com\/masaj\/wp-json\/wp\/v2\/product\/2751","targetHints":{"allow":["GET"]}}],"collection":[{"href":"https:\/\/www.masajest.com\/masaj\/wp-json\/wp\/v2\/product"}],"about":[{"href":"https:\/\/www.masajest.com\/masaj\/wp-json\/wp\/v2\/types\/product"}],"replies":[{"embeddable":true,"href":"https:\/\/www.masajest.com\/masaj\/wp-json\/wp\/v2\/comments?post=2751"}],"wp:attachment":[{"href":"https:\/\/www.masajest.com\/masaj\/wp-json\/wp\/v2\/media?parent=2751"}],"wp:term":[{"taxonomy":"product_brand","embeddable":true,"href":"https:\/\/www.masajest.com\/masaj\/wp-json\/wp\/v2\/product_brand?post=2751"},{"taxonomy":"product_cat","embeddable":true,"href":"https:\/\/www.masajest.com\/masaj\/wp-json\/wp\/v2\/product_cat?post=2751"},{"taxonomy":"product_tag","embeddable":true,"href":"https:\/\/www.masajest.com\/masaj\/wp-json\/wp\/v2\/product_tag?post=2751"}],"curies":[{"name":"wp","href":"https:\/\/api.w.org\/{rel}","templated":true}]}}