{"id":2747,"date":"2025-01-14T15:27:41","date_gmt":"2025-01-14T12:27:41","guid":{"rendered":"https:\/\/www.masajest.com\/masaj\/?post_type=product&#038;p=2747"},"modified":"2025-01-14T16:28:25","modified_gmt":"2025-01-14T13:28:25","slug":"bolu-masaj-salonu","status":"publish","type":"product","link":"https:\/\/www.masajest.com\/masaj\/reklamlar\/bolu-masaj-salonu\/","title":{"rendered":"Bolu Masaj Salonu"},"content":{"rendered":"<p><strong>Bolu Masaj Salonu: Rahatlaman\u0131n Adresi<\/strong><\/p>\n<p>Bolu Masaj Salonu, ruhunuzu dinlendirirken bedeninizi de rahatlatan m\u00fckemmel bir deneyim sunuyor. Modern tekniklerle ve uzman mas\u00f6zlerin ellerinde hayat bulan bu salon, stres ve yorgunluktan ar\u0131nmak isteyenler i\u00e7in en do\u011fru tercih. Farkl\u0131 masaj t\u00fcrleriyle her ihtiyaca y\u00f6nelik \u00e7\u00f6z\u00fcmler sunarak, konforunuzu ve sa\u011fl\u0131\u011f\u0131n\u0131z\u0131 \u00f6n planda tutuyor.<\/p>\n<p>&#8220;Bolu Masaj Salonu, huzur dolu anlar sizi bekliyor!&#8221;<\/p>\n<p>Bolu Masaj Salonu, profesyonel masaj terapileriyle bedeninize ve zihninize taze bir ba\u015flang\u0131\u00e7 sunar. \u015eehirdeki en kaliteli masaj deneyimini ya\u015famak isteyenler i\u00e7in ideal bir adres olan salon, her zaman y\u00fcksek hizmet kalitesiyle misafirlerine rahatlat\u0131c\u0131 bir ortam sunuyor.<\/p>\n<p>&#8220;Bolu Masaj Salonu\u2019na gitti\u011fimde, bir yorgunluk birikintisiyle ba\u015flam\u0131\u015ft\u0131m ama masajdan sonra t\u00fcm bedenimdeki gerginli\u011fi ve stresi hissetmedim bile. Mas\u00f6zler ger\u00e7ekten \u00e7ok profesyonel ve g\u00fcler y\u00fczl\u00fc. \u2018Mutlu masaj\u2019 tam anlam\u0131yla burada ya\u015fan\u0131yor. Kendinizi adeta yeniden do\u011fmu\u015f gibi hissediyorsunuz!&#8221;<\/p>\n","protected":false},"excerpt":{"rendered":"<p><strong>Bolu Masaj Salonu: Rahatlaman\u0131n ve Yenilenmenin Adresi!<\/strong><\/p>\n<p>Bolu Masaj Salonu, sakin atmosferi ve profesyonel terapist kadrosuyla, stres ve yorgunluktan ar\u0131narak zihin ve beden sa\u011fl\u0131\u011f\u0131n\u0131z\u0131 yeniden ke\u015ffetmenizi sa\u011flar. Farkl\u0131 masaj terapileri ile bedeninize hak etti\u011fi bak\u0131m\u0131 sunarken, huzurlu bir deneyim ya\u015faman\u0131z\u0131 hedefliyoruz. Bolu Masaj Salonu\u2019na ad\u0131m att\u0131\u011f\u0131n\u0131zda, her detay\u0131n sizin rahatl\u0131\u011f\u0131n\u0131z i\u00e7in tasarland\u0131\u011f\u0131n\u0131 hissedeceksiniz.<\/p>\n<p><em>Bolu&#8217;da Rahatlay\u0131n, Yeniden Do\u011fun!<\/em><\/p>\n<p>Bolu Masaj Salonu, yaln\u0131zca fiziksel de\u011fil, ruhsal yenilenme sa\u011flayan bir deneyim sunuyor. Geleneksel masaj tekniklerinden aromaterapiye kadar geni\u015f bir se\u00e7enek yelpazesiyle, her ihtimale uygun terapiyi bulabilirsiniz. Uzman terapistlerimiz, v\u00fccudunuzun ihtiyac\u0131na g\u00f6re \u00f6zel seanslar haz\u0131rlayarak, maksimum rahatlama ve sa\u011fl\u0131k i\u00e7in \u00e7al\u0131\u015fmaktad\u0131r. E\u011fer bir s\u00fcreli\u011fine d\u00fcnyadan kopmak ve yaln\u0131zca kendinize zaman ay\u0131rmak istiyorsan\u0131z, Bolu Masaj Salonu&#8217;na u\u011fray\u0131n ve unutulmaz bir rahatlama deneyimi ya\u015fay\u0131n.<\/p>\n","protected":false},"featured_media":0,"comment_status":"open","ping_status":"closed","template":"","meta":[],"product_brand":[],"product_cat":[15,192],"product_tag":[194],"class_list":{"0":"post-2747","1":"product","2":"type-product","3":"status-publish","5":"product_cat-masajest","6":"product_cat-masaj-salonu","7":"product_tag-masaj-salonu","9":"first","10":"instock","11":"shipping-taxable","12":"product-type-simple"},"yoast_head":"<!-- This site is optimized with the Yoast SEO plugin v27.0 - https:\/\/yoast.com\/product\/yoast-seo-wordpress\/ -->\n<title>Bolu Masaj Salonu - masajest.com<\/title>\n<meta name=\"robots\" content=\"index, follow, max-snippet:-1, max-image-preview:large, max-video-preview:-1\" \/>\n<link rel=\"canonical\" href=\"https:\/\/www.masajest.com\/masaj\/reklamlar\/bolu-masaj-salonu\/\" \/>\n<meta property=\"og:locale\" content=\"tr_TR\" \/>\n<meta property=\"og:type\" content=\"article\" \/>\n<meta property=\"og:title\" content=\"Bolu Masaj Salonu - masajest.com\" \/>\n<meta property=\"og:description\" content=\"Bolu Masaj Salonu: Rahatlaman\u0131n ve Yenilenmenin Adresi!  Bolu Masaj Salonu, sakin atmosferi ve profesyonel terapist kadrosuyla, stres ve yorgunluktan ar\u0131narak zihin ve beden sa\u011fl\u0131\u011f\u0131n\u0131z\u0131 yeniden ke\u015ffetmenizi sa\u011flar. Farkl\u0131 masaj terapileri ile bedeninize hak etti\u011fi bak\u0131m\u0131 sunarken, huzurlu bir deneyim ya\u015faman\u0131z\u0131 hedefliyoruz. Bolu Masaj Salonu\u2019na ad\u0131m att\u0131\u011f\u0131n\u0131zda, her detay\u0131n sizin rahatl\u0131\u011f\u0131n\u0131z i\u00e7in tasarland\u0131\u011f\u0131n\u0131 hissedeceksiniz.  Bolu&#039;da Rahatlay\u0131n, Yeniden Do\u011fun!  Bolu Masaj Salonu, yaln\u0131zca fiziksel de\u011fil, ruhsal yenilenme sa\u011flayan bir deneyim sunuyor. Geleneksel masaj tekniklerinden aromaterapiye kadar geni\u015f bir se\u00e7enek yelpazesiyle, her ihtimale uygun terapiyi bulabilirsiniz. Uzman terapistlerimiz, v\u00fccudunuzun ihtiyac\u0131na g\u00f6re \u00f6zel seanslar haz\u0131rlayarak, maksimum rahatlama ve sa\u011fl\u0131k i\u00e7in \u00e7al\u0131\u015fmaktad\u0131r. E\u011fer bir s\u00fcreli\u011fine d\u00fcnyadan kopmak ve yaln\u0131zca kendinize zaman ay\u0131rmak istiyorsan\u0131z, Bolu Masaj Salonu&#039;na u\u011fray\u0131n ve unutulmaz bir rahatlama deneyimi ya\u015fay\u0131n.\" \/>\n<meta property=\"og:url\" content=\"https:\/\/www.masajest.com\/masaj\/reklamlar\/bolu-masaj-salonu\/\" \/>\n<meta property=\"og:site_name\" content=\"masajest.com\" \/>\n<meta property=\"article:modified_time\" content=\"2025-01-14T13:28:25+00:00\" \/>\n<meta property=\"og:image\" content=\"https:\/\/www.masajest.com\/masaj\/wp-content\/uploads\/2025\/01\/MASAJEST-MASAJEST.COM_.webp\" \/>\n\t<meta property=\"og:image:width\" content=\"1080\" \/>\n\t<meta property=\"og:image:height\" content=\"1080\" \/>\n\t<meta property=\"og:image:type\" content=\"image\/webp\" \/>\n<meta name=\"twitter:card\" content=\"summary_large_image\" \/>\n<meta name=\"twitter:label1\" content=\"Tahmini okuma s\u00fcresi\" \/>\n\t<meta name=\"twitter:data1\" content=\"1 dakika\" \/>\n<script type=\"application\/ld+json\" class=\"yoast-schema-graph\">{\"@context\":\"https:\/\/schema.org\",\"@graph\":[{\"@type\":\"WebPage\",\"@id\":\"https:\/\/www.masajest.com\/masaj\/reklamlar\/bolu-masaj-salonu\/\",\"url\":\"https:\/\/www.masajest.com\/masaj\/reklamlar\/bolu-masaj-salonu\/\",\"name\":\"Bolu Masaj Salonu - masajest.com\",\"isPartOf\":{\"@id\":\"https:\/\/www.masajest.com\/masaj\/#website\"},\"datePublished\":\"2025-01-14T12:27:41+00:00\",\"dateModified\":\"2025-01-14T13:28:25+00:00\",\"breadcrumb\":{\"@id\":\"https:\/\/www.masajest.com\/masaj\/reklamlar\/bolu-masaj-salonu\/#breadcrumb\"},\"inLanguage\":\"tr\",\"potentialAction\":[{\"@type\":\"ReadAction\",\"target\":[\"https:\/\/www.masajest.com\/masaj\/reklamlar\/bolu-masaj-salonu\/\"]}]},{\"@type\":\"BreadcrumbList\",\"@id\":\"https:\/\/www.masajest.com\/masaj\/reklamlar\/bolu-masaj-salonu\/#breadcrumb\",\"itemListElement\":[{\"@type\":\"ListItem\",\"position\":1,\"name\":\"Anasayfa\",\"item\":\"https:\/\/www.masajest.com\/masaj\/\"},{\"@type\":\"ListItem\",\"position\":2,\"name\":\"MASAJEST\",\"item\":\"https:\/\/www.masajest.com\/masaj\/masajest\/\"},{\"@type\":\"ListItem\",\"position\":3,\"name\":\"Bolu Masaj Salonu\"}]},{\"@type\":\"WebSite\",\"@id\":\"https:\/\/www.masajest.com\/masaj\/#website\",\"url\":\"https:\/\/www.masajest.com\/masaj\/\",\"name\":\"masajest.com\",\"description\":\"masajest.com\",\"potentialAction\":[{\"@type\":\"SearchAction\",\"target\":{\"@type\":\"EntryPoint\",\"urlTemplate\":\"https:\/\/www.masajest.com\/masaj\/?s={search_term_string}\"},\"query-input\":{\"@type\":\"PropertyValueSpecification\",\"valueRequired\":true,\"valueName\":\"search_term_string\"}}],\"inLanguage\":\"tr\"}]}<\/script>\n<!-- \/ Yoast SEO plugin. -->","yoast_head_json":{"title":"Bolu Masaj Salonu - masajest.com","robots":{"index":"index","follow":"follow","max-snippet":"max-snippet:-1","max-image-preview":"max-image-preview:large","max-video-preview":"max-video-preview:-1"},"canonical":"https:\/\/www.masajest.com\/masaj\/reklamlar\/bolu-masaj-salonu\/","og_locale":"tr_TR","og_type":"article","og_title":"Bolu Masaj Salonu - masajest.com","og_description":"Bolu Masaj Salonu: Rahatlaman\u0131n ve Yenilenmenin Adresi!  Bolu Masaj Salonu, sakin atmosferi ve profesyonel terapist kadrosuyla, stres ve yorgunluktan ar\u0131narak zihin ve beden sa\u011fl\u0131\u011f\u0131n\u0131z\u0131 yeniden ke\u015ffetmenizi sa\u011flar. Farkl\u0131 masaj terapileri ile bedeninize hak etti\u011fi bak\u0131m\u0131 sunarken, huzurlu bir deneyim ya\u015faman\u0131z\u0131 hedefliyoruz. Bolu Masaj Salonu\u2019na ad\u0131m att\u0131\u011f\u0131n\u0131zda, her detay\u0131n sizin rahatl\u0131\u011f\u0131n\u0131z i\u00e7in tasarland\u0131\u011f\u0131n\u0131 hissedeceksiniz.  Bolu'da Rahatlay\u0131n, Yeniden Do\u011fun!  Bolu Masaj Salonu, yaln\u0131zca fiziksel de\u011fil, ruhsal yenilenme sa\u011flayan bir deneyim sunuyor. Geleneksel masaj tekniklerinden aromaterapiye kadar geni\u015f bir se\u00e7enek yelpazesiyle, her ihtimale uygun terapiyi bulabilirsiniz. Uzman terapistlerimiz, v\u00fccudunuzun ihtiyac\u0131na g\u00f6re \u00f6zel seanslar haz\u0131rlayarak, maksimum rahatlama ve sa\u011fl\u0131k i\u00e7in \u00e7al\u0131\u015fmaktad\u0131r. E\u011fer bir s\u00fcreli\u011fine d\u00fcnyadan kopmak ve yaln\u0131zca kendinize zaman ay\u0131rmak istiyorsan\u0131z, Bolu Masaj Salonu'na u\u011fray\u0131n ve unutulmaz bir rahatlama deneyimi ya\u015fay\u0131n.","og_url":"https:\/\/www.masajest.com\/masaj\/reklamlar\/bolu-masaj-salonu\/","og_site_name":"masajest.com","article_modified_time":"2025-01-14T13:28:25+00:00","og_image":[{"width":1080,"height":1080,"url":"https:\/\/www.masajest.com\/masaj\/wp-content\/uploads\/2025\/01\/MASAJEST-MASAJEST.COM_.webp","type":"image\/webp"}],"twitter_card":"summary_large_image","twitter_misc":{"Tahmini okuma s\u00fcresi":"1 dakika"},"schema":{"@context":"https:\/\/schema.org","@graph":[{"@type":"WebPage","@id":"https:\/\/www.masajest.com\/masaj\/reklamlar\/bolu-masaj-salonu\/","url":"https:\/\/www.masajest.com\/masaj\/reklamlar\/bolu-masaj-salonu\/","name":"Bolu Masaj Salonu - masajest.com","isPartOf":{"@id":"https:\/\/www.masajest.com\/masaj\/#website"},"datePublished":"2025-01-14T12:27:41+00:00","dateModified":"2025-01-14T13:28:25+00:00","breadcrumb":{"@id":"https:\/\/www.masajest.com\/masaj\/reklamlar\/bolu-masaj-salonu\/#breadcrumb"},"inLanguage":"tr","potentialAction":[{"@type":"ReadAction","target":["https:\/\/www.masajest.com\/masaj\/reklamlar\/bolu-masaj-salonu\/"]}]},{"@type":"BreadcrumbList","@id":"https:\/\/www.masajest.com\/masaj\/reklamlar\/bolu-masaj-salonu\/#breadcrumb","itemListElement":[{"@type":"ListItem","position":1,"name":"Anasayfa","item":"https:\/\/www.masajest.com\/masaj\/"},{"@type":"ListItem","position":2,"name":"MASAJEST","item":"https:\/\/www.masajest.com\/masaj\/masajest\/"},{"@type":"ListItem","position":3,"name":"Bolu Masaj Salonu"}]},{"@type":"WebSite","@id":"https:\/\/www.masajest.com\/masaj\/#website","url":"https:\/\/www.masajest.com\/masaj\/","name":"masajest.com","description":"masajest.com","potentialAction":[{"@type":"SearchAction","target":{"@type":"EntryPoint","urlTemplate":"https:\/\/www.masajest.com\/masaj\/?s={search_term_string}"},"query-input":{"@type":"PropertyValueSpecification","valueRequired":true,"valueName":"search_term_string"}}],"inLanguage":"tr"}]}},"_links":{"self":[{"href":"https:\/\/www.masajest.com\/masaj\/wp-json\/wp\/v2\/product\/2747","targetHints":{"allow":["GET"]}}],"collection":[{"href":"https:\/\/www.masajest.com\/masaj\/wp-json\/wp\/v2\/product"}],"about":[{"href":"https:\/\/www.masajest.com\/masaj\/wp-json\/wp\/v2\/types\/product"}],"replies":[{"embeddable":true,"href":"https:\/\/www.masajest.com\/masaj\/wp-json\/wp\/v2\/comments?post=2747"}],"wp:attachment":[{"href":"https:\/\/www.masajest.com\/masaj\/wp-json\/wp\/v2\/media?parent=2747"}],"wp:term":[{"taxonomy":"product_brand","embeddable":true,"href":"https:\/\/www.masajest.com\/masaj\/wp-json\/wp\/v2\/product_brand?post=2747"},{"taxonomy":"product_cat","embeddable":true,"href":"https:\/\/www.masajest.com\/masaj\/wp-json\/wp\/v2\/product_cat?post=2747"},{"taxonomy":"product_tag","embeddable":true,"href":"https:\/\/www.masajest.com\/masaj\/wp-json\/wp\/v2\/product_tag?post=2747"}],"curies":[{"name":"wp","href":"https:\/\/api.w.org\/{rel}","templated":true}]}}