{"id":2734,"date":"2025-01-14T15:26:22","date_gmt":"2025-01-14T12:26:22","guid":{"rendered":"https:\/\/www.masajest.com\/masaj\/?post_type=product&#038;p=2734"},"modified":"2025-01-14T16:42:11","modified_gmt":"2025-01-14T13:42:11","slug":"gumushane-masaj-salonu","status":"publish","type":"product","link":"https:\/\/www.masajest.com\/masaj\/reklamlar\/gumushane-masaj-salonu\/","title":{"rendered":"G\u00fcm\u00fc\u015fhane Masaj Salonu"},"content":{"rendered":"<p><strong>G\u00fcm\u00fc\u015fhane Masaj Salonu: Yenilenmi\u015f Bir Ruh, Rahatlam\u0131\u015f Bir Bedende Bulu\u015fuyor<\/strong><\/p>\n<p>G\u00fcm\u00fc\u015fhane Masaj Salonu, \u015fehrin merkezinde yer alarak hem yerel halk hem de misafirleri i\u00e7in \u00f6zel bir rahatlama noktas\u0131 sunuyor. Salonumuz, deneyimli terapistleriyle, her t\u00fcrl\u00fc masaj ihtiyac\u0131na cevap verecek hizmetler sunmaktad\u0131r. Zihinsel ve bedensel sa\u011fl\u0131\u011f\u0131n\u0131z i\u00e7in \u00f6zel olarak tasarlanm\u0131\u015f masaj tekniklerimizle, kendinizi yenilenmi\u015f hissedeceksiniz.<\/p>\n<p><strong>Slogan:<\/strong><br \/>\n<em>G\u00fcm\u00fc\u015fhane\u2019nin Kalbinde, Sizin \u0130\u00e7in En \u0130yi Masaj Deneyimi!<\/em><\/p>\n<p><strong>K\u0131sa \u00d6zet:<\/strong><br \/>\nG\u00fcm\u00fc\u015fhane Masaj Salonu, geleneksel masaj uygulamalar\u0131 ile modern rahatlama tekniklerini birle\u015ftirerek, e\u015fsiz bir deneyim sunar. Rahatlat\u0131c\u0131 ortam\u0131, huzurlu atmosferi ve uzman terapistleriyle her ziyaretinizde bedeninizi ve ruhunuzu dinlendirir. Masaj salonumuz, \u015fehirdeki yo\u011fun ya\u015fam temposundan uzakla\u015fmak isteyen herkes i\u00e7in ideal bir s\u0131\u011f\u0131nak haline gelmi\u015ftir.<\/p>\n<p><strong>Mutlu Masaj Yorumlar\u0131:<\/strong><br \/>\nZiyaret\u00e7ilerimizin ortak yorumlar\u0131ndan biri, &#8220;Ger\u00e7ekten mutlu hissettiriyor&#8221; olmaktad\u0131r. Salonumuzda yap\u0131lan masajlar, sadece bedeni de\u011fil, ruhu da rahatlat\u0131yor. Masaj\u0131n ard\u0131ndan kendinizi yenilenmi\u015f, enerjik ve mutlu hissedece\u011finiz garantidir. M\u00fc\u015fterilerimizin &#8220;Mutlu masaj&#8221; olarak tan\u0131mlad\u0131\u011f\u0131 deneyimler, salonumuzun kalitesini ve uzmanl\u0131\u011f\u0131n\u0131 yans\u0131tan en g\u00fczel yorumlardand\u0131r.<\/p>\n","protected":false},"excerpt":{"rendered":"<p><strong>G\u00fcm\u00fc\u015fhane Masaj Salonu<\/strong><br \/>\nG\u00fcm\u00fc\u015fhane&#8217;de huzur ve rahatlamay\u0131 bulabilece\u011finiz e\u015fsiz bir masaj deneyimi sunuyoruz. Profesyonel masaj terapistlerimiz, her biri farkl\u0131 masaj tekniklerinde uzmanla\u015fm\u0131\u015f, sizin i\u00e7in en iyi hizmeti sa\u011flamak i\u00e7in burada. Modern salonumuzda, hem fiziksel hem de ruhsal rahatlaman\u0131z\u0131 sa\u011flayacak masaj t\u00fcrleriyle sizleri bekliyoruz.<\/p>\n<p><strong>Slogan:<\/strong> <em>G\u00fcm\u00fc\u015fhane&#8217;nin huzur kayna\u011f\u0131: Masaj\u0131n en kaliteli hali burada!<\/em><\/p>\n<p><strong>Masaj ile \u0130lgili \u00d6zg\u00fcn Tan\u0131t\u0131m Yaz\u0131s\u0131:<\/strong><br \/>\nG\u00fcm\u00fc\u015fhane Masaj Salonu, stresinizi atmak ve bedeninizi yeniden canland\u0131rmak i\u00e7in ideal bir adres. Uzman terapistlerimiz taraf\u0131ndan uygulanan rahatlat\u0131c\u0131, yenileyici masajlar, g\u00fcnl\u00fck hayat\u0131n zorluklar\u0131na kar\u015f\u0131 sizleri g\u00fc\u00e7lendirecek. \u0130ster derin doku masaj\u0131 ile kaslar\u0131n\u0131z\u0131 gev\u015fetin, ister aromaterapi masaj\u0131 ile ruhunuzu dinlendirin, burada her ihtimale uygun bir se\u00e7enek bulabilirsiniz. Sa\u011fl\u0131\u011f\u0131n\u0131za ve rahat\u0131n\u0131za verdi\u011fimiz \u00f6nemin bir yans\u0131mas\u0131 olarak, masaj\u0131n terap\u00f6tik etkileriyle tan\u0131\u015farak yenilenmeye haz\u0131r olun!<\/p>\n","protected":false},"featured_media":0,"comment_status":"open","ping_status":"closed","template":"","meta":[],"product_brand":[],"product_cat":[15,192],"product_tag":[194],"class_list":{"0":"post-2734","1":"product","2":"type-product","3":"status-publish","5":"product_cat-masajest","6":"product_cat-masaj-salonu","7":"product_tag-masaj-salonu","9":"first","10":"instock","11":"shipping-taxable","12":"product-type-simple"},"yoast_head":"<!-- This site is optimized with the Yoast SEO plugin v27.0 - https:\/\/yoast.com\/product\/yoast-seo-wordpress\/ -->\n<title>G\u00fcm\u00fc\u015fhane Masaj Salonu - masajest.com<\/title>\n<meta name=\"robots\" content=\"index, follow, max-snippet:-1, max-image-preview:large, max-video-preview:-1\" \/>\n<link rel=\"canonical\" href=\"https:\/\/www.masajest.com\/masaj\/reklamlar\/gumushane-masaj-salonu\/\" \/>\n<meta property=\"og:locale\" content=\"tr_TR\" \/>\n<meta property=\"og:type\" content=\"article\" \/>\n<meta property=\"og:title\" content=\"G\u00fcm\u00fc\u015fhane Masaj Salonu - masajest.com\" \/>\n<meta property=\"og:description\" content=\"G\u00fcm\u00fc\u015fhane Masaj Salonu G\u00fcm\u00fc\u015fhane&#039;de huzur ve rahatlamay\u0131 bulabilece\u011finiz e\u015fsiz bir masaj deneyimi sunuyoruz. Profesyonel masaj terapistlerimiz, her biri farkl\u0131 masaj tekniklerinde uzmanla\u015fm\u0131\u015f, sizin i\u00e7in en iyi hizmeti sa\u011flamak i\u00e7in burada. Modern salonumuzda, hem fiziksel hem de ruhsal rahatlaman\u0131z\u0131 sa\u011flayacak masaj t\u00fcrleriyle sizleri bekliyoruz.  Slogan: G\u00fcm\u00fc\u015fhane&#039;nin huzur kayna\u011f\u0131: Masaj\u0131n en kaliteli hali burada!  Masaj ile \u0130lgili \u00d6zg\u00fcn Tan\u0131t\u0131m Yaz\u0131s\u0131: G\u00fcm\u00fc\u015fhane Masaj Salonu, stresinizi atmak ve bedeninizi yeniden canland\u0131rmak i\u00e7in ideal bir adres. Uzman terapistlerimiz taraf\u0131ndan uygulanan rahatlat\u0131c\u0131, yenileyici masajlar, g\u00fcnl\u00fck hayat\u0131n zorluklar\u0131na kar\u015f\u0131 sizleri g\u00fc\u00e7lendirecek. \u0130ster derin doku masaj\u0131 ile kaslar\u0131n\u0131z\u0131 gev\u015fetin, ister aromaterapi masaj\u0131 ile ruhunuzu dinlendirin, burada her ihtimale uygun bir se\u00e7enek bulabilirsiniz. Sa\u011fl\u0131\u011f\u0131n\u0131za ve rahat\u0131n\u0131za verdi\u011fimiz \u00f6nemin bir yans\u0131mas\u0131 olarak, masaj\u0131n terap\u00f6tik etkileriyle tan\u0131\u015farak yenilenmeye haz\u0131r olun!\" \/>\n<meta property=\"og:url\" content=\"https:\/\/www.masajest.com\/masaj\/reklamlar\/gumushane-masaj-salonu\/\" \/>\n<meta property=\"og:site_name\" content=\"masajest.com\" \/>\n<meta property=\"article:modified_time\" content=\"2025-01-14T13:42:11+00:00\" \/>\n<meta property=\"og:image\" content=\"https:\/\/www.masajest.com\/masaj\/wp-content\/uploads\/2025\/01\/MASAJEST-MASAJEST.COM_.webp\" \/>\n\t<meta property=\"og:image:width\" content=\"1080\" \/>\n\t<meta property=\"og:image:height\" content=\"1080\" \/>\n\t<meta property=\"og:image:type\" content=\"image\/webp\" \/>\n<meta name=\"twitter:card\" content=\"summary_large_image\" \/>\n<meta name=\"twitter:label1\" content=\"Tahmini okuma s\u00fcresi\" \/>\n\t<meta name=\"twitter:data1\" content=\"2 dakika\" \/>\n<script type=\"application\/ld+json\" class=\"yoast-schema-graph\">{\"@context\":\"https:\/\/schema.org\",\"@graph\":[{\"@type\":\"WebPage\",\"@id\":\"https:\/\/www.masajest.com\/masaj\/reklamlar\/gumushane-masaj-salonu\/\",\"url\":\"https:\/\/www.masajest.com\/masaj\/reklamlar\/gumushane-masaj-salonu\/\",\"name\":\"G\u00fcm\u00fc\u015fhane Masaj Salonu - masajest.com\",\"isPartOf\":{\"@id\":\"https:\/\/www.masajest.com\/masaj\/#website\"},\"datePublished\":\"2025-01-14T12:26:22+00:00\",\"dateModified\":\"2025-01-14T13:42:11+00:00\",\"breadcrumb\":{\"@id\":\"https:\/\/www.masajest.com\/masaj\/reklamlar\/gumushane-masaj-salonu\/#breadcrumb\"},\"inLanguage\":\"tr\",\"potentialAction\":[{\"@type\":\"ReadAction\",\"target\":[\"https:\/\/www.masajest.com\/masaj\/reklamlar\/gumushane-masaj-salonu\/\"]}]},{\"@type\":\"BreadcrumbList\",\"@id\":\"https:\/\/www.masajest.com\/masaj\/reklamlar\/gumushane-masaj-salonu\/#breadcrumb\",\"itemListElement\":[{\"@type\":\"ListItem\",\"position\":1,\"name\":\"Anasayfa\",\"item\":\"https:\/\/www.masajest.com\/masaj\/\"},{\"@type\":\"ListItem\",\"position\":2,\"name\":\"MASAJEST\",\"item\":\"https:\/\/www.masajest.com\/masaj\/masajest\/\"},{\"@type\":\"ListItem\",\"position\":3,\"name\":\"G\u00fcm\u00fc\u015fhane Masaj Salonu\"}]},{\"@type\":\"WebSite\",\"@id\":\"https:\/\/www.masajest.com\/masaj\/#website\",\"url\":\"https:\/\/www.masajest.com\/masaj\/\",\"name\":\"masajest.com\",\"description\":\"masajest.com\",\"potentialAction\":[{\"@type\":\"SearchAction\",\"target\":{\"@type\":\"EntryPoint\",\"urlTemplate\":\"https:\/\/www.masajest.com\/masaj\/?s={search_term_string}\"},\"query-input\":{\"@type\":\"PropertyValueSpecification\",\"valueRequired\":true,\"valueName\":\"search_term_string\"}}],\"inLanguage\":\"tr\"}]}<\/script>\n<!-- \/ Yoast SEO plugin. -->","yoast_head_json":{"title":"G\u00fcm\u00fc\u015fhane Masaj Salonu - masajest.com","robots":{"index":"index","follow":"follow","max-snippet":"max-snippet:-1","max-image-preview":"max-image-preview:large","max-video-preview":"max-video-preview:-1"},"canonical":"https:\/\/www.masajest.com\/masaj\/reklamlar\/gumushane-masaj-salonu\/","og_locale":"tr_TR","og_type":"article","og_title":"G\u00fcm\u00fc\u015fhane Masaj Salonu - masajest.com","og_description":"G\u00fcm\u00fc\u015fhane Masaj Salonu G\u00fcm\u00fc\u015fhane'de huzur ve rahatlamay\u0131 bulabilece\u011finiz e\u015fsiz bir masaj deneyimi sunuyoruz. Profesyonel masaj terapistlerimiz, her biri farkl\u0131 masaj tekniklerinde uzmanla\u015fm\u0131\u015f, sizin i\u00e7in en iyi hizmeti sa\u011flamak i\u00e7in burada. Modern salonumuzda, hem fiziksel hem de ruhsal rahatlaman\u0131z\u0131 sa\u011flayacak masaj t\u00fcrleriyle sizleri bekliyoruz.  Slogan: G\u00fcm\u00fc\u015fhane'nin huzur kayna\u011f\u0131: Masaj\u0131n en kaliteli hali burada!  Masaj ile \u0130lgili \u00d6zg\u00fcn Tan\u0131t\u0131m Yaz\u0131s\u0131: G\u00fcm\u00fc\u015fhane Masaj Salonu, stresinizi atmak ve bedeninizi yeniden canland\u0131rmak i\u00e7in ideal bir adres. Uzman terapistlerimiz taraf\u0131ndan uygulanan rahatlat\u0131c\u0131, yenileyici masajlar, g\u00fcnl\u00fck hayat\u0131n zorluklar\u0131na kar\u015f\u0131 sizleri g\u00fc\u00e7lendirecek. \u0130ster derin doku masaj\u0131 ile kaslar\u0131n\u0131z\u0131 gev\u015fetin, ister aromaterapi masaj\u0131 ile ruhunuzu dinlendirin, burada her ihtimale uygun bir se\u00e7enek bulabilirsiniz. Sa\u011fl\u0131\u011f\u0131n\u0131za ve rahat\u0131n\u0131za verdi\u011fimiz \u00f6nemin bir yans\u0131mas\u0131 olarak, masaj\u0131n terap\u00f6tik etkileriyle tan\u0131\u015farak yenilenmeye haz\u0131r olun!","og_url":"https:\/\/www.masajest.com\/masaj\/reklamlar\/gumushane-masaj-salonu\/","og_site_name":"masajest.com","article_modified_time":"2025-01-14T13:42:11+00:00","og_image":[{"width":1080,"height":1080,"url":"https:\/\/www.masajest.com\/masaj\/wp-content\/uploads\/2025\/01\/MASAJEST-MASAJEST.COM_.webp","type":"image\/webp"}],"twitter_card":"summary_large_image","twitter_misc":{"Tahmini okuma s\u00fcresi":"2 dakika"},"schema":{"@context":"https:\/\/schema.org","@graph":[{"@type":"WebPage","@id":"https:\/\/www.masajest.com\/masaj\/reklamlar\/gumushane-masaj-salonu\/","url":"https:\/\/www.masajest.com\/masaj\/reklamlar\/gumushane-masaj-salonu\/","name":"G\u00fcm\u00fc\u015fhane Masaj Salonu - masajest.com","isPartOf":{"@id":"https:\/\/www.masajest.com\/masaj\/#website"},"datePublished":"2025-01-14T12:26:22+00:00","dateModified":"2025-01-14T13:42:11+00:00","breadcrumb":{"@id":"https:\/\/www.masajest.com\/masaj\/reklamlar\/gumushane-masaj-salonu\/#breadcrumb"},"inLanguage":"tr","potentialAction":[{"@type":"ReadAction","target":["https:\/\/www.masajest.com\/masaj\/reklamlar\/gumushane-masaj-salonu\/"]}]},{"@type":"BreadcrumbList","@id":"https:\/\/www.masajest.com\/masaj\/reklamlar\/gumushane-masaj-salonu\/#breadcrumb","itemListElement":[{"@type":"ListItem","position":1,"name":"Anasayfa","item":"https:\/\/www.masajest.com\/masaj\/"},{"@type":"ListItem","position":2,"name":"MASAJEST","item":"https:\/\/www.masajest.com\/masaj\/masajest\/"},{"@type":"ListItem","position":3,"name":"G\u00fcm\u00fc\u015fhane Masaj Salonu"}]},{"@type":"WebSite","@id":"https:\/\/www.masajest.com\/masaj\/#website","url":"https:\/\/www.masajest.com\/masaj\/","name":"masajest.com","description":"masajest.com","potentialAction":[{"@type":"SearchAction","target":{"@type":"EntryPoint","urlTemplate":"https:\/\/www.masajest.com\/masaj\/?s={search_term_string}"},"query-input":{"@type":"PropertyValueSpecification","valueRequired":true,"valueName":"search_term_string"}}],"inLanguage":"tr"}]}},"_links":{"self":[{"href":"https:\/\/www.masajest.com\/masaj\/wp-json\/wp\/v2\/product\/2734","targetHints":{"allow":["GET"]}}],"collection":[{"href":"https:\/\/www.masajest.com\/masaj\/wp-json\/wp\/v2\/product"}],"about":[{"href":"https:\/\/www.masajest.com\/masaj\/wp-json\/wp\/v2\/types\/product"}],"replies":[{"embeddable":true,"href":"https:\/\/www.masajest.com\/masaj\/wp-json\/wp\/v2\/comments?post=2734"}],"wp:attachment":[{"href":"https:\/\/www.masajest.com\/masaj\/wp-json\/wp\/v2\/media?parent=2734"}],"wp:term":[{"taxonomy":"product_brand","embeddable":true,"href":"https:\/\/www.masajest.com\/masaj\/wp-json\/wp\/v2\/product_brand?post=2734"},{"taxonomy":"product_cat","embeddable":true,"href":"https:\/\/www.masajest.com\/masaj\/wp-json\/wp\/v2\/product_cat?post=2734"},{"taxonomy":"product_tag","embeddable":true,"href":"https:\/\/www.masajest.com\/masaj\/wp-json\/wp\/v2\/product_tag?post=2734"}],"curies":[{"name":"wp","href":"https:\/\/api.w.org\/{rel}","templated":true}]}}