{"id":2732,"date":"2025-01-14T15:26:18","date_gmt":"2025-01-14T12:26:18","guid":{"rendered":"https:\/\/www.masajest.com\/masaj\/?post_type=product&#038;p=2732"},"modified":"2025-01-14T16:34:54","modified_gmt":"2025-01-14T13:34:54","slug":"diyarbakir-masaj-salonu","status":"publish","type":"product","link":"https:\/\/www.masajest.com\/masaj\/reklamlar\/diyarbakir-masaj-salonu\/","title":{"rendered":"Diyarbak\u0131r Masaj Salonu"},"content":{"rendered":"<p><strong>Diyarbak\u0131r Masaj Salonu &#8211; Rahatlaman\u0131n Ad\u0131!<\/strong><\/p>\n<p><strong>K\u0131sa \u00d6zet:<\/strong><br \/>\nDiyarbak\u0131r&#8217;\u0131n en kaliteli masaj salonlar\u0131, misafirlerine yaln\u0131zca rahatlama de\u011fil, ayn\u0131 zamanda beden ve zihin sa\u011fl\u0131\u011f\u0131na da katk\u0131 sunar. Birbirinden farkl\u0131 masaj se\u00e7enekleriyle her ihtiyaca y\u00f6nelik hizmet sunan salonlar, konforlu ve sakin atmosferleriyle dinlenmek isteyen herkes i\u00e7in ideal bir adres olmay\u0131 ba\u015far\u0131yor. Geli\u015fmi\u015f teknikler ve profesyonel terapistler sayesinde, Diyarbak\u0131r\u2019daki masaj salonlar\u0131, ziyaret\u00e7ilere unutulmaz bir deneyim vaat ediyor.<\/p>\n<p><strong>Slogan:<\/strong><br \/>\n<em>&#8220;Diyarbak\u0131r&#8217;da huzur, masaj salonlar\u0131m\u0131zda!&#8221;<\/em><\/p>\n<p><strong>Mutlu Masaj ile \u0130lgili Yorum:<\/strong><br \/>\nMasaj, sadece kaslar\u0131 rahatlatmakla kalmaz, ayn\u0131 zamanda ruhsal dengeyi de sa\u011flayan harika bir deneyimdir. Diyarbak\u0131r\u2019daki masaj salonlar\u0131nda yap\u0131lan &#8216;Mutlu Masaj&#8217; uygulamalar\u0131, ziyaret\u00e7ilerini tam anlam\u0131yla rahatlat\u0131p huzur i\u00e7inde bir d\u00fcnya sunuyor. Her dokunu\u015f, v\u00fccudu ve zihni rahatlat\u0131rken, stresin ve gerginli\u011fin bir kenara b\u0131rak\u0131lmas\u0131n\u0131 sa\u011fl\u0131yor. Ger\u00e7ekten mutlu hissetmek i\u00e7in, profesyonel terapistler e\u015fli\u011finde bir masaj keyfi yapmak, Diyarbak\u0131r\u2019daki salonlarda ke\u015ffedilmesi gereken en g\u00fczel deneyimlerden biridir.<\/p>\n","protected":false},"excerpt":{"rendered":"<p><strong>Diyarbak\u0131r Masaj Salonu<\/strong><br \/>\nDiyarbak\u0131r&#8217;da rahatlamak ve v\u00fccudunuzu tazelemek i\u00e7in en iyi adres! G\u00fcvenli, konforlu ve huzurlu bir ortamda, uzman terapistlerimizle masaj deneyiminizi zirveye ta\u015f\u0131yoruz. <strong>&#8220;Siz dinlenin, biz rahatlat\u0131yoruz!&#8221;<\/strong> slogan\u0131m\u0131zla, stresinizi ve yorgunlu\u011funuzu geride b\u0131rakacak, yenilenmi\u015f bir \u015fekilde salonumuzdan ayr\u0131lacaks\u0131n\u0131z.<\/p>\n<p>Masaj, yaln\u0131zca bedensel rahatlama sa\u011flamaz; ruhsal dinginlik de sunar. Diyarbak\u0131r Masaj Salonu&#8217;nda, rahatlat\u0131c\u0131 masaj teknikleri ile kas gerginliklerini giderirken, zihinsel huzuru da yakalayabilirsiniz. Geleneksel terapilerden modern masaj y\u00f6ntemlerine kadar geni\u015f bir yelpazeye sahip olan salonumuz, her bireyin ihtiyac\u0131na y\u00f6nelik profesyonel \u00e7\u00f6z\u00fcmler sunuyor. T\u00fcm v\u00fccudunuzu yeniden ke\u015ffedin ve sa\u011fl\u0131kl\u0131 bir ya\u015fam i\u00e7in ad\u0131m at\u0131n!<\/p>\n","protected":false},"featured_media":0,"comment_status":"open","ping_status":"closed","template":"","meta":[],"product_brand":[],"product_cat":[15,192],"product_tag":[194],"class_list":{"0":"post-2732","1":"product","2":"type-product","3":"status-publish","5":"product_cat-masajest","6":"product_cat-masaj-salonu","7":"product_tag-masaj-salonu","9":"first","10":"instock","11":"shipping-taxable","12":"product-type-simple"},"yoast_head":"<!-- This site is optimized with the Yoast SEO plugin v27.0 - https:\/\/yoast.com\/product\/yoast-seo-wordpress\/ -->\n<title>Diyarbak\u0131r Masaj Salonu - masajest.com<\/title>\n<meta name=\"robots\" content=\"index, follow, max-snippet:-1, max-image-preview:large, max-video-preview:-1\" \/>\n<link rel=\"canonical\" href=\"https:\/\/www.masajest.com\/masaj\/reklamlar\/diyarbakir-masaj-salonu\/\" \/>\n<meta property=\"og:locale\" content=\"tr_TR\" \/>\n<meta property=\"og:type\" content=\"article\" \/>\n<meta property=\"og:title\" content=\"Diyarbak\u0131r Masaj Salonu - masajest.com\" \/>\n<meta property=\"og:description\" content=\"Diyarbak\u0131r Masaj Salonu Diyarbak\u0131r&#039;da rahatlamak ve v\u00fccudunuzu tazelemek i\u00e7in en iyi adres! G\u00fcvenli, konforlu ve huzurlu bir ortamda, uzman terapistlerimizle masaj deneyiminizi zirveye ta\u015f\u0131yoruz. &quot;Siz dinlenin, biz rahatlat\u0131yoruz!&quot; slogan\u0131m\u0131zla, stresinizi ve yorgunlu\u011funuzu geride b\u0131rakacak, yenilenmi\u015f bir \u015fekilde salonumuzdan ayr\u0131lacaks\u0131n\u0131z.  Masaj, yaln\u0131zca bedensel rahatlama sa\u011flamaz; ruhsal dinginlik de sunar. Diyarbak\u0131r Masaj Salonu&#039;nda, rahatlat\u0131c\u0131 masaj teknikleri ile kas gerginliklerini giderirken, zihinsel huzuru da yakalayabilirsiniz. Geleneksel terapilerden modern masaj y\u00f6ntemlerine kadar geni\u015f bir yelpazeye sahip olan salonumuz, her bireyin ihtiyac\u0131na y\u00f6nelik profesyonel \u00e7\u00f6z\u00fcmler sunuyor. T\u00fcm v\u00fccudunuzu yeniden ke\u015ffedin ve sa\u011fl\u0131kl\u0131 bir ya\u015fam i\u00e7in ad\u0131m at\u0131n!\" \/>\n<meta property=\"og:url\" content=\"https:\/\/www.masajest.com\/masaj\/reklamlar\/diyarbakir-masaj-salonu\/\" \/>\n<meta property=\"og:site_name\" content=\"masajest.com\" \/>\n<meta property=\"article:modified_time\" content=\"2025-01-14T13:34:54+00:00\" \/>\n<meta property=\"og:image\" content=\"https:\/\/www.masajest.com\/masaj\/wp-content\/uploads\/2025\/01\/MASAJEST-MASAJEST.COM_.webp\" \/>\n\t<meta property=\"og:image:width\" content=\"1080\" \/>\n\t<meta property=\"og:image:height\" content=\"1080\" \/>\n\t<meta property=\"og:image:type\" content=\"image\/webp\" \/>\n<meta name=\"twitter:card\" content=\"summary_large_image\" \/>\n<meta name=\"twitter:label1\" content=\"Tahmini okuma s\u00fcresi\" \/>\n\t<meta name=\"twitter:data1\" content=\"2 dakika\" \/>\n<script type=\"application\/ld+json\" class=\"yoast-schema-graph\">{\"@context\":\"https:\/\/schema.org\",\"@graph\":[{\"@type\":\"WebPage\",\"@id\":\"https:\/\/www.masajest.com\/masaj\/reklamlar\/diyarbakir-masaj-salonu\/\",\"url\":\"https:\/\/www.masajest.com\/masaj\/reklamlar\/diyarbakir-masaj-salonu\/\",\"name\":\"Diyarbak\u0131r Masaj Salonu - masajest.com\",\"isPartOf\":{\"@id\":\"https:\/\/www.masajest.com\/masaj\/#website\"},\"datePublished\":\"2025-01-14T12:26:18+00:00\",\"dateModified\":\"2025-01-14T13:34:54+00:00\",\"breadcrumb\":{\"@id\":\"https:\/\/www.masajest.com\/masaj\/reklamlar\/diyarbakir-masaj-salonu\/#breadcrumb\"},\"inLanguage\":\"tr\",\"potentialAction\":[{\"@type\":\"ReadAction\",\"target\":[\"https:\/\/www.masajest.com\/masaj\/reklamlar\/diyarbakir-masaj-salonu\/\"]}]},{\"@type\":\"BreadcrumbList\",\"@id\":\"https:\/\/www.masajest.com\/masaj\/reklamlar\/diyarbakir-masaj-salonu\/#breadcrumb\",\"itemListElement\":[{\"@type\":\"ListItem\",\"position\":1,\"name\":\"Anasayfa\",\"item\":\"https:\/\/www.masajest.com\/masaj\/\"},{\"@type\":\"ListItem\",\"position\":2,\"name\":\"MASAJEST\",\"item\":\"https:\/\/www.masajest.com\/masaj\/masajest\/\"},{\"@type\":\"ListItem\",\"position\":3,\"name\":\"Diyarbak\u0131r Masaj Salonu\"}]},{\"@type\":\"WebSite\",\"@id\":\"https:\/\/www.masajest.com\/masaj\/#website\",\"url\":\"https:\/\/www.masajest.com\/masaj\/\",\"name\":\"masajest.com\",\"description\":\"masajest.com\",\"potentialAction\":[{\"@type\":\"SearchAction\",\"target\":{\"@type\":\"EntryPoint\",\"urlTemplate\":\"https:\/\/www.masajest.com\/masaj\/?s={search_term_string}\"},\"query-input\":{\"@type\":\"PropertyValueSpecification\",\"valueRequired\":true,\"valueName\":\"search_term_string\"}}],\"inLanguage\":\"tr\"}]}<\/script>\n<!-- \/ Yoast SEO plugin. -->","yoast_head_json":{"title":"Diyarbak\u0131r Masaj Salonu - masajest.com","robots":{"index":"index","follow":"follow","max-snippet":"max-snippet:-1","max-image-preview":"max-image-preview:large","max-video-preview":"max-video-preview:-1"},"canonical":"https:\/\/www.masajest.com\/masaj\/reklamlar\/diyarbakir-masaj-salonu\/","og_locale":"tr_TR","og_type":"article","og_title":"Diyarbak\u0131r Masaj Salonu - masajest.com","og_description":"Diyarbak\u0131r Masaj Salonu Diyarbak\u0131r'da rahatlamak ve v\u00fccudunuzu tazelemek i\u00e7in en iyi adres! G\u00fcvenli, konforlu ve huzurlu bir ortamda, uzman terapistlerimizle masaj deneyiminizi zirveye ta\u015f\u0131yoruz. \"Siz dinlenin, biz rahatlat\u0131yoruz!\" slogan\u0131m\u0131zla, stresinizi ve yorgunlu\u011funuzu geride b\u0131rakacak, yenilenmi\u015f bir \u015fekilde salonumuzdan ayr\u0131lacaks\u0131n\u0131z.  Masaj, yaln\u0131zca bedensel rahatlama sa\u011flamaz; ruhsal dinginlik de sunar. Diyarbak\u0131r Masaj Salonu'nda, rahatlat\u0131c\u0131 masaj teknikleri ile kas gerginliklerini giderirken, zihinsel huzuru da yakalayabilirsiniz. Geleneksel terapilerden modern masaj y\u00f6ntemlerine kadar geni\u015f bir yelpazeye sahip olan salonumuz, her bireyin ihtiyac\u0131na y\u00f6nelik profesyonel \u00e7\u00f6z\u00fcmler sunuyor. T\u00fcm v\u00fccudunuzu yeniden ke\u015ffedin ve sa\u011fl\u0131kl\u0131 bir ya\u015fam i\u00e7in ad\u0131m at\u0131n!","og_url":"https:\/\/www.masajest.com\/masaj\/reklamlar\/diyarbakir-masaj-salonu\/","og_site_name":"masajest.com","article_modified_time":"2025-01-14T13:34:54+00:00","og_image":[{"width":1080,"height":1080,"url":"https:\/\/www.masajest.com\/masaj\/wp-content\/uploads\/2025\/01\/MASAJEST-MASAJEST.COM_.webp","type":"image\/webp"}],"twitter_card":"summary_large_image","twitter_misc":{"Tahmini okuma s\u00fcresi":"2 dakika"},"schema":{"@context":"https:\/\/schema.org","@graph":[{"@type":"WebPage","@id":"https:\/\/www.masajest.com\/masaj\/reklamlar\/diyarbakir-masaj-salonu\/","url":"https:\/\/www.masajest.com\/masaj\/reklamlar\/diyarbakir-masaj-salonu\/","name":"Diyarbak\u0131r Masaj Salonu - masajest.com","isPartOf":{"@id":"https:\/\/www.masajest.com\/masaj\/#website"},"datePublished":"2025-01-14T12:26:18+00:00","dateModified":"2025-01-14T13:34:54+00:00","breadcrumb":{"@id":"https:\/\/www.masajest.com\/masaj\/reklamlar\/diyarbakir-masaj-salonu\/#breadcrumb"},"inLanguage":"tr","potentialAction":[{"@type":"ReadAction","target":["https:\/\/www.masajest.com\/masaj\/reklamlar\/diyarbakir-masaj-salonu\/"]}]},{"@type":"BreadcrumbList","@id":"https:\/\/www.masajest.com\/masaj\/reklamlar\/diyarbakir-masaj-salonu\/#breadcrumb","itemListElement":[{"@type":"ListItem","position":1,"name":"Anasayfa","item":"https:\/\/www.masajest.com\/masaj\/"},{"@type":"ListItem","position":2,"name":"MASAJEST","item":"https:\/\/www.masajest.com\/masaj\/masajest\/"},{"@type":"ListItem","position":3,"name":"Diyarbak\u0131r Masaj Salonu"}]},{"@type":"WebSite","@id":"https:\/\/www.masajest.com\/masaj\/#website","url":"https:\/\/www.masajest.com\/masaj\/","name":"masajest.com","description":"masajest.com","potentialAction":[{"@type":"SearchAction","target":{"@type":"EntryPoint","urlTemplate":"https:\/\/www.masajest.com\/masaj\/?s={search_term_string}"},"query-input":{"@type":"PropertyValueSpecification","valueRequired":true,"valueName":"search_term_string"}}],"inLanguage":"tr"}]}},"_links":{"self":[{"href":"https:\/\/www.masajest.com\/masaj\/wp-json\/wp\/v2\/product\/2732","targetHints":{"allow":["GET"]}}],"collection":[{"href":"https:\/\/www.masajest.com\/masaj\/wp-json\/wp\/v2\/product"}],"about":[{"href":"https:\/\/www.masajest.com\/masaj\/wp-json\/wp\/v2\/types\/product"}],"replies":[{"embeddable":true,"href":"https:\/\/www.masajest.com\/masaj\/wp-json\/wp\/v2\/comments?post=2732"}],"wp:attachment":[{"href":"https:\/\/www.masajest.com\/masaj\/wp-json\/wp\/v2\/media?parent=2732"}],"wp:term":[{"taxonomy":"product_brand","embeddable":true,"href":"https:\/\/www.masajest.com\/masaj\/wp-json\/wp\/v2\/product_brand?post=2732"},{"taxonomy":"product_cat","embeddable":true,"href":"https:\/\/www.masajest.com\/masaj\/wp-json\/wp\/v2\/product_cat?post=2732"},{"taxonomy":"product_tag","embeddable":true,"href":"https:\/\/www.masajest.com\/masaj\/wp-json\/wp\/v2\/product_tag?post=2732"}],"curies":[{"name":"wp","href":"https:\/\/api.w.org\/{rel}","templated":true}]}}