{"id":2727,"date":"2025-01-14T15:26:11","date_gmt":"2025-01-14T12:26:11","guid":{"rendered":"https:\/\/www.masajest.com\/masaj\/?post_type=product&#038;p=2727"},"modified":"2025-01-14T17:58:56","modified_gmt":"2025-01-14T14:58:56","slug":"kahramanmaras-masaj-salonu","status":"publish","type":"product","link":"https:\/\/www.masajest.com\/masaj\/reklamlar\/kahramanmaras-masaj-salonu\/","title":{"rendered":"Kahramanmara\u015f Masaj Salonu"},"content":{"rendered":"<div class=\"flex max-w-full flex-col flex-grow\">\n<div class=\"min-h-8 text-message flex w-full flex-col items-end gap-2 whitespace-normal break-words text-start [.text-message+&amp;]:mt-5\" dir=\"auto\" data-message-author-role=\"assistant\" data-message-id=\"d8b80982-4e55-4443-9c4a-7578e4bfb5ca\" data-message-model-slug=\"gpt-4o-mini\">\n<div class=\"flex w-full flex-col gap-1 empty:hidden first:pt-[3px]\">\n<div class=\"markdown prose w-full break-words dark:prose-invert dark\">\n<p><strong>Kahramanmara\u015f Masaj Salonu: Dinlenin, Rahatlay\u0131n, Yeniden Canlan\u0131n!<\/strong><\/p>\n<p>Kahramanmara\u015f Masaj Salonu, bedeninizi ve ruhunuzu \u015f\u0131martacak, sizi g\u00fcnl\u00fck hayat\u0131n stresinden uzakla\u015ft\u0131racak en \u00f6zel masaj hizmetlerini sunuyor. Do\u011fal terapiler, profesyonel masaj uzmanlar\u0131 ve rahatlat\u0131c\u0131 ortam\u0131yla, kendinizi yeniden do\u011fmu\u015f gibi hissedece\u011finiz bir deneyim ya\u015faman\u0131z\u0131 sa\u011fl\u0131yoruz. Kas gerginliklerini ve yorgunlu\u011fu unutun, derin bir rahatlama ile enerji dolun!<\/p>\n<p><strong>Slogan:<\/strong> <em>\u201cKahramanmara\u015f\u2019ta Huzur ve Rahatlaman\u0131n Ad\u0131: Masaj Salonu!\u201d<\/em><\/p>\n<p><strong>K\u0131sa \u00d6zet:<\/strong><br \/>\nKahramanmara\u015f\u2019ta, stresinizi geride b\u0131rakabilece\u011finiz, kaslar\u0131n\u0131z\u0131 rahatlatabilece\u011finiz bir masaj deneyimi ar\u0131yorsan\u0131z, Masaj Salonu tam size g\u00f6re! Uzman terapistlerimiz taraf\u0131ndan uygulanan rahatlat\u0131c\u0131 masaj \u00e7e\u015fitleriyle v\u00fccudunuzda yeniden bir denge yakalayabilirsiniz. Rahatlat\u0131c\u0131 atmosferi ve \u00f6zenle se\u00e7ilmi\u015f do\u011fal ya\u011flarla desteklenen terapiler sayesinde, her seans\u0131n ard\u0131ndan kendinizi daha enerjik ve huzurlu hissedeceksiniz.<\/p>\n<p><strong>Mutlu Masaj Yorumlar\u0131:<\/strong><br \/>\n&#8220;Kahramanmara\u015f Masaj Salonu&#8217;nda ald\u0131\u011f\u0131m hizmet, bekledi\u011fimin \u00e7ok \u00f6tesindeydi. Masaj sonras\u0131 kendimi inan\u0131lmaz rahatlam\u0131\u015f ve huzurlu hissettim. V\u00fccudumdaki t\u00fcm gerginlikler yok oldu, sanki yeniden do\u011fmu\u015f gibiyim. Ger\u00e7ekten mutlu masaj!&#8221;<br \/>\n\u2013 Fatma Y.<\/p>\n<\/div>\n<\/div>\n<\/div>\n<\/div>\n<div class=\"mb-2 flex gap-3 empty:hidden -ml-2\">\n<div class=\"items-center justify-start rounded-xl p-1 flex\">\n<div class=\"flex items-center\"><button class=\"rounded-lg text-token-text-secondary hover:bg-token-main-surface-secondary\" aria-label=\"Read aloud\" data-testid=\"voice-play-turn-action-button\"><\/button><button class=\"rounded-lg text-token-text-secondary hover:bg-token-main-surface-secondary\" aria-label=\"Kopyala\" data-testid=\"copy-turn-action-button\"><\/button><\/p>\n<div class=\"flex\"><\/div>\n<div class=\"flex items-center pb-0\"><span class=\"overflow-hidden text-clip whitespace-nowrap text-sm\">4o mini<\/span><\/div>\n<\/div>\n<\/div>\n<\/div>\n","protected":false},"excerpt":{"rendered":"<p><strong>Kahramanmara\u015f Masaj Salonu<\/strong>:<br \/>\nKahramanmara\u015f&#8217;ta huzur ve rahatlaman\u0131n kap\u0131lar\u0131n\u0131 aralay\u0131n! Profesyonel masaj terapistlerimizle, kendinizi yenileyin ve bedensel, zihinsel rahatlama deneyimi ya\u015fay\u0131n. Sizi stresten uzakla\u015ft\u0131ran, enerji dolu bir atmosferde uzman ellerin rahatlat\u0131c\u0131 dokunu\u015flar\u0131n\u0131 ke\u015ffedin.<\/p>\n<p><strong>Slogan<\/strong>: <em>&#8220;Kahramanmara\u015f&#8217;ta Ruhunuzu Dinlendiren Masaj!&#8221;<\/em><\/p>\n<p><strong>Masaj ile \u0130lgili \u00d6zg\u00fcn Tan\u0131t\u0131m Yaz\u0131s\u0131<\/strong>:<br \/>\nKahramanmara\u015f Masaj Salonu, v\u00fccudunuzun ihtiya\u00e7 duydu\u011fu t\u00fcm rahatlamay\u0131 profesyonel masaj teknikleriyle sunuyor. Derin doku masaj\u0131ndan, rahatlat\u0131c\u0131 aromaterapiye kadar farkl\u0131 se\u00e7eneklerle, her bir seans, sizi yenilenmi\u015f hissettirecek. Masaj, sadece bedeni de\u011fil, zihni de rahatlat\u0131r; stresinizi geride b\u0131rak\u0131r ve enerjinizi art\u0131r\u0131r. Kendinizi \u00f6zel hissedece\u011finiz bu deneyimi ka\u00e7\u0131rmay\u0131n!<\/p>\n","protected":false},"featured_media":0,"comment_status":"open","ping_status":"closed","template":"","meta":[],"product_brand":[],"product_cat":[15,192],"product_tag":[194],"class_list":{"0":"post-2727","1":"product","2":"type-product","3":"status-publish","5":"product_cat-masajest","6":"product_cat-masaj-salonu","7":"product_tag-masaj-salonu","9":"first","10":"instock","11":"shipping-taxable","12":"product-type-simple"},"yoast_head":"<!-- This site is optimized with the Yoast SEO plugin v27.0 - https:\/\/yoast.com\/product\/yoast-seo-wordpress\/ -->\n<title>Kahramanmara\u015f Masaj Salonu - masajest.com<\/title>\n<meta name=\"robots\" content=\"index, follow, max-snippet:-1, max-image-preview:large, max-video-preview:-1\" \/>\n<link rel=\"canonical\" href=\"https:\/\/www.masajest.com\/masaj\/reklamlar\/kahramanmaras-masaj-salonu\/\" \/>\n<meta property=\"og:locale\" content=\"tr_TR\" \/>\n<meta property=\"og:type\" content=\"article\" \/>\n<meta property=\"og:title\" content=\"Kahramanmara\u015f Masaj Salonu - masajest.com\" \/>\n<meta property=\"og:description\" content=\"Kahramanmara\u015f Masaj Salonu: Kahramanmara\u015f&#039;ta huzur ve rahatlaman\u0131n kap\u0131lar\u0131n\u0131 aralay\u0131n! Profesyonel masaj terapistlerimizle, kendinizi yenileyin ve bedensel, zihinsel rahatlama deneyimi ya\u015fay\u0131n. Sizi stresten uzakla\u015ft\u0131ran, enerji dolu bir atmosferde uzman ellerin rahatlat\u0131c\u0131 dokunu\u015flar\u0131n\u0131 ke\u015ffedin.  Slogan: &quot;Kahramanmara\u015f&#039;ta Ruhunuzu Dinlendiren Masaj!&quot;  Masaj ile \u0130lgili \u00d6zg\u00fcn Tan\u0131t\u0131m Yaz\u0131s\u0131: Kahramanmara\u015f Masaj Salonu, v\u00fccudunuzun ihtiya\u00e7 duydu\u011fu t\u00fcm rahatlamay\u0131 profesyonel masaj teknikleriyle sunuyor. Derin doku masaj\u0131ndan, rahatlat\u0131c\u0131 aromaterapiye kadar farkl\u0131 se\u00e7eneklerle, her bir seans, sizi yenilenmi\u015f hissettirecek. Masaj, sadece bedeni de\u011fil, zihni de rahatlat\u0131r; stresinizi geride b\u0131rak\u0131r ve enerjinizi art\u0131r\u0131r. Kendinizi \u00f6zel hissedece\u011finiz bu deneyimi ka\u00e7\u0131rmay\u0131n!\" \/>\n<meta property=\"og:url\" content=\"https:\/\/www.masajest.com\/masaj\/reklamlar\/kahramanmaras-masaj-salonu\/\" \/>\n<meta property=\"og:site_name\" content=\"masajest.com\" \/>\n<meta property=\"article:modified_time\" content=\"2025-01-14T14:58:56+00:00\" \/>\n<meta property=\"og:image\" content=\"https:\/\/www.masajest.com\/masaj\/wp-content\/uploads\/2025\/01\/MASAJEST-MASAJEST.COM_.webp\" \/>\n\t<meta property=\"og:image:width\" content=\"1080\" \/>\n\t<meta property=\"og:image:height\" content=\"1080\" \/>\n\t<meta property=\"og:image:type\" content=\"image\/webp\" \/>\n<meta name=\"twitter:card\" content=\"summary_large_image\" \/>\n<meta name=\"twitter:label1\" content=\"Tahmini okuma s\u00fcresi\" \/>\n\t<meta name=\"twitter:data1\" content=\"2 dakika\" \/>\n<script type=\"application\/ld+json\" class=\"yoast-schema-graph\">{\"@context\":\"https:\/\/schema.org\",\"@graph\":[{\"@type\":\"WebPage\",\"@id\":\"https:\/\/www.masajest.com\/masaj\/reklamlar\/kahramanmaras-masaj-salonu\/\",\"url\":\"https:\/\/www.masajest.com\/masaj\/reklamlar\/kahramanmaras-masaj-salonu\/\",\"name\":\"Kahramanmara\u015f Masaj Salonu - masajest.com\",\"isPartOf\":{\"@id\":\"https:\/\/www.masajest.com\/masaj\/#website\"},\"datePublished\":\"2025-01-14T12:26:11+00:00\",\"dateModified\":\"2025-01-14T14:58:56+00:00\",\"breadcrumb\":{\"@id\":\"https:\/\/www.masajest.com\/masaj\/reklamlar\/kahramanmaras-masaj-salonu\/#breadcrumb\"},\"inLanguage\":\"tr\",\"potentialAction\":[{\"@type\":\"ReadAction\",\"target\":[\"https:\/\/www.masajest.com\/masaj\/reklamlar\/kahramanmaras-masaj-salonu\/\"]}]},{\"@type\":\"BreadcrumbList\",\"@id\":\"https:\/\/www.masajest.com\/masaj\/reklamlar\/kahramanmaras-masaj-salonu\/#breadcrumb\",\"itemListElement\":[{\"@type\":\"ListItem\",\"position\":1,\"name\":\"Anasayfa\",\"item\":\"https:\/\/www.masajest.com\/masaj\/\"},{\"@type\":\"ListItem\",\"position\":2,\"name\":\"MASAJEST\",\"item\":\"https:\/\/www.masajest.com\/masaj\/masajest\/\"},{\"@type\":\"ListItem\",\"position\":3,\"name\":\"Kahramanmara\u015f Masaj Salonu\"}]},{\"@type\":\"WebSite\",\"@id\":\"https:\/\/www.masajest.com\/masaj\/#website\",\"url\":\"https:\/\/www.masajest.com\/masaj\/\",\"name\":\"masajest.com\",\"description\":\"masajest.com\",\"potentialAction\":[{\"@type\":\"SearchAction\",\"target\":{\"@type\":\"EntryPoint\",\"urlTemplate\":\"https:\/\/www.masajest.com\/masaj\/?s={search_term_string}\"},\"query-input\":{\"@type\":\"PropertyValueSpecification\",\"valueRequired\":true,\"valueName\":\"search_term_string\"}}],\"inLanguage\":\"tr\"}]}<\/script>\n<!-- \/ Yoast SEO plugin. -->","yoast_head_json":{"title":"Kahramanmara\u015f Masaj Salonu - masajest.com","robots":{"index":"index","follow":"follow","max-snippet":"max-snippet:-1","max-image-preview":"max-image-preview:large","max-video-preview":"max-video-preview:-1"},"canonical":"https:\/\/www.masajest.com\/masaj\/reklamlar\/kahramanmaras-masaj-salonu\/","og_locale":"tr_TR","og_type":"article","og_title":"Kahramanmara\u015f Masaj Salonu - masajest.com","og_description":"Kahramanmara\u015f Masaj Salonu: Kahramanmara\u015f'ta huzur ve rahatlaman\u0131n kap\u0131lar\u0131n\u0131 aralay\u0131n! Profesyonel masaj terapistlerimizle, kendinizi yenileyin ve bedensel, zihinsel rahatlama deneyimi ya\u015fay\u0131n. Sizi stresten uzakla\u015ft\u0131ran, enerji dolu bir atmosferde uzman ellerin rahatlat\u0131c\u0131 dokunu\u015flar\u0131n\u0131 ke\u015ffedin.  Slogan: \"Kahramanmara\u015f'ta Ruhunuzu Dinlendiren Masaj!\"  Masaj ile \u0130lgili \u00d6zg\u00fcn Tan\u0131t\u0131m Yaz\u0131s\u0131: Kahramanmara\u015f Masaj Salonu, v\u00fccudunuzun ihtiya\u00e7 duydu\u011fu t\u00fcm rahatlamay\u0131 profesyonel masaj teknikleriyle sunuyor. Derin doku masaj\u0131ndan, rahatlat\u0131c\u0131 aromaterapiye kadar farkl\u0131 se\u00e7eneklerle, her bir seans, sizi yenilenmi\u015f hissettirecek. Masaj, sadece bedeni de\u011fil, zihni de rahatlat\u0131r; stresinizi geride b\u0131rak\u0131r ve enerjinizi art\u0131r\u0131r. Kendinizi \u00f6zel hissedece\u011finiz bu deneyimi ka\u00e7\u0131rmay\u0131n!","og_url":"https:\/\/www.masajest.com\/masaj\/reklamlar\/kahramanmaras-masaj-salonu\/","og_site_name":"masajest.com","article_modified_time":"2025-01-14T14:58:56+00:00","og_image":[{"width":1080,"height":1080,"url":"https:\/\/www.masajest.com\/masaj\/wp-content\/uploads\/2025\/01\/MASAJEST-MASAJEST.COM_.webp","type":"image\/webp"}],"twitter_card":"summary_large_image","twitter_misc":{"Tahmini okuma s\u00fcresi":"2 dakika"},"schema":{"@context":"https:\/\/schema.org","@graph":[{"@type":"WebPage","@id":"https:\/\/www.masajest.com\/masaj\/reklamlar\/kahramanmaras-masaj-salonu\/","url":"https:\/\/www.masajest.com\/masaj\/reklamlar\/kahramanmaras-masaj-salonu\/","name":"Kahramanmara\u015f Masaj Salonu - masajest.com","isPartOf":{"@id":"https:\/\/www.masajest.com\/masaj\/#website"},"datePublished":"2025-01-14T12:26:11+00:00","dateModified":"2025-01-14T14:58:56+00:00","breadcrumb":{"@id":"https:\/\/www.masajest.com\/masaj\/reklamlar\/kahramanmaras-masaj-salonu\/#breadcrumb"},"inLanguage":"tr","potentialAction":[{"@type":"ReadAction","target":["https:\/\/www.masajest.com\/masaj\/reklamlar\/kahramanmaras-masaj-salonu\/"]}]},{"@type":"BreadcrumbList","@id":"https:\/\/www.masajest.com\/masaj\/reklamlar\/kahramanmaras-masaj-salonu\/#breadcrumb","itemListElement":[{"@type":"ListItem","position":1,"name":"Anasayfa","item":"https:\/\/www.masajest.com\/masaj\/"},{"@type":"ListItem","position":2,"name":"MASAJEST","item":"https:\/\/www.masajest.com\/masaj\/masajest\/"},{"@type":"ListItem","position":3,"name":"Kahramanmara\u015f Masaj Salonu"}]},{"@type":"WebSite","@id":"https:\/\/www.masajest.com\/masaj\/#website","url":"https:\/\/www.masajest.com\/masaj\/","name":"masajest.com","description":"masajest.com","potentialAction":[{"@type":"SearchAction","target":{"@type":"EntryPoint","urlTemplate":"https:\/\/www.masajest.com\/masaj\/?s={search_term_string}"},"query-input":{"@type":"PropertyValueSpecification","valueRequired":true,"valueName":"search_term_string"}}],"inLanguage":"tr"}]}},"_links":{"self":[{"href":"https:\/\/www.masajest.com\/masaj\/wp-json\/wp\/v2\/product\/2727","targetHints":{"allow":["GET"]}}],"collection":[{"href":"https:\/\/www.masajest.com\/masaj\/wp-json\/wp\/v2\/product"}],"about":[{"href":"https:\/\/www.masajest.com\/masaj\/wp-json\/wp\/v2\/types\/product"}],"replies":[{"embeddable":true,"href":"https:\/\/www.masajest.com\/masaj\/wp-json\/wp\/v2\/comments?post=2727"}],"wp:attachment":[{"href":"https:\/\/www.masajest.com\/masaj\/wp-json\/wp\/v2\/media?parent=2727"}],"wp:term":[{"taxonomy":"product_brand","embeddable":true,"href":"https:\/\/www.masajest.com\/masaj\/wp-json\/wp\/v2\/product_brand?post=2727"},{"taxonomy":"product_cat","embeddable":true,"href":"https:\/\/www.masajest.com\/masaj\/wp-json\/wp\/v2\/product_cat?post=2727"},{"taxonomy":"product_tag","embeddable":true,"href":"https:\/\/www.masajest.com\/masaj\/wp-json\/wp\/v2\/product_tag?post=2727"}],"curies":[{"name":"wp","href":"https:\/\/api.w.org\/{rel}","templated":true}]}}